{"id":3115,"date":"2020-11-11T16:49:36","date_gmt":"2020-11-11T15:49:36","guid":{"rendered":"https:\/\/villamariaonline.com\/pagina-di-esempio\/"},"modified":"2023-04-05T10:25:26","modified_gmt":"2023-04-05T08:25:26","slug":"pagina-di-esempio","status":"publish","type":"page","link":"https:\/\/villamariaonline.com\/de\/","title":{"rendered":"Home"},"content":{"rendered":"<p>[vc_row full_width=&#8220;stretch_row_content&#8220; content_placement=&#8220;middle&#8220; el_class=&#8220;mt100&#8243;][vc_column width=&#8220;1\/2&#8243; offset=&#8220;vc_col-lg-offset-2 vc_col-lg-4&#8243;][vc_column_text]<\/p>\n<h1>Bed &amp; Breakfast<br \/>\nin der <span class=\"colore-rosso\">toskanischen<br \/>\nLandschaft<\/span><\/h1>\n<p>[\/vc_column_text][vc_btn title=&#8220;ENTDECKEN&#8220; style=&#8220;classic&#8220; shape=&#8220;square&#8220; el_class=&#8220;cta-grigio&#8220; link=&#8220;url:http%3A%2F%2Fvillamariaonline.com%2Fde%2Fb-b%2F|title:Bed%20%26%20breakfast&#8220;][\/vc_column][vc_column width=&#8220;1\/2&#8243;][vc_single_image image=&#8220;256&#8243; img_size=&#8220;full&#8220; alignment=&#8220;right&#8220;][\/vc_column][\/vc_row][vc_row full_width=&#8220;stretch_row_content_no_spaces&#8220; el_class=&#8220;mt100 bg-grigio ptb100&#8243;][vc_column offset=&#8220;vc_col-lg-offset-4 vc_col-lg-4 vc_col-md-offset-3 vc_col-md-6&#8243;][vc_column_text]<\/p>\n<h2 style=\"text-align: center;\">Villa Maria<br \/>\nSch\u00f6ne Ferien<\/h2>\n<p style=\"text-align: center;\">Villa Maria ist das von viel Gr\u00fcn umgebene B&amp;B, das eine famili\u00e4re Atmosph\u00e4re und Raffinesse verbindet.<br \/>\nEin altes, fein restauriertes Bauernhaus, in dem Sie erholsame Tage verbringen k\u00f6nnen, nur wenige Schritte von den sch\u00f6nsten Attraktionen der Toskana entfernt.<\/p>\n<p>[\/vc_column_text][\/vc_column][\/vc_row][vc_row content_placement=&#8220;middle&#8220; el_class=&#8220;mt100&#8243;][vc_column width=&#8220;5\/12&#8243;][vc_column_text]<\/p>\n<h2>Eine Oase der Ruhe im rustikalen Stil<\/h2>\n<p>Die Villa aus dem 19. Jahrhundert befindet sich in San Giovanni alla Vena, einem kleinen Dorf, 15 km von Pisa entfernt.<br \/>\nDie Restaurierung erfolgte im konservativen Sinne und brachte die Sch\u00f6nheit der Sparren und Terrakottab\u00f6den zum Vorschein.<br \/>\nDie Villa Maria verf\u00fcgt auch \u00fcber gro\u00dfe Au\u00dfenbereiche: Der Garten, in dem sich der exklusive Swimmingpool abhebt, ist mit seinen Pavillons und Entspannungsbereichen eine Open-Air-Lounge.<\/p>\n<p>Die warme und einladende Atmosph\u00e4re wird von einem hochwertigen Service begleitet, um den G\u00e4sten einen wirklich unvergesslichen Aufenthalt zu bieten.[\/vc_column_text][vc_btn title=&#8220;ENTDECKEN&#8220; style=&#8220;classic&#8220; shape=&#8220;square&#8220; el_class=&#8220;cta-grigio&#8220; link=&#8220;url:http%3A%2F%2Fvillamariaonline.com%2Fde%2Fb-b%2F|title:Bed%20%26%20breakfast&#8220;][\/vc_column][vc_column width=&#8220;1\/2&#8243; offset=&#8220;vc_col-lg-offset-2 vc_col-lg-5&#8243;][vc_single_image image=&#8220;493&#8243; img_size=&#8220;full&#8220;][\/vc_column][\/vc_row][vc_row content_placement=&#8220;middle&#8220; el_class=&#8220;mt100&#8243;][vc_column width=&#8220;1\/2&#8243; offset=&#8220;vc_col-lg-5&#8243;][vc_single_image image=&#8220;264&#8243; img_size=&#8220;full&#8220;][\/vc_column][vc_column width=&#8220;1\/2&#8243; offset=&#8220;vc_col-lg-offset-2 vc_col-lg-5&#8243;][vc_column_text]<\/p>\n<h2>Unsere Service-Charta<\/h2>\n<p>Die Villa Maria zelebriert die Poesie des langsamen Vergehens der Zeit: Das Fr\u00fchst\u00fcck wird in den Pavillons am Pool serviert, die Panoramaterrasse, von der aus Sie au\u00dfergew\u00f6hnliche Sonnenunterg\u00e4nge und eindrucksvolle Ausblicke bewundern k\u00f6nnen.<\/p>\n<p>Alles ist auf das Wohlbefinden und die Zufriedenheit der G\u00e4ste ausgerichtet. Entdecken Sie die gesamte Liste unserer Dienstleistungen f\u00fcr Sie.[\/vc_column_text][vc_btn title=&#8220;ENTDECKEN&#8220; style=&#8220;classic&#8220; shape=&#8220;square&#8220; el_class=&#8220;cta-grigio&#8220; link=&#8220;url:http%3A%2F%2Fvillamariaonline.com%2Fde%2Fservizi%2F|title:Bed%20%26%20breakfast&#8220;][\/vc_column][\/vc_row][vc_row full_width=&#8220;stretch_row_content&#8220; equal_height=&#8220;yes&#8220; content_placement=&#8220;middle&#8220; bg_type=&#8220;image&#8220; bg_override=&#8220;ex-full&#8220; el_class=&#8220;mt100 bg-beige&#8220;][vc_column width=&#8220;5\/12&#8243; offset=&#8220;vc_col-lg-offset-2 vc_col-lg-3 vc_col-md-offset-1 vc_col-sm-offset-1&#8243; el_class=&#8220;ptb100&#8243;][vc_column_text]<\/p>\n<h2>Einzigartige Orte zu besuchen<\/h2>\n<p>Nur wenige Kilometer vom Meer und von wichtigen toskanischen Kunstst\u00e4dten entfernt, nimmt die Villa Maria eine strategische Position f\u00fcr diejenigen ein, die einen Urlaub verbringen m\u00f6chten, um die Sch\u00e4tze der Toskana zu entdecken.[\/vc_column_text][\/vc_column][vc_column width=&#8220;1\/2&#8243; offset=&#8220;vc_col-lg-offset-1 vc_col-lg-6&#8243; el_class=&#8220;bg-img-luoghi&#8220; css=&#8220;.vc_custom_1646647585873{background-image: url(https:\/\/villamariaonline.com\/wp-content\/uploads\/2022\/03\/@2x_monte_pisano_1.jpg?id=42) !important;}&#8220;][\/vc_column][\/vc_row][vc_row full_width=&#8220;stretch_row&#8220; bg_type=&#8220;bg_color&#8220; bg_override=&#8220;ex-full&#8220; el_class=&#8220;bg-rosa ptb100&#8243;][vc_column offset=&#8220;vc_col-lg-offset-2 vc_col-lg-8&#8243;][vc_column_text]<\/p>\n<h2 style=\"text-align: center;\">Entdecken Sie die gro\u00dfe Vielfalt der Toskana<\/h2>\n<p>[\/vc_column_text][vc_row_inner el_class=&#8220;hp-paesaggi hidden-xs&#8220;][vc_column_inner width=&#8220;1\/6&#8243;][vc_single_image image=&#8220;272&#8243; img_size=&#8220;full&#8220; alignment=&#8220;center&#8220; el_class=&#8220;icone-hp&#8220;][vc_column_text]<\/p>\n<p style=\"text-align: center;\">HAUSTIERFREUNDLICH<\/p>\n<p>[\/vc_column_text][\/vc_column_inner][vc_column_inner width=&#8220;1\/6&#8243;][vc_single_image image=&#8220;280&#8243; img_size=&#8220;full&#8220; alignment=&#8220;center&#8220; el_class=&#8220;icone-hp&#8220;][vc_column_text]<\/p>\n<p style=\"text-align: center;\">ORTE AUS<br \/>\nBESUCH<\/p>\n<p>[\/vc_column_text][\/vc_column_inner][vc_column_inner width=&#8220;1\/6&#8243;][vc_single_image image=&#8220;276&#8243; img_size=&#8220;full&#8220; alignment=&#8220;center&#8220; el_class=&#8220;icone-hp&#8220;][vc_column_text]<\/p>\n<p style=\"text-align: center;\">FR\u00dcHST\u00dcCK<\/p>\n<p>[\/vc_column_text][\/vc_column_inner][vc_column_inner width=&#8220;1\/6&#8243;][vc_single_image image=&#8220;284&#8243; img_size=&#8220;full&#8220; alignment=&#8220;center&#8220; el_class=&#8220;icone-hp&#8220;][vc_column_text]<\/p>\n<p style=\"text-align: center;\">K\u00dcCHE<\/p>\n<p>[\/vc_column_text][\/vc_column_inner][vc_column_inner width=&#8220;1\/6&#8243;][vc_single_image image=&#8220;288&#8243; img_size=&#8220;full&#8220; alignment=&#8220;center&#8220; el_class=&#8220;icone-hp&#8220;][vc_column_text]<\/p>\n<p style=\"text-align: center;\">AUSFL\u00dcGE<\/p>\n<p>[\/vc_column_text][\/vc_column_inner][vc_column_inner width=&#8220;1\/6&#8243;][\/vc_column_inner][\/vc_row_inner][vc_column_text]<\/p>\n<p style=\"text-align: center;\">Die Toskana ist eine sehr reiche Region, die eine gro\u00dfe Vielfalt an Landschaften, Kunstst\u00e4dten und Lebenserfahrungen bietet. Wir bieten eine Auswahl an &#8211; unserer Meinung nach bedeutenden &#8211; Aktivit\u00e4ten, die in unmittelbarer N\u00e4he durchgef\u00fchrt werden k\u00f6nnen.<\/p>\n<p>[\/vc_column_text][vc_btn title=&#8220;ENTDECKEN&#8220; style=&#8220;classic&#8220; shape=&#8220;square&#8220; align=&#8220;center&#8220; el_class=&#8220;cta-grigio&#8220; link=&#8220;url:http%3A%2F%2Fvillamariaonline.com%2Fde%2Fesperienze%2F|title:Esperienze&#8220;][\/vc_column][\/vc_row][vc_row full_width=&#8220;stretch_row&#8220; bg_type=&#8220;bg_color&#8220; bg_override=&#8220;ex-full&#8220; el_class=&#8220;ptb100&#8243;][vc_column offset=&#8220;vc_col-lg-offset-2 vc_col-lg-8&#8243;][vc_column_text]<\/p>\n<h2 style=\"text-align: center;\">Erfahrungen zum Leben und Erinnern<\/h2>\n<p>[\/vc_column_text][vc_row_inner][vc_column_inner width=&#8220;1\/3&#8243;][vc_column_text]<\/p>\n<h3 style=\"text-align: center;\">Entdecken Sie die Kunst<br \/>\nder Keramik<\/h3>\n<p>[\/vc_column_text][vc_single_image image=&#8220;292&#8243; img_size=&#8220;full&#8220; alignment=&#8220;center&#8220;][vc_column_text]<\/p>\n<p style=\"text-align: center;\">Entdecken Sie den Charme des alten Handwerks in der Keramikwerkstatt, die nur wenige Schritte von uns entfernt ist&#8230;<\/p>\n<p>[\/vc_column_text][vc_btn title=&#8220;ENTDECKEN&#8220; style=&#8220;classic&#8220; shape=&#8220;square&#8220; align=&#8220;center&#8220; el_class=&#8220;cta-grigio&#8220; link=&#8220;url:http%3A%2F%2Fvillamariaonline.com%2Fde%2Fceramica%2F|title:Ceramica&#8220;][\/vc_column_inner][vc_column_inner width=&#8220;1\/3&#8243;][vc_column_text]<\/p>\n<h3 style=\"text-align: center;\">Trekking auf den<br \/>\nPisaner Bergen<\/h3>\n<p>[\/vc_column_text][vc_single_image image=&#8220;296&#8243; img_size=&#8220;full&#8220; alignment=&#8220;center&#8220;][vc_column_text]<\/p>\n<p style=\"text-align: center;\">Slow-Tourismus, Pause machen und eintauchen in das Gr\u00fcn der Wege unserer Hausberge&#8230;<\/p>\n<p>[\/vc_column_text][vc_btn title=&#8220;ENTDECKEN&#8220; style=&#8220;classic&#8220; shape=&#8220;square&#8220; align=&#8220;center&#8220; el_class=&#8220;cta-grigio&#8220; link=&#8220;url:http%3A%2F%2Fvillamariaonline.com%2Fde%2Ftrekking%2F|title:Trekking&#8220;][\/vc_column_inner][vc_column_inner width=&#8220;1\/3&#8243;][vc_column_text]<\/p>\n<h3 style=\"text-align: center;\">Ein Sprung<br \/>\nin die 70er<\/h3>\n<p>[\/vc_column_text][vc_single_image image=&#8220;597&#8243; img_size=&#8220;full&#8220; alignment=&#8220;center&#8220;][vc_column_text]<\/p>\n<p style=\"text-align: center;\">Nostalgiker der mythischen 70er? In der Rolando Bar scheint die Zeit stehen geblieben zu sein&#8230;<\/p>\n<p>[\/vc_column_text][vc_btn title=&#8220;ENTDECKEN&#8220; style=&#8220;classic&#8220; shape=&#8220;square&#8220; align=&#8220;center&#8220; el_class=&#8220;cta-grigio&#8220; link=&#8220;url:http%3A%2F%2Fvillamariaonline.com%2Fde%2Frolando%2F|title:Rolando&#8220;][\/vc_column_inner][\/vc_row_inner][\/vc_column][\/vc_row][vc_row disable_element=&#8220;yes&#8220; el_class=&#8220;ptb100&#8243;][vc_column][vc_column_text]<\/p>\n<h2 style=\"text-align: center;\">Villa Maria auf Instagram<\/h2>\n<p>[\/vc_column_text][vc_row_inner][vc_column_inner width=&#8220;1\/4&#8243; offset=&#8220;vc_col-xs-6&#8243;][vc_single_image image=&#8220;264&#8243; img_size=&#8220;full&#8220; alignment=&#8220;center&#8220;][\/vc_column_inner][vc_column_inner width=&#8220;1\/4&#8243; offset=&#8220;vc_col-xs-6&#8243;][vc_single_image image=&#8220;264&#8243; img_size=&#8220;full&#8220; alignment=&#8220;center&#8220;][\/vc_column_inner][vc_column_inner width=&#8220;1\/4&#8243; offset=&#8220;vc_col-xs-6&#8243;][vc_single_image image=&#8220;264&#8243; img_size=&#8220;full&#8220; alignment=&#8220;center&#8220;][\/vc_column_inner][vc_column_inner width=&#8220;1\/4&#8243; offset=&#8220;vc_col-xs-6&#8243;][vc_single_image image=&#8220;264&#8243; img_size=&#8220;full&#8220; alignment=&#8220;center&#8220;][\/vc_column_inner][\/vc_row_inner][vc_btn title=&#8220;ENTDECKEN&#8220; style=&#8220;classic&#8220; shape=&#8220;square&#8220; align=&#8220;center&#8220; el_class=&#8220;cta-grigio&#8220; link=&#8220;url:%23&#8243;][\/vc_column][\/vc_row][vc_row el_class=&#8220;box-noleggio&#8220;][vc_column][vc_column_text]<\/p>\n<h2>Vermietung ohne Fahrer<\/h2>\n<p>[\/vc_column_text][vc_column_text]In der Villa Maria k\u00f6nnen Sie einen neunsitzigen Mercedes Vito Tourer mieten und frei durch die Toskana reisen.[\/vc_column_text][vc_btn title=&#8220;Mehr Informationen&#8220; style=&#8220;classic&#8220; shape=&#8220;square&#8220; align=&#8220;center&#8220; link=&#8220;url:https%3A%2F%2Fvillamariaonline.com%2Fde%2Fvermietung-ohne-fahrer%2F|title:Noleggio%20Senza%20Conducente&#8220; el_class=&#8220;cta-grigio&#8220;][\/vc_column][\/vc_row]<\/p>\n","protected":false},"excerpt":{"rendered":"<p>[vc_row full_width=&#8220;stretch_row_content&#8220; content_placement=&#8220;middle&#8220; el_class=&#8220;mt100&#8243;][vc_column width=&#8220;1\/2&#8243; offset=&#8220;vc_col-lg-offset-2 vc_col-lg-4&#8243;][vc_column_text] Bed &amp; Breakfast in der toskanischen Landschaft [\/vc_column_text][vc_btn title=&#8220;ENTDECKEN&#8220; style=&#8220;classic&#8220; shape=&#8220;square&#8220; el_class=&#8220;cta-grigio&#8220; link=&#8220;url:http%3A%2F%2Fvillamariaonline.com%2Fde%2Fb-b%2F|title:Bed%20%26%20breakfast&#8220;][\/vc_column][vc_column width=&#8220;1\/2&#8243;][vc_single_image image=&#8220;256&#8243; img_size=&#8220;full&#8220; alignment=&#8220;right&#8220;][\/vc_column][\/vc_row][vc_row full_width=&#8220;stretch_row_content_no_spaces&#8220; el_class=&#8220;mt100 bg-grigio ptb100&#8243;][vc_column offset=&#8220;vc_col-lg-offset-4 vc_col-lg-4&#8230;<\/p>\n","protected":false},"author":1,"featured_media":0,"parent":0,"menu_order":0,"comment_status":"closed","ping_status":"open","template":"","meta":{"_monsterinsights_skip_tracking":false,"_monsterinsights_sitenote_active":false,"_monsterinsights_sitenote_note":"","_monsterinsights_sitenote_category":0},"yoast_head":"<!-- This site is optimized with the Yoast SEO plugin v19.1 - https:\/\/yoast.com\/wordpress\/plugins\/seo\/ -->\n<title>Home - Villa Maria<\/title>\n<meta name=\"robots\" content=\"index, follow, max-snippet:-1, max-image-preview:large, max-video-preview:-1\" \/>\n<link rel=\"canonical\" href=\"https:\/\/villamariaonline.com\/de\/\" \/>\n<meta property=\"og:locale\" content=\"de_DE\" \/>\n<meta property=\"og:type\" content=\"article\" \/>\n<meta property=\"og:title\" content=\"Home - Villa Maria\" \/>\n<meta property=\"og:description\" content=\"[vc_row full_width=&#8220;stretch_row_content&#8220; content_placement=&#8220;middle&#8220; el_class=&#8220;mt100&#8243;][vc_column width=&#8220;1\/2&#8243; offset=&#8220;vc_col-lg-offset-2 vc_col-lg-4&#8243;][vc_column_text] Bed &amp; Breakfast in der toskanischen Landschaft [\/vc_column_text][vc_btn title=&#8220;ENTDECKEN&#8220; style=&#8220;classic&#8220; shape=&#8220;square&#8220; el_class=&#8220;cta-grigio&#8220; link=&#8220;url:http%3A%2F%2Fvillamariaonline.com%2Fde%2Fb-b%2F|title:Bed%20%26%20breakfast&#8220;][\/vc_column][vc_column width=&#8220;1\/2&#8243;][vc_single_image image=&#8220;256&#8243; img_size=&#8220;full&#8220; alignment=&#8220;right&#8220;][\/vc_column][\/vc_row][vc_row full_width=&#8220;stretch_row_content_no_spaces&#8220; el_class=&#8220;mt100 bg-grigio ptb100&#8243;][vc_column offset=&#8220;vc_col-lg-offset-4 vc_col-lg-4...\" \/>\n<meta property=\"og:url\" content=\"https:\/\/villamariaonline.com\/de\/\" \/>\n<meta property=\"og:site_name\" content=\"Villa Maria\" \/>\n<meta property=\"article:modified_time\" content=\"2023-04-05T08:25:26+00:00\" \/>\n<meta name=\"twitter:card\" content=\"summary_large_image\" \/>\n<meta name=\"twitter:label1\" content=\"Gesch\u00e4tzte Lesezeit\" \/>\n\t<meta name=\"twitter:data1\" content=\"6 Minuten\" \/>\n<script type=\"application\/ld+json\" class=\"yoast-schema-graph\">{\"@context\":\"https:\/\/schema.org\",\"@graph\":[{\"@type\":\"WebSite\",\"@id\":\"https:\/\/villamariaonline.com\/#website\",\"url\":\"https:\/\/villamariaonline.com\/\",\"name\":\"Villa Maria\",\"description\":\"Un nuovo sito targato WordPress\",\"potentialAction\":[{\"@type\":\"SearchAction\",\"target\":{\"@type\":\"EntryPoint\",\"urlTemplate\":\"https:\/\/villamariaonline.com\/?s={search_term_string}\"},\"query-input\":\"required name=search_term_string\"}],\"inLanguage\":\"de-DE\"},{\"@type\":\"WebPage\",\"@id\":\"https:\/\/villamariaonline.com\/de\/#webpage\",\"url\":\"https:\/\/villamariaonline.com\/de\/\",\"name\":\"Home - Villa Maria\",\"isPartOf\":{\"@id\":\"https:\/\/villamariaonline.com\/#website\"},\"datePublished\":\"2020-11-11T15:49:36+00:00\",\"dateModified\":\"2023-04-05T08:25:26+00:00\",\"breadcrumb\":{\"@id\":\"https:\/\/villamariaonline.com\/de\/#breadcrumb\"},\"inLanguage\":\"de-DE\",\"potentialAction\":[{\"@type\":\"ReadAction\",\"target\":[\"https:\/\/villamariaonline.com\/de\/\"]}]},{\"@type\":\"BreadcrumbList\",\"@id\":\"https:\/\/villamariaonline.com\/de\/#breadcrumb\",\"itemListElement\":[{\"@type\":\"ListItem\",\"position\":1,\"name\":\"Home\",\"item\":\"https:\/\/villamariaonline.com\/de\/\"},{\"@type\":\"ListItem\",\"position\":2,\"name\":\"Home\"}]}]}<\/script>\n<!-- \/ Yoast SEO plugin. -->","yoast_head_json":{"title":"Home - Villa Maria","robots":{"index":"index","follow":"follow","max-snippet":"max-snippet:-1","max-image-preview":"max-image-preview:large","max-video-preview":"max-video-preview:-1"},"canonical":"https:\/\/villamariaonline.com\/de\/","og_locale":"de_DE","og_type":"article","og_title":"Home - Villa Maria","og_description":"[vc_row full_width=&#8220;stretch_row_content&#8220; content_placement=&#8220;middle&#8220; el_class=&#8220;mt100&#8243;][vc_column width=&#8220;1\/2&#8243; offset=&#8220;vc_col-lg-offset-2 vc_col-lg-4&#8243;][vc_column_text] Bed &amp; Breakfast in der toskanischen Landschaft [\/vc_column_text][vc_btn title=&#8220;ENTDECKEN&#8220; style=&#8220;classic&#8220; shape=&#8220;square&#8220; el_class=&#8220;cta-grigio&#8220; link=&#8220;url:http%3A%2F%2Fvillamariaonline.com%2Fde%2Fb-b%2F|title:Bed%20%26%20breakfast&#8220;][\/vc_column][vc_column width=&#8220;1\/2&#8243;][vc_single_image image=&#8220;256&#8243; img_size=&#8220;full&#8220; alignment=&#8220;right&#8220;][\/vc_column][\/vc_row][vc_row full_width=&#8220;stretch_row_content_no_spaces&#8220; el_class=&#8220;mt100 bg-grigio ptb100&#8243;][vc_column offset=&#8220;vc_col-lg-offset-4 vc_col-lg-4...","og_url":"https:\/\/villamariaonline.com\/de\/","og_site_name":"Villa Maria","article_modified_time":"2023-04-05T08:25:26+00:00","twitter_card":"summary_large_image","twitter_misc":{"Gesch\u00e4tzte Lesezeit":"6 Minuten"},"schema":{"@context":"https:\/\/schema.org","@graph":[{"@type":"WebSite","@id":"https:\/\/villamariaonline.com\/#website","url":"https:\/\/villamariaonline.com\/","name":"Villa Maria","description":"Un nuovo sito targato WordPress","potentialAction":[{"@type":"SearchAction","target":{"@type":"EntryPoint","urlTemplate":"https:\/\/villamariaonline.com\/?s={search_term_string}"},"query-input":"required name=search_term_string"}],"inLanguage":"de-DE"},{"@type":"WebPage","@id":"https:\/\/villamariaonline.com\/de\/#webpage","url":"https:\/\/villamariaonline.com\/de\/","name":"Home - Villa Maria","isPartOf":{"@id":"https:\/\/villamariaonline.com\/#website"},"datePublished":"2020-11-11T15:49:36+00:00","dateModified":"2023-04-05T08:25:26+00:00","breadcrumb":{"@id":"https:\/\/villamariaonline.com\/de\/#breadcrumb"},"inLanguage":"de-DE","potentialAction":[{"@type":"ReadAction","target":["https:\/\/villamariaonline.com\/de\/"]}]},{"@type":"BreadcrumbList","@id":"https:\/\/villamariaonline.com\/de\/#breadcrumb","itemListElement":[{"@type":"ListItem","position":1,"name":"Home","item":"https:\/\/villamariaonline.com\/de\/"},{"@type":"ListItem","position":2,"name":"Home"}]}]}},"_links":{"self":[{"href":"https:\/\/villamariaonline.com\/de\/wp-json\/wp\/v2\/pages\/3115"}],"collection":[{"href":"https:\/\/villamariaonline.com\/de\/wp-json\/wp\/v2\/pages"}],"about":[{"href":"https:\/\/villamariaonline.com\/de\/wp-json\/wp\/v2\/types\/page"}],"author":[{"embeddable":true,"href":"https:\/\/villamariaonline.com\/de\/wp-json\/wp\/v2\/users\/1"}],"replies":[{"embeddable":true,"href":"https:\/\/villamariaonline.com\/de\/wp-json\/wp\/v2\/comments?post=3115"}],"version-history":[{"count":9,"href":"https:\/\/villamariaonline.com\/de\/wp-json\/wp\/v2\/pages\/3115\/revisions"}],"predecessor-version":[{"id":3400,"href":"https:\/\/villamariaonline.com\/de\/wp-json\/wp\/v2\/pages\/3115\/revisions\/3400"}],"wp:attachment":[{"href":"https:\/\/villamariaonline.com\/de\/wp-json\/wp\/v2\/media?parent=3115"}],"curies":[{"name":"wp","href":"https:\/\/api.w.org\/{rel}","templated":true}]}}