{"id":3124,"date":"2022-02-28T17:04:29","date_gmt":"2022-02-28T16:04:29","guid":{"rendered":"https:\/\/villamariaonline.com\/b-b\/"},"modified":"2022-05-24T10:48:45","modified_gmt":"2022-05-24T08:48:45","slug":"b-b","status":"publish","type":"page","link":"https:\/\/villamariaonline.com\/de\/b-b\/","title":{"rendered":"Bed &#038; breakfast"},"content":{"rendered":"<p>[vc_row full_width=&#8220;stretch_row_content_no_spaces&#8220; el_class=&#8220;testata bb&#8220;][vc_column][\/vc_column][\/vc_row][vc_row el_class=&#8220;mt100&#8243;][vc_column][vc_column_text]<\/p>\n<h1 class=\"colore-rosso\" style=\"text-align: center;\">Das Bed &amp; Breakfast<\/h1>\n<h2 style=\"text-align: center;\">eine Oase der Ruhe im<br \/>\nrustikalen Stil<\/h2>\n<p>[\/vc_column_text][\/vc_column][\/vc_row][vc_row content_placement=&#8220;middle&#8220; el_class=&#8220;mt100&#8243;][vc_column width=&#8220;1\/2&#8243; offset=&#8220;vc_col-lg-5&#8243;][vc_single_image image=&#8220;499&#8243; img_size=&#8220;full&#8220;][\/vc_column][vc_column width=&#8220;1\/2&#8243; offset=&#8220;vc_col-lg-offset-2 vc_col-lg-5&#8243;][vc_column_text el_class=&#8220;text-center-mobile&#8220;]<\/p>\n<h4><strong>Die Aktivit\u00e4t wird in einem alten Bauernhaus aus dem 800 durchgef\u00fchrt, das nach dem urspr\u00fcnglichen toskanischen Stil fein restauriert wurde.<\/strong><\/h4>\n<h4>Warme Atmosph\u00e4re, echte Seele, gro\u00dfe R\u00e4ume mit Blick auf die Natur und Liebe zum Detail, um den G\u00e4sten das beste Gasterlebnis in der toskanischen Landschaft zu bieten.<\/h4>\n<p>[\/vc_column_text][\/vc_column][\/vc_row][vc_row content_placement=&#8220;middle&#8220; el_class=&#8220;mt100&#8243;][vc_column width=&#8220;5\/12&#8243;][vc_column_text el_class=&#8220;text-center-mobile&#8220;]<\/p>\n<h4><strong>Gastfreundschaft in der Villa Maria ist gleichbedeutend mit Professionalit\u00e4t, Luxus und H\u00f6flichkeit.<\/strong><\/h4>\n<h4>Jedes Zimmer hat seine eigene Seele und ist in Kontinuit\u00e4t mit dem architektonischen Kontext, in den es eingef\u00fcgt ist, fein eingerichtet. Erleben Sie den Charme der toskanischen Tradition in der Villa Maria in vollen Z\u00fcgen.<\/h4>\n<p>[\/vc_column_text][\/vc_column][vc_column width=&#8220;1\/2&#8243; offset=&#8220;vc_col-lg-offset-2 vc_col-lg-5&#8243;][vc_single_image image=&#8220;504&#8243; img_size=&#8220;full&#8220;][\/vc_column][\/vc_row][vc_row full_width=&#8220;stretch_row_content_no_spaces&#8220; el_class=&#8220;mt100&#8243;][vc_column css=&#8220;.vc_custom_1647946514566{background-image: url(https:\/\/villamariaonline.com\/wp-content\/uploads\/2022\/03\/img_beb.jpg?id=506) !important;background-position: center !important;background-repeat: no-repeat !important;background-size: cover !important;}&#8220; el_class=&#8220;bb-imgcover&#8220;][\/vc_column][\/vc_row][vc_row el_class=&#8220;mt100&#8243;][vc_column offset=&#8220;vc_col-lg-offset-2 vc_col-lg-8&#8243;][vc_single_image image=&#8220;276&#8243; alignment=&#8220;center&#8220;][vc_column_text]<\/p>\n<p style=\"text-align: center;\">Ein besonderes Vergn\u00fcgen f\u00fcr unsere Kunden ist der Moment des Fr\u00fchst\u00fccks, das auf der Veranda unter einem Glyziniendach und mit Blick auf den exklusiven Swimmingpool serviert wird.<br \/>\nDas Fr\u00fchst\u00fcck ist interkontinental und bietet daher eine gro\u00dfe Auswahl an s\u00fc\u00dfen und herzhaften K\u00f6stlichkeiten, um auch die anspruchsvollsten Gaumen zufrieden zu stellen.<\/p>\n<p>[\/vc_column_text][vc_btn title=&#8220;BUCHEN SIE IHREN AUFENTHALT&#8220; style=&#8220;classic&#8220; shape=&#8220;square&#8220; align=&#8220;center&#8220; el_class=&#8220;cta-grigio&#8220; link=&#8220;url:http%3A%2F%2Fvillamariaonline.com%2Fde%2Fprenotazione%2F|title:Prenotazione&#8220;][\/vc_column][\/vc_row][vc_row el_class=&#8220;mt100&#8243;][vc_column offset=&#8220;vc_col-lg-offset-2 vc_col-lg-8 vc_col-xs-offset-1 vc_col-xs-10&#8243;][vc_images_carousel images=&#8220;518,523,528,533,538,543,548,553&#8243; img_size=&#8220;full&#8220; hide_pagination_control=&#8220;yes&#8220; wrap=&#8220;yes&#8220; el_class=&#8220;bb-carousel&#8220;][\/vc_column][\/vc_row]<\/p>\n","protected":false},"excerpt":{"rendered":"<p>[vc_row full_width=&#8220;stretch_row_content_no_spaces&#8220; el_class=&#8220;testata bb&#8220;][vc_column][\/vc_column][\/vc_row][vc_row el_class=&#8220;mt100&#8243;][vc_column][vc_column_text] Das Bed &amp; Breakfast eine Oase der Ruhe im rustikalen Stil [\/vc_column_text][\/vc_column][\/vc_row][vc_row content_placement=&#8220;middle&#8220; el_class=&#8220;mt100&#8243;][vc_column width=&#8220;1\/2&#8243; offset=&#8220;vc_col-lg-5&#8243;][vc_single_image image=&#8220;499&#8243; img_size=&#8220;full&#8220;][\/vc_column][vc_column width=&#8220;1\/2&#8243; offset=&#8220;vc_col-lg-offset-2 vc_col-lg-5&#8243;][vc_column_text el_class=&#8220;text-center-mobile&#8220;] Die Aktivit\u00e4t wird&#8230;<\/p>\n","protected":false},"author":1,"featured_media":0,"parent":0,"menu_order":0,"comment_status":"closed","ping_status":"closed","template":"","meta":{"_monsterinsights_skip_tracking":false,"_monsterinsights_sitenote_active":false,"_monsterinsights_sitenote_note":"","_monsterinsights_sitenote_category":0},"yoast_head":"<!-- This site is optimized with the Yoast SEO plugin v19.1 - https:\/\/yoast.com\/wordpress\/plugins\/seo\/ -->\n<title>Bed &amp; breakfast - Villa Maria<\/title>\n<meta name=\"robots\" content=\"index, follow, max-snippet:-1, max-image-preview:large, max-video-preview:-1\" \/>\n<link rel=\"canonical\" href=\"https:\/\/villamariaonline.com\/de\/b-b\/\" \/>\n<meta property=\"og:locale\" content=\"de_DE\" \/>\n<meta property=\"og:type\" content=\"article\" \/>\n<meta property=\"og:title\" content=\"Bed &amp; breakfast - Villa Maria\" \/>\n<meta property=\"og:description\" content=\"[vc_row full_width=&#8220;stretch_row_content_no_spaces&#8220; el_class=&#8220;testata bb&#8220;][vc_column][\/vc_column][\/vc_row][vc_row el_class=&#8220;mt100&#8243;][vc_column][vc_column_text] Das Bed &amp; Breakfast eine Oase der Ruhe im rustikalen Stil [\/vc_column_text][\/vc_column][\/vc_row][vc_row content_placement=&#8220;middle&#8220; el_class=&#8220;mt100&#8243;][vc_column width=&#8220;1\/2&#8243; offset=&#8220;vc_col-lg-5&#8243;][vc_single_image image=&#8220;499&#8243; img_size=&#8220;full&#8220;][\/vc_column][vc_column width=&#8220;1\/2&#8243; offset=&#8220;vc_col-lg-offset-2 vc_col-lg-5&#8243;][vc_column_text el_class=&#8220;text-center-mobile&#8220;] Die Aktivit\u00e4t wird...\" \/>\n<meta property=\"og:url\" content=\"https:\/\/villamariaonline.com\/de\/b-b\/\" \/>\n<meta property=\"og:site_name\" content=\"Villa Maria\" \/>\n<meta property=\"article:modified_time\" content=\"2022-05-24T08:48:45+00:00\" \/>\n<meta name=\"twitter:card\" content=\"summary_large_image\" \/>\n<meta name=\"twitter:label1\" content=\"Gesch\u00e4tzte Lesezeit\" \/>\n\t<meta name=\"twitter:data1\" content=\"2 Minuten\" \/>\n<script type=\"application\/ld+json\" class=\"yoast-schema-graph\">{\"@context\":\"https:\/\/schema.org\",\"@graph\":[{\"@type\":\"WebSite\",\"@id\":\"https:\/\/villamariaonline.com\/#website\",\"url\":\"https:\/\/villamariaonline.com\/\",\"name\":\"Villa Maria\",\"description\":\"Un nuovo sito targato WordPress\",\"potentialAction\":[{\"@type\":\"SearchAction\",\"target\":{\"@type\":\"EntryPoint\",\"urlTemplate\":\"https:\/\/villamariaonline.com\/?s={search_term_string}\"},\"query-input\":\"required name=search_term_string\"}],\"inLanguage\":\"de-DE\"},{\"@type\":\"WebPage\",\"@id\":\"https:\/\/villamariaonline.com\/de\/b-b\/#webpage\",\"url\":\"https:\/\/villamariaonline.com\/de\/b-b\/\",\"name\":\"Bed & breakfast - Villa Maria\",\"isPartOf\":{\"@id\":\"https:\/\/villamariaonline.com\/#website\"},\"datePublished\":\"2022-02-28T16:04:29+00:00\",\"dateModified\":\"2022-05-24T08:48:45+00:00\",\"breadcrumb\":{\"@id\":\"https:\/\/villamariaonline.com\/de\/b-b\/#breadcrumb\"},\"inLanguage\":\"de-DE\",\"potentialAction\":[{\"@type\":\"ReadAction\",\"target\":[\"https:\/\/villamariaonline.com\/de\/b-b\/\"]}]},{\"@type\":\"BreadcrumbList\",\"@id\":\"https:\/\/villamariaonline.com\/de\/b-b\/#breadcrumb\",\"itemListElement\":[{\"@type\":\"ListItem\",\"position\":1,\"name\":\"Home\",\"item\":\"https:\/\/villamariaonline.com\/de\/\"},{\"@type\":\"ListItem\",\"position\":2,\"name\":\"Bed &#038; breakfast\"}]}]}<\/script>\n<!-- \/ Yoast SEO plugin. -->","yoast_head_json":{"title":"Bed & breakfast - Villa Maria","robots":{"index":"index","follow":"follow","max-snippet":"max-snippet:-1","max-image-preview":"max-image-preview:large","max-video-preview":"max-video-preview:-1"},"canonical":"https:\/\/villamariaonline.com\/de\/b-b\/","og_locale":"de_DE","og_type":"article","og_title":"Bed & breakfast - Villa Maria","og_description":"[vc_row full_width=&#8220;stretch_row_content_no_spaces&#8220; el_class=&#8220;testata bb&#8220;][vc_column][\/vc_column][\/vc_row][vc_row el_class=&#8220;mt100&#8243;][vc_column][vc_column_text] Das Bed &amp; Breakfast eine Oase der Ruhe im rustikalen Stil [\/vc_column_text][\/vc_column][\/vc_row][vc_row content_placement=&#8220;middle&#8220; el_class=&#8220;mt100&#8243;][vc_column width=&#8220;1\/2&#8243; offset=&#8220;vc_col-lg-5&#8243;][vc_single_image image=&#8220;499&#8243; img_size=&#8220;full&#8220;][\/vc_column][vc_column width=&#8220;1\/2&#8243; offset=&#8220;vc_col-lg-offset-2 vc_col-lg-5&#8243;][vc_column_text el_class=&#8220;text-center-mobile&#8220;] Die Aktivit\u00e4t wird...","og_url":"https:\/\/villamariaonline.com\/de\/b-b\/","og_site_name":"Villa Maria","article_modified_time":"2022-05-24T08:48:45+00:00","twitter_card":"summary_large_image","twitter_misc":{"Gesch\u00e4tzte Lesezeit":"2 Minuten"},"schema":{"@context":"https:\/\/schema.org","@graph":[{"@type":"WebSite","@id":"https:\/\/villamariaonline.com\/#website","url":"https:\/\/villamariaonline.com\/","name":"Villa Maria","description":"Un nuovo sito targato WordPress","potentialAction":[{"@type":"SearchAction","target":{"@type":"EntryPoint","urlTemplate":"https:\/\/villamariaonline.com\/?s={search_term_string}"},"query-input":"required name=search_term_string"}],"inLanguage":"de-DE"},{"@type":"WebPage","@id":"https:\/\/villamariaonline.com\/de\/b-b\/#webpage","url":"https:\/\/villamariaonline.com\/de\/b-b\/","name":"Bed & breakfast - Villa Maria","isPartOf":{"@id":"https:\/\/villamariaonline.com\/#website"},"datePublished":"2022-02-28T16:04:29+00:00","dateModified":"2022-05-24T08:48:45+00:00","breadcrumb":{"@id":"https:\/\/villamariaonline.com\/de\/b-b\/#breadcrumb"},"inLanguage":"de-DE","potentialAction":[{"@type":"ReadAction","target":["https:\/\/villamariaonline.com\/de\/b-b\/"]}]},{"@type":"BreadcrumbList","@id":"https:\/\/villamariaonline.com\/de\/b-b\/#breadcrumb","itemListElement":[{"@type":"ListItem","position":1,"name":"Home","item":"https:\/\/villamariaonline.com\/de\/"},{"@type":"ListItem","position":2,"name":"Bed &#038; breakfast"}]}]}},"_links":{"self":[{"href":"https:\/\/villamariaonline.com\/de\/wp-json\/wp\/v2\/pages\/3124"}],"collection":[{"href":"https:\/\/villamariaonline.com\/de\/wp-json\/wp\/v2\/pages"}],"about":[{"href":"https:\/\/villamariaonline.com\/de\/wp-json\/wp\/v2\/types\/page"}],"author":[{"embeddable":true,"href":"https:\/\/villamariaonline.com\/de\/wp-json\/wp\/v2\/users\/1"}],"replies":[{"embeddable":true,"href":"https:\/\/villamariaonline.com\/de\/wp-json\/wp\/v2\/comments?post=3124"}],"version-history":[{"count":4,"href":"https:\/\/villamariaonline.com\/de\/wp-json\/wp\/v2\/pages\/3124\/revisions"}],"predecessor-version":[{"id":3156,"href":"https:\/\/villamariaonline.com\/de\/wp-json\/wp\/v2\/pages\/3124\/revisions\/3156"}],"wp:attachment":[{"href":"https:\/\/villamariaonline.com\/de\/wp-json\/wp\/v2\/media?parent=3124"}],"curies":[{"name":"wp","href":"https:\/\/api.w.org\/{rel}","templated":true}]}}