{"id":3128,"date":"2022-03-01T16:19:45","date_gmt":"2022-03-01T15:19:45","guid":{"rendered":"https:\/\/villamariaonline.com\/servizi\/"},"modified":"2023-04-05T10:23:17","modified_gmt":"2023-04-05T08:23:17","slug":"servizi","status":"publish","type":"page","link":"https:\/\/villamariaonline.com\/de\/servizi\/","title":{"rendered":"Servizi"},"content":{"rendered":"<p>[vc_row full_width=&#8220;stretch_row_content_no_spaces&#8220; el_class=&#8220;testata servizi&#8220;][vc_column][\/vc_column][\/vc_row][vc_row el_class=&#8220;mt100&#8243;][vc_column][vc_column_text]<\/p>\n<h1 class=\"colore-rosso\" style=\"text-align: center;\">Die Dienstleistungen des Bed and Breakfast<\/h1>\n<h2 style=\"text-align: center;\">Villa Maria bietet eine Reihe von Dienstleistungen<br \/>\nan, f\u00fcr die geboren wurde Kundenbed\u00fcrfnisse erf\u00fcllen.<\/h2>\n<p>[\/vc_column_text][\/vc_column][\/vc_row][vc_section full_width=&#8220;stretch_row&#8220; el_class=&#8220;bg-rosa servizi-bg&#8220;][vc_row el_class=&#8220;servizi-img&#8220;][vc_column el_class=&#8220;servizi-img&#8220;][vc_single_image image=&#8220;368&#8243; img_size=&#8220;full&#8220; alignment=&#8220;center&#8220;][\/vc_column][\/vc_row][vc_row full_width=&#8220;stretch_row&#8220; el_class=&#8220;servizi-box&#8220;][vc_column width=&#8220;1\/2&#8243;][vc_row_inner equal_height=&#8220;yes&#8220; content_placement=&#8220;middle&#8220;][vc_column_inner width=&#8220;1\/6&#8243;][vc_single_image image=&#8220;372&#8243; alignment=&#8220;center&#8220; el_class=&#8220;servizi-icon&#8220;][\/vc_column_inner][vc_column_inner width=&#8220;5\/6&#8243;][vc_column_text]Schwimmbad[\/vc_column_text][\/vc_column_inner][\/vc_row_inner][vc_row_inner equal_height=&#8220;yes&#8220; content_placement=&#8220;middle&#8220;][vc_column_inner width=&#8220;1\/6&#8243;][vc_single_image image=&#8220;376&#8243; alignment=&#8220;center&#8220; el_class=&#8220;servizi-icon&#8220;][\/vc_column_inner][vc_column_inner width=&#8220;5\/6&#8243;][vc_column_text]Satellitenfernsehen &#8211; SKY Hotels[\/vc_column_text][\/vc_column_inner][\/vc_row_inner][vc_row_inner equal_height=&#8220;yes&#8220; content_placement=&#8220;middle&#8220;][vc_column_inner width=&#8220;1\/6&#8243;][vc_single_image image=&#8220;380&#8243; alignment=&#8220;center&#8220; el_class=&#8220;servizi-icon&#8220;][\/vc_column_inner][vc_column_inner width=&#8220;5\/6&#8243;][vc_column_text]Minibar[\/vc_column_text][\/vc_column_inner][\/vc_row_inner][vc_row_inner equal_height=&#8220;yes&#8220; content_placement=&#8220;middle&#8220;][vc_column_inner width=&#8220;1\/6&#8243;][vc_single_image image=&#8220;384&#8243; alignment=&#8220;center&#8220; el_class=&#8220;servizi-icon&#8220;][\/vc_column_inner][vc_column_inner width=&#8220;5\/6&#8243;][vc_column_text]Klimaanlage[\/vc_column_text][\/vc_column_inner][\/vc_row_inner][vc_row_inner equal_height=&#8220;yes&#8220; content_placement=&#8220;middle&#8220;][vc_column_inner width=&#8220;1\/6&#8243;][vc_single_image image=&#8220;388&#8243; alignment=&#8220;center&#8220; el_class=&#8220;servizi-icon&#8220;][\/vc_column_inner][vc_column_inner width=&#8220;5\/6&#8243;][vc_column_text]Verwaltung von Bio-Lebensmitteln e<br \/>\nintegriert[\/vc_column_text][\/vc_column_inner][\/vc_row_inner][vc_row_inner equal_height=&#8220;yes&#8220; content_placement=&#8220;middle&#8220;][vc_column_inner width=&#8220;1\/6&#8243;][vc_single_image image=&#8220;392&#8243; alignment=&#8220;center&#8220; el_class=&#8220;servizi-icon&#8220;][\/vc_column_inner][vc_column_inner width=&#8220;5\/6&#8243;][vc_column_text]Verkauf von typischen lokalen und regionalen Produkten[\/vc_column_text][\/vc_column_inner][\/vc_row_inner][vc_row_inner equal_height=&#8220;yes&#8220; content_placement=&#8220;middle&#8220;][vc_column_inner width=&#8220;1\/6&#8243;][vc_single_image image=&#8220;3356&#8243; alignment=&#8220;center&#8220; el_class=&#8220;servizi-icon&#8220;][\/vc_column_inner][vc_column_inner width=&#8220;5\/6&#8243;][vc_column_text]Fahrr\u00e4der[\/vc_column_text][\/vc_column_inner][\/vc_row_inner][\/vc_column][vc_column width=&#8220;1\/2&#8243;][vc_row_inner equal_height=&#8220;yes&#8220; content_placement=&#8220;middle&#8220;][vc_column_inner width=&#8220;1\/6&#8243;][vc_single_image image=&#8220;396&#8243; alignment=&#8220;center&#8220; el_class=&#8220;servizi-icon&#8220;][\/vc_column_inner][vc_column_inner width=&#8220;5\/6&#8243;][vc_column_text]Alle Arten von Kreditkarten werden akzeptiert[\/vc_column_text][\/vc_column_inner][\/vc_row_inner][vc_row_inner equal_height=&#8220;yes&#8220; content_placement=&#8220;middle&#8220;][vc_column_inner width=&#8220;1\/6&#8243;][vc_single_image image=&#8220;400&#8243; alignment=&#8220;center&#8220; el_class=&#8220;servizi-icon&#8220;][\/vc_column_inner][vc_column_inner width=&#8220;5\/6&#8243;][vc_column_text]Kleine Haustiere im Zimmer erlaubt[\/vc_column_text][\/vc_column_inner][\/vc_row_inner][vc_row_inner equal_height=&#8220;yes&#8220; content_placement=&#8220;middle&#8220;][vc_column_inner width=&#8220;1\/6&#8243;][vc_single_image image=&#8220;404&#8243; alignment=&#8220;center&#8220; el_class=&#8220;servizi-icon&#8220;][\/vc_column_inner][vc_column_inner width=&#8220;5\/6&#8243;][vc_column_text]Privater Garten[\/vc_column_text][\/vc_column_inner][\/vc_row_inner][vc_row_inner equal_height=&#8220;yes&#8220; content_placement=&#8220;middle&#8220;][vc_column_inner width=&#8220;1\/6&#8243;][vc_single_image image=&#8220;408&#8243; alignment=&#8220;center&#8220; el_class=&#8220;servizi-icon&#8220;][\/vc_column_inner][vc_column_inner width=&#8220;5\/6&#8243;][vc_column_text]Interner Privatparkplatz[\/vc_column_text][\/vc_column_inner][\/vc_row_inner][vc_row_inner equal_height=&#8220;yes&#8220; content_placement=&#8220;middle&#8220;][vc_column_inner width=&#8220;1\/6&#8243;][vc_single_image image=&#8220;412&#8243; alignment=&#8220;center&#8220; el_class=&#8220;servizi-icon&#8220;][\/vc_column_inner][vc_column_inner width=&#8220;5\/6&#8243;][vc_column_text]Transfer zum und vom Flughafen Pisa oder Bahnhof Pisa<br \/>\nZentral (15 Euro Service + 1 Euro pro Person)[\/vc_column_text][\/vc_column_inner][\/vc_row_inner][vc_row_inner equal_height=&#8220;yes&#8220; content_placement=&#8220;middle&#8220;][vc_column_inner width=&#8220;1\/6&#8243;][vc_single_image image=&#8220;412&#8243; alignment=&#8220;center&#8220; el_class=&#8220;servizi-icon&#8220;][\/vc_column_inner][vc_column_inner width=&#8220;5\/6&#8243;][vc_column_text]Transfer zum und vom Bahnhof Pontedera &#8211; Casciana<br \/>\nSpa (9 Euro Service + 1 Euro pro Person)[\/vc_column_text][\/vc_column_inner][\/vc_row_inner][vc_row_inner equal_height=&#8220;yes&#8220; content_placement=&#8220;middle&#8220;][vc_column_inner width=&#8220;1\/6&#8243;][vc_single_image image=&#8220;3361&#8243; alignment=&#8220;center&#8220; el_class=&#8220;servizi-icon&#8220;][\/vc_column_inner][vc_column_inner width=&#8220;5\/6&#8243;][vc_column_text]Vermietung ohne Fahrer<br \/>\n(Fordern Sie weitere <a style=\"text-decoration: underline !important;\" href=\"https:\/\/villamariaonline.com\/de\/vermietung-ohne-fahrer\/\">Informationen<\/a> zu den Kosten an)[\/vc_column_text][\/vc_column_inner][\/vc_row_inner][\/vc_column][\/vc_row][vc_row el_class=&#8220;box-noleggio&#8220;][vc_column][vc_column_text]<\/p>\n<h2>Vermietung ohne Fahrer<\/h2>\n<p>[\/vc_column_text][vc_column_text]In der Villa Maria k\u00f6nnen Sie einen neunsitzigen Mercedes Vito Tourer mieten und frei durch die Toskana reisen.[\/vc_column_text][vc_btn title=&#8220;Mehr Informationen&#8220; style=&#8220;classic&#8220; shape=&#8220;square&#8220; align=&#8220;center&#8220; link=&#8220;url:https%3A%2F%2Fvillamariaonline.com%2Fde%2Fvermietung-ohne-fahrer%2F|title:Noleggio%20Senza%20Conducente&#8220; el_class=&#8220;cta-grigio&#8220;][\/vc_column][\/vc_row][\/vc_section]<\/p>\n","protected":false},"excerpt":{"rendered":"<p>[vc_row full_width=&#8220;stretch_row_content_no_spaces&#8220; el_class=&#8220;testata servizi&#8220;][vc_column][\/vc_column][\/vc_row][vc_row el_class=&#8220;mt100&#8243;][vc_column][vc_column_text] Die Dienstleistungen des Bed and Breakfast Villa Maria bietet eine Reihe von Dienstleistungen an, f\u00fcr die geboren wurde Kundenbed\u00fcrfnisse erf\u00fcllen. [\/vc_column_text][\/vc_column][\/vc_row][vc_section full_width=&#8220;stretch_row&#8220; el_class=&#8220;bg-rosa servizi-bg&#8220;][vc_row el_class=&#8220;servizi-img&#8220;][vc_column&#8230;<\/p>\n","protected":false},"author":1,"featured_media":0,"parent":0,"menu_order":0,"comment_status":"closed","ping_status":"closed","template":"","meta":{"_monsterinsights_skip_tracking":false,"_monsterinsights_sitenote_active":false,"_monsterinsights_sitenote_note":"","_monsterinsights_sitenote_category":0},"yoast_head":"<!-- This site is optimized with the Yoast SEO plugin v19.1 - https:\/\/yoast.com\/wordpress\/plugins\/seo\/ -->\n<title>Servizi - Villa Maria<\/title>\n<meta name=\"robots\" content=\"index, follow, max-snippet:-1, max-image-preview:large, max-video-preview:-1\" \/>\n<link rel=\"canonical\" href=\"https:\/\/villamariaonline.com\/de\/servizi\/\" \/>\n<meta property=\"og:locale\" content=\"de_DE\" \/>\n<meta property=\"og:type\" content=\"article\" \/>\n<meta property=\"og:title\" content=\"Servizi - Villa Maria\" \/>\n<meta property=\"og:description\" content=\"[vc_row full_width=&#8220;stretch_row_content_no_spaces&#8220; el_class=&#8220;testata servizi&#8220;][vc_column][\/vc_column][\/vc_row][vc_row el_class=&#8220;mt100&#8243;][vc_column][vc_column_text] Die Dienstleistungen des Bed and Breakfast Villa Maria bietet eine Reihe von Dienstleistungen an, f\u00fcr die geboren wurde Kundenbed\u00fcrfnisse erf\u00fcllen. [\/vc_column_text][\/vc_column][\/vc_row][vc_section full_width=&#8220;stretch_row&#8220; el_class=&#8220;bg-rosa servizi-bg&#8220;][vc_row el_class=&#8220;servizi-img&#8220;][vc_column...\" \/>\n<meta property=\"og:url\" content=\"https:\/\/villamariaonline.com\/de\/servizi\/\" \/>\n<meta property=\"og:site_name\" content=\"Villa Maria\" \/>\n<meta property=\"article:modified_time\" content=\"2023-04-05T08:23:17+00:00\" \/>\n<meta name=\"twitter:card\" content=\"summary_large_image\" \/>\n<meta name=\"twitter:label1\" content=\"Gesch\u00e4tzte Lesezeit\" \/>\n\t<meta name=\"twitter:data1\" content=\"2 Minuten\" \/>\n<script type=\"application\/ld+json\" class=\"yoast-schema-graph\">{\"@context\":\"https:\/\/schema.org\",\"@graph\":[{\"@type\":\"WebSite\",\"@id\":\"https:\/\/villamariaonline.com\/#website\",\"url\":\"https:\/\/villamariaonline.com\/\",\"name\":\"Villa Maria\",\"description\":\"Un nuovo sito targato WordPress\",\"potentialAction\":[{\"@type\":\"SearchAction\",\"target\":{\"@type\":\"EntryPoint\",\"urlTemplate\":\"https:\/\/villamariaonline.com\/?s={search_term_string}\"},\"query-input\":\"required name=search_term_string\"}],\"inLanguage\":\"de-DE\"},{\"@type\":\"WebPage\",\"@id\":\"https:\/\/villamariaonline.com\/de\/servizi\/#webpage\",\"url\":\"https:\/\/villamariaonline.com\/de\/servizi\/\",\"name\":\"Servizi - Villa Maria\",\"isPartOf\":{\"@id\":\"https:\/\/villamariaonline.com\/#website\"},\"datePublished\":\"2022-03-01T15:19:45+00:00\",\"dateModified\":\"2023-04-05T08:23:17+00:00\",\"breadcrumb\":{\"@id\":\"https:\/\/villamariaonline.com\/de\/servizi\/#breadcrumb\"},\"inLanguage\":\"de-DE\",\"potentialAction\":[{\"@type\":\"ReadAction\",\"target\":[\"https:\/\/villamariaonline.com\/de\/servizi\/\"]}]},{\"@type\":\"BreadcrumbList\",\"@id\":\"https:\/\/villamariaonline.com\/de\/servizi\/#breadcrumb\",\"itemListElement\":[{\"@type\":\"ListItem\",\"position\":1,\"name\":\"Home\",\"item\":\"https:\/\/villamariaonline.com\/de\/\"},{\"@type\":\"ListItem\",\"position\":2,\"name\":\"Servizi\"}]}]}<\/script>\n<!-- \/ Yoast SEO plugin. -->","yoast_head_json":{"title":"Servizi - Villa Maria","robots":{"index":"index","follow":"follow","max-snippet":"max-snippet:-1","max-image-preview":"max-image-preview:large","max-video-preview":"max-video-preview:-1"},"canonical":"https:\/\/villamariaonline.com\/de\/servizi\/","og_locale":"de_DE","og_type":"article","og_title":"Servizi - Villa Maria","og_description":"[vc_row full_width=&#8220;stretch_row_content_no_spaces&#8220; el_class=&#8220;testata servizi&#8220;][vc_column][\/vc_column][\/vc_row][vc_row el_class=&#8220;mt100&#8243;][vc_column][vc_column_text] Die Dienstleistungen des Bed and Breakfast Villa Maria bietet eine Reihe von Dienstleistungen an, f\u00fcr die geboren wurde Kundenbed\u00fcrfnisse erf\u00fcllen. [\/vc_column_text][\/vc_column][\/vc_row][vc_section full_width=&#8220;stretch_row&#8220; el_class=&#8220;bg-rosa servizi-bg&#8220;][vc_row el_class=&#8220;servizi-img&#8220;][vc_column...","og_url":"https:\/\/villamariaonline.com\/de\/servizi\/","og_site_name":"Villa Maria","article_modified_time":"2023-04-05T08:23:17+00:00","twitter_card":"summary_large_image","twitter_misc":{"Gesch\u00e4tzte Lesezeit":"2 Minuten"},"schema":{"@context":"https:\/\/schema.org","@graph":[{"@type":"WebSite","@id":"https:\/\/villamariaonline.com\/#website","url":"https:\/\/villamariaonline.com\/","name":"Villa Maria","description":"Un nuovo sito targato WordPress","potentialAction":[{"@type":"SearchAction","target":{"@type":"EntryPoint","urlTemplate":"https:\/\/villamariaonline.com\/?s={search_term_string}"},"query-input":"required name=search_term_string"}],"inLanguage":"de-DE"},{"@type":"WebPage","@id":"https:\/\/villamariaonline.com\/de\/servizi\/#webpage","url":"https:\/\/villamariaonline.com\/de\/servizi\/","name":"Servizi - Villa Maria","isPartOf":{"@id":"https:\/\/villamariaonline.com\/#website"},"datePublished":"2022-03-01T15:19:45+00:00","dateModified":"2023-04-05T08:23:17+00:00","breadcrumb":{"@id":"https:\/\/villamariaonline.com\/de\/servizi\/#breadcrumb"},"inLanguage":"de-DE","potentialAction":[{"@type":"ReadAction","target":["https:\/\/villamariaonline.com\/de\/servizi\/"]}]},{"@type":"BreadcrumbList","@id":"https:\/\/villamariaonline.com\/de\/servizi\/#breadcrumb","itemListElement":[{"@type":"ListItem","position":1,"name":"Home","item":"https:\/\/villamariaonline.com\/de\/"},{"@type":"ListItem","position":2,"name":"Servizi"}]}]}},"_links":{"self":[{"href":"https:\/\/villamariaonline.com\/de\/wp-json\/wp\/v2\/pages\/3128"}],"collection":[{"href":"https:\/\/villamariaonline.com\/de\/wp-json\/wp\/v2\/pages"}],"about":[{"href":"https:\/\/villamariaonline.com\/de\/wp-json\/wp\/v2\/types\/page"}],"author":[{"embeddable":true,"href":"https:\/\/villamariaonline.com\/de\/wp-json\/wp\/v2\/users\/1"}],"replies":[{"embeddable":true,"href":"https:\/\/villamariaonline.com\/de\/wp-json\/wp\/v2\/comments?post=3128"}],"version-history":[{"count":6,"href":"https:\/\/villamariaonline.com\/de\/wp-json\/wp\/v2\/pages\/3128\/revisions"}],"predecessor-version":[{"id":3399,"href":"https:\/\/villamariaonline.com\/de\/wp-json\/wp\/v2\/pages\/3128\/revisions\/3399"}],"wp:attachment":[{"href":"https:\/\/villamariaonline.com\/de\/wp-json\/wp\/v2\/media?parent=3128"}],"curies":[{"name":"wp","href":"https:\/\/api.w.org\/{rel}","templated":true}]}}