{"id":3134,"date":"2022-03-01T16:19:56","date_gmt":"2022-03-01T15:19:56","guid":{"rendered":"https:\/\/villamariaonline.com\/esperienze\/"},"modified":"2022-05-24T10:53:01","modified_gmt":"2022-05-24T08:53:01","slug":"esperienze","status":"publish","type":"page","link":"https:\/\/villamariaonline.com\/de\/esperienze\/","title":{"rendered":"Esperienze"},"content":{"rendered":"<p>[vc_row full_width=&#8220;stretch_row_content_no_spaces&#8220; el_class=&#8220;testata esperienze&#8220;][vc_column][\/vc_column][\/vc_row][vc_row el_class=&#8220;mt100&#8243;][vc_column][vc_column_text]<\/p>\n<h1 class=\"colore-rosso\" style=\"text-align: center;\">Erfahrungen zum Leben und Erinnern<\/h1>\n<h2 style=\"text-align: center;\">Entdecken Sie alle Abenteuer, die Sie nur einen Steinwurf<br \/>\nvon der Villa Maria entfernt erleben k\u00f6nnen<\/h2>\n<p>[\/vc_column_text][\/vc_column][\/vc_row][vc_row full_width=&#8220;stretch_row_content_no_spaces&#8220; el_class=&#8220;mt100&#8243;][vc_column][vc_row_inner el_class=&#8220;bg-rosa esperienze-bg&#8220;][vc_column_inner el_class=&#8220;ptb100&#8243;][vc_column_text]<\/p>\n<h2 style=\"text-align: center;\">Trekking auf den Pisaner Bergen<\/h2>\n<p>[\/vc_column_text][\/vc_column_inner][\/vc_row_inner][vc_row_inner el_class=&#8220;esperienze-relative&#8220;][vc_column_inner][vc_single_image image=&#8220;340&#8243; img_size=&#8220;full&#8220; alignment=&#8220;center&#8220;][\/vc_column_inner][\/vc_row_inner][\/vc_column][\/vc_row][vc_row el_class=&#8220;esperienze-margine-neg&#8220;][vc_column width=&#8220;1\/2&#8243; offset=&#8220;vc_col-lg-4&#8243;][vc_single_image image=&#8220;352&#8243; img_size=&#8220;full&#8220; alignment=&#8220;right&#8220; el_class=&#8220;esperienze-icone text-center-mobile&#8220;][\/vc_column][vc_column width=&#8220;1\/2&#8243; offset=&#8220;vc_col-lg-offset-1 vc_col-lg-5&#8243;][vc_column_text]Eine langsamere und bewusstere Art, das Gebiet zu entdecken, besteht darin, es zu gehen und jeden Schritt zu genie\u00dfen. Die Pisaner Berge sind reich an markierten und sicheren Routen und Wegen: Wege unterschiedlicher L\u00e4nge und Schwierigkeit, geeignet f\u00fcr die unterschiedlichsten Trainingsniveaus.<br \/>\nErleben Sie die Natur und bewundern Sie die sch\u00f6nsten Landschaften.[\/vc_column_text][vc_btn title=&#8220;ENTDECKEN&#8220; style=&#8220;classic&#8220; shape=&#8220;square&#8220; align=&#8220;center&#8220; link=&#8220;url:http%3A%2F%2Fvillamariaonline.com%2Fde%2Ftrekking%2F|title:Trekking&#8220; el_class=&#8220;cta-grigio text-left-dsk&#8220;][\/vc_column][\/vc_row][vc_row full_width=&#8220;stretch_row_content_no_spaces&#8220;][vc_column][vc_row_inner el_class=&#8220;bg-rosa esperienze-bg&#8220;][vc_column_inner el_class=&#8220;ptb100&#8243;][vc_column_text]<\/p>\n<h2 style=\"text-align: center;\">Entdecken Sie die Kunst der Keramik<\/h2>\n<p>[\/vc_column_text][\/vc_column_inner][\/vc_row_inner][vc_row_inner el_class=&#8220;esperienze-relative&#8220;][vc_column_inner][vc_single_image image=&#8220;344&#8243; img_size=&#8220;full&#8220; alignment=&#8220;center&#8220;][\/vc_column_inner][\/vc_row_inner][\/vc_column][\/vc_row][vc_row el_class=&#8220;esperienze-margine-neg&#8220;][vc_column width=&#8220;1\/2&#8243; offset=&#8220;vc_col-lg-4&#8243;][vc_single_image image=&#8220;348&#8243; img_size=&#8220;full&#8220; alignment=&#8220;right&#8220; el_class=&#8220;esperienze-icone text-center-mobile&#8220;][\/vc_column][vc_column width=&#8220;1\/2&#8243; offset=&#8220;vc_col-lg-offset-1 vc_col-lg-5&#8243;][vc_column_text]Ein Urlaub kann die perfekte Zeit sein, um neue Dinge zu lernen. Haben Sie jemals daran gedacht, eine Keramikvase herzustellen? Wenn Ihnen die Idee gef\u00e4llt, wissen Sie, dass Sie nur wenige Schritte von uns entfernt eine Keramikwerkstatt finden, in der Sie sich dieser Kunst n\u00e4hern k\u00f6nnen.[\/vc_column_text][vc_btn title=&#8220;ENTDECKEN&#8220; style=&#8220;classic&#8220; shape=&#8220;square&#8220; align=&#8220;center&#8220; link=&#8220;url:http%3A%2F%2Fvillamariaonline.com%2Fde%2Fceramica%2F|title:Ceramica&#8220; el_class=&#8220;cta-grigio text-left-dsk&#8220;][\/vc_column][\/vc_row][vc_row full_width=&#8220;stretch_row_content_no_spaces&#8220;][vc_column][vc_row_inner el_class=&#8220;bg-rosa esperienze-bg&#8220;][vc_column_inner el_class=&#8220;ptb100&#8243;][vc_column_text]<\/p>\n<h2 style=\"text-align: center;\">Ein Aperitif in den 70er Jahren<\/h2>\n<p>[\/vc_column_text][\/vc_column_inner][\/vc_row_inner][vc_row_inner el_class=&#8220;esperienze-relative&#8220;][vc_column_inner][vc_single_image image=&#8220;612&#8243; img_size=&#8220;full&#8220; alignment=&#8220;center&#8220;][\/vc_column_inner][\/vc_row_inner][\/vc_column][\/vc_row][vc_row el_class=&#8220;esperienze-margine-neg&#8220;][vc_column width=&#8220;1\/2&#8243; offset=&#8220;vc_col-lg-4&#8243;][vc_single_image image=&#8220;360&#8243; img_size=&#8220;full&#8220; alignment=&#8220;right&#8220; el_class=&#8220;esperienze-icone text-center-mobile&#8220;][\/vc_column][vc_column width=&#8220;1\/2&#8243; offset=&#8220;vc_col-lg-offset-1 vc_col-lg-5&#8243;][vc_column_text]Erleben Sie die Atmosph\u00e4re der 70er Jahre im historischen Rolando Bar Museum bei einem Aperitif oder einem Kaffee mit Freunden![\/vc_column_text][vc_btn title=&#8220;ENTDECKEN&#8220; style=&#8220;classic&#8220; shape=&#8220;square&#8220; align=&#8220;center&#8220; link=&#8220;url:http%3A%2F%2Fvillamariaonline.com%2Fde%2Frolando%2F|title:Rolando&#8220; el_class=&#8220;cta-grigio text-left-dsk&#8220;][\/vc_column][\/vc_row]<\/p>\n","protected":false},"excerpt":{"rendered":"<p>[vc_row full_width=&#8220;stretch_row_content_no_spaces&#8220; el_class=&#8220;testata esperienze&#8220;][vc_column][\/vc_column][\/vc_row][vc_row el_class=&#8220;mt100&#8243;][vc_column][vc_column_text] Erfahrungen zum Leben und Erinnern Entdecken Sie alle Abenteuer, die Sie nur einen Steinwurf von der Villa Maria entfernt erleben k\u00f6nnen [\/vc_column_text][\/vc_column][\/vc_row][vc_row full_width=&#8220;stretch_row_content_no_spaces&#8220; el_class=&#8220;mt100&#8243;][vc_column][vc_row_inner el_class=&#8220;bg-rosa&#8230;<\/p>\n","protected":false},"author":1,"featured_media":0,"parent":0,"menu_order":0,"comment_status":"closed","ping_status":"closed","template":"","meta":{"_monsterinsights_skip_tracking":false,"_monsterinsights_sitenote_active":false,"_monsterinsights_sitenote_note":"","_monsterinsights_sitenote_category":0},"yoast_head":"<!-- This site is optimized with the Yoast SEO plugin v19.1 - https:\/\/yoast.com\/wordpress\/plugins\/seo\/ -->\n<title>Esperienze - Villa Maria<\/title>\n<meta name=\"robots\" content=\"index, follow, max-snippet:-1, max-image-preview:large, max-video-preview:-1\" \/>\n<link rel=\"canonical\" href=\"https:\/\/villamariaonline.com\/de\/esperienze\/\" \/>\n<meta property=\"og:locale\" content=\"de_DE\" \/>\n<meta property=\"og:type\" content=\"article\" \/>\n<meta property=\"og:title\" content=\"Esperienze - Villa Maria\" \/>\n<meta property=\"og:description\" content=\"[vc_row full_width=&#8220;stretch_row_content_no_spaces&#8220; el_class=&#8220;testata esperienze&#8220;][vc_column][\/vc_column][\/vc_row][vc_row el_class=&#8220;mt100&#8243;][vc_column][vc_column_text] Erfahrungen zum Leben und Erinnern Entdecken Sie alle Abenteuer, die Sie nur einen Steinwurf von der Villa Maria entfernt erleben k\u00f6nnen [\/vc_column_text][\/vc_column][\/vc_row][vc_row full_width=&#8220;stretch_row_content_no_spaces&#8220; el_class=&#8220;mt100&#8243;][vc_column][vc_row_inner el_class=&#8220;bg-rosa...\" \/>\n<meta property=\"og:url\" content=\"https:\/\/villamariaonline.com\/de\/esperienze\/\" \/>\n<meta property=\"og:site_name\" content=\"Villa Maria\" \/>\n<meta property=\"article:modified_time\" content=\"2022-05-24T08:53:01+00:00\" \/>\n<meta name=\"twitter:card\" content=\"summary_large_image\" \/>\n<meta name=\"twitter:label1\" content=\"Gesch\u00e4tzte Lesezeit\" \/>\n\t<meta name=\"twitter:data1\" content=\"3 Minuten\" \/>\n<script type=\"application\/ld+json\" class=\"yoast-schema-graph\">{\"@context\":\"https:\/\/schema.org\",\"@graph\":[{\"@type\":\"WebSite\",\"@id\":\"https:\/\/villamariaonline.com\/#website\",\"url\":\"https:\/\/villamariaonline.com\/\",\"name\":\"Villa Maria\",\"description\":\"Un nuovo sito targato WordPress\",\"potentialAction\":[{\"@type\":\"SearchAction\",\"target\":{\"@type\":\"EntryPoint\",\"urlTemplate\":\"https:\/\/villamariaonline.com\/?s={search_term_string}\"},\"query-input\":\"required name=search_term_string\"}],\"inLanguage\":\"de-DE\"},{\"@type\":\"WebPage\",\"@id\":\"https:\/\/villamariaonline.com\/de\/esperienze\/#webpage\",\"url\":\"https:\/\/villamariaonline.com\/de\/esperienze\/\",\"name\":\"Esperienze - Villa Maria\",\"isPartOf\":{\"@id\":\"https:\/\/villamariaonline.com\/#website\"},\"datePublished\":\"2022-03-01T15:19:56+00:00\",\"dateModified\":\"2022-05-24T08:53:01+00:00\",\"breadcrumb\":{\"@id\":\"https:\/\/villamariaonline.com\/de\/esperienze\/#breadcrumb\"},\"inLanguage\":\"de-DE\",\"potentialAction\":[{\"@type\":\"ReadAction\",\"target\":[\"https:\/\/villamariaonline.com\/de\/esperienze\/\"]}]},{\"@type\":\"BreadcrumbList\",\"@id\":\"https:\/\/villamariaonline.com\/de\/esperienze\/#breadcrumb\",\"itemListElement\":[{\"@type\":\"ListItem\",\"position\":1,\"name\":\"Home\",\"item\":\"https:\/\/villamariaonline.com\/de\/\"},{\"@type\":\"ListItem\",\"position\":2,\"name\":\"Esperienze\"}]}]}<\/script>\n<!-- \/ Yoast SEO plugin. -->","yoast_head_json":{"title":"Esperienze - Villa Maria","robots":{"index":"index","follow":"follow","max-snippet":"max-snippet:-1","max-image-preview":"max-image-preview:large","max-video-preview":"max-video-preview:-1"},"canonical":"https:\/\/villamariaonline.com\/de\/esperienze\/","og_locale":"de_DE","og_type":"article","og_title":"Esperienze - Villa Maria","og_description":"[vc_row full_width=&#8220;stretch_row_content_no_spaces&#8220; el_class=&#8220;testata esperienze&#8220;][vc_column][\/vc_column][\/vc_row][vc_row el_class=&#8220;mt100&#8243;][vc_column][vc_column_text] Erfahrungen zum Leben und Erinnern Entdecken Sie alle Abenteuer, die Sie nur einen Steinwurf von der Villa Maria entfernt erleben k\u00f6nnen [\/vc_column_text][\/vc_column][\/vc_row][vc_row full_width=&#8220;stretch_row_content_no_spaces&#8220; el_class=&#8220;mt100&#8243;][vc_column][vc_row_inner el_class=&#8220;bg-rosa...","og_url":"https:\/\/villamariaonline.com\/de\/esperienze\/","og_site_name":"Villa Maria","article_modified_time":"2022-05-24T08:53:01+00:00","twitter_card":"summary_large_image","twitter_misc":{"Gesch\u00e4tzte Lesezeit":"3 Minuten"},"schema":{"@context":"https:\/\/schema.org","@graph":[{"@type":"WebSite","@id":"https:\/\/villamariaonline.com\/#website","url":"https:\/\/villamariaonline.com\/","name":"Villa Maria","description":"Un nuovo sito targato WordPress","potentialAction":[{"@type":"SearchAction","target":{"@type":"EntryPoint","urlTemplate":"https:\/\/villamariaonline.com\/?s={search_term_string}"},"query-input":"required name=search_term_string"}],"inLanguage":"de-DE"},{"@type":"WebPage","@id":"https:\/\/villamariaonline.com\/de\/esperienze\/#webpage","url":"https:\/\/villamariaonline.com\/de\/esperienze\/","name":"Esperienze - Villa Maria","isPartOf":{"@id":"https:\/\/villamariaonline.com\/#website"},"datePublished":"2022-03-01T15:19:56+00:00","dateModified":"2022-05-24T08:53:01+00:00","breadcrumb":{"@id":"https:\/\/villamariaonline.com\/de\/esperienze\/#breadcrumb"},"inLanguage":"de-DE","potentialAction":[{"@type":"ReadAction","target":["https:\/\/villamariaonline.com\/de\/esperienze\/"]}]},{"@type":"BreadcrumbList","@id":"https:\/\/villamariaonline.com\/de\/esperienze\/#breadcrumb","itemListElement":[{"@type":"ListItem","position":1,"name":"Home","item":"https:\/\/villamariaonline.com\/de\/"},{"@type":"ListItem","position":2,"name":"Esperienze"}]}]}},"_links":{"self":[{"href":"https:\/\/villamariaonline.com\/de\/wp-json\/wp\/v2\/pages\/3134"}],"collection":[{"href":"https:\/\/villamariaonline.com\/de\/wp-json\/wp\/v2\/pages"}],"about":[{"href":"https:\/\/villamariaonline.com\/de\/wp-json\/wp\/v2\/types\/page"}],"author":[{"embeddable":true,"href":"https:\/\/villamariaonline.com\/de\/wp-json\/wp\/v2\/users\/1"}],"replies":[{"embeddable":true,"href":"https:\/\/villamariaonline.com\/de\/wp-json\/wp\/v2\/comments?post=3134"}],"version-history":[{"count":4,"href":"https:\/\/villamariaonline.com\/de\/wp-json\/wp\/v2\/pages\/3134\/revisions"}],"predecessor-version":[{"id":3159,"href":"https:\/\/villamariaonline.com\/de\/wp-json\/wp\/v2\/pages\/3134\/revisions\/3159"}],"wp:attachment":[{"href":"https:\/\/villamariaonline.com\/de\/wp-json\/wp\/v2\/media?parent=3134"}],"curies":[{"name":"wp","href":"https:\/\/api.w.org\/{rel}","templated":true}]}}