{"id":3140,"date":"2022-03-09T15:27:24","date_gmt":"2022-03-09T14:27:24","guid":{"rendered":"https:\/\/villamariaonline.com\/ceramica\/"},"modified":"2022-05-24T11:26:23","modified_gmt":"2022-05-24T09:26:23","slug":"ceramica","status":"publish","type":"page","link":"https:\/\/villamariaonline.com\/de\/ceramica\/","title":{"rendered":"Ceramica"},"content":{"rendered":"<p>[vc_row full_width=&#8220;stretch_row_content_no_spaces&#8220; el_class=&#8220;testata ceramica&#8220;][vc_column][\/vc_column][\/vc_row][vc_row el_class=&#8220;mt100&#8243;][vc_column][vc_column_text]<\/p>\n<h1 class=\"colore-rosso\" style=\"text-align: center;\">Entdecken Sie die Kunst der Keramik<\/h1>\n<h2 style=\"text-align: center;\">Eine Handwerkswerkstatt nur einen Steinwurf von der Villa Maria entfernt<br \/>\nSo k\u00f6nnen Sie ein einzigartiges Erlebnis ausprobieren<\/h2>\n<p>[\/vc_column_text][\/vc_column][\/vc_row][vc_row full_width=&#8220;stretch_row_content_no_spaces&#8220; el_class=&#8220;mt100&#8243;][vc_column css=&#8220;.vc_custom_1646839074764{background-image: url(https:\/\/villamariaonline.com\/wp-content\/uploads\/2022\/03\/img_ceramica.jpg?id=243) !important;background-position: center !important;background-repeat: no-repeat !important;background-size: cover !important;}&#8220; el_class=&#8220;bb-imgcover&#8220;][\/vc_column][\/vc_row][vc_row el_class=&#8220;mt100&#8243;][vc_column][vc_single_image image=&#8220;456&#8243; img_size=&#8220;full&#8220; alignment=&#8220;center&#8220; el_class=&#8220;trekking-icone&#8220;][\/vc_column][\/vc_row][vc_row content_placement=&#8220;middle&#8220; el_class=&#8220;mt100&#8243;][vc_column width=&#8220;1\/2&#8243; offset=&#8220;vc_col-lg-5&#8243;][vc_single_image image=&#8220;460&#8243; img_size=&#8220;full&#8220;][\/vc_column][vc_column width=&#8220;1\/2&#8243; offset=&#8220;vc_col-lg-offset-2 vc_col-lg-5&#8243;][vc_column_text el_class=&#8220;text-center-mobile&#8220;]<\/p>\n<h4 class=\"font-regular\">Personalisierter Workshop<\/h4>\n<p>Das alte mittelalterliche Dorf Vicopisano h\u00e4lt seine Traditionen auch durch die faszinierende Keramikwerkstatt am Leben. Im Labor des Dorfes k\u00f6nnen Sie nicht nur absolut einzigartige und vollst\u00e4ndig anpassbare Objekte finden, sondern sich auch selbst mit dieser alten Kunst testen.[\/vc_column_text][\/vc_column][\/vc_row][vc_row content_placement=&#8220;middle&#8220; el_class=&#8220;mt100&#8243;][vc_column width=&#8220;5\/12&#8243; el_class=&#8220;order2mobile&#8220;][vc_column_text el_class=&#8220;text-center-mobile&#8220;]<\/p>\n<h4 class=\"font-regular\">Schaffen Sie etwas Einzigartiges<\/h4>\n<p>Der Meister f\u00fchrt Sie Schritt f\u00fcr Schritt zur Verwirklichung eines Objekts, das direkt aus Ihren H\u00e4nden geboren wird. Als Mitbringsel, das wirklich gute Urlaubserinnerungen oder einen liebevollen Gedanken an einen geliebten Menschen weckt, wird Ihre Keramikkreation sicher einen besonderen Platz finden, wenn Sie nach Hause zur\u00fcckkehren.[\/vc_column_text][\/vc_column][vc_column width=&#8220;1\/2&#8243; offset=&#8220;vc_col-lg-offset-2 vc_col-lg-5&#8243;][vc_single_image image=&#8220;464&#8243; img_size=&#8220;full&#8220;][\/vc_column][\/vc_row][vc_row el_class=&#8220;mt100&#8243;][vc_column][vc_column_text]<\/p>\n<h2 style=\"text-align: center;\">Buchen Sie Ihren Unterricht<\/h2>\n<p>[\/vc_column_text][vc_row_inner][vc_column_inner width=&#8220;1\/4&#8243; offset=&#8220;vc_col-xs-6&#8243;][vc_column_text]<\/p>\n<p class=\"font-regular\" style=\"text-align: center;\">PLAN<\/p>\n<p class=\"colore-grigio\" style=\"text-align: center;\">Auf Anfrage<\/p>\n<p>[\/vc_column_text][\/vc_column_inner][vc_column_inner width=&#8220;1\/4&#8243; offset=&#8220;vc_col-xs-6&#8243;][vc_column_text]<\/p>\n<p class=\"font-regular\" style=\"text-align: center;\">ZEIT<\/p>\n<p class=\"colore-grigio\" style=\"text-align: center;\">Etwa 3 Stunden<\/p>\n<p>[\/vc_column_text][\/vc_column_inner][vc_column_inner width=&#8220;1\/4&#8243; offset=&#8220;vc_col-xs-6&#8243;][vc_column_text]<\/p>\n<p class=\"font-regular\" style=\"text-align: center;\">TEILNEHMER<\/p>\n<p class=\"colore-grigio\" style=\"text-align: center;\">Individuell | Gruppen<\/p>\n<p>[\/vc_column_text][\/vc_column_inner][vc_column_inner width=&#8220;1\/4&#8243; offset=&#8220;vc_col-xs-6&#8243;][vc_column_text]<\/p>\n<p class=\"font-regular\" style=\"text-align: center;\">BUCHEN SIE BEI<\/p>\n<p class=\"colore-grigio\" style=\"text-align: center;\">+39 050 798840<\/p>\n<p>[\/vc_column_text][\/vc_column_inner][\/vc_row_inner][\/vc_column][\/vc_row][vc_row full_width=&#8220;stretch_row&#8220; el_class=&#8220;mt100 bg-rosa ptb100&#8243;][vc_column][vc_column_text el_class=&#8220;m0&#8243;]<\/p>\n<h2 style=\"text-align: center;\">Trekking auf den Pisaner Bergen<\/h2>\n<p>[\/vc_column_text][\/vc_column][\/vc_row][vc_row content_placement=&#8220;middle&#8220; el_class=&#8220;margin-top-neg&#8220;][vc_column width=&#8220;1\/2&#8243; offset=&#8220;vc_col-lg-5&#8243;][vc_single_image image=&#8220;468&#8243; img_size=&#8220;full&#8220;][\/vc_column][vc_column width=&#8220;1\/2&#8243; offset=&#8220;vc_col-lg-offset-2 vc_col-lg-5&#8243;][vc_column_text el_class=&#8220;text-center-mobile&#8220;]<\/p>\n<h4>Eine langsamere und bewusstere Art, die Gegend zu entdecken, besteht darin, sie zu gehen und jeden Schritt zu genie\u00dfen. Die Pisaner Berge sind reich an markierten und sicheren Routen und Wegen: Wege unterschiedlicher L\u00e4nge und Schwierigkeit, geeignet f\u00fcr die unterschiedlichsten Trainingsniveaus. Erleben Sie die Natur und bewundern Sie die sch\u00f6nsten Landschaften.<\/h4>\n<p>[\/vc_column_text][vc_btn title=&#8220;ENTDECKEN&#8220; style=&#8220;classic&#8220; shape=&#8220;square&#8220; align=&#8220;center&#8220; link=&#8220;url:http%3A%2F%2Fvillamariaonline.com%2Fde%2Ftrekking%2F|title:Trekking&#8220; el_class=&#8220;text-left-dsk cta-grigio&#8220;][\/vc_column][\/vc_row][vc_row full_width=&#8220;stretch_row&#8220; el_class=&#8220;mt100 bg-rosa ptb100&#8243;][vc_column][vc_column_text el_class=&#8220;m0&#8243;]<\/p>\n<h2 style=\"text-align: center;\">Ein Aperitif in den 70er Jahren<\/h2>\n<p>[\/vc_column_text][\/vc_column][\/vc_row][vc_row content_placement=&#8220;middle&#8220; el_class=&#8220;margin-top-neg pb100&#8243;][vc_column width=&#8220;1\/2&#8243; offset=&#8220;vc_col-lg-5&#8243;][vc_single_image image=&#8220;472&#8243; img_size=&#8220;full&#8220;][\/vc_column][vc_column width=&#8220;1\/2&#8243; offset=&#8220;vc_col-lg-offset-2 vc_col-lg-5&#8243;][vc_column_text el_class=&#8220;text-center-mobile&#8220;]<\/p>\n<h4>Erleben Sie die Atmosph\u00e4re der 70er Jahre im historischen Rolando Bar Museum bei einem Aperitif oder einem Kaffee mit Freunden!<\/h4>\n<p>[\/vc_column_text][vc_btn title=&#8220;ENTDECKEN&#8220; style=&#8220;classic&#8220; shape=&#8220;square&#8220; align=&#8220;center&#8220; link=&#8220;url:http%3A%2F%2Fvillamariaonline.com%2Fde%2Frolando%2F|title:Rolando&#8220; el_class=&#8220;text-left-dsk cta-grigio&#8220;][\/vc_column][\/vc_row]<\/p>\n","protected":false},"excerpt":{"rendered":"<p>[vc_row full_width=&#8220;stretch_row_content_no_spaces&#8220; el_class=&#8220;testata ceramica&#8220;][vc_column][\/vc_column][\/vc_row][vc_row el_class=&#8220;mt100&#8243;][vc_column][vc_column_text] Entdecken Sie die Kunst der Keramik Eine Handwerkswerkstatt nur einen Steinwurf von der Villa Maria entfernt So k\u00f6nnen Sie ein einzigartiges Erlebnis ausprobieren [\/vc_column_text][\/vc_column][\/vc_row][vc_row full_width=&#8220;stretch_row_content_no_spaces&#8220;&#8230;<\/p>\n","protected":false},"author":1,"featured_media":0,"parent":0,"menu_order":0,"comment_status":"closed","ping_status":"closed","template":"","meta":{"_monsterinsights_skip_tracking":false,"_monsterinsights_sitenote_active":false,"_monsterinsights_sitenote_note":"","_monsterinsights_sitenote_category":0},"yoast_head":"<!-- This site is optimized with the Yoast SEO plugin v19.1 - https:\/\/yoast.com\/wordpress\/plugins\/seo\/ -->\n<title>Ceramica - Villa Maria<\/title>\n<meta name=\"robots\" content=\"index, follow, max-snippet:-1, max-image-preview:large, max-video-preview:-1\" \/>\n<link rel=\"canonical\" href=\"https:\/\/villamariaonline.com\/de\/ceramica\/\" \/>\n<meta property=\"og:locale\" content=\"de_DE\" \/>\n<meta property=\"og:type\" content=\"article\" \/>\n<meta property=\"og:title\" content=\"Ceramica - Villa Maria\" \/>\n<meta property=\"og:description\" content=\"[vc_row full_width=&#8220;stretch_row_content_no_spaces&#8220; el_class=&#8220;testata ceramica&#8220;][vc_column][\/vc_column][\/vc_row][vc_row el_class=&#8220;mt100&#8243;][vc_column][vc_column_text] Entdecken Sie die Kunst der Keramik Eine Handwerkswerkstatt nur einen Steinwurf von der Villa Maria entfernt So k\u00f6nnen Sie ein einzigartiges Erlebnis ausprobieren [\/vc_column_text][\/vc_column][\/vc_row][vc_row full_width=&#8220;stretch_row_content_no_spaces&#8220;...\" \/>\n<meta property=\"og:url\" content=\"https:\/\/villamariaonline.com\/de\/ceramica\/\" \/>\n<meta property=\"og:site_name\" content=\"Villa Maria\" \/>\n<meta property=\"article:modified_time\" content=\"2022-05-24T09:26:23+00:00\" \/>\n<meta name=\"twitter:card\" content=\"summary_large_image\" \/>\n<meta name=\"twitter:label1\" content=\"Gesch\u00e4tzte Lesezeit\" \/>\n\t<meta name=\"twitter:data1\" content=\"3 Minuten\" \/>\n<script type=\"application\/ld+json\" class=\"yoast-schema-graph\">{\"@context\":\"https:\/\/schema.org\",\"@graph\":[{\"@type\":\"WebSite\",\"@id\":\"https:\/\/villamariaonline.com\/#website\",\"url\":\"https:\/\/villamariaonline.com\/\",\"name\":\"Villa Maria\",\"description\":\"Un nuovo sito targato WordPress\",\"potentialAction\":[{\"@type\":\"SearchAction\",\"target\":{\"@type\":\"EntryPoint\",\"urlTemplate\":\"https:\/\/villamariaonline.com\/?s={search_term_string}\"},\"query-input\":\"required name=search_term_string\"}],\"inLanguage\":\"de-DE\"},{\"@type\":\"WebPage\",\"@id\":\"https:\/\/villamariaonline.com\/de\/ceramica\/#webpage\",\"url\":\"https:\/\/villamariaonline.com\/de\/ceramica\/\",\"name\":\"Ceramica - Villa Maria\",\"isPartOf\":{\"@id\":\"https:\/\/villamariaonline.com\/#website\"},\"datePublished\":\"2022-03-09T14:27:24+00:00\",\"dateModified\":\"2022-05-24T09:26:23+00:00\",\"breadcrumb\":{\"@id\":\"https:\/\/villamariaonline.com\/de\/ceramica\/#breadcrumb\"},\"inLanguage\":\"de-DE\",\"potentialAction\":[{\"@type\":\"ReadAction\",\"target\":[\"https:\/\/villamariaonline.com\/de\/ceramica\/\"]}]},{\"@type\":\"BreadcrumbList\",\"@id\":\"https:\/\/villamariaonline.com\/de\/ceramica\/#breadcrumb\",\"itemListElement\":[{\"@type\":\"ListItem\",\"position\":1,\"name\":\"Home\",\"item\":\"https:\/\/villamariaonline.com\/de\/\"},{\"@type\":\"ListItem\",\"position\":2,\"name\":\"Ceramica\"}]}]}<\/script>\n<!-- \/ Yoast SEO plugin. -->","yoast_head_json":{"title":"Ceramica - Villa Maria","robots":{"index":"index","follow":"follow","max-snippet":"max-snippet:-1","max-image-preview":"max-image-preview:large","max-video-preview":"max-video-preview:-1"},"canonical":"https:\/\/villamariaonline.com\/de\/ceramica\/","og_locale":"de_DE","og_type":"article","og_title":"Ceramica - Villa Maria","og_description":"[vc_row full_width=&#8220;stretch_row_content_no_spaces&#8220; el_class=&#8220;testata ceramica&#8220;][vc_column][\/vc_column][\/vc_row][vc_row el_class=&#8220;mt100&#8243;][vc_column][vc_column_text] Entdecken Sie die Kunst der Keramik Eine Handwerkswerkstatt nur einen Steinwurf von der Villa Maria entfernt So k\u00f6nnen Sie ein einzigartiges Erlebnis ausprobieren [\/vc_column_text][\/vc_column][\/vc_row][vc_row full_width=&#8220;stretch_row_content_no_spaces&#8220;...","og_url":"https:\/\/villamariaonline.com\/de\/ceramica\/","og_site_name":"Villa Maria","article_modified_time":"2022-05-24T09:26:23+00:00","twitter_card":"summary_large_image","twitter_misc":{"Gesch\u00e4tzte Lesezeit":"3 Minuten"},"schema":{"@context":"https:\/\/schema.org","@graph":[{"@type":"WebSite","@id":"https:\/\/villamariaonline.com\/#website","url":"https:\/\/villamariaonline.com\/","name":"Villa Maria","description":"Un nuovo sito targato WordPress","potentialAction":[{"@type":"SearchAction","target":{"@type":"EntryPoint","urlTemplate":"https:\/\/villamariaonline.com\/?s={search_term_string}"},"query-input":"required name=search_term_string"}],"inLanguage":"de-DE"},{"@type":"WebPage","@id":"https:\/\/villamariaonline.com\/de\/ceramica\/#webpage","url":"https:\/\/villamariaonline.com\/de\/ceramica\/","name":"Ceramica - Villa Maria","isPartOf":{"@id":"https:\/\/villamariaonline.com\/#website"},"datePublished":"2022-03-09T14:27:24+00:00","dateModified":"2022-05-24T09:26:23+00:00","breadcrumb":{"@id":"https:\/\/villamariaonline.com\/de\/ceramica\/#breadcrumb"},"inLanguage":"de-DE","potentialAction":[{"@type":"ReadAction","target":["https:\/\/villamariaonline.com\/de\/ceramica\/"]}]},{"@type":"BreadcrumbList","@id":"https:\/\/villamariaonline.com\/de\/ceramica\/#breadcrumb","itemListElement":[{"@type":"ListItem","position":1,"name":"Home","item":"https:\/\/villamariaonline.com\/de\/"},{"@type":"ListItem","position":2,"name":"Ceramica"}]}]}},"_links":{"self":[{"href":"https:\/\/villamariaonline.com\/de\/wp-json\/wp\/v2\/pages\/3140"}],"collection":[{"href":"https:\/\/villamariaonline.com\/de\/wp-json\/wp\/v2\/pages"}],"about":[{"href":"https:\/\/villamariaonline.com\/de\/wp-json\/wp\/v2\/types\/page"}],"author":[{"embeddable":true,"href":"https:\/\/villamariaonline.com\/de\/wp-json\/wp\/v2\/users\/1"}],"replies":[{"embeddable":true,"href":"https:\/\/villamariaonline.com\/de\/wp-json\/wp\/v2\/comments?post=3140"}],"version-history":[{"count":5,"href":"https:\/\/villamariaonline.com\/de\/wp-json\/wp\/v2\/pages\/3140\/revisions"}],"predecessor-version":[{"id":3176,"href":"https:\/\/villamariaonline.com\/de\/wp-json\/wp\/v2\/pages\/3140\/revisions\/3176"}],"wp:attachment":[{"href":"https:\/\/villamariaonline.com\/de\/wp-json\/wp\/v2\/media?parent=3140"}],"curies":[{"name":"wp","href":"https:\/\/api.w.org\/{rel}","templated":true}]}}