{"id":3144,"date":"2022-03-09T11:40:05","date_gmt":"2022-03-09T10:40:05","guid":{"rendered":"https:\/\/villamariaonline.com\/trekking\/"},"modified":"2022-05-24T10:54:36","modified_gmt":"2022-05-24T08:54:36","slug":"trekking","status":"publish","type":"page","link":"https:\/\/villamariaonline.com\/de\/trekking\/","title":{"rendered":"Trekking"},"content":{"rendered":"<p>[vc_row full_width=&#8220;stretch_row_content_no_spaces&#8220; el_class=&#8220;testata trekking&#8220;][vc_column][\/vc_column][\/vc_row][vc_row el_class=&#8220;mt100&#8243;][vc_column][vc_column_text]<\/p>\n<h1 class=\"colore-rosso\" style=\"text-align: center;\">Trekking auf den Pisaner Bergen<\/h1>\n<h2 style=\"text-align: center;\">Entdecken Sie alle Routen und organisieren <br class=\"hidden-xs\" \/>Sie mit uns Ihre Reise in die Pisaner Berge<\/h2>\n<p>[\/vc_column_text][\/vc_column][\/vc_row][vc_row full_width=&#8220;stretch_row_content_no_spaces&#8220; el_class=&#8220;mt100&#8243;][vc_column css=&#8220;.vc_custom_1646822403083{background-image: url(https:\/\/villamariaonline.com\/wp-content\/uploads\/2022\/03\/trekking_img.jpg?id=204) !important;background-position: center !important;background-repeat: no-repeat !important;background-size: cover !important;}&#8220; el_class=&#8220;bb-imgcover&#8220;][\/vc_column][\/vc_row][vc_row el_class=&#8220;mt100&#8243;][vc_column][vc_single_image image=&#8220;428&#8243; img_size=&#8220;full&#8220; alignment=&#8220;center&#8220; el_class=&#8220;trekking-icone&#8220;][\/vc_column][\/vc_row][vc_row content_placement=&#8220;middle&#8220; el_class=&#8220;mt100&#8243;][vc_column width=&#8220;1\/2&#8243; offset=&#8220;vc_col-lg-offset-3 vc_col-lg-6&#8243;][vc_column_text]<\/p>\n<h4 class=\"font-regular\" style=\"text-align: center;\">Die sch\u00f6nsten Routen, um die Gegend Schritt f\u00fcr Schritt zu entdecken<\/h4>\n<p style=\"text-align: center;\">Die Pisaner Berge sind reich an Routen unterschiedlicher L\u00e4nge und Schwierigkeit, die dank der Schilder, die von der Pisaner Sektion des Italienischen Alpenvereins in Zusammenarbeit mit der Provinzverwaltung aufgestellt wurden, leicht zu erkennen sind. Nachfolgend 4 der beliebtesten und bekanntesten Routen in dieser Gegend:<\/p>\n<p>[\/vc_column_text][\/vc_column][\/vc_row][vc_row content_placement=&#8220;middle&#8220; el_class=&#8220;mt100&#8243;][vc_column width=&#8220;1\/2&#8243; offset=&#8220;vc_col-lg-5&#8243;][vc_single_image image=&#8220;432&#8243; img_size=&#8220;full&#8220;][\/vc_column][vc_column width=&#8220;1\/2&#8243; offset=&#8220;vc_col-lg-offset-2 vc_col-lg-5&#8243;][vc_column_text el_class=&#8220;text-center-mobile&#8220;]Mirteto durch das Valle delle Fonti<\/p>\n<p>Schwierigkeit: leicht<br \/>\nDauer der Hin- und R\u00fcckfahrt: 1,5 Stunden<br \/>\nRoute: Abfahrt von Asciano, Via Baracchini, dann Via Martiri della Liberazione. Nehmen Sie den Weg 119 bis zur &#8222;Cisternone&#8220;; hier nehmen Sie den Weg 121 bis nach Mirteto.<\/p>\n<p>Warze von Monteranno<\/p>\n<p>Schwierigkeit: mittel \/ leicht<br \/>\nReisedauer A \/ R: 3 Stunden<br \/>\nRoute: Abfahrt vom Parkplatz Montemagno. Gehen Sie die schmale Hauptstra\u00dfe der Stadt entlang und nehmen Sie nach einigen hundert Metern den Weg mit der Markierung C.A.I. (wei\u00df und rot markiert). Oben angekommen weisen einige Hinweisschilder auf die noch gut sichtbare Rocca hin.[\/vc_column_text][\/vc_column][\/vc_row][vc_row content_placement=&#8220;middle&#8220; el_class=&#8220;mt100&#8243;][vc_column width=&#8220;5\/12&#8243; el_class=&#8220;order2mobile&#8220;][vc_column_text el_class=&#8220;text-center-mobile&#8220;]Spitze von Santallago<\/p>\n<p>Schwierigkeit: leicht<br \/>\nFahrtdauer A \/ R: 2 Stunden<br \/>\nRoute: In Richtung Tenuta di Santallago, einige Dutzend Meter vor Beginn des Schotterwegs sehen Sie rechts eine Bar. Gehen Sie dar\u00fcber hinaus und nehmen Sie den Weg 00, nach dem Sie einige Informations-Umweltschilder zum Gipfel f\u00fchren. An diesem Punkt k\u00f6nnen Sie w\u00e4hlen, ob Sie den gleichen Weg zur\u00fcckgehen oder zum Landgut Santallago hinabsteigen m\u00f6chten.<\/p>\n<p>Tafelente von Penna aus Santa Maria del Giudice<\/p>\n<p>Schwierigkeit: mittel \/ leicht<br \/>\nDauer der F\u00fchrung: 40 Minuten<br \/>\nRoute: Abfahrt vom Parkplatz des Friedhofs Santa Maria del Giudice, nach dem Passieren des Geb\u00e4udes rechts eine kleinere Stra\u00dfe nehmen, immer asphaltiert, von der aus man die Zeichen des C.A.I. sehen kann, dann den Weg 116 nehmen der dich nach oben bringt.[\/vc_column_text][\/vc_column][vc_column width=&#8220;1\/2&#8243; offset=&#8220;vc_col-lg-offset-2 vc_col-lg-5&#8243;][vc_single_image image=&#8220;436&#8243; img_size=&#8220;full&#8220;][\/vc_column][\/vc_row][vc_row content_placement=&#8220;middle&#8220; el_class=&#8220;mt50&#8243;][vc_column el_class=&#8220;order2mobile&#8220;][vc_column_text el_class=&#8220;text-center-mobile&#8220;]<\/p>\n<p class=\"font-regular\" style=\"text-align: center;\">Fonte: <a href=\"https:\/\/www.pisatoday.it\/social\/trekking-monti-pisani-itinerari.html\"><u>https:\/\/www.pisatoday.it\/social\/trekking-monti-pisani-itinerari.html<\/u><\/a><\/p>\n<p>[\/vc_column_text][\/vc_column][\/vc_row][vc_row el_class=&#8220;mt100&#8243;][vc_column][vc_column_text]<\/p>\n<h2 style=\"text-align: center;\">Buchen Sie Ihren Ausflug bei unserem Experten<\/h2>\n<p>[\/vc_column_text][vc_row_inner][vc_column_inner width=&#8220;1\/4&#8243; offset=&#8220;vc_col-xs-6&#8243;][vc_column_text]<\/p>\n<p class=\"font-regular\" style=\"text-align: center;\">PLAN<\/p>\n<p class=\"colore-grigio\" style=\"text-align: center;\">Auf Anfrage<\/p>\n<p>[\/vc_column_text][\/vc_column_inner][vc_column_inner width=&#8220;1\/4&#8243; offset=&#8220;vc_col-xs-6&#8243;][vc_column_text]<\/p>\n<p class=\"font-regular\" style=\"text-align: center;\">ZEIT<\/p>\n<p class=\"colore-grigio\" style=\"text-align: center;\">Etwa 3 Stunden<\/p>\n<p>[\/vc_column_text][\/vc_column_inner][vc_column_inner width=&#8220;1\/4&#8243; offset=&#8220;vc_col-xs-6&#8243;][vc_column_text]<\/p>\n<p class=\"font-regular\" style=\"text-align: center;\">TEILNEHMER<\/p>\n<p class=\"colore-grigio\" style=\"text-align: center;\">Individuell | Gruppen<\/p>\n<p>[\/vc_column_text][\/vc_column_inner][vc_column_inner width=&#8220;1\/4&#8243; offset=&#8220;vc_col-xs-6&#8243;][vc_column_text]<\/p>\n<p class=\"font-regular\" style=\"text-align: center;\">BUCHEN SIE BEI<\/p>\n<p class=\"colore-grigio\" style=\"text-align: center;\">+39 050 798840<\/p>\n<p>[\/vc_column_text][\/vc_column_inner][\/vc_row_inner][\/vc_column][\/vc_row][vc_row full_width=&#8220;stretch_row&#8220; el_class=&#8220;mt100 bg-rosa ptb100&#8243;][vc_column][vc_column_text el_class=&#8220;m0&#8243;]<\/p>\n<h2 style=\"text-align: center;\">Entdecken Sie die Kunst der Keramik<\/h2>\n<p>[\/vc_column_text][\/vc_column][\/vc_row][vc_row content_placement=&#8220;middle&#8220; el_class=&#8220;margin-top-neg&#8220;][vc_column width=&#8220;1\/2&#8243; offset=&#8220;vc_col-lg-5&#8243;][vc_single_image image=&#8220;440&#8243; img_size=&#8220;full&#8220;][\/vc_column][vc_column width=&#8220;1\/2&#8243; offset=&#8220;vc_col-lg-offset-2 vc_col-lg-5&#8243;][vc_column_text el_class=&#8220;text-center-mobile&#8220;]<\/p>\n<h4>Ein Urlaub kann die perfekte Zeit sein, um neue Dinge zu lernen. Haben Sie jemals daran gedacht, eine Keramikvase herzustellen? Wenn Ihnen die Idee gef\u00e4llt, wissen Sie, dass Sie nur wenige Schritte von uns entfernt ein Keramiklabor finden, in dem Sie sich dieser Kunst n\u00e4hern k\u00f6nnen.<\/h4>\n<p>[\/vc_column_text][vc_btn title=&#8220;ENTDECKEN&#8220; style=&#8220;classic&#8220; shape=&#8220;square&#8220; align=&#8220;center&#8220; link=&#8220;url:http%3A%2F%2Fvillamariaonline.com%2Fde%2Fceramica%2F|title:Ceramica&#8220; el_class=&#8220;text-left-dsk cta-grigio&#8220;][\/vc_column][\/vc_row][vc_row full_width=&#8220;stretch_row&#8220; el_class=&#8220;mt100 bg-rosa ptb100&#8243;][vc_column][vc_column_text el_class=&#8220;m0&#8243;]<\/p>\n<h2 style=\"text-align: center;\">Erleben Sie die 70er im Rolando Bar Museum<\/h2>\n<p>[\/vc_column_text][\/vc_column][\/vc_row][vc_row content_placement=&#8220;middle&#8220; el_class=&#8220;margin-top-neg pb100&#8243;][vc_column width=&#8220;1\/2&#8243; offset=&#8220;vc_col-lg-5&#8243;][vc_single_image image=&#8220;606&#8243; img_size=&#8220;full&#8220;][\/vc_column][vc_column width=&#8220;1\/2&#8243; offset=&#8220;vc_col-lg-offset-2 vc_col-lg-5&#8243;][vc_column_text el_class=&#8220;text-center-mobile&#8220;]<\/p>\n<h4>Erleben Sie die Atmosph\u00e4re der 70er Jahre im historischen Rolando Bar Museum bei einem Aperitif oder einem Kaffee mit Freunden!<\/h4>\n<p>[\/vc_column_text][vc_btn title=&#8220;ENTDECKEN&#8220; style=&#8220;classic&#8220; shape=&#8220;square&#8220; align=&#8220;center&#8220; link=&#8220;url:http%3A%2F%2Fvillamariaonline.com%2Fde%2Frolando%2F|title:Rolando&#8220; el_class=&#8220;text-left-dsk cta-grigio&#8220;][\/vc_column][\/vc_row]<\/p>\n","protected":false},"excerpt":{"rendered":"<p>[vc_row full_width=&#8220;stretch_row_content_no_spaces&#8220; el_class=&#8220;testata trekking&#8220;][vc_column][\/vc_column][\/vc_row][vc_row el_class=&#8220;mt100&#8243;][vc_column][vc_column_text] Trekking auf den Pisaner Bergen Entdecken Sie alle Routen und organisieren Sie mit uns Ihre Reise in die Pisaner Berge [\/vc_column_text][\/vc_column][\/vc_row][vc_row full_width=&#8220;stretch_row_content_no_spaces&#8220; el_class=&#8220;mt100&#8243;][vc_column css=&#8220;.vc_custom_1646822403083{background-image: url(https:\/\/villamariaonline.com\/wp-content\/uploads\/2022\/03\/trekking_img.jpg?id=204)&#8230;<\/p>\n","protected":false},"author":1,"featured_media":0,"parent":0,"menu_order":0,"comment_status":"closed","ping_status":"closed","template":"","meta":{"_monsterinsights_skip_tracking":false,"_monsterinsights_sitenote_active":false,"_monsterinsights_sitenote_note":"","_monsterinsights_sitenote_category":0},"yoast_head":"<!-- This site is optimized with the Yoast SEO plugin v19.1 - https:\/\/yoast.com\/wordpress\/plugins\/seo\/ -->\n<title>Trekking - Villa Maria<\/title>\n<meta name=\"robots\" content=\"index, follow, max-snippet:-1, max-image-preview:large, max-video-preview:-1\" \/>\n<link rel=\"canonical\" href=\"https:\/\/villamariaonline.com\/de\/trekking\/\" \/>\n<meta property=\"og:locale\" content=\"de_DE\" \/>\n<meta property=\"og:type\" content=\"article\" \/>\n<meta property=\"og:title\" content=\"Trekking - Villa Maria\" \/>\n<meta property=\"og:description\" content=\"[vc_row full_width=&#8220;stretch_row_content_no_spaces&#8220; el_class=&#8220;testata trekking&#8220;][vc_column][\/vc_column][\/vc_row][vc_row el_class=&#8220;mt100&#8243;][vc_column][vc_column_text] Trekking auf den Pisaner Bergen Entdecken Sie alle Routen und organisieren Sie mit uns Ihre Reise in die Pisaner Berge [\/vc_column_text][\/vc_column][\/vc_row][vc_row full_width=&#8220;stretch_row_content_no_spaces&#8220; el_class=&#8220;mt100&#8243;][vc_column css=&#8220;.vc_custom_1646822403083{background-image: url(https:\/\/villamariaonline.com\/wp-content\/uploads\/2022\/03\/trekking_img.jpg?id=204)...\" \/>\n<meta property=\"og:url\" content=\"https:\/\/villamariaonline.com\/de\/trekking\/\" \/>\n<meta property=\"og:site_name\" content=\"Villa Maria\" \/>\n<meta property=\"article:modified_time\" content=\"2022-05-24T08:54:36+00:00\" \/>\n<meta name=\"twitter:card\" content=\"summary_large_image\" \/>\n<meta name=\"twitter:label1\" content=\"Gesch\u00e4tzte Lesezeit\" \/>\n\t<meta name=\"twitter:data1\" content=\"5 Minuten\" \/>\n<script type=\"application\/ld+json\" class=\"yoast-schema-graph\">{\"@context\":\"https:\/\/schema.org\",\"@graph\":[{\"@type\":\"WebSite\",\"@id\":\"https:\/\/villamariaonline.com\/#website\",\"url\":\"https:\/\/villamariaonline.com\/\",\"name\":\"Villa Maria\",\"description\":\"Un nuovo sito targato WordPress\",\"potentialAction\":[{\"@type\":\"SearchAction\",\"target\":{\"@type\":\"EntryPoint\",\"urlTemplate\":\"https:\/\/villamariaonline.com\/?s={search_term_string}\"},\"query-input\":\"required name=search_term_string\"}],\"inLanguage\":\"de-DE\"},{\"@type\":\"WebPage\",\"@id\":\"https:\/\/villamariaonline.com\/de\/trekking\/#webpage\",\"url\":\"https:\/\/villamariaonline.com\/de\/trekking\/\",\"name\":\"Trekking - Villa Maria\",\"isPartOf\":{\"@id\":\"https:\/\/villamariaonline.com\/#website\"},\"datePublished\":\"2022-03-09T10:40:05+00:00\",\"dateModified\":\"2022-05-24T08:54:36+00:00\",\"breadcrumb\":{\"@id\":\"https:\/\/villamariaonline.com\/de\/trekking\/#breadcrumb\"},\"inLanguage\":\"de-DE\",\"potentialAction\":[{\"@type\":\"ReadAction\",\"target\":[\"https:\/\/villamariaonline.com\/de\/trekking\/\"]}]},{\"@type\":\"BreadcrumbList\",\"@id\":\"https:\/\/villamariaonline.com\/de\/trekking\/#breadcrumb\",\"itemListElement\":[{\"@type\":\"ListItem\",\"position\":1,\"name\":\"Home\",\"item\":\"https:\/\/villamariaonline.com\/de\/\"},{\"@type\":\"ListItem\",\"position\":2,\"name\":\"Trekking\"}]}]}<\/script>\n<!-- \/ Yoast SEO plugin. -->","yoast_head_json":{"title":"Trekking - Villa Maria","robots":{"index":"index","follow":"follow","max-snippet":"max-snippet:-1","max-image-preview":"max-image-preview:large","max-video-preview":"max-video-preview:-1"},"canonical":"https:\/\/villamariaonline.com\/de\/trekking\/","og_locale":"de_DE","og_type":"article","og_title":"Trekking - Villa Maria","og_description":"[vc_row full_width=&#8220;stretch_row_content_no_spaces&#8220; el_class=&#8220;testata trekking&#8220;][vc_column][\/vc_column][\/vc_row][vc_row el_class=&#8220;mt100&#8243;][vc_column][vc_column_text] Trekking auf den Pisaner Bergen Entdecken Sie alle Routen und organisieren Sie mit uns Ihre Reise in die Pisaner Berge [\/vc_column_text][\/vc_column][\/vc_row][vc_row full_width=&#8220;stretch_row_content_no_spaces&#8220; el_class=&#8220;mt100&#8243;][vc_column css=&#8220;.vc_custom_1646822403083{background-image: url(https:\/\/villamariaonline.com\/wp-content\/uploads\/2022\/03\/trekking_img.jpg?id=204)...","og_url":"https:\/\/villamariaonline.com\/de\/trekking\/","og_site_name":"Villa Maria","article_modified_time":"2022-05-24T08:54:36+00:00","twitter_card":"summary_large_image","twitter_misc":{"Gesch\u00e4tzte Lesezeit":"5 Minuten"},"schema":{"@context":"https:\/\/schema.org","@graph":[{"@type":"WebSite","@id":"https:\/\/villamariaonline.com\/#website","url":"https:\/\/villamariaonline.com\/","name":"Villa Maria","description":"Un nuovo sito targato WordPress","potentialAction":[{"@type":"SearchAction","target":{"@type":"EntryPoint","urlTemplate":"https:\/\/villamariaonline.com\/?s={search_term_string}"},"query-input":"required name=search_term_string"}],"inLanguage":"de-DE"},{"@type":"WebPage","@id":"https:\/\/villamariaonline.com\/de\/trekking\/#webpage","url":"https:\/\/villamariaonline.com\/de\/trekking\/","name":"Trekking - Villa Maria","isPartOf":{"@id":"https:\/\/villamariaonline.com\/#website"},"datePublished":"2022-03-09T10:40:05+00:00","dateModified":"2022-05-24T08:54:36+00:00","breadcrumb":{"@id":"https:\/\/villamariaonline.com\/de\/trekking\/#breadcrumb"},"inLanguage":"de-DE","potentialAction":[{"@type":"ReadAction","target":["https:\/\/villamariaonline.com\/de\/trekking\/"]}]},{"@type":"BreadcrumbList","@id":"https:\/\/villamariaonline.com\/de\/trekking\/#breadcrumb","itemListElement":[{"@type":"ListItem","position":1,"name":"Home","item":"https:\/\/villamariaonline.com\/de\/"},{"@type":"ListItem","position":2,"name":"Trekking"}]}]}},"_links":{"self":[{"href":"https:\/\/villamariaonline.com\/de\/wp-json\/wp\/v2\/pages\/3144"}],"collection":[{"href":"https:\/\/villamariaonline.com\/de\/wp-json\/wp\/v2\/pages"}],"about":[{"href":"https:\/\/villamariaonline.com\/de\/wp-json\/wp\/v2\/types\/page"}],"author":[{"embeddable":true,"href":"https:\/\/villamariaonline.com\/de\/wp-json\/wp\/v2\/users\/1"}],"replies":[{"embeddable":true,"href":"https:\/\/villamariaonline.com\/de\/wp-json\/wp\/v2\/comments?post=3144"}],"version-history":[{"count":4,"href":"https:\/\/villamariaonline.com\/de\/wp-json\/wp\/v2\/pages\/3144\/revisions"}],"predecessor-version":[{"id":3160,"href":"https:\/\/villamariaonline.com\/de\/wp-json\/wp\/v2\/pages\/3144\/revisions\/3160"}],"wp:attachment":[{"href":"https:\/\/villamariaonline.com\/de\/wp-json\/wp\/v2\/media?parent=3144"}],"curies":[{"name":"wp","href":"https:\/\/api.w.org\/{rel}","templated":true}]}}