{"id":3148,"date":"2022-04-19T15:03:06","date_gmt":"2022-04-19T13:03:06","guid":{"rendered":"https:\/\/villamariaonline.com\/rolando\/"},"modified":"2022-05-25T15:42:09","modified_gmt":"2022-05-25T13:42:09","slug":"rolando","status":"publish","type":"page","link":"https:\/\/villamariaonline.com\/de\/rolando\/","title":{"rendered":"Rolando"},"content":{"rendered":"<p>[vc_row full_width=&#8220;stretch_row_content_no_spaces&#8220; el_class=&#8220;testata rolando&#8220;][vc_column][\/vc_column][\/vc_row][vc_row el_class=&#8220;mt100&#8243;][vc_column][vc_column_text]<\/p>\n<h1 class=\"colore-rosso\" style=\"text-align: center;\">Ein Aperitif in den 70er Jahren<\/h1>\n<h2 style=\"text-align: center;\">Erleben Sie die Atmosph\u00e4re der 70er Jahre im historischen<br \/>\nRolando Bar Museum bei einem Aperitif oder einem<br \/>\nKaffee mit Freunden!<\/h2>\n<p>[\/vc_column_text][\/vc_column][\/vc_row][vc_row full_width=&#8220;stretch_row_content_no_spaces&#8220; el_class=&#8220;mt100&#8243;][vc_column css=&#8220;.vc_custom_1650372855287{background-image: url(https:\/\/villamariaonline.com\/wp-content\/uploads\/2022\/04\/rolando_img.jpg?id=619) !important;background-position: center !important;background-repeat: no-repeat !important;background-size: cover !important;}&#8220; el_class=&#8220;bb-imgcover&#8220;][\/vc_column][\/vc_row][vc_row el_class=&#8220;mt100&#8243;][vc_column][vc_single_image image=&#8220;627&#8243; img_size=&#8220;full&#8220; alignment=&#8220;center&#8220; el_class=&#8220;trekking-icone&#8220;][\/vc_column][\/vc_row][vc_row content_placement=&#8220;middle&#8220; el_class=&#8220;mt100&#8243;][vc_column width=&#8220;1\/2&#8243; offset=&#8220;vc_col-lg-5&#8243;][vc_single_image image=&#8220;632&#8243; img_size=&#8220;full&#8220;][\/vc_column][vc_column width=&#8220;1\/2&#8243; offset=&#8220;vc_col-lg-offset-2 vc_col-lg-5&#8243;][vc_column_text el_class=&#8220;text-center-mobile&#8220;]<\/p>\n<h4>Eine Schallplatte spielt aus der Jukebox hinten im Raum, jemand tanzt, jemand ist hingerissen von dem Spiel im Fernsehen, rein kathodisch. An der Theke zwischen einem Alexander und einem Cosmopolitan wird das Lachen angenehm laut und die Atmosph\u00e4re unbeschwert und leicht. Nein, das ist keine Kom\u00f6die aus den 1970er Jahren, sondern die hochaktuelle Rolando&#8217;s Museum Bar, ein lebhafter Ort, an dem die Zeiger der Uhren seit 50 Jahren stillstehen! Egal, ob Sie nostalgisch in die Vergangenheit eintauchen oder eine \u00c4ra erleben m\u00f6chten, die Sie noch nicht aus erster Hand kennengelernt haben, das Rolando&#8217;s Bar Museum ist der richtige Ort f\u00fcr einen angenehmen Abend &#8230; au\u00dferhalb der Zeit! Eine Schallplatte spielt aus der Jukebox hinten im Raum, jemand tanzt, jemand ist hingerissen von dem Spiel im Fernsehen, rein kathodisch.<br \/>\nAn der Theke zwischen einem Alexander und einem Cosmopolitan wird das Lachen angenehm laut und die Atmosph\u00e4re unbeschwert und leicht. Nein, das ist keine Kom\u00f6die aus den 1970er Jahren, sondern die hochaktuelle Rolando&#8217;s Museum Bar, ein lebhafter Ort, an dem die Zeiger der Uhren seit 50 Jahren stillstehen!<\/h4>\n<p>[\/vc_column_text][\/vc_column][\/vc_row][vc_row content_placement=&#8220;middle&#8220; el_class=&#8220;mt100&#8243;][vc_column width=&#8220;5\/12&#8243; el_class=&#8220;order2mobile&#8220;][vc_column_text el_class=&#8220;text-center-mobile&#8220;]<\/p>\n<h4>Eine Schallplatte spielt aus der Jukebox hinten im Raum, jemand tanzt, jemand ist hingerissen von dem Spiel im Fernsehen, rein kathodisch.\u00a0 Am Tresen zwischen einem Alexander und einem Cosmopolitan wird das Lachen angenehm laut und die Atmosph\u00e4re unbeschwert und leicht. Nein, das ist keine Kom\u00f6die aus den 1970er Jahren, sondern die hochaktuelle Rolando&#8217;s Museum Bar, ein lebhafter Ort, an dem die Zeiger der Uhren seit 50 Jahren stillstehen! Egal, ob Sie nostalgisch in die Vergangenheit eintauchen oder eine \u00c4ra erleben m\u00f6chten, die Sie noch nicht aus erster Hand kennengelernt haben, das Rolando&#8217;s Bar Museum ist der richtige Ort f\u00fcr einen angenehmen Abend &#8230; au\u00dferhalb der Zeit! Egal, ob Sie nostalgisch in die Vergangenheit eintauchen oder eine \u00c4ra erleben m\u00f6chten, die Sie noch nicht aus erster Hand kennengelernt haben, das Rolando&#8217;s Bar Museum ist der richtige Ort f\u00fcr einen angenehmen Abend &#8230; au\u00dferhalb der Zeit!<\/h4>\n<p>[\/vc_column_text][\/vc_column][vc_column width=&#8220;1\/2&#8243; offset=&#8220;vc_col-lg-offset-2 vc_col-lg-5&#8243;][vc_single_image image=&#8220;637&#8243; img_size=&#8220;full&#8220;][\/vc_column][\/vc_row][vc_row full_width=&#8220;stretch_row&#8220; el_class=&#8220;mt100 bg-rosa ptb100&#8243;][vc_column][vc_column_text el_class=&#8220;m0&#8243;]<\/p>\n<h2 style=\"text-align: center;\">Trekking auf den Pisaner Bergen<\/h2>\n<p>[\/vc_column_text][\/vc_column][\/vc_row][vc_row content_placement=&#8220;middle&#8220; el_class=&#8220;margin-top-neg&#8220;][vc_column width=&#8220;1\/2&#8243; offset=&#8220;vc_col-lg-5&#8243;][vc_single_image image=&#8220;468&#8243; img_size=&#8220;full&#8220;][\/vc_column][vc_column width=&#8220;1\/2&#8243; offset=&#8220;vc_col-lg-offset-2 vc_col-lg-5&#8243;][vc_column_text el_class=&#8220;text-center-mobile&#8220;]<\/p>\n<h4>Trennen Sie sich von der Hektik der Stadt und regenerieren Sie Augen, Lungen und Geist, umgeben von viel Gr\u00fcn. Dies sind nur einige der Vorteile, die denen vorbehalten sind, die im Tempo eines langsameren und bewussteren Tourismus auf Wanderwegen, Wanderungen und \u00dcberquerungen von H\u00fcgeln und Bergen unterwegs sind. Die Pisaner Berge sind sehr reich an Wegen und Routen: Wege unterschiedlicher L\u00e4nge und Schwierigkeit.<br \/>\nM\u00f6chten Sie mehr wissen?<\/h4>\n<p>[\/vc_column_text][vc_btn title=&#8220;ENTDECKEN&#8220; style=&#8220;classic&#8220; shape=&#8220;square&#8220; align=&#8220;center&#8220; link=&#8220;url:http%3A%2F%2Fvillamariaonline.com%2Fde%2Ftrekking%2F|title:Ceramica&#8220; el_class=&#8220;text-left-dsk cta-grigio&#8220;][\/vc_column][\/vc_row][vc_row full_width=&#8220;stretch_row&#8220; el_class=&#8220;mt100 bg-rosa ptb100&#8243;][vc_column][vc_column_text el_class=&#8220;m0&#8243;]<\/p>\n<h2 style=\"text-align: center;\">Entdecken Sie die Kunst der Keramik<\/h2>\n<p>[\/vc_column_text][\/vc_column][\/vc_row][vc_row content_placement=&#8220;middle&#8220; el_class=&#8220;margin-top-neg pb100&#8243;][vc_column width=&#8220;1\/2&#8243; offset=&#8220;vc_col-lg-5&#8243;][vc_single_image image=&#8220;440&#8243; img_size=&#8220;full&#8220;][\/vc_column][vc_column width=&#8220;1\/2&#8243; offset=&#8220;vc_col-lg-offset-2 vc_col-lg-5&#8243;][vc_column_text el_class=&#8220;text-center-mobile&#8220;]<\/p>\n<h4>In der Villa Maria denken wir, dass ein Urlaub eine perfekte Zeit ist, um neue Dinge zu lernen. Haben Sie jemals daran gedacht, eine Keramikvase herzustellen? Wenn Ihnen die Idee gef\u00e4llt, wissen Sie, dass Sie nur wenige Schritte von uns entfernt eine Keramikwerkstatt finden, in der Sie sich dieser Kunst n\u00e4hern k\u00f6nnen.<\/h4>\n<p>[\/vc_column_text][vc_btn title=&#8220;ENTDECKEN&#8220; style=&#8220;classic&#8220; shape=&#8220;square&#8220; align=&#8220;center&#8220; link=&#8220;url:http%3A%2F%2Fvillamariaonline.com%2Fde%2Fceramica%2F|title:Ceramica&#8220; el_class=&#8220;text-left-dsk cta-grigio&#8220;][\/vc_column][\/vc_row]<\/p>\n","protected":false},"excerpt":{"rendered":"<p>[vc_row full_width=&#8220;stretch_row_content_no_spaces&#8220; el_class=&#8220;testata rolando&#8220;][vc_column][\/vc_column][\/vc_row][vc_row el_class=&#8220;mt100&#8243;][vc_column][vc_column_text] Ein Aperitif in den 70er Jahren Erleben Sie die Atmosph\u00e4re der 70er Jahre im historischen Rolando Bar Museum bei einem Aperitif oder einem Kaffee mit&#8230;<\/p>\n","protected":false},"author":1,"featured_media":0,"parent":0,"menu_order":0,"comment_status":"closed","ping_status":"closed","template":"","meta":{"_monsterinsights_skip_tracking":false,"_monsterinsights_sitenote_active":false,"_monsterinsights_sitenote_note":"","_monsterinsights_sitenote_category":0},"yoast_head":"<!-- This site is optimized with the Yoast SEO plugin v19.1 - https:\/\/yoast.com\/wordpress\/plugins\/seo\/ -->\n<title>Rolando - Villa Maria<\/title>\n<meta name=\"robots\" content=\"index, follow, max-snippet:-1, max-image-preview:large, max-video-preview:-1\" \/>\n<link rel=\"canonical\" href=\"https:\/\/villamariaonline.com\/de\/rolando\/\" \/>\n<meta property=\"og:locale\" content=\"de_DE\" \/>\n<meta property=\"og:type\" content=\"article\" \/>\n<meta property=\"og:title\" content=\"Rolando - Villa Maria\" \/>\n<meta property=\"og:description\" content=\"[vc_row full_width=&#8220;stretch_row_content_no_spaces&#8220; el_class=&#8220;testata rolando&#8220;][vc_column][\/vc_column][\/vc_row][vc_row el_class=&#8220;mt100&#8243;][vc_column][vc_column_text] Ein Aperitif in den 70er Jahren Erleben Sie die Atmosph\u00e4re der 70er Jahre im historischen Rolando Bar Museum bei einem Aperitif oder einem Kaffee mit...\" \/>\n<meta property=\"og:url\" content=\"https:\/\/villamariaonline.com\/de\/rolando\/\" \/>\n<meta property=\"og:site_name\" content=\"Villa Maria\" \/>\n<meta property=\"article:modified_time\" content=\"2022-05-25T13:42:09+00:00\" \/>\n<meta name=\"twitter:card\" content=\"summary_large_image\" \/>\n<meta name=\"twitter:label1\" content=\"Gesch\u00e4tzte Lesezeit\" \/>\n\t<meta name=\"twitter:data1\" content=\"4 Minuten\" \/>\n<script type=\"application\/ld+json\" class=\"yoast-schema-graph\">{\"@context\":\"https:\/\/schema.org\",\"@graph\":[{\"@type\":\"WebSite\",\"@id\":\"https:\/\/villamariaonline.com\/#website\",\"url\":\"https:\/\/villamariaonline.com\/\",\"name\":\"Villa Maria\",\"description\":\"Un nuovo sito targato WordPress\",\"potentialAction\":[{\"@type\":\"SearchAction\",\"target\":{\"@type\":\"EntryPoint\",\"urlTemplate\":\"https:\/\/villamariaonline.com\/?s={search_term_string}\"},\"query-input\":\"required name=search_term_string\"}],\"inLanguage\":\"de-DE\"},{\"@type\":\"WebPage\",\"@id\":\"https:\/\/villamariaonline.com\/de\/rolando\/#webpage\",\"url\":\"https:\/\/villamariaonline.com\/de\/rolando\/\",\"name\":\"Rolando - Villa Maria\",\"isPartOf\":{\"@id\":\"https:\/\/villamariaonline.com\/#website\"},\"datePublished\":\"2022-04-19T13:03:06+00:00\",\"dateModified\":\"2022-05-25T13:42:09+00:00\",\"breadcrumb\":{\"@id\":\"https:\/\/villamariaonline.com\/de\/rolando\/#breadcrumb\"},\"inLanguage\":\"de-DE\",\"potentialAction\":[{\"@type\":\"ReadAction\",\"target\":[\"https:\/\/villamariaonline.com\/de\/rolando\/\"]}]},{\"@type\":\"BreadcrumbList\",\"@id\":\"https:\/\/villamariaonline.com\/de\/rolando\/#breadcrumb\",\"itemListElement\":[{\"@type\":\"ListItem\",\"position\":1,\"name\":\"Home\",\"item\":\"https:\/\/villamariaonline.com\/de\/\"},{\"@type\":\"ListItem\",\"position\":2,\"name\":\"Rolando\"}]}]}<\/script>\n<!-- \/ Yoast SEO plugin. -->","yoast_head_json":{"title":"Rolando - Villa Maria","robots":{"index":"index","follow":"follow","max-snippet":"max-snippet:-1","max-image-preview":"max-image-preview:large","max-video-preview":"max-video-preview:-1"},"canonical":"https:\/\/villamariaonline.com\/de\/rolando\/","og_locale":"de_DE","og_type":"article","og_title":"Rolando - Villa Maria","og_description":"[vc_row full_width=&#8220;stretch_row_content_no_spaces&#8220; el_class=&#8220;testata rolando&#8220;][vc_column][\/vc_column][\/vc_row][vc_row el_class=&#8220;mt100&#8243;][vc_column][vc_column_text] Ein Aperitif in den 70er Jahren Erleben Sie die Atmosph\u00e4re der 70er Jahre im historischen Rolando Bar Museum bei einem Aperitif oder einem Kaffee mit...","og_url":"https:\/\/villamariaonline.com\/de\/rolando\/","og_site_name":"Villa Maria","article_modified_time":"2022-05-25T13:42:09+00:00","twitter_card":"summary_large_image","twitter_misc":{"Gesch\u00e4tzte Lesezeit":"4 Minuten"},"schema":{"@context":"https:\/\/schema.org","@graph":[{"@type":"WebSite","@id":"https:\/\/villamariaonline.com\/#website","url":"https:\/\/villamariaonline.com\/","name":"Villa Maria","description":"Un nuovo sito targato WordPress","potentialAction":[{"@type":"SearchAction","target":{"@type":"EntryPoint","urlTemplate":"https:\/\/villamariaonline.com\/?s={search_term_string}"},"query-input":"required name=search_term_string"}],"inLanguage":"de-DE"},{"@type":"WebPage","@id":"https:\/\/villamariaonline.com\/de\/rolando\/#webpage","url":"https:\/\/villamariaonline.com\/de\/rolando\/","name":"Rolando - Villa Maria","isPartOf":{"@id":"https:\/\/villamariaonline.com\/#website"},"datePublished":"2022-04-19T13:03:06+00:00","dateModified":"2022-05-25T13:42:09+00:00","breadcrumb":{"@id":"https:\/\/villamariaonline.com\/de\/rolando\/#breadcrumb"},"inLanguage":"de-DE","potentialAction":[{"@type":"ReadAction","target":["https:\/\/villamariaonline.com\/de\/rolando\/"]}]},{"@type":"BreadcrumbList","@id":"https:\/\/villamariaonline.com\/de\/rolando\/#breadcrumb","itemListElement":[{"@type":"ListItem","position":1,"name":"Home","item":"https:\/\/villamariaonline.com\/de\/"},{"@type":"ListItem","position":2,"name":"Rolando"}]}]}},"_links":{"self":[{"href":"https:\/\/villamariaonline.com\/de\/wp-json\/wp\/v2\/pages\/3148"}],"collection":[{"href":"https:\/\/villamariaonline.com\/de\/wp-json\/wp\/v2\/pages"}],"about":[{"href":"https:\/\/villamariaonline.com\/de\/wp-json\/wp\/v2\/types\/page"}],"author":[{"embeddable":true,"href":"https:\/\/villamariaonline.com\/de\/wp-json\/wp\/v2\/users\/1"}],"replies":[{"embeddable":true,"href":"https:\/\/villamariaonline.com\/de\/wp-json\/wp\/v2\/comments?post=3148"}],"version-history":[{"count":6,"href":"https:\/\/villamariaonline.com\/de\/wp-json\/wp\/v2\/pages\/3148\/revisions"}],"predecessor-version":[{"id":3207,"href":"https:\/\/villamariaonline.com\/de\/wp-json\/wp\/v2\/pages\/3148\/revisions\/3207"}],"wp:attachment":[{"href":"https:\/\/villamariaonline.com\/de\/wp-json\/wp\/v2\/media?parent=3148"}],"curies":[{"name":"wp","href":"https:\/\/api.w.org\/{rel}","templated":true}]}}