{"id":3161,"date":"2022-04-20T16:24:56","date_gmt":"2022-04-20T14:24:56","guid":{"rendered":"https:\/\/villamariaonline.com\/privacy-policy\/"},"modified":"2022-06-14T16:43:32","modified_gmt":"2022-06-14T14:43:32","slug":"privacy-policy","status":"publish","type":"page","link":"https:\/\/villamariaonline.com\/de\/privacy-policy\/","title":{"rendered":"Privacy policy"},"content":{"rendered":"<p>[vc_row el_class=&#8220;ptb100&#8243;][vc_column][vc_column_text]<\/p>\n<h2 class=\"entry-title\">DATENSCHUTZ-BESTIMMUNGEN<\/h2>\n<p>[\/vc_column_text][vc_column_text]Diese Anwendung sammelt einige personenbezogene Daten von ihren Benutzern.<br \/>\nDatenverantwortlicher und Eigent\u00fcmer<\/p>\n<p>VILLA MARIA<br \/>\nVia Magellano, 116<br \/>\nVicopisano (PISA)<br \/>\n<a href=\"mailto:info@villamariaonline.com\">info@villamariaonline.com<\/a><\/p>\n<p><strong>Arten von erhobenen Daten<\/strong><br \/>\nZu den Arten personenbezogener Daten, die diese Anwendung selbst oder durch Dritte verarbeitet, geh\u00f6ren: E-Mail-Adresse, Vorname, Nachname, Telefonnummer, Firmenname, Provinz, Cookie- und Nutzungsdaten.<br \/>\nAndere erfasste personenbezogene Daten k\u00f6nnen in anderen Abschnitten dieser Datenschutzrichtlinie oder durch einen speziellen Erl\u00e4uterungstext im Zusammenhang mit der Datenerhebung beschrieben werden.<br \/>\nDie personenbezogenen Daten k\u00f6nnen vom Benutzer freiwillig bereitgestellt oder bei der Nutzung dieser Anwendung automatisch erfasst werden. Jegliche Verwendung von Cookies &#8211; oder anderen Tracking-Tools &#8211; durch diese Anwendung oder durch die Eigent\u00fcmer von Drittanbieterdiensten, die von dieser Anwendung verwendet werden, dient, sofern nicht anders angegeben, dazu, Benutzer zu identifizieren und ihre Pr\u00e4ferenzen zu speichern, und zwar ausschlie\u00dflich zum Zweck der Bereitstellung des von ihnen angeforderten Dienstes der Nutzer. Die Nichtbereitstellung bestimmter personenbezogener Daten kann es dieser Anwendung unm\u00f6glich machen, ihre Dienste bereitzustellen. Benutzer sind f\u00fcr alle personenbezogenen Daten Dritter verantwortlich, die \u00fcber diese Anwendung erhalten, ver\u00f6ffentlicht oder weitergegeben werden, und best\u00e4tigen, dass sie die Zustimmung des Dritten haben, die Daten an den Eigent\u00fcmer weiterzugeben.<\/p>\n<p><strong>Art und Ort der Datenverarbeitung<\/strong><\/p>\n<p><strong>Verarbeitungsmethoden<\/strong><br \/>\nDer Datenverantwortliche verarbeitet die Daten der Benutzer auf angemessene Weise und ergreift geeignete Sicherheitsma\u00dfnahmen, um unbefugten Zugriff, Offenlegung, \u00c4nderung oder unbefugte Zerst\u00f6rung der Daten zu verhindern. Die Datenverarbeitung erfolgt mithilfe von Computern und\/oder IT-f\u00e4higen Tools, wobei organisatorische Verfahren und Modi befolgt werden, die eng mit den angegebenen Zwecken verbunden sind. Zus\u00e4tzlich zum Datenverantwortlichen k\u00f6nnen die Daten in einigen F\u00e4llen bestimmten Arten von Verantwortlichen zug\u00e4nglich sein, die mit dem Betrieb der Website befasst sind (Verwaltung, Verkauf, Marketing, Rechtsabteilung, Systemadministration) oder externen Parteien (z technische Dienstleister, Postboten, Hosting-Provider, IT-Unternehmen, Kommunikationsagenturen), die ggf. vom Eigent\u00fcmer als Datenverarbeiter ernannt werden. Die aktualisierte Liste dieser Parteien kann jederzeit beim Datenverantwortlichen angefordert werden.<\/p>\n<p><strong>Ort<\/strong><br \/>\nDie Daten werden in den Gesch\u00e4ftsstellen des Datenverantwortlichen und an allen anderen Orten verarbeitet, an denen sich die an der Verarbeitung beteiligten Parteien befinden. F\u00fcr weitere Informationen wenden Sie sich bitte an den Datenverantwortlichen.<\/p>\n<p><strong>Aufbewahrungszeit<\/strong><br \/>\nDie Daten werden so lange aufbewahrt, wie es f\u00fcr die Bereitstellung des vom Benutzer angeforderten Dienstes oder f\u00fcr die in diesem Dokument beschriebenen Zwecke erforderlich ist, und der Benutzer kann jederzeit verlangen, dass der Datenverantwortliche die Daten aussetzt oder entfernt.<\/p>\n<p><strong>Die Verwendung der gesammelten Daten<\/strong><br \/>\nDie Daten \u00fcber den Benutzer werden gesammelt, damit der Eigent\u00fcmer seine Dienste bereitstellen kann, sowie f\u00fcr die folgenden Zwecke: Kontaktaufnahme mit dem Benutzer, Analyse und Anzeige von Inhalten von externen Plattformen. Die f\u00fcr jeden Zweck verwendeten personenbezogenen Daten sind in den jeweiligen Abschnitten dieses Dokuments aufgef\u00fchrt.<\/p>\n<p><strong>Ausf\u00fchrliche Informationen zur Verarbeitung personenbezogener Daten<\/strong><br \/>\nPersonenbezogene Daten werden f\u00fcr die folgenden Zwecke und unter Verwendung der folgenden Dienste erhoben:<\/p>\n<p><strong>Analytik<\/strong><br \/>\nDie in diesem Abschnitt enthaltenen Dienste erm\u00f6glichen dem Eigent\u00fcmer, den Webverkehr zu \u00fcberwachen und zu analysieren, und k\u00f6nnen verwendet werden, um das Benutzerverhalten zu verfolgen.<\/p>\n<p><strong>Google Analytics (Google Inc.)<\/strong><br \/>\nGoogle Analytics ist ein Webanalysedienst der Google Inc. (\u201eGoogle\u201c). Google verwendet die gesammelten Daten, um die Nutzung dieser Anwendung zu verfolgen und zu untersuchen, um Berichte \u00fcber ihre Aktivit\u00e4ten zu erstellen und sie mit anderen Google-Diensten zu teilen. Google kann die gesammelten Daten verwenden, um die Anzeigen seines eigenen Werbenetzwerks zu kontextualisieren und zu personalisieren. Erhobene personenbezogene Daten: Cookie- und Nutzungsdaten. Verarbeitungsort: USA \u2013 Datenschutzerkl\u00e4rung \u2013 Opt-out<\/p>\n<p><strong>Anzeigen von Inhalten von externen Plattformen<\/strong><br \/>\nDiese Dienste erm\u00f6glichen es Ihnen, Inhalte, die auf externen Plattformen gehostet werden, direkt von den Seiten dieser Anwendung aus anzuzeigen und mit ihnen zu interagieren. Wenn ein Dienst dieser Art installiert ist, kann er dennoch Webverkehrsdaten f\u00fcr die Seiten sammeln, auf denen der Dienst installiert ist, auch wenn Benutzer ihn nicht verwenden.<\/p>\n<p><strong>Google Fonts (Google Inc.)<\/strong><br \/>\nGoogle Fonts ist ein von Google Inc. bereitgestellter Service zur Visualisierung von Schriftarten, mit dem diese Anwendung entsprechende Inhalte auf ihren Seiten einbinden kann. Erhobene personenbezogene Daten: Cookie- und Nutzungsdaten. Ort der Verarbeitung: USA \u2013 Datenschutzerkl\u00e4rung<\/p>\n<p><strong>Kontaktaufnahme mit dem Benutzer<\/strong><\/p>\n<p><strong>Mailingliste oder Newsletter (Diese Anwendung)<\/strong><br \/>\nDurch die Registrierung in der Mailingliste oder f\u00fcr den Newsletter wird die E-Mail-Adresse des Benutzers der Kontaktliste derjenigen hinzugef\u00fcgt, die m\u00f6glicherweise E-Mail-Nachrichten mit kommerziellen oder werblichen Informationen zu dieser Anwendung erhalten. Ihre E-Mail-Adresse kann dieser Liste auch hinzugef\u00fcgt werden, wenn Sie sich bei dieser Anwendung anmelden oder nachdem Sie einen Kauf get\u00e4tigt haben. Erhobene personenbezogene Daten: E-Mail-Adresse und Vorname.<\/p>\n<p><strong>Kontaktformular (Diese Anwendung)<\/strong><br \/>\nDurch das Ausf\u00fcllen des Kontaktformulars mit seinen Daten autorisiert der Benutzer diese Anwendung, diese Daten zu verwenden, um auf Informationsanfragen, Angebote oder jede andere Art von Anfrage zu antworten, wie in der Kopfzeile des Formulars angegeben. Erhobene personenbezogene Daten: Firmenname, E-Mail-Adresse, Vorname, Nachname, Telefonnummer und Provinz.<\/p>\n<p><strong>Registrierung und Authentifizierung<\/strong><br \/>\nDurch die Registrierung oder Authentifizierung gestatten die Benutzer dieser Anwendung, sie zu identifizieren und ihnen Zugang zu dedizierten Diensten zu gew\u00e4hren.<br \/>\nJe nachdem, was unten beschrieben wird, k\u00f6nnen Dritte Registrierungs- und Authentifizierungsdienste bereitstellen.<br \/>\nIn diesem Fall kann diese Anwendung zu Registrierungs- oder Identifizierungszwecken auf einige Daten zugreifen, die von diesen Drittanbieterdiensten gespeichert werden.<br \/>\nDirekte Registrierung (Diese Anwendung)<br \/>\nDer Benutzer registriert sich, indem er das Registrierungsformular ausf\u00fcllt und die pers\u00f6nlichen Daten direkt in dieser Anwendung bereitstellt.<br \/>\nErhobene personenbezogene Daten: Stadt, Firmenname, E-Mail-Adresse, Vorname und Nachname.<\/p>\n<p><strong>Cookies<\/strong><br \/>\nVon der Website werden keine personenbezogenen Daten des Benutzers erfasst.<\/p>\n<p>Wir verwenden weder Cookies f\u00fcr die \u00dcbertragung personenbezogener Daten noch dauerhafte Cookies jeglicher Art oder Systeme zur Verfolgung von Benutzern.<\/p>\n<p>Die Verwendung von Sitzungscookies (die nicht dauerhaft auf dem Computer des Benutzers gespeichert werden und verschwinden, wenn der Browser geschlossen wird) ist streng auf die \u00dcbertragung von Sitzungskennungen (bestehend aus vom Server generierten Zufallszahlencodes) beschr\u00e4nkt, die erforderlich sind, um eine sichere und effiziente Erkundung zu erm\u00f6glichen der Standort .<\/p>\n<p>Die auf dieser Website verwendeten Session-Cookies vermeiden die Verwendung anderer Informatiktechniken, die die Privatsph\u00e4re der Benutzer gef\u00e4hrden k\u00f6nnten und die den Erwerb von pers\u00f6nlichen Informationen zur Benutzeridentifikation nicht zulassen.<\/p>\n<p><strong>Weitere Informationen zur Datenerhebung und -verarbeitung<\/strong><\/p>\n<p><strong>Klage<\/strong><br \/>\nDie personenbezogenen Daten des Benutzers k\u00f6nnen vom Datenverantwortlichen f\u00fcr rechtliche Zwecke, vor Gericht oder in den Phasen vor m\u00f6glichen Gerichtsverfahren verwendet werden, die sich aus der missbr\u00e4uchlichen Nutzung dieser Anwendung oder der damit verbundenen Dienste ergeben. Der Benutzer erkl\u00e4rt, sich dar\u00fcber im Klaren zu sein, dass der Datenverantwortliche m\u00f6glicherweise aufgefordert wird, personenbezogene Daten auf Anfrage von Beh\u00f6rden offenzulegen.<\/p>\n<p><strong>Zus\u00e4tzliche Informationen zu den personenbezogenen Daten des Benutzers<\/strong><br \/>\nZus\u00e4tzlich zu den in dieser Datenschutzrichtlinie enthaltenen Informationen kann diese Anwendung dem Benutzer auf Anfrage zus\u00e4tzliche und kontextbezogene Informationen zu bestimmten Diensten oder zur Erfassung und Verarbeitung personenbezogener Daten bereitstellen.<\/p>\n<p><strong>Systemprotokolle und Wartung<\/strong><br \/>\nZu Betriebs- und Wartungszwecken k\u00f6nnen diese Anwendung und die Dienste von Drittanbietern Dateien sammeln, die die Interaktion mit dieser Anwendung aufzeichnen (Systemprotokolle), oder zu diesem Zweck andere personenbezogene Daten (z. B. IP-Adresse) verwenden.<\/p>\n<p><strong>Informationen, die nicht in dieser Richtlinie enthalten sind<\/strong><br \/>\nWeitere Einzelheiten zur Erhebung oder Verarbeitung personenbezogener Daten k\u00f6nnen jederzeit beim Datenverantwortlichen angefordert werden. Bitte beachten Sie die Kontaktinformationen am Anfang dieses Dokuments.<\/p>\n<p><strong>Die Rechte der Benutzer<\/strong><br \/>\nBenutzer haben jederzeit das Recht zu erfahren, ob ihre personenbezogenen Daten gespeichert wurden, und k\u00f6nnen sich an den Datenverantwortlichen wenden, um sich \u00fcber deren Inhalt und Herkunft zu informieren, ihre Richtigkeit zu \u00fcberpr\u00fcfen oder ihre Erg\u00e4nzung, L\u00f6schung, Aktualisierung oder Berichtigung zu verlangen , oder f\u00fcr ihre Umwandlung in ein anonymes Format oder f\u00fcr die Sperrung von Daten, die gegen das Gesetz versto\u00dfen, sowie f\u00fcr die Ablehnung ihrer Behandlung aus allen legitimen Gr\u00fcnden. Anfragen sind an den Datenverantwortlichen unter den oben angegebenen Kontaktinformationen zu richten. Diese Anwendung unterst\u00fctzt keine \u201eDo Not Track\u201c-Anfragen. Um festzustellen, ob einer der von ihm verwendeten Dienste von Drittanbietern die \u201eDo Not Track\u201c-Anforderungen erf\u00fcllt, lesen Sie bitte deren Datenschutzrichtlinien.<\/p>\n<p><strong>\u00c4nderungen an dieser Datenschutzerkl\u00e4rung<\/strong><br \/>\nDer Datenverantwortliche beh\u00e4lt sich das Recht vor, jederzeit \u00c4nderungen an dieser Datenschutzrichtlinie vorzunehmen, indem er seine Benutzer auf dieser Seite dar\u00fcber informiert. Es wird dringend empfohlen, diese Seite h\u00e4ufig zu \u00fcberpr\u00fcfen und sich dabei auf das Datum der letzten \u00c4nderung zu beziehen, das unten aufgef\u00fchrt ist. Wenn ein Benutzer einer der \u00c4nderungen an der Richtlinie widerspricht, muss der Benutzer die Nutzung dieser Anwendung einstellen und kann verlangen, dass der Datenverantwortliche die personenbezogenen Daten entfernt. Sofern nicht anders angegeben, gilt die jeweils aktuelle Datenschutzrichtlinie f\u00fcr alle personenbezogenen Daten, die der Datenverantwortliche \u00fcber Benutzer hat.<\/p>\n<p><strong>Informationen zu dieser Datenschutzerkl\u00e4rung<\/strong><br \/>\nDer Datenverantwortliche ist f\u00fcr diese Datenschutzrichtlinie verantwortlich.<\/p>\n<p><strong>Definitionen und rechtliche Hinweise<\/strong><\/p>\n<p><strong>Personenbezogene Daten (oder Daten)<\/strong><br \/>\nAlle Informationen \u00fcber eine nat\u00fcrliche Person, eine juristische Person, eine Einrichtung oder eine Vereinigung, die durch Bezugnahme auf andere Informationen, einschlie\u00dflich einer pers\u00f6nlichen Identifikationsnummer, auch indirekt identifiziert werden oder identifiziert werden k\u00f6nnen.<\/p>\n<p><strong>Nutzungsdaten<\/strong><br \/>\nInformationen, die automatisch von dieser Anwendung (oder von in dieser Anwendung eingesetzten Diensten Dritter) gesammelt werden, die Folgendes umfassen k\u00f6nnen: die IP-Adressen oder Dom\u00e4nennamen der Computer, die von den Benutzern verwendet werden, die diese Anwendung verwenden, die URI-Adressen (Uniform Resource Identifier), die Uhrzeit der Anfrage, die Methode, mit der die Anfrage an den Server gesendet wurde, die Gr\u00f6\u00dfe der als Antwort erhaltenen Datei, der numerische Code, der den Status der Antwort des Servers angibt (erfolgreiches Ergebnis, Fehler usw.), das Herkunftsland, die Funktionen des vom Benutzer verwendeten Browsers und des Betriebssystems, die verschiedenen Zeitangaben pro Besuch (z. B. die auf jeder Seite innerhalb der Anwendung verbrachte Zeit) und die Angaben \u00fcber den innerhalb der Anwendung zur\u00fcckgelegten Weg unter besonderer Bezugnahme auf die Seitenfolge besuchte und andere Parameter \u00fcber das Betriebssystem des Ger\u00e4ts und\/oder die IT-Umgebung des Benutzers.<\/p>\n<p><strong>Benutzer<\/strong><br \/>\nDie Person, die diese Anwendung verwendet, die mit der betroffenen Person \u00fcbereinstimmen oder von ihr autorisiert sein muss, auf die sich die personenbezogenen Daten beziehen.<\/p>\n<p><strong>Betroffene Person<\/strong><br \/>\nDie juristische oder nat\u00fcrliche Person, auf die sich die personenbezogenen Daten beziehen. Datenverarbeiter (oder Datenverantwortlicher) Die nat\u00fcrliche oder juristische Person, \u00f6ffentliche Verwaltung oder jede andere Einrichtung, Vereinigung oder Organisation, die vom Datenverantwortlichen zur Verarbeitung der personenbezogenen Daten in \u00dcbereinstimmung mit dieser Datenschutzrichtlinie erm\u00e4chtigt wurde.<\/p>\n<p><strong>Datenverantwortlicher (oder Eigent\u00fcmer)<\/strong><br \/>\nDie nat\u00fcrliche Person, juristische Person, \u00f6ffentliche Verwaltung oder jede andere Stelle, Vereinigung oder Organisation, die das Recht hat, auch gemeinsam mit einem anderen Datenverantwortlichen, Entscheidungen \u00fcber die Zwecke und die Methoden der Verarbeitung personenbezogener Daten und die verwendeten Mittel zu treffen, einschlie\u00dflich der Sicherheitsma\u00dfnahmen bez\u00fcglich des Betriebs und der Nutzung dieser Anwendung. Der Datenverantwortliche ist, sofern nicht anders angegeben, der Eigent\u00fcmer dieser Anwendung.<\/p>\n<p><strong>Diese Anwendung<\/strong><br \/>\nDas Hardware- oder Softwaretool, mit dem die personenbezogenen Daten des Benutzers erfasst werden.<\/p>\n<p><strong>Rechtsinformation<\/strong><br \/>\nHinweis f\u00fcr europ\u00e4ische Nutzer: Diese Datenschutzerkl\u00e4rung wurde in Erf\u00fcllung der Verpflichtungen aus Art. 10 der EG-Richtlinie n. 95\/46\/EG und gem\u00e4\u00df den Bestimmungen der Richtlinie 2002\/58\/EG, \u00fcberarbeitet durch die Richtlinie 2009\/136\/EG, zum Thema Cookies. Diese Datenschutzrichtlinie bezieht sich ausschlie\u00dflich auf diese Anwendung.[\/vc_column_text][\/vc_column][\/vc_row]<\/p>\n","protected":false},"excerpt":{"rendered":"<p>[vc_row el_class=&#8220;ptb100&#8243;][vc_column][vc_column_text] DATENSCHUTZ-BESTIMMUNGEN [\/vc_column_text][vc_column_text]Diese Anwendung sammelt einige personenbezogene Daten von ihren Benutzern. Datenverantwortlicher und Eigent\u00fcmer VILLA MARIA Via Magellano, 116 Vicopisano (PISA) info@villamariaonline.com Arten von erhobenen Daten Zu den Arten&#8230;<\/p>\n","protected":false},"author":1,"featured_media":0,"parent":0,"menu_order":0,"comment_status":"closed","ping_status":"closed","template":"","meta":{"_monsterinsights_skip_tracking":false,"_monsterinsights_sitenote_active":false,"_monsterinsights_sitenote_note":"","_monsterinsights_sitenote_category":0},"yoast_head":"<!-- This site is optimized with the Yoast SEO plugin v19.1 - https:\/\/yoast.com\/wordpress\/plugins\/seo\/ -->\n<title>Privacy policy - Villa Maria<\/title>\n<meta name=\"robots\" content=\"index, follow, max-snippet:-1, max-image-preview:large, max-video-preview:-1\" \/>\n<link rel=\"canonical\" href=\"https:\/\/villamariaonline.com\/de\/privacy-policy\/\" \/>\n<meta property=\"og:locale\" content=\"de_DE\" \/>\n<meta property=\"og:type\" content=\"article\" \/>\n<meta property=\"og:title\" content=\"Privacy policy - Villa Maria\" \/>\n<meta property=\"og:description\" content=\"[vc_row el_class=&#8220;ptb100&#8243;][vc_column][vc_column_text] DATENSCHUTZ-BESTIMMUNGEN [\/vc_column_text][vc_column_text]Diese Anwendung sammelt einige personenbezogene Daten von ihren Benutzern. Datenverantwortlicher und Eigent\u00fcmer VILLA MARIA Via Magellano, 116 Vicopisano (PISA) info@villamariaonline.com Arten von erhobenen Daten Zu den Arten...\" \/>\n<meta property=\"og:url\" content=\"https:\/\/villamariaonline.com\/de\/privacy-policy\/\" \/>\n<meta property=\"og:site_name\" content=\"Villa Maria\" \/>\n<meta property=\"article:modified_time\" content=\"2022-06-14T14:43:32+00:00\" \/>\n<meta name=\"twitter:card\" content=\"summary_large_image\" \/>\n<meta name=\"twitter:label1\" content=\"Gesch\u00e4tzte Lesezeit\" \/>\n\t<meta name=\"twitter:data1\" content=\"9 Minuten\" \/>\n<script type=\"application\/ld+json\" class=\"yoast-schema-graph\">{\"@context\":\"https:\/\/schema.org\",\"@graph\":[{\"@type\":\"WebSite\",\"@id\":\"https:\/\/villamariaonline.com\/#website\",\"url\":\"https:\/\/villamariaonline.com\/\",\"name\":\"Villa Maria\",\"description\":\"Un nuovo sito targato WordPress\",\"potentialAction\":[{\"@type\":\"SearchAction\",\"target\":{\"@type\":\"EntryPoint\",\"urlTemplate\":\"https:\/\/villamariaonline.com\/?s={search_term_string}\"},\"query-input\":\"required name=search_term_string\"}],\"inLanguage\":\"de-DE\"},{\"@type\":\"WebPage\",\"@id\":\"https:\/\/villamariaonline.com\/de\/privacy-policy\/#webpage\",\"url\":\"https:\/\/villamariaonline.com\/de\/privacy-policy\/\",\"name\":\"Privacy policy - Villa Maria\",\"isPartOf\":{\"@id\":\"https:\/\/villamariaonline.com\/#website\"},\"datePublished\":\"2022-04-20T14:24:56+00:00\",\"dateModified\":\"2022-06-14T14:43:32+00:00\",\"breadcrumb\":{\"@id\":\"https:\/\/villamariaonline.com\/de\/privacy-policy\/#breadcrumb\"},\"inLanguage\":\"de-DE\",\"potentialAction\":[{\"@type\":\"ReadAction\",\"target\":[\"https:\/\/villamariaonline.com\/de\/privacy-policy\/\"]}]},{\"@type\":\"BreadcrumbList\",\"@id\":\"https:\/\/villamariaonline.com\/de\/privacy-policy\/#breadcrumb\",\"itemListElement\":[{\"@type\":\"ListItem\",\"position\":1,\"name\":\"Home\",\"item\":\"https:\/\/villamariaonline.com\/de\/\"},{\"@type\":\"ListItem\",\"position\":2,\"name\":\"Privacy policy\"}]}]}<\/script>\n<!-- \/ Yoast SEO plugin. -->","yoast_head_json":{"title":"Privacy policy - Villa Maria","robots":{"index":"index","follow":"follow","max-snippet":"max-snippet:-1","max-image-preview":"max-image-preview:large","max-video-preview":"max-video-preview:-1"},"canonical":"https:\/\/villamariaonline.com\/de\/privacy-policy\/","og_locale":"de_DE","og_type":"article","og_title":"Privacy policy - Villa Maria","og_description":"[vc_row el_class=&#8220;ptb100&#8243;][vc_column][vc_column_text] DATENSCHUTZ-BESTIMMUNGEN [\/vc_column_text][vc_column_text]Diese Anwendung sammelt einige personenbezogene Daten von ihren Benutzern. Datenverantwortlicher und Eigent\u00fcmer VILLA MARIA Via Magellano, 116 Vicopisano (PISA) info@villamariaonline.com Arten von erhobenen Daten Zu den Arten...","og_url":"https:\/\/villamariaonline.com\/de\/privacy-policy\/","og_site_name":"Villa Maria","article_modified_time":"2022-06-14T14:43:32+00:00","twitter_card":"summary_large_image","twitter_misc":{"Gesch\u00e4tzte Lesezeit":"9 Minuten"},"schema":{"@context":"https:\/\/schema.org","@graph":[{"@type":"WebSite","@id":"https:\/\/villamariaonline.com\/#website","url":"https:\/\/villamariaonline.com\/","name":"Villa Maria","description":"Un nuovo sito targato WordPress","potentialAction":[{"@type":"SearchAction","target":{"@type":"EntryPoint","urlTemplate":"https:\/\/villamariaonline.com\/?s={search_term_string}"},"query-input":"required name=search_term_string"}],"inLanguage":"de-DE"},{"@type":"WebPage","@id":"https:\/\/villamariaonline.com\/de\/privacy-policy\/#webpage","url":"https:\/\/villamariaonline.com\/de\/privacy-policy\/","name":"Privacy policy - Villa Maria","isPartOf":{"@id":"https:\/\/villamariaonline.com\/#website"},"datePublished":"2022-04-20T14:24:56+00:00","dateModified":"2022-06-14T14:43:32+00:00","breadcrumb":{"@id":"https:\/\/villamariaonline.com\/de\/privacy-policy\/#breadcrumb"},"inLanguage":"de-DE","potentialAction":[{"@type":"ReadAction","target":["https:\/\/villamariaonline.com\/de\/privacy-policy\/"]}]},{"@type":"BreadcrumbList","@id":"https:\/\/villamariaonline.com\/de\/privacy-policy\/#breadcrumb","itemListElement":[{"@type":"ListItem","position":1,"name":"Home","item":"https:\/\/villamariaonline.com\/de\/"},{"@type":"ListItem","position":2,"name":"Privacy policy"}]}]}},"_links":{"self":[{"href":"https:\/\/villamariaonline.com\/de\/wp-json\/wp\/v2\/pages\/3161"}],"collection":[{"href":"https:\/\/villamariaonline.com\/de\/wp-json\/wp\/v2\/pages"}],"about":[{"href":"https:\/\/villamariaonline.com\/de\/wp-json\/wp\/v2\/types\/page"}],"author":[{"embeddable":true,"href":"https:\/\/villamariaonline.com\/de\/wp-json\/wp\/v2\/users\/1"}],"replies":[{"embeddable":true,"href":"https:\/\/villamariaonline.com\/de\/wp-json\/wp\/v2\/comments?post=3161"}],"version-history":[{"count":5,"href":"https:\/\/villamariaonline.com\/de\/wp-json\/wp\/v2\/pages\/3161\/revisions"}],"predecessor-version":[{"id":3313,"href":"https:\/\/villamariaonline.com\/de\/wp-json\/wp\/v2\/pages\/3161\/revisions\/3313"}],"wp:attachment":[{"href":"https:\/\/villamariaonline.com\/de\/wp-json\/wp\/v2\/media?parent=3161"}],"curies":[{"name":"wp","href":"https:\/\/api.w.org\/{rel}","templated":true}]}}