{"id":656,"date":"2022-03-09T15:27:24","date_gmt":"2022-03-09T14:27:24","guid":{"rendered":"https:\/\/villamariaonline.com\/pottery\/"},"modified":"2022-04-21T10:08:59","modified_gmt":"2022-04-21T08:08:59","slug":"ceramica","status":"publish","type":"page","link":"https:\/\/villamariaonline.com\/en\/ceramica\/","title":{"rendered":"Ceramica"},"content":{"rendered":"<p>[vc_row full_width=&#8221;stretch_row_content_no_spaces&#8221; el_class=&#8221;testata ceramica&#8221;][vc_column][\/vc_column][\/vc_row][vc_row el_class=&#8221;mt100&#8243;][vc_column][vc_column_text]<\/p>\n<h1 class=\"colore-rosso\" style=\"text-align: center;\">Learn about the craft of pottery<\/h1>\n<h2 style=\"text-align: center;\">An artisan workshop a stone&#8217;s throw from Villa<br \/>\nMaria that will allow you to try a unique experience<\/h2>\n<p>[\/vc_column_text][\/vc_column][\/vc_row][vc_row full_width=&#8221;stretch_row_content_no_spaces&#8221; el_class=&#8221;mt100&#8243;][vc_column css=&#8221;.vc_custom_1646839074764{background-image: url(https:\/\/villamariaonline.com\/wp-content\/uploads\/2022\/03\/img_ceramica.jpg?id=243) !important;background-position: center !important;background-repeat: no-repeat !important;background-size: cover !important;}&#8221; el_class=&#8221;bb-imgcover&#8221;][\/vc_column][\/vc_row][vc_row el_class=&#8221;mt100&#8243;][vc_column][vc_single_image image=&#8221;454&#8243; img_size=&#8221;full&#8221; alignment=&#8221;center&#8221; el_class=&#8221;trekking-icone&#8221;][\/vc_column][\/vc_row][vc_row content_placement=&#8221;middle&#8221; el_class=&#8221;mt100&#8243;][vc_column width=&#8221;1\/2&#8243; offset=&#8221;vc_col-lg-5&#8243;][vc_single_image image=&#8221;458&#8243; img_size=&#8221;full&#8221;][\/vc_column][vc_column width=&#8221;1\/2&#8243; offset=&#8221;vc_col-lg-offset-2 vc_col-lg-5&#8243;][vc_column_text el_class=&#8221;text-center-mobile&#8221;]<\/p>\n<h4 class=\"font-regular\">Personalized workshop<\/h4>\n<p>Vicopisano, an historic medieval hamlet, preserves its traditions alive through its fascinating pottery workshop.<br \/>\nIn addition to offering unique and absolutely customizable products, the village laboratory allows you to put your skills to the test with this ancient form of art.<br \/>\n[\/vc_column_text][\/vc_column][\/vc_row][vc_row content_placement=&#8221;middle&#8221; el_class=&#8221;mt100&#8243;][vc_column width=&#8221;5\/12&#8243; el_class=&#8221;order2mobile&#8221;][vc_column_text el_class=&#8221;text-center-mobile&#8221;]<\/p>\n<h4 class=\"font-regular\">Create something unique<\/h4>\n<p>The master will lead you step by step through the creation of an object that will come from your hands.<br \/>\nYour ceramic masterpiece will undoubtedly find a special place in your house when you return home, whether as a memento of a happy holiday or an appreciative thought for a loved one.[\/vc_column_text][\/vc_column][vc_column width=&#8221;1\/2&#8243; offset=&#8221;vc_col-lg-offset-2 vc_col-lg-5&#8243;][vc_single_image image=&#8221;462&#8243; img_size=&#8221;full&#8221;][\/vc_column][\/vc_row][vc_row el_class=&#8221;mt100&#8243;][vc_column][vc_column_text]<\/p>\n<h2 style=\"text-align: center;\">Book your lesson<\/h2>\n<p>[\/vc_column_text][vc_row_inner][vc_column_inner width=&#8221;1\/4&#8243; offset=&#8221;vc_col-xs-6&#8243;][vc_column_text]<\/p>\n<p class=\"font-regular\" style=\"text-align: center;\">SCHEDULE<\/p>\n<p class=\"colore-grigio\" style=\"text-align: center;\">On request<\/p>\n<p>[\/vc_column_text][\/vc_column_inner][vc_column_inner width=&#8221;1\/4&#8243; offset=&#8221;vc_col-xs-6&#8243;][vc_column_text]<\/p>\n<p class=\"font-regular\" style=\"text-align: center;\">TIME<\/p>\n<p class=\"colore-grigio\" style=\"text-align: center;\">About 3 hours<\/p>\n<p>[\/vc_column_text][\/vc_column_inner][vc_column_inner width=&#8221;1\/4&#8243; offset=&#8221;vc_col-xs-6&#8243;][vc_column_text]<\/p>\n<p class=\"font-regular\" style=\"text-align: center;\">PARTECIPANTS<\/p>\n<p class=\"colore-grigio\" style=\"text-align: center;\">Individual | Groups<\/p>\n<p>[\/vc_column_text][\/vc_column_inner][vc_column_inner width=&#8221;1\/4&#8243; offset=&#8221;vc_col-xs-6&#8243;][vc_column_text]<\/p>\n<p class=\"font-regular\" style=\"text-align: center;\">BOOK AT<\/p>\n<p class=\"colore-grigio\" style=\"text-align: center;\">+39 050 798840<\/p>\n<p>[\/vc_column_text][\/vc_column_inner][\/vc_row_inner][\/vc_column][\/vc_row][vc_row full_width=&#8221;stretch_row&#8221; el_class=&#8221;mt100 bg-rosa ptb100&#8243;][vc_column][vc_column_text el_class=&#8221;m0&#8243;]<\/p>\n<h2 style=\"text-align: center;\">Trekking across the Pisan Alps<\/h2>\n<p>[\/vc_column_text][\/vc_column][\/vc_row][vc_row content_placement=&#8221;middle&#8221; el_class=&#8221;margin-top-neg&#8221;][vc_column width=&#8221;1\/2&#8243; offset=&#8221;vc_col-lg-5&#8243;][vc_single_image image=&#8221;466&#8243; img_size=&#8221;full&#8221;][\/vc_column][vc_column width=&#8221;1\/2&#8243; offset=&#8221;vc_col-lg-offset-2 vc_col-lg-5&#8243;][vc_column_text el_class=&#8221;text-center-mobile&#8221;]<\/p>\n<h4>Un modo pi\u00f9 lento e consapevole di scoprire il territorio \u00e8 quello di percorrerlo a piedi, gustando ogni passo. I Monti Pisani sono ricchissimi di itinerari e sentieri, tracciati e sicuri: percorsi di diversa lunghezza e difficolt\u00e0, adatti ai pi\u00f9 diversi livelli di allenamento. Vivi la natura e ammira i paesaggi pi\u00f9 belli.<\/h4>\n<p>[\/vc_column_text][vc_btn title=&#8221;DISCOVER MORE&#8221; style=&#8221;classic&#8221; shape=&#8221;square&#8221; align=&#8221;center&#8221; link=&#8221;url:http%3A%2F%2Fvillamariaonline.com%2Ftrekking%2F|title:Trekking&#8221; el_class=&#8221;text-left-dsk cta-grigio&#8221;][\/vc_column][\/vc_row][vc_row full_width=&#8221;stretch_row&#8221; el_class=&#8221;mt100 bg-rosa ptb100&#8243;][vc_column][vc_column_text el_class=&#8221;m0&#8243;]<\/p>\n<h2 style=\"text-align: center;\">Enjoy the 70s at the Rolando Bar Museum<\/h2>\n<p>[\/vc_column_text][\/vc_column][\/vc_row][vc_row content_placement=&#8221;middle&#8221; el_class=&#8221;margin-top-neg pb100&#8243;][vc_column width=&#8221;1\/2&#8243; offset=&#8221;vc_col-lg-5&#8243;][vc_single_image image=&#8221;470&#8243; img_size=&#8221;full&#8221;][\/vc_column][vc_column width=&#8221;1\/2&#8243; offset=&#8221;vc_col-lg-offset-2 vc_col-lg-5&#8243;][vc_column_text el_class=&#8221;text-center-mobile&#8221;]<\/p>\n<h4>Rivivi l&#8217;atmosfera degli anni &#8217;70 nello storico Rolando Bar Museum godendoti un aperitivo o un caff\u00e8 in compagnia!<\/h4>\n<p>[\/vc_column_text][vc_btn title=&#8221;DISCOVER MORE&#8221; style=&#8221;classic&#8221; shape=&#8221;square&#8221; align=&#8221;center&#8221; link=&#8221;url:http%3A%2F%2Fvillamariaonline.com%2Frolando%2F|title:Rolando&#8221; el_class=&#8221;text-left-dsk cta-grigio&#8221;][\/vc_column][\/vc_row]<\/p>\n","protected":false},"excerpt":{"rendered":"<p>[vc_row full_width=&#8221;stretch_row_content_no_spaces&#8221; el_class=&#8221;testata ceramica&#8221;][vc_column][\/vc_column][\/vc_row][vc_row el_class=&#8221;mt100&#8243;][vc_column][vc_column_text] Learn about the craft of pottery An artisan workshop a stone&#8217;s throw from Villa Maria that will allow you to try a unique experience [\/vc_column_text][\/vc_column][\/vc_row][vc_row&#8230;<\/p>\n","protected":false},"author":1,"featured_media":0,"parent":0,"menu_order":0,"comment_status":"closed","ping_status":"closed","template":"","meta":{"_monsterinsights_skip_tracking":false,"_monsterinsights_sitenote_active":false,"_monsterinsights_sitenote_note":"","_monsterinsights_sitenote_category":0},"yoast_head":"<!-- This site is optimized with the Yoast SEO plugin v19.1 - https:\/\/yoast.com\/wordpress\/plugins\/seo\/ -->\n<title>Ceramica - Villa Maria<\/title>\n<meta name=\"robots\" content=\"index, follow, max-snippet:-1, max-image-preview:large, max-video-preview:-1\" \/>\n<link rel=\"canonical\" href=\"https:\/\/villamariaonline.com\/en\/ceramica\/\" \/>\n<meta property=\"og:locale\" content=\"en_US\" \/>\n<meta property=\"og:type\" content=\"article\" \/>\n<meta property=\"og:title\" content=\"Ceramica - Villa Maria\" \/>\n<meta property=\"og:description\" content=\"[vc_row full_width=&#8221;stretch_row_content_no_spaces&#8221; el_class=&#8221;testata ceramica&#8221;][vc_column][\/vc_column][\/vc_row][vc_row el_class=&#8221;mt100&#8243;][vc_column][vc_column_text] Learn about the craft of pottery An artisan workshop a stone&#8217;s throw from Villa Maria that will allow you to try a unique experience [\/vc_column_text][\/vc_column][\/vc_row][vc_row...\" \/>\n<meta property=\"og:url\" content=\"https:\/\/villamariaonline.com\/en\/ceramica\/\" \/>\n<meta property=\"og:site_name\" content=\"Villa Maria\" \/>\n<meta property=\"article:modified_time\" content=\"2022-04-21T08:08:59+00:00\" \/>\n<meta name=\"twitter:card\" content=\"summary_large_image\" \/>\n<meta name=\"twitter:label1\" content=\"Est. reading time\" \/>\n\t<meta name=\"twitter:data1\" content=\"3 minutes\" \/>\n<script type=\"application\/ld+json\" class=\"yoast-schema-graph\">{\"@context\":\"https:\/\/schema.org\",\"@graph\":[{\"@type\":\"WebSite\",\"@id\":\"https:\/\/villamariaonline.com\/#website\",\"url\":\"https:\/\/villamariaonline.com\/\",\"name\":\"Villa Maria\",\"description\":\"Un nuovo sito targato WordPress\",\"potentialAction\":[{\"@type\":\"SearchAction\",\"target\":{\"@type\":\"EntryPoint\",\"urlTemplate\":\"https:\/\/villamariaonline.com\/?s={search_term_string}\"},\"query-input\":\"required name=search_term_string\"}],\"inLanguage\":\"en-US\"},{\"@type\":\"WebPage\",\"@id\":\"https:\/\/villamariaonline.com\/en\/ceramica\/#webpage\",\"url\":\"https:\/\/villamariaonline.com\/en\/ceramica\/\",\"name\":\"Ceramica - Villa Maria\",\"isPartOf\":{\"@id\":\"https:\/\/villamariaonline.com\/#website\"},\"datePublished\":\"2022-03-09T14:27:24+00:00\",\"dateModified\":\"2022-04-21T08:08:59+00:00\",\"breadcrumb\":{\"@id\":\"https:\/\/villamariaonline.com\/en\/ceramica\/#breadcrumb\"},\"inLanguage\":\"en-US\",\"potentialAction\":[{\"@type\":\"ReadAction\",\"target\":[\"https:\/\/villamariaonline.com\/en\/ceramica\/\"]}]},{\"@type\":\"BreadcrumbList\",\"@id\":\"https:\/\/villamariaonline.com\/en\/ceramica\/#breadcrumb\",\"itemListElement\":[{\"@type\":\"ListItem\",\"position\":1,\"name\":\"Home\",\"item\":\"https:\/\/villamariaonline.com\/en\/\"},{\"@type\":\"ListItem\",\"position\":2,\"name\":\"Ceramica\"}]}]}<\/script>\n<!-- \/ Yoast SEO plugin. -->","yoast_head_json":{"title":"Ceramica - Villa Maria","robots":{"index":"index","follow":"follow","max-snippet":"max-snippet:-1","max-image-preview":"max-image-preview:large","max-video-preview":"max-video-preview:-1"},"canonical":"https:\/\/villamariaonline.com\/en\/ceramica\/","og_locale":"en_US","og_type":"article","og_title":"Ceramica - Villa Maria","og_description":"[vc_row full_width=&#8221;stretch_row_content_no_spaces&#8221; el_class=&#8221;testata ceramica&#8221;][vc_column][\/vc_column][\/vc_row][vc_row el_class=&#8221;mt100&#8243;][vc_column][vc_column_text] Learn about the craft of pottery An artisan workshop a stone&#8217;s throw from Villa Maria that will allow you to try a unique experience [\/vc_column_text][\/vc_column][\/vc_row][vc_row...","og_url":"https:\/\/villamariaonline.com\/en\/ceramica\/","og_site_name":"Villa Maria","article_modified_time":"2022-04-21T08:08:59+00:00","twitter_card":"summary_large_image","twitter_misc":{"Est. reading time":"3 minutes"},"schema":{"@context":"https:\/\/schema.org","@graph":[{"@type":"WebSite","@id":"https:\/\/villamariaonline.com\/#website","url":"https:\/\/villamariaonline.com\/","name":"Villa Maria","description":"Un nuovo sito targato WordPress","potentialAction":[{"@type":"SearchAction","target":{"@type":"EntryPoint","urlTemplate":"https:\/\/villamariaonline.com\/?s={search_term_string}"},"query-input":"required name=search_term_string"}],"inLanguage":"en-US"},{"@type":"WebPage","@id":"https:\/\/villamariaonline.com\/en\/ceramica\/#webpage","url":"https:\/\/villamariaonline.com\/en\/ceramica\/","name":"Ceramica - Villa Maria","isPartOf":{"@id":"https:\/\/villamariaonline.com\/#website"},"datePublished":"2022-03-09T14:27:24+00:00","dateModified":"2022-04-21T08:08:59+00:00","breadcrumb":{"@id":"https:\/\/villamariaonline.com\/en\/ceramica\/#breadcrumb"},"inLanguage":"en-US","potentialAction":[{"@type":"ReadAction","target":["https:\/\/villamariaonline.com\/en\/ceramica\/"]}]},{"@type":"BreadcrumbList","@id":"https:\/\/villamariaonline.com\/en\/ceramica\/#breadcrumb","itemListElement":[{"@type":"ListItem","position":1,"name":"Home","item":"https:\/\/villamariaonline.com\/en\/"},{"@type":"ListItem","position":2,"name":"Ceramica"}]}]}},"_links":{"self":[{"href":"https:\/\/villamariaonline.com\/en\/wp-json\/wp\/v2\/pages\/656"}],"collection":[{"href":"https:\/\/villamariaonline.com\/en\/wp-json\/wp\/v2\/pages"}],"about":[{"href":"https:\/\/villamariaonline.com\/en\/wp-json\/wp\/v2\/types\/page"}],"author":[{"embeddable":true,"href":"https:\/\/villamariaonline.com\/en\/wp-json\/wp\/v2\/users\/1"}],"replies":[{"embeddable":true,"href":"https:\/\/villamariaonline.com\/en\/wp-json\/wp\/v2\/comments?post=656"}],"version-history":[{"count":13,"href":"https:\/\/villamariaonline.com\/en\/wp-json\/wp\/v2\/pages\/656\/revisions"}],"predecessor-version":[{"id":3105,"href":"https:\/\/villamariaonline.com\/en\/wp-json\/wp\/v2\/pages\/656\/revisions\/3105"}],"wp:attachment":[{"href":"https:\/\/villamariaonline.com\/en\/wp-json\/wp\/v2\/media?parent=656"}],"curies":[{"name":"wp","href":"https:\/\/api.w.org\/{rel}","templated":true}]}}