{"id":3228,"date":"2020-11-11T16:49:36","date_gmt":"2020-11-11T15:49:36","guid":{"rendered":"https:\/\/villamariaonline.com\/pagina-di-esempio\/"},"modified":"2023-04-05T10:33:02","modified_gmt":"2023-04-05T08:33:02","slug":"pagina-di-esempio","status":"publish","type":"page","link":"https:\/\/villamariaonline.com\/es\/","title":{"rendered":"Home"},"content":{"rendered":"<p>[vc_row full_width=\u00bbstretch_row_content\u00bb content_placement=\u00bbmiddle\u00bb el_class=\u00bbmt100&#8243;][vc_column width=\u00bb1\/2&#8243; offset=\u00bbvc_col-lg-offset-2 vc_col-lg-4&#8243;][vc_column_text]<\/p>\n<h1>Bed &amp; Breakfast<br \/>\nen la <span class=\"colore-rosso\"> campi\u00f1a<br \/>\ntoscana<\/span><\/h1>\n<p>[\/vc_column_text][vc_btn title=\u00bbDESCUBRIR\u00bb style=\u00bbclassic\u00bb shape=\u00bbsquare\u00bb el_class=\u00bbcta-grigio\u00bb link=\u00bburl:http%3A%2F%2Fvillamariaonline.com%2Fes%2Fb-b%2F|title:Bed%20%26%20breakfast\u00bb][\/vc_column][vc_column width=\u00bb1\/2&#8243;][vc_single_image image=\u00bb257&#8243; img_size=\u00bbfull\u00bb alignment=\u00bbright\u00bb][\/vc_column][\/vc_row][vc_row full_width=\u00bbstretch_row_content_no_spaces\u00bb el_class=\u00bbmt100 bg-grigio ptb100&#8243;][vc_column offset=\u00bbvc_col-lg-offset-4 vc_col-lg-4 vc_col-md-offset-3 vc_col-md-6&#8243;][vc_column_text]<\/p>\n<h2 style=\"text-align: center;\">Villa Mar\u00eda<br \/>\nFelices fiestas<\/h2>\n<p style=\"text-align: center;\">Villa Maria es un B&amp;B rodeado de vegetaci\u00f3n que combina un ambiente familiar y refinamiento.<br \/>\nUna antigua casa de campo, finamente restaurada, donde podr\u00e1 disfrutar de d\u00edas de relax a pocos pasos de las atracciones m\u00e1s bellas de la Toscana.<\/p>\n<p>[\/vc_column_text][\/vc_column][\/vc_row][vc_row content_placement=\u00bbmiddle\u00bb el_class=\u00bbmt100&#8243;][vc_column width=\u00bb5\/12&#8243;][vc_column_text]<\/p>\n<h2>Un oasis de paz en estilo r\u00fastico<\/h2>\n<p>La villa del siglo XIX se encuentra en San Giovanni alla Vena, un peque\u00f1o pueblo ubicado a 15 km de Pisa.<br \/>\nLa restauraci\u00f3n se llev\u00f3 a cabo en un sentido conservador, sacando a la luz la belleza de las vigas y los pisos de terracota.<br \/>\nVilla Maria tambi\u00e9n cuenta con amplios espacios exteriores: el jard\u00edn, en el que destaca la exclusiva piscina, es un cielo abierto con sus miradores y zonas de relax.<\/p>\n<p>El ambiente c\u00e1lido y acogedor se acompa\u00f1a de un servicio de alta calidad para ofrecer a los hu\u00e9spedes una estancia realmente inolvidable.[\/vc_column_text][vc_btn title=\u00bbDESCUBRIR\u00bb style=\u00bbclassic\u00bb shape=\u00bbsquare\u00bb el_class=\u00bbcta-grigio\u00bb link=\u00bburl:http%3A%2F%2Fvillamariaonline.com%2Fes%2Fb-b%2F|title:Bed%20%26%20breakfast\u00bb][\/vc_column][vc_column width=\u00bb1\/2&#8243; offset=\u00bbvc_col-lg-offset-2 vc_col-lg-5&#8243;][vc_single_image image=\u00bb494&#8243; img_size=\u00bbfull\u00bb][\/vc_column][\/vc_row][vc_row content_placement=\u00bbmiddle\u00bb el_class=\u00bbmt100&#8243;][vc_column width=\u00bb1\/2&#8243; offset=\u00bbvc_col-lg-5&#8243;][vc_single_image image=\u00bb265&#8243; img_size=\u00bbfull\u00bb][\/vc_column][vc_column width=\u00bb1\/2&#8243; offset=\u00bbvc_col-lg-offset-2 vc_col-lg-5&#8243;][vc_column_text]<\/p>\n<h2>Nuestra carta de servicios<\/h2>\n<p>Villa Maria celebra la poes\u00eda del lento paso del tiempo: el desayuno servido en los miradores junto a la piscina, la terraza panor\u00e1mica desde donde admirar extraordinarios atardeceres y evocadoras vistas.<\/p>\n<p>Todo est\u00e1 pensado para el bienestar y satisfacci\u00f3n de los hu\u00e9spedes. Descubre toda la lista de nuestros servicios para ti.[\/vc_column_text][vc_btn title=\u00bbDESCUBRIR\u00bb style=\u00bbclassic\u00bb shape=\u00bbsquare\u00bb el_class=\u00bbcta-grigio\u00bb link=\u00bburl:http%3A%2F%2Fvillamariaonline.com%2Fes%2Fservizi%2F|title:Bed%20%26%20breakfast\u00bb][\/vc_column][\/vc_row][vc_row full_width=\u00bbstretch_row_content\u00bb equal_height=\u00bbyes\u00bb content_placement=\u00bbmiddle\u00bb bg_type=\u00bbimage\u00bb bg_override=\u00bbex-full\u00bb el_class=\u00bbmt100 bg-beige\u00bb][vc_column width=\u00bb5\/12&#8243; offset=\u00bbvc_col-lg-offset-2 vc_col-lg-3 vc_col-md-offset-1 vc_col-sm-offset-1&#8243; el_class=\u00bbptb100&#8243;][vc_column_text]<\/p>\n<h2>Lugares \u00fanicos por descubrir<\/h2>\n<p>Ubicada a pocos kil\u00f3metros del mar y de importantes ciudades de arte toscanas, Villa Maria cubre una posici\u00f3n estrat\u00e9gica para aquellos que quieren pasar unas vacaciones descubriendo los tesoros de la Toscana.[\/vc_column_text][\/vc_column][vc_column width=\u00bb1\/2&#8243; offset=\u00bbvc_col-lg-offset-1 vc_col-lg-6&#8243; el_class=\u00bbbg-img-luoghi\u00bb css=\u00bb.vc_custom_1646647585873{background-image: url(https:\/\/villamariaonline.com\/wp-content\/uploads\/2022\/03\/@2x_monte_pisano_1.jpg?id=42) !important;}\u00bb][\/vc_column][\/vc_row][vc_row full_width=\u00bbstretch_row\u00bb bg_type=\u00bbbg_color\u00bb bg_override=\u00bbex-full\u00bb el_class=\u00bbbg-rosa ptb100&#8243;][vc_column offset=\u00bbvc_col-lg-offset-2 vc_col-lg-8&#8243;][vc_column_text]<\/p>\n<h2 style=\"text-align: center;\">Descubre la gran variedad de la Toscana<\/h2>\n<p>[\/vc_column_text][vc_row_inner el_class=\u00bbhp-paesaggi hidden-xs\u00bb][vc_column_inner width=\u00bb1\/6&#8243;][vc_single_image image=\u00bb273&#8243; img_size=\u00bbfull\u00bb alignment=\u00bbcenter\u00bb el_class=\u00bbicone-hp\u00bb][vc_column_text]<\/p>\n<p style=\"text-align: center;\">MASCOTA AMIGABLE<\/p>\n<p>[\/vc_column_text][\/vc_column_inner][vc_column_inner width=\u00bb1\/6&#8243;][vc_single_image image=\u00bb281&#8243; img_size=\u00bbfull\u00bb alignment=\u00bbcenter\u00bb el_class=\u00bbicone-hp\u00bb][vc_column_text]<\/p>\n<p style=\"text-align: center;\">LUGARES DESDE<br \/>\nVISITAR<\/p>\n<p>[\/vc_column_text][\/vc_column_inner][vc_column_inner width=\u00bb1\/6&#8243;][vc_single_image image=\u00bb277&#8243; img_size=\u00bbfull\u00bb alignment=\u00bbcenter\u00bb el_class=\u00bbicone-hp\u00bb][vc_column_text]<\/p>\n<p style=\"text-align: center;\">DESAYUNO<\/p>\n<p>[\/vc_column_text][\/vc_column_inner][vc_column_inner width=\u00bb1\/6&#8243;][vc_single_image image=\u00bb285&#8243; img_size=\u00bbfull\u00bb alignment=\u00bbcenter\u00bb el_class=\u00bbicone-hp\u00bb][vc_column_text]<\/p>\n<p style=\"text-align: center;\">COCINA<\/p>\n<p>[\/vc_column_text][\/vc_column_inner][vc_column_inner width=\u00bb1\/6&#8243;][vc_single_image image=\u00bb289&#8243; img_size=\u00bbfull\u00bb alignment=\u00bbcenter\u00bb el_class=\u00bbicone-hp\u00bb][vc_column_text]<\/p>\n<p style=\"text-align: center;\">EXCURSIONES<\/p>\n<p>[\/vc_column_text][\/vc_column_inner][vc_column_inner width=\u00bb1\/6&#8243;][\/vc_column_inner][\/vc_row_inner][vc_column_text]<\/p>\n<p style=\"text-align: center;\">La Toscana es una regi\u00f3n muy rica que ofrece una gran variedad de paisajes, ciudades de arte y experiencias para vivir. Ofrecemos una selecci\u00f3n de actividades, en nuestra opini\u00f3n significativas, para llevar a cabo en las inmediaciones.<\/p>\n<p>[\/vc_column_text][vc_btn title=\u00bbDESCUBRIR\u00bb style=\u00bbclassic\u00bb shape=\u00bbsquare\u00bb align=\u00bbcenter\u00bb el_class=\u00bbcta-grigio\u00bb link=\u00bburl:http%3A%2F%2Fvillamariaonline.com%2Fes%2Fesperienze%2F|title:Esperienze\u00bb][\/vc_column][\/vc_row][vc_row full_width=\u00bbstretch_row\u00bb bg_type=\u00bbbg_color\u00bb bg_override=\u00bbex-full\u00bb el_class=\u00bbptb100&#8243;][vc_column offset=\u00bbvc_col-lg-offset-2 vc_col-lg-8&#8243;][vc_column_text]<\/p>\n<h2 style=\"text-align: center;\">experiencias para vivir y recordar<\/h2>\n<p>[\/vc_column_text][vc_row_inner][vc_column_inner width=\u00bb1\/3&#8243;][vc_column_text]<\/p>\n<h3 style=\"text-align: center;\">Descubre el arte<br \/>\nde la cer\u00e1mica<\/h3>\n<p>[\/vc_column_text][vc_single_image image=\u00bb293&#8243; img_size=\u00bbfull\u00bb alignment=\u00bbcenter\u00bb][vc_column_text]<\/p>\n<p style=\"text-align: center;\">Redescubre el encanto de la artesan\u00eda antigua en el taller de cer\u00e1mica a unos pasos de nosotros&#8230;<\/p>\n<p>[\/vc_column_text][vc_btn title=\u00bbDESCUBRIR\u00bb style=\u00bbclassic\u00bb shape=\u00bbsquare\u00bb align=\u00bbcenter\u00bb el_class=\u00bbcta-grigio\u00bb link=\u00bburl:http%3A%2F%2Fvillamariaonline.com%2Fes%2Fceramica%2F|title:Ceramica\u00bb][\/vc_column_inner][vc_column_inner width=\u00bb1\/3&#8243;][vc_column_text]<\/p>\n<h3 style=\"text-align: center;\">Trekking en las<br \/>\nMonta\u00f1as Pisanas<\/h3>\n<p>[\/vc_column_text][vc_single_image image=\u00bb297&#8243; img_size=\u00bbfull\u00bb alignment=\u00bbcenter\u00bb][vc_column_text]<\/p>\n<p style=\"text-align: center;\">Slow-turismo, t\u00f3mate un respiro y sum\u00e9rgete en el verde de los caminos de nuestras monta\u00f1as locales&#8230;<\/p>\n<p>[\/vc_column_text][vc_btn title=\u00bbDESCUBRIR\u00bb style=\u00bbclassic\u00bb shape=\u00bbsquare\u00bb align=\u00bbcenter\u00bb el_class=\u00bbcta-grigio\u00bb link=\u00bburl:http%3A%2F%2Fvillamariaonline.com%2Fes%2Ftrekking%2F|title:Trekking\u00bb][\/vc_column_inner][vc_column_inner width=\u00bb1\/3&#8243;][vc_column_text]<\/p>\n<h3 style=\"text-align: center;\">Un chapuz\u00f3n<br \/>\nen los 70<\/h3>\n<p>[\/vc_column_text][vc_single_image image=\u00bb598&#8243; img_size=\u00bbfull\u00bb alignment=\u00bbcenter\u00bb][vc_column_text]<\/p>\n<p style=\"text-align: center;\">\u00bfNost\u00e1lgicos de los m\u00edticos &#8217;70&#8217;s? En el Rolando Bar el tiempo parece haberse detenido&#8230;<\/p>\n<p>[\/vc_column_text][vc_btn title=\u00bbDESCUBRIR\u00bb style=\u00bbclassic\u00bb shape=\u00bbsquare\u00bb align=\u00bbcenter\u00bb el_class=\u00bbcta-grigio\u00bb link=\u00bburl:http%3A%2F%2Fvillamariaonline.com%2Fes%2Frolando%2F|title:Rolando\u00bb][\/vc_column_inner][\/vc_row_inner][\/vc_column][\/vc_row][vc_row disable_element=\u00bbyes\u00bb el_class=\u00bbptb100&#8243;][vc_column][vc_column_text]<\/p>\n<h2 style=\"text-align: center;\">Villa Mar\u00eda en Instagram<\/h2>\n<p>[\/vc_column_text][vc_row_inner][vc_column_inner width=\u00bb1\/4&#8243; offset=\u00bbvc_col-xs-6&#8243;][vc_single_image image=\u00bb265&#8243; img_size=\u00bbfull\u00bb alignment=\u00bbcenter\u00bb][\/vc_column_inner][vc_column_inner width=\u00bb1\/4&#8243; offset=\u00bbvc_col-xs-6&#8243;][vc_single_image image=\u00bb265&#8243; img_size=\u00bbfull\u00bb alignment=\u00bbcenter\u00bb][\/vc_column_inner][vc_column_inner width=\u00bb1\/4&#8243; offset=\u00bbvc_col-xs-6&#8243;][vc_single_image image=\u00bb265&#8243; img_size=\u00bbfull\u00bb alignment=\u00bbcenter\u00bb][\/vc_column_inner][vc_column_inner width=\u00bb1\/4&#8243; offset=\u00bbvc_col-xs-6&#8243;][vc_single_image image=\u00bb265&#8243; img_size=\u00bbfull\u00bb alignment=\u00bbcenter\u00bb][\/vc_column_inner][\/vc_row_inner][vc_btn title=\u00bbDESCUBRIR\u00bb style=\u00bbclassic\u00bb shape=\u00bbsquare\u00bb align=\u00bbcenter\u00bb el_class=\u00bbcta-grigio\u00bb link=\u00bburl:%23&#8243;][\/vc_column][\/vc_row][vc_row el_class=\u00bbbox-noleggio\u00bb][vc_column][vc_column_text]<\/p>\n<h2>Alquiler sin conductor<\/h2>\n<p>[\/vc_column_text][vc_column_text]Villa Maria le permite alquilar un Mercedes Vito Tourer de nueve plazas y viajar libremente por toda la Toscana.[\/vc_column_text][vc_btn title=\u00bbM\u00e1s informaci\u00f3n\u00bb style=\u00bbclassic\u00bb shape=\u00bbsquare\u00bb align=\u00bbcenter\u00bb link=\u00bburl:https%3A%2F%2Fvillamariaonline.com%2Fes%2Falquiler-sin-conductor%2F|title:Noleggio%20Senza%20Conducente\u00bb el_class=\u00bbcta-grigio\u00bb][\/vc_column][\/vc_row]<\/p>\n","protected":false},"excerpt":{"rendered":"<p>[vc_row full_width=\u00bbstretch_row_content\u00bb content_placement=\u00bbmiddle\u00bb el_class=\u00bbmt100&#8243;][vc_column width=\u00bb1\/2&#8243; offset=\u00bbvc_col-lg-offset-2 vc_col-lg-4&#8243;][vc_column_text] Bed &amp; Breakfast en la campi\u00f1a toscana [\/vc_column_text][vc_btn title=\u00bbDESCUBRIR\u00bb style=\u00bbclassic\u00bb shape=\u00bbsquare\u00bb el_class=\u00bbcta-grigio\u00bb link=\u00bburl:http%3A%2F%2Fvillamariaonline.com%2Fes%2Fb-b%2F|title:Bed%20%26%20breakfast\u00bb][\/vc_column][vc_column width=\u00bb1\/2&#8243;][vc_single_image image=\u00bb257&#8243; img_size=\u00bbfull\u00bb alignment=\u00bbright\u00bb][\/vc_column][\/vc_row][vc_row full_width=\u00bbstretch_row_content_no_spaces\u00bb el_class=\u00bbmt100 bg-grigio ptb100&#8243;][vc_column offset=\u00bbvc_col-lg-offset-4 vc_col-lg-4&#8230;<\/p>\n","protected":false},"author":1,"featured_media":0,"parent":0,"menu_order":0,"comment_status":"closed","ping_status":"open","template":"","meta":{"_monsterinsights_skip_tracking":false,"_monsterinsights_sitenote_active":false,"_monsterinsights_sitenote_note":"","_monsterinsights_sitenote_category":0},"yoast_head":"<!-- This site is optimized with the Yoast SEO plugin v19.1 - https:\/\/yoast.com\/wordpress\/plugins\/seo\/ -->\n<title>Home - Villa Maria<\/title>\n<meta name=\"robots\" content=\"index, follow, max-snippet:-1, max-image-preview:large, max-video-preview:-1\" \/>\n<link rel=\"canonical\" href=\"https:\/\/villamariaonline.com\/es\/\" \/>\n<meta property=\"og:locale\" content=\"es_ES\" \/>\n<meta property=\"og:type\" content=\"article\" \/>\n<meta property=\"og:title\" content=\"Home - Villa Maria\" \/>\n<meta property=\"og:description\" content=\"[vc_row full_width=\u00bbstretch_row_content\u00bb content_placement=\u00bbmiddle\u00bb el_class=\u00bbmt100&#8243;][vc_column width=\u00bb1\/2&#8243; offset=\u00bbvc_col-lg-offset-2 vc_col-lg-4&#8243;][vc_column_text] Bed &amp; Breakfast en la campi\u00f1a toscana [\/vc_column_text][vc_btn title=\u00bbDESCUBRIR\u00bb style=\u00bbclassic\u00bb shape=\u00bbsquare\u00bb el_class=\u00bbcta-grigio\u00bb link=\u00bburl:http%3A%2F%2Fvillamariaonline.com%2Fes%2Fb-b%2F|title:Bed%20%26%20breakfast\u00bb][\/vc_column][vc_column width=\u00bb1\/2&#8243;][vc_single_image image=\u00bb257&#8243; img_size=\u00bbfull\u00bb alignment=\u00bbright\u00bb][\/vc_column][\/vc_row][vc_row full_width=\u00bbstretch_row_content_no_spaces\u00bb el_class=\u00bbmt100 bg-grigio ptb100&#8243;][vc_column offset=\u00bbvc_col-lg-offset-4 vc_col-lg-4...\" \/>\n<meta property=\"og:url\" content=\"https:\/\/villamariaonline.com\/es\/\" \/>\n<meta property=\"og:site_name\" content=\"Villa Maria\" \/>\n<meta property=\"article:modified_time\" content=\"2023-04-05T08:33:02+00:00\" \/>\n<meta name=\"twitter:card\" content=\"summary_large_image\" \/>\n<meta name=\"twitter:label1\" content=\"Tiempo de lectura\" \/>\n\t<meta name=\"twitter:data1\" content=\"7 minutos\" \/>\n<script type=\"application\/ld+json\" class=\"yoast-schema-graph\">{\"@context\":\"https:\/\/schema.org\",\"@graph\":[{\"@type\":\"WebSite\",\"@id\":\"https:\/\/villamariaonline.com\/#website\",\"url\":\"https:\/\/villamariaonline.com\/\",\"name\":\"Villa Maria\",\"description\":\"Un nuovo sito targato WordPress\",\"potentialAction\":[{\"@type\":\"SearchAction\",\"target\":{\"@type\":\"EntryPoint\",\"urlTemplate\":\"https:\/\/villamariaonline.com\/?s={search_term_string}\"},\"query-input\":\"required name=search_term_string\"}],\"inLanguage\":\"es\"},{\"@type\":\"WebPage\",\"@id\":\"https:\/\/villamariaonline.com\/es\/#webpage\",\"url\":\"https:\/\/villamariaonline.com\/es\/\",\"name\":\"Home - Villa Maria\",\"isPartOf\":{\"@id\":\"https:\/\/villamariaonline.com\/#website\"},\"datePublished\":\"2020-11-11T15:49:36+00:00\",\"dateModified\":\"2023-04-05T08:33:02+00:00\",\"breadcrumb\":{\"@id\":\"https:\/\/villamariaonline.com\/es\/#breadcrumb\"},\"inLanguage\":\"es\",\"potentialAction\":[{\"@type\":\"ReadAction\",\"target\":[\"https:\/\/villamariaonline.com\/es\/\"]}]},{\"@type\":\"BreadcrumbList\",\"@id\":\"https:\/\/villamariaonline.com\/es\/#breadcrumb\",\"itemListElement\":[{\"@type\":\"ListItem\",\"position\":1,\"name\":\"Home\",\"item\":\"https:\/\/villamariaonline.com\/es\/\"},{\"@type\":\"ListItem\",\"position\":2,\"name\":\"Home\"}]}]}<\/script>\n<!-- \/ Yoast SEO plugin. -->","yoast_head_json":{"title":"Home - Villa Maria","robots":{"index":"index","follow":"follow","max-snippet":"max-snippet:-1","max-image-preview":"max-image-preview:large","max-video-preview":"max-video-preview:-1"},"canonical":"https:\/\/villamariaonline.com\/es\/","og_locale":"es_ES","og_type":"article","og_title":"Home - Villa Maria","og_description":"[vc_row full_width=\u00bbstretch_row_content\u00bb content_placement=\u00bbmiddle\u00bb el_class=\u00bbmt100&#8243;][vc_column width=\u00bb1\/2&#8243; offset=\u00bbvc_col-lg-offset-2 vc_col-lg-4&#8243;][vc_column_text] Bed &amp; Breakfast en la campi\u00f1a toscana [\/vc_column_text][vc_btn title=\u00bbDESCUBRIR\u00bb style=\u00bbclassic\u00bb shape=\u00bbsquare\u00bb el_class=\u00bbcta-grigio\u00bb link=\u00bburl:http%3A%2F%2Fvillamariaonline.com%2Fes%2Fb-b%2F|title:Bed%20%26%20breakfast\u00bb][\/vc_column][vc_column width=\u00bb1\/2&#8243;][vc_single_image image=\u00bb257&#8243; img_size=\u00bbfull\u00bb alignment=\u00bbright\u00bb][\/vc_column][\/vc_row][vc_row full_width=\u00bbstretch_row_content_no_spaces\u00bb el_class=\u00bbmt100 bg-grigio ptb100&#8243;][vc_column offset=\u00bbvc_col-lg-offset-4 vc_col-lg-4...","og_url":"https:\/\/villamariaonline.com\/es\/","og_site_name":"Villa Maria","article_modified_time":"2023-04-05T08:33:02+00:00","twitter_card":"summary_large_image","twitter_misc":{"Tiempo de lectura":"7 minutos"},"schema":{"@context":"https:\/\/schema.org","@graph":[{"@type":"WebSite","@id":"https:\/\/villamariaonline.com\/#website","url":"https:\/\/villamariaonline.com\/","name":"Villa Maria","description":"Un nuovo sito targato WordPress","potentialAction":[{"@type":"SearchAction","target":{"@type":"EntryPoint","urlTemplate":"https:\/\/villamariaonline.com\/?s={search_term_string}"},"query-input":"required name=search_term_string"}],"inLanguage":"es"},{"@type":"WebPage","@id":"https:\/\/villamariaonline.com\/es\/#webpage","url":"https:\/\/villamariaonline.com\/es\/","name":"Home - Villa Maria","isPartOf":{"@id":"https:\/\/villamariaonline.com\/#website"},"datePublished":"2020-11-11T15:49:36+00:00","dateModified":"2023-04-05T08:33:02+00:00","breadcrumb":{"@id":"https:\/\/villamariaonline.com\/es\/#breadcrumb"},"inLanguage":"es","potentialAction":[{"@type":"ReadAction","target":["https:\/\/villamariaonline.com\/es\/"]}]},{"@type":"BreadcrumbList","@id":"https:\/\/villamariaonline.com\/es\/#breadcrumb","itemListElement":[{"@type":"ListItem","position":1,"name":"Home","item":"https:\/\/villamariaonline.com\/es\/"},{"@type":"ListItem","position":2,"name":"Home"}]}]}},"_links":{"self":[{"href":"https:\/\/villamariaonline.com\/es\/wp-json\/wp\/v2\/pages\/3228"}],"collection":[{"href":"https:\/\/villamariaonline.com\/es\/wp-json\/wp\/v2\/pages"}],"about":[{"href":"https:\/\/villamariaonline.com\/es\/wp-json\/wp\/v2\/types\/page"}],"author":[{"embeddable":true,"href":"https:\/\/villamariaonline.com\/es\/wp-json\/wp\/v2\/users\/1"}],"replies":[{"embeddable":true,"href":"https:\/\/villamariaonline.com\/es\/wp-json\/wp\/v2\/comments?post=3228"}],"version-history":[{"count":6,"href":"https:\/\/villamariaonline.com\/es\/wp-json\/wp\/v2\/pages\/3228\/revisions"}],"predecessor-version":[{"id":3406,"href":"https:\/\/villamariaonline.com\/es\/wp-json\/wp\/v2\/pages\/3228\/revisions\/3406"}],"wp:attachment":[{"href":"https:\/\/villamariaonline.com\/es\/wp-json\/wp\/v2\/media?parent=3228"}],"curies":[{"name":"wp","href":"https:\/\/api.w.org\/{rel}","templated":true}]}}