{"id":3232,"date":"2022-02-28T17:04:29","date_gmt":"2022-02-28T16:04:29","guid":{"rendered":"https:\/\/villamariaonline.com\/b-b\/"},"modified":"2022-05-30T16:22:46","modified_gmt":"2022-05-30T14:22:46","slug":"b-b","status":"publish","type":"page","link":"https:\/\/villamariaonline.com\/es\/b-b\/","title":{"rendered":"Bed &#038; breakfast"},"content":{"rendered":"<p>[vc_row full_width=\u00bbstretch_row_content_no_spaces\u00bb el_class=\u00bbtestata bb\u00bb][vc_column][\/vc_column][\/vc_row][vc_row el_class=\u00bbmt100&#8243;][vc_column][vc_column_text]<\/p>\n<h1 class=\"colore-rosso\" style=\"text-align: center;\">Bed &amp; Breakfast<\/h1>\n<h2 style=\"text-align: center;\">Un oasis de paz en un estilo<br \/>\nr\u00fastico<\/h2>\n<p>[\/vc_column_text][\/vc_column][\/vc_row][vc_row content_placement=\u00bbmiddle\u00bb el_class=\u00bbmt100&#8243;][vc_column width=\u00bb1\/2&#8243; offset=\u00bbvc_col-lg-5&#8243;][vc_single_image image=\u00bb500&#8243; img_size=\u00bbfull\u00bb][\/vc_column][vc_column width=\u00bb1\/2&#8243; offset=\u00bbvc_col-lg-offset-2 vc_col-lg-5&#8243;][vc_column_text el_class=\u00bbtext-center-mobile\u00bb]<\/p>\n<h4><strong>La actividad se lleva a cabo en una antigua mas\u00eda del siglo XIX finamente restaurada seg\u00fan el estilo toscano original.<\/strong><\/h4>\n<h4>Ambiente c\u00e1lido, alma genuina, grandes espacios con vistas a la naturaleza y atenci\u00f3n al detalle para brindar a los hu\u00e9spedes la mejor experiencia en la campi\u00f1a toscana.<\/h4>\n<p>[\/vc_column_text][\/vc_column][\/vc_row][vc_row content_placement=\u00bbmiddle\u00bb el_class=\u00bbmt100&#8243;][vc_column width=\u00bb5\/12&#8243;][vc_column_text el_class=\u00bbtext-center-mobile\u00bb]<\/p>\n<h4><strong>La hospitalidad en Villa Mar\u00eda es sin\u00f3nimo de profesionalismo, lujo y cortes\u00eda.<\/strong><\/h4>\n<h4>Cada habitaci\u00f3n tiene su propia alma y est\u00e1 finamente amueblada en continuidad con el contexto arquitect\u00f3nico en el que se inserta. Experimente plenamente el encanto de la tradici\u00f3n toscana en Villa Maria.<\/h4>\n<p>[\/vc_column_text][\/vc_column][vc_column width=\u00bb1\/2&#8243; offset=\u00bbvc_col-lg-offset-2 vc_col-lg-5&#8243;][vc_single_image image=\u00bb505&#8243; img_size=\u00bbfull\u00bb][\/vc_column][\/vc_row][vc_row full_width=\u00bbstretch_row_content_no_spaces\u00bb el_class=\u00bbmt100&#8243;][vc_column css=\u00bb.vc_custom_1647946514566{background-image: url(https:\/\/villamariaonline.com\/wp-content\/uploads\/2022\/03\/img_beb.jpg?id=506) !important;background-position: center !important;background-repeat: no-repeat !important;background-size: cover !important;}\u00bb el_class=\u00bbbb-imgcover\u00bb][\/vc_column][\/vc_row][vc_row el_class=\u00bbmt100&#8243;][vc_column offset=\u00bbvc_col-lg-offset-2 vc_col-lg-8&#8243;][vc_single_image image=\u00bb277&#8243; alignment=\u00bbcenter\u00bb][vc_column_text]<\/p>\n<p style=\"text-align: center;\"><span data-sheets-value=\"{&quot;1&quot;:2,&quot;2&quot;:&quot;Un regalo especial para nuestros clientes es el momento del desayuno, que se sirve en la terraza, bajo un techo de glicinas y con vistas a la piscina exclusiva.\\nEl desayuno es intercontinental, por lo que ofrece una amplia variedad de delicias tanto dulces como saladas para satisfacer hasta los paladares m\u00e1s exigentes.&quot;}\" data-sheets-userformat=\"{&quot;2&quot;:15295,&quot;3&quot;:{&quot;1&quot;:0},&quot;4&quot;:{&quot;1&quot;:3,&quot;3&quot;:2},&quot;5&quot;:{&quot;1&quot;:[{&quot;1&quot;:2,&quot;2&quot;:0,&quot;5&quot;:{&quot;1&quot;:2,&quot;2&quot;:0}},{&quot;1&quot;:0,&quot;2&quot;:0,&quot;3&quot;:3},{&quot;1&quot;:1,&quot;2&quot;:0,&quot;4&quot;:1}]},&quot;6&quot;:{&quot;1&quot;:[{&quot;1&quot;:2,&quot;2&quot;:0,&quot;5&quot;:{&quot;1&quot;:2,&quot;2&quot;:0}},{&quot;1&quot;:0,&quot;2&quot;:0,&quot;3&quot;:3},{&quot;1&quot;:1,&quot;2&quot;:0,&quot;4&quot;:1}]},&quot;7&quot;:{&quot;1&quot;:[{&quot;1&quot;:2,&quot;2&quot;:0,&quot;5&quot;:{&quot;1&quot;:2,&quot;2&quot;:0}},{&quot;1&quot;:0,&quot;2&quot;:0,&quot;3&quot;:3},{&quot;1&quot;:1,&quot;2&quot;:0,&quot;4&quot;:1}]},&quot;8&quot;:{&quot;1&quot;:[{&quot;1&quot;:2,&quot;2&quot;:0,&quot;5&quot;:{&quot;1&quot;:2,&quot;2&quot;:0}},{&quot;1&quot;:0,&quot;2&quot;:0,&quot;3&quot;:3},{&quot;1&quot;:1,&quot;2&quot;:0,&quot;4&quot;:1}]},&quot;10&quot;:1,&quot;11&quot;:4,&quot;12&quot;:0,&quot;14&quot;:{&quot;1&quot;:2,&quot;2&quot;:2105374},&quot;15&quot;:&quot;Roboto&quot;,&quot;16&quot;:12}\">Un regalo especial para nuestros clientes es el momento del desayuno, que se sirve en la terraza, bajo un techo de glicinas y con vistas a la piscina exclusiva.<br \/>\nEl desayuno es intercontinental, por lo que ofrece una amplia variedad de delicias tanto dulces como saladas para satisfacer hasta los paladares m\u00e1s exigentes.<\/span><\/p>\n<p>[\/vc_column_text][vc_btn title=\u00bbRESERVA TU ESTANCIA\u00bb style=\u00bbclassic\u00bb shape=\u00bbsquare\u00bb align=\u00bbcenter\u00bb el_class=\u00bbcta-grigio\u00bb link=\u00bburl:http%3A%2F%2Fvillamariaonline.com%2Fes%2Fprenotazione%2F|title:Prenotazione\u00bb][\/vc_column][\/vc_row][vc_row el_class=\u00bbmt100&#8243;][vc_column offset=\u00bbvc_col-lg-offset-2 vc_col-lg-8 vc_col-xs-offset-1 vc_col-xs-10&#8243;][vc_images_carousel images=\u00bb519,524,529,534,539,544,549,554&#8243; img_size=\u00bbfull\u00bb hide_pagination_control=\u00bbyes\u00bb wrap=\u00bbyes\u00bb el_class=\u00bbbb-carousel\u00bb][\/vc_column][\/vc_row]<\/p>\n","protected":false},"excerpt":{"rendered":"<p>[vc_row full_width=\u00bbstretch_row_content_no_spaces\u00bb el_class=\u00bbtestata bb\u00bb][vc_column][\/vc_column][\/vc_row][vc_row el_class=\u00bbmt100&#8243;][vc_column][vc_column_text] Bed &amp; Breakfast Un oasis de paz en un estilo r\u00fastico [\/vc_column_text][\/vc_column][\/vc_row][vc_row content_placement=\u00bbmiddle\u00bb el_class=\u00bbmt100&#8243;][vc_column width=\u00bb1\/2&#8243; offset=\u00bbvc_col-lg-5&#8243;][vc_single_image image=\u00bb500&#8243; img_size=\u00bbfull\u00bb][\/vc_column][vc_column width=\u00bb1\/2&#8243; offset=\u00bbvc_col-lg-offset-2 vc_col-lg-5&#8243;][vc_column_text el_class=\u00bbtext-center-mobile\u00bb] La actividad se&#8230;<\/p>\n","protected":false},"author":1,"featured_media":0,"parent":0,"menu_order":0,"comment_status":"closed","ping_status":"closed","template":"","meta":{"_monsterinsights_skip_tracking":false,"_monsterinsights_sitenote_active":false,"_monsterinsights_sitenote_note":"","_monsterinsights_sitenote_category":0},"yoast_head":"<!-- This site is optimized with the Yoast SEO plugin v19.1 - https:\/\/yoast.com\/wordpress\/plugins\/seo\/ -->\n<title>Bed &amp; breakfast - Villa Maria<\/title>\n<meta name=\"robots\" content=\"index, follow, max-snippet:-1, max-image-preview:large, max-video-preview:-1\" \/>\n<link rel=\"canonical\" href=\"https:\/\/villamariaonline.com\/es\/b-b\/\" \/>\n<meta property=\"og:locale\" content=\"es_ES\" \/>\n<meta property=\"og:type\" content=\"article\" \/>\n<meta property=\"og:title\" content=\"Bed &amp; breakfast - Villa Maria\" \/>\n<meta property=\"og:description\" content=\"[vc_row full_width=\u00bbstretch_row_content_no_spaces\u00bb el_class=\u00bbtestata bb\u00bb][vc_column][\/vc_column][\/vc_row][vc_row el_class=\u00bbmt100&#8243;][vc_column][vc_column_text] Bed &amp; Breakfast Un oasis de paz en un estilo r\u00fastico [\/vc_column_text][\/vc_column][\/vc_row][vc_row content_placement=\u00bbmiddle\u00bb el_class=\u00bbmt100&#8243;][vc_column width=\u00bb1\/2&#8243; offset=\u00bbvc_col-lg-5&#8243;][vc_single_image image=\u00bb500&#8243; img_size=\u00bbfull\u00bb][\/vc_column][vc_column width=\u00bb1\/2&#8243; offset=\u00bbvc_col-lg-offset-2 vc_col-lg-5&#8243;][vc_column_text el_class=\u00bbtext-center-mobile\u00bb] La actividad se...\" \/>\n<meta property=\"og:url\" content=\"https:\/\/villamariaonline.com\/es\/b-b\/\" \/>\n<meta property=\"og:site_name\" content=\"Villa Maria\" \/>\n<meta property=\"article:modified_time\" content=\"2022-05-30T14:22:46+00:00\" \/>\n<meta name=\"twitter:card\" content=\"summary_large_image\" \/>\n<meta name=\"twitter:label1\" content=\"Tiempo de lectura\" \/>\n\t<meta name=\"twitter:data1\" content=\"2 minutos\" \/>\n<script type=\"application\/ld+json\" class=\"yoast-schema-graph\">{\"@context\":\"https:\/\/schema.org\",\"@graph\":[{\"@type\":\"WebSite\",\"@id\":\"https:\/\/villamariaonline.com\/#website\",\"url\":\"https:\/\/villamariaonline.com\/\",\"name\":\"Villa Maria\",\"description\":\"Un nuovo sito targato WordPress\",\"potentialAction\":[{\"@type\":\"SearchAction\",\"target\":{\"@type\":\"EntryPoint\",\"urlTemplate\":\"https:\/\/villamariaonline.com\/?s={search_term_string}\"},\"query-input\":\"required name=search_term_string\"}],\"inLanguage\":\"es\"},{\"@type\":\"WebPage\",\"@id\":\"https:\/\/villamariaonline.com\/es\/b-b\/#webpage\",\"url\":\"https:\/\/villamariaonline.com\/es\/b-b\/\",\"name\":\"Bed & breakfast - Villa Maria\",\"isPartOf\":{\"@id\":\"https:\/\/villamariaonline.com\/#website\"},\"datePublished\":\"2022-02-28T16:04:29+00:00\",\"dateModified\":\"2022-05-30T14:22:46+00:00\",\"breadcrumb\":{\"@id\":\"https:\/\/villamariaonline.com\/es\/b-b\/#breadcrumb\"},\"inLanguage\":\"es\",\"potentialAction\":[{\"@type\":\"ReadAction\",\"target\":[\"https:\/\/villamariaonline.com\/es\/b-b\/\"]}]},{\"@type\":\"BreadcrumbList\",\"@id\":\"https:\/\/villamariaonline.com\/es\/b-b\/#breadcrumb\",\"itemListElement\":[{\"@type\":\"ListItem\",\"position\":1,\"name\":\"Home\",\"item\":\"https:\/\/villamariaonline.com\/es\/\"},{\"@type\":\"ListItem\",\"position\":2,\"name\":\"Bed &#038; breakfast\"}]}]}<\/script>\n<!-- \/ Yoast SEO plugin. -->","yoast_head_json":{"title":"Bed & breakfast - Villa Maria","robots":{"index":"index","follow":"follow","max-snippet":"max-snippet:-1","max-image-preview":"max-image-preview:large","max-video-preview":"max-video-preview:-1"},"canonical":"https:\/\/villamariaonline.com\/es\/b-b\/","og_locale":"es_ES","og_type":"article","og_title":"Bed & breakfast - Villa Maria","og_description":"[vc_row full_width=\u00bbstretch_row_content_no_spaces\u00bb el_class=\u00bbtestata bb\u00bb][vc_column][\/vc_column][\/vc_row][vc_row el_class=\u00bbmt100&#8243;][vc_column][vc_column_text] Bed &amp; Breakfast Un oasis de paz en un estilo r\u00fastico [\/vc_column_text][\/vc_column][\/vc_row][vc_row content_placement=\u00bbmiddle\u00bb el_class=\u00bbmt100&#8243;][vc_column width=\u00bb1\/2&#8243; offset=\u00bbvc_col-lg-5&#8243;][vc_single_image image=\u00bb500&#8243; img_size=\u00bbfull\u00bb][\/vc_column][vc_column width=\u00bb1\/2&#8243; offset=\u00bbvc_col-lg-offset-2 vc_col-lg-5&#8243;][vc_column_text el_class=\u00bbtext-center-mobile\u00bb] La actividad se...","og_url":"https:\/\/villamariaonline.com\/es\/b-b\/","og_site_name":"Villa Maria","article_modified_time":"2022-05-30T14:22:46+00:00","twitter_card":"summary_large_image","twitter_misc":{"Tiempo de lectura":"2 minutos"},"schema":{"@context":"https:\/\/schema.org","@graph":[{"@type":"WebSite","@id":"https:\/\/villamariaonline.com\/#website","url":"https:\/\/villamariaonline.com\/","name":"Villa Maria","description":"Un nuovo sito targato WordPress","potentialAction":[{"@type":"SearchAction","target":{"@type":"EntryPoint","urlTemplate":"https:\/\/villamariaonline.com\/?s={search_term_string}"},"query-input":"required name=search_term_string"}],"inLanguage":"es"},{"@type":"WebPage","@id":"https:\/\/villamariaonline.com\/es\/b-b\/#webpage","url":"https:\/\/villamariaonline.com\/es\/b-b\/","name":"Bed & breakfast - Villa Maria","isPartOf":{"@id":"https:\/\/villamariaonline.com\/#website"},"datePublished":"2022-02-28T16:04:29+00:00","dateModified":"2022-05-30T14:22:46+00:00","breadcrumb":{"@id":"https:\/\/villamariaonline.com\/es\/b-b\/#breadcrumb"},"inLanguage":"es","potentialAction":[{"@type":"ReadAction","target":["https:\/\/villamariaonline.com\/es\/b-b\/"]}]},{"@type":"BreadcrumbList","@id":"https:\/\/villamariaonline.com\/es\/b-b\/#breadcrumb","itemListElement":[{"@type":"ListItem","position":1,"name":"Home","item":"https:\/\/villamariaonline.com\/es\/"},{"@type":"ListItem","position":2,"name":"Bed &#038; breakfast"}]}]}},"_links":{"self":[{"href":"https:\/\/villamariaonline.com\/es\/wp-json\/wp\/v2\/pages\/3232"}],"collection":[{"href":"https:\/\/villamariaonline.com\/es\/wp-json\/wp\/v2\/pages"}],"about":[{"href":"https:\/\/villamariaonline.com\/es\/wp-json\/wp\/v2\/types\/page"}],"author":[{"embeddable":true,"href":"https:\/\/villamariaonline.com\/es\/wp-json\/wp\/v2\/users\/1"}],"replies":[{"embeddable":true,"href":"https:\/\/villamariaonline.com\/es\/wp-json\/wp\/v2\/comments?post=3232"}],"version-history":[{"count":4,"href":"https:\/\/villamariaonline.com\/es\/wp-json\/wp\/v2\/pages\/3232\/revisions"}],"predecessor-version":[{"id":3277,"href":"https:\/\/villamariaonline.com\/es\/wp-json\/wp\/v2\/pages\/3232\/revisions\/3277"}],"wp:attachment":[{"href":"https:\/\/villamariaonline.com\/es\/wp-json\/wp\/v2\/media?parent=3232"}],"curies":[{"name":"wp","href":"https:\/\/api.w.org\/{rel}","templated":true}]}}