{"id":3242,"date":"2022-03-01T16:19:56","date_gmt":"2022-03-01T15:19:56","guid":{"rendered":"https:\/\/villamariaonline.com\/esperienze\/"},"modified":"2022-05-30T16:24:54","modified_gmt":"2022-05-30T14:24:54","slug":"esperienze","status":"publish","type":"page","link":"https:\/\/villamariaonline.com\/es\/esperienze\/","title":{"rendered":"Esperienze"},"content":{"rendered":"<p>[vc_row full_width=\u00bbstretch_row_content_no_spaces\u00bb el_class=\u00bbtestata esperienze\u00bb][vc_column][\/vc_column][\/vc_row][vc_row el_class=\u00bbmt100&#8243;][vc_column][vc_column_text]<\/p>\n<h1 class=\"colore-rosso\" style=\"text-align: center;\">Experiencias para vivir y recordar<\/h1>\n<h2 style=\"text-align: center;\">Descubre todas las aventuras que puedes vivir a<br \/>\ntiro de piedra de Villa Mar\u00eda<\/h2>\n<p>[\/vc_column_text][\/vc_column][\/vc_row][vc_row full_width=\u00bbstretch_row_content_no_spaces\u00bb el_class=\u00bbmt100&#8243;][vc_column][vc_row_inner el_class=\u00bbbg-rosa esperienze-bg\u00bb][vc_column_inner el_class=\u00bbptb100&#8243;][vc_column_text]<\/p>\n<h2 style=\"text-align: center;\">Trekking en las Monta\u00f1as Pisanas<\/h2>\n<p>[\/vc_column_text][\/vc_column_inner][\/vc_row_inner][vc_row_inner el_class=\u00bbesperienze-relative\u00bb][vc_column_inner][vc_single_image image=\u00bb341&#8243; img_size=\u00bbfull\u00bb alignment=\u00bbcenter\u00bb][\/vc_column_inner][\/vc_row_inner][\/vc_column][\/vc_row][vc_row el_class=\u00bbesperienze-margine-neg\u00bb][vc_column width=\u00bb1\/2&#8243; offset=\u00bbvc_col-lg-4&#8243;][vc_single_image image=\u00bb353&#8243; img_size=\u00bbfull\u00bb alignment=\u00bbright\u00bb el_class=\u00bbesperienze-icone text-center-mobile\u00bb][\/vc_column][vc_column width=\u00bb1\/2&#8243; offset=\u00bbvc_col-lg-offset-1 vc_col-lg-5&#8243;][vc_column_text]Una forma m\u00e1s lenta y consciente de descubrir el territorio es caminarlo, disfrutando de cada paso. Las Monta\u00f1as Pisanas son ricas en itinerarios y caminos, se\u00f1alizados y seguros: caminos de diferente longitud y dificultad, adecuados para los m\u00e1s diferentes niveles de entrenamiento. Vive la naturaleza y admira los paisajes m\u00e1s hermosos.[\/vc_column_text][vc_btn title=\u00bbDESCUBRES\u00bb style=\u00bbclassic\u00bb shape=\u00bbsquare\u00bb align=\u00bbcenter\u00bb link=\u00bburl:http%3A%2F%2Fvillamariaonline.com%2Fes%2Ftrekking%2F|title:Trekking\u00bb el_class=\u00bbcta-grigio text-left-dsk\u00bb][\/vc_column][\/vc_row][vc_row full_width=\u00bbstretch_row_content_no_spaces\u00bb][vc_column][vc_row_inner el_class=\u00bbbg-rosa esperienze-bg\u00bb][vc_column_inner el_class=\u00bbptb100&#8243;][vc_column_text]<\/p>\n<h2 style=\"text-align: center;\">Descubre el arte de la cer\u00e1mica<\/h2>\n<p>[\/vc_column_text][\/vc_column_inner][\/vc_row_inner][vc_row_inner el_class=\u00bbesperienze-relative\u00bb][vc_column_inner][vc_single_image image=\u00bb345&#8243; img_size=\u00bbfull\u00bb alignment=\u00bbcenter\u00bb][\/vc_column_inner][\/vc_row_inner][\/vc_column][\/vc_row][vc_row el_class=\u00bbesperienze-margine-neg\u00bb][vc_column width=\u00bb1\/2&#8243; offset=\u00bbvc_col-lg-4&#8243;][vc_single_image image=\u00bb349&#8243; img_size=\u00bbfull\u00bb alignment=\u00bbright\u00bb el_class=\u00bbesperienze-icone text-center-mobile\u00bb][\/vc_column][vc_column width=\u00bb1\/2&#8243; offset=\u00bbvc_col-lg-offset-1 vc_col-lg-5&#8243;][vc_column_text]Las vacaciones pueden ser el momento perfecto para aprender cosas nuevas. \u00bfAlguna vez has pensado en intentar hacer un jarr\u00f3n de cer\u00e1mica? Si te gusta la idea, debes saber que a unos pasos de nosotros encontrar\u00e1s un taller de cer\u00e1mica donde podr\u00e1s acercarte a este arte.[\/vc_column_text][vc_btn title=\u00bbDESCUBRES\u00bb style=\u00bbclassic\u00bb shape=\u00bbsquare\u00bb align=\u00bbcenter\u00bb link=\u00bburl:http%3A%2F%2Fvillamariaonline.com%2Fes%2Fceramica%2F|title:Ceramica\u00bb el_class=\u00bbcta-grigio text-left-dsk\u00bb][\/vc_column][\/vc_row][vc_row full_width=\u00bbstretch_row_content_no_spaces\u00bb][vc_column][vc_row_inner el_class=\u00bbbg-rosa esperienze-bg\u00bb][vc_column_inner el_class=\u00bbptb100&#8243;][vc_column_text]<\/p>\n<h2 style=\"text-align: center;\">Un aperitivo en los a\u00f1os 70<\/h2>\n<p>[\/vc_column_text][\/vc_column_inner][\/vc_row_inner][vc_row_inner el_class=\u00bbesperienze-relative\u00bb][vc_column_inner][vc_single_image image=\u00bb613&#8243; img_size=\u00bbfull\u00bb alignment=\u00bbcenter\u00bb][\/vc_column_inner][\/vc_row_inner][\/vc_column][\/vc_row][vc_row el_class=\u00bbesperienze-margine-neg\u00bb][vc_column width=\u00bb1\/2&#8243; offset=\u00bbvc_col-lg-4&#8243;][vc_single_image image=\u00bb361&#8243; img_size=\u00bbfull\u00bb alignment=\u00bbright\u00bb el_class=\u00bbesperienze-icone text-center-mobile\u00bb][\/vc_column][vc_column width=\u00bb1\/2&#8243; offset=\u00bbvc_col-lg-offset-1 vc_col-lg-5&#8243;][vc_column_text]\u00a1Revive el ambiente de los a\u00f1os 70 en el hist\u00f3rico Bar Museo Rolando disfrutando de un aperitivo o un caf\u00e9 con amigos![\/vc_column_text][vc_btn title=\u00bbDESCUBRES\u00bb style=\u00bbclassic\u00bb shape=\u00bbsquare\u00bb align=\u00bbcenter\u00bb link=\u00bburl:http%3A%2F%2Fvillamariaonline.com%2Fes%2Frolando%2F|title:Rolando\u00bb el_class=\u00bbcta-grigio text-left-dsk\u00bb][\/vc_column][\/vc_row]<\/p>\n","protected":false},"excerpt":{"rendered":"<p>[vc_row full_width=\u00bbstretch_row_content_no_spaces\u00bb el_class=\u00bbtestata esperienze\u00bb][vc_column][\/vc_column][\/vc_row][vc_row el_class=\u00bbmt100&#8243;][vc_column][vc_column_text] Experiencias para vivir y recordar Descubre todas las aventuras que puedes vivir a tiro de piedra de Villa Mar\u00eda [\/vc_column_text][\/vc_column][\/vc_row][vc_row full_width=\u00bbstretch_row_content_no_spaces\u00bb el_class=\u00bbmt100&#8243;][vc_column][vc_row_inner el_class=\u00bbbg-rosa esperienze-bg\u00bb][vc_column_inner el_class=\u00bbptb100&#8243;][vc_column_text]&#8230;<\/p>\n","protected":false},"author":1,"featured_media":0,"parent":0,"menu_order":0,"comment_status":"closed","ping_status":"closed","template":"","meta":{"_monsterinsights_skip_tracking":false,"_monsterinsights_sitenote_active":false,"_monsterinsights_sitenote_note":"","_monsterinsights_sitenote_category":0},"yoast_head":"<!-- This site is optimized with the Yoast SEO plugin v19.1 - https:\/\/yoast.com\/wordpress\/plugins\/seo\/ -->\n<title>Esperienze - Villa Maria<\/title>\n<meta name=\"robots\" content=\"index, follow, max-snippet:-1, max-image-preview:large, max-video-preview:-1\" \/>\n<link rel=\"canonical\" href=\"https:\/\/villamariaonline.com\/es\/esperienze\/\" \/>\n<meta property=\"og:locale\" content=\"es_ES\" \/>\n<meta property=\"og:type\" content=\"article\" \/>\n<meta property=\"og:title\" content=\"Esperienze - Villa Maria\" \/>\n<meta property=\"og:description\" content=\"[vc_row full_width=\u00bbstretch_row_content_no_spaces\u00bb el_class=\u00bbtestata esperienze\u00bb][vc_column][\/vc_column][\/vc_row][vc_row el_class=\u00bbmt100&#8243;][vc_column][vc_column_text] Experiencias para vivir y recordar Descubre todas las aventuras que puedes vivir a tiro de piedra de Villa Mar\u00eda [\/vc_column_text][\/vc_column][\/vc_row][vc_row full_width=\u00bbstretch_row_content_no_spaces\u00bb el_class=\u00bbmt100&#8243;][vc_column][vc_row_inner el_class=\u00bbbg-rosa esperienze-bg\u00bb][vc_column_inner el_class=\u00bbptb100&#8243;][vc_column_text]...\" \/>\n<meta property=\"og:url\" content=\"https:\/\/villamariaonline.com\/es\/esperienze\/\" \/>\n<meta property=\"og:site_name\" content=\"Villa Maria\" \/>\n<meta property=\"article:modified_time\" content=\"2022-05-30T14:24:54+00:00\" \/>\n<meta name=\"twitter:card\" content=\"summary_large_image\" \/>\n<meta name=\"twitter:label1\" content=\"Tiempo de lectura\" \/>\n\t<meta name=\"twitter:data1\" content=\"3 minutos\" \/>\n<script type=\"application\/ld+json\" class=\"yoast-schema-graph\">{\"@context\":\"https:\/\/schema.org\",\"@graph\":[{\"@type\":\"WebSite\",\"@id\":\"https:\/\/villamariaonline.com\/#website\",\"url\":\"https:\/\/villamariaonline.com\/\",\"name\":\"Villa Maria\",\"description\":\"Un nuovo sito targato WordPress\",\"potentialAction\":[{\"@type\":\"SearchAction\",\"target\":{\"@type\":\"EntryPoint\",\"urlTemplate\":\"https:\/\/villamariaonline.com\/?s={search_term_string}\"},\"query-input\":\"required name=search_term_string\"}],\"inLanguage\":\"es\"},{\"@type\":\"WebPage\",\"@id\":\"https:\/\/villamariaonline.com\/es\/esperienze\/#webpage\",\"url\":\"https:\/\/villamariaonline.com\/es\/esperienze\/\",\"name\":\"Esperienze - Villa Maria\",\"isPartOf\":{\"@id\":\"https:\/\/villamariaonline.com\/#website\"},\"datePublished\":\"2022-03-01T15:19:56+00:00\",\"dateModified\":\"2022-05-30T14:24:54+00:00\",\"breadcrumb\":{\"@id\":\"https:\/\/villamariaonline.com\/es\/esperienze\/#breadcrumb\"},\"inLanguage\":\"es\",\"potentialAction\":[{\"@type\":\"ReadAction\",\"target\":[\"https:\/\/villamariaonline.com\/es\/esperienze\/\"]}]},{\"@type\":\"BreadcrumbList\",\"@id\":\"https:\/\/villamariaonline.com\/es\/esperienze\/#breadcrumb\",\"itemListElement\":[{\"@type\":\"ListItem\",\"position\":1,\"name\":\"Home\",\"item\":\"https:\/\/villamariaonline.com\/es\/\"},{\"@type\":\"ListItem\",\"position\":2,\"name\":\"Esperienze\"}]}]}<\/script>\n<!-- \/ Yoast SEO plugin. -->","yoast_head_json":{"title":"Esperienze - Villa Maria","robots":{"index":"index","follow":"follow","max-snippet":"max-snippet:-1","max-image-preview":"max-image-preview:large","max-video-preview":"max-video-preview:-1"},"canonical":"https:\/\/villamariaonline.com\/es\/esperienze\/","og_locale":"es_ES","og_type":"article","og_title":"Esperienze - Villa Maria","og_description":"[vc_row full_width=\u00bbstretch_row_content_no_spaces\u00bb el_class=\u00bbtestata esperienze\u00bb][vc_column][\/vc_column][\/vc_row][vc_row el_class=\u00bbmt100&#8243;][vc_column][vc_column_text] Experiencias para vivir y recordar Descubre todas las aventuras que puedes vivir a tiro de piedra de Villa Mar\u00eda [\/vc_column_text][\/vc_column][\/vc_row][vc_row full_width=\u00bbstretch_row_content_no_spaces\u00bb el_class=\u00bbmt100&#8243;][vc_column][vc_row_inner el_class=\u00bbbg-rosa esperienze-bg\u00bb][vc_column_inner el_class=\u00bbptb100&#8243;][vc_column_text]...","og_url":"https:\/\/villamariaonline.com\/es\/esperienze\/","og_site_name":"Villa Maria","article_modified_time":"2022-05-30T14:24:54+00:00","twitter_card":"summary_large_image","twitter_misc":{"Tiempo de lectura":"3 minutos"},"schema":{"@context":"https:\/\/schema.org","@graph":[{"@type":"WebSite","@id":"https:\/\/villamariaonline.com\/#website","url":"https:\/\/villamariaonline.com\/","name":"Villa Maria","description":"Un nuovo sito targato WordPress","potentialAction":[{"@type":"SearchAction","target":{"@type":"EntryPoint","urlTemplate":"https:\/\/villamariaonline.com\/?s={search_term_string}"},"query-input":"required name=search_term_string"}],"inLanguage":"es"},{"@type":"WebPage","@id":"https:\/\/villamariaonline.com\/es\/esperienze\/#webpage","url":"https:\/\/villamariaonline.com\/es\/esperienze\/","name":"Esperienze - Villa Maria","isPartOf":{"@id":"https:\/\/villamariaonline.com\/#website"},"datePublished":"2022-03-01T15:19:56+00:00","dateModified":"2022-05-30T14:24:54+00:00","breadcrumb":{"@id":"https:\/\/villamariaonline.com\/es\/esperienze\/#breadcrumb"},"inLanguage":"es","potentialAction":[{"@type":"ReadAction","target":["https:\/\/villamariaonline.com\/es\/esperienze\/"]}]},{"@type":"BreadcrumbList","@id":"https:\/\/villamariaonline.com\/es\/esperienze\/#breadcrumb","itemListElement":[{"@type":"ListItem","position":1,"name":"Home","item":"https:\/\/villamariaonline.com\/es\/"},{"@type":"ListItem","position":2,"name":"Esperienze"}]}]}},"_links":{"self":[{"href":"https:\/\/villamariaonline.com\/es\/wp-json\/wp\/v2\/pages\/3242"}],"collection":[{"href":"https:\/\/villamariaonline.com\/es\/wp-json\/wp\/v2\/pages"}],"about":[{"href":"https:\/\/villamariaonline.com\/es\/wp-json\/wp\/v2\/types\/page"}],"author":[{"embeddable":true,"href":"https:\/\/villamariaonline.com\/es\/wp-json\/wp\/v2\/users\/1"}],"replies":[{"embeddable":true,"href":"https:\/\/villamariaonline.com\/es\/wp-json\/wp\/v2\/comments?post=3242"}],"version-history":[{"count":4,"href":"https:\/\/villamariaonline.com\/es\/wp-json\/wp\/v2\/pages\/3242\/revisions"}],"predecessor-version":[{"id":3279,"href":"https:\/\/villamariaonline.com\/es\/wp-json\/wp\/v2\/pages\/3242\/revisions\/3279"}],"wp:attachment":[{"href":"https:\/\/villamariaonline.com\/es\/wp-json\/wp\/v2\/media?parent=3242"}],"curies":[{"name":"wp","href":"https:\/\/api.w.org\/{rel}","templated":true}]}}