{"id":3247,"date":"2022-04-20T16:02:14","date_gmt":"2022-04-20T14:02:14","guid":{"rendered":"https:\/\/villamariaonline.com\/contatti\/"},"modified":"2022-05-30T14:51:06","modified_gmt":"2022-05-30T12:51:06","slug":"contatti","status":"publish","type":"page","link":"https:\/\/villamariaonline.com\/es\/contatti\/","title":{"rendered":"Contatti"},"content":{"rendered":"<p>[vc_row full_width=\u00bbstretch_row_content_no_spaces\u00bb el_class=\u00bbtestata contatti\u00bb][vc_column][\/vc_column][\/vc_row][vc_row el_class=\u00bbmt100&#8243;][vc_column offset=\u00bbvc_col-lg-offset-2 vc_col-lg-8 vc_col-md-offset-2 vc_col-md-8&#8243;][vc_column_text]<\/p>\n<h1 class=\"colore-rosso\" style=\"text-align: center;\">C\u00f3mo contactarnos<\/h1>\n<h2 style=\"text-align: center;\">Si te hemos intrigado y quieres m\u00e1s informaci\u00f3n sobre<br \/>\nla estructura, \u00a1no dudes en contactar con nosotros!<\/h2>\n<p>[\/vc_column_text][\/vc_column][\/vc_row][vc_row full_width=\u00bbstretch_row_content\u00bb equal_height=\u00bbyes\u00bb content_placement=\u00bbmiddle\u00bb el_class=\u00bbmt100&#8243;][vc_column width=\u00bb1\/2&#8243;]<div id='wrap_map_69e5af00d9455' class='ultimate-map-wrapper ult-adjust-bottom-margin ' style=' height:800px;'><div id='map_69e5af00d9455' data-map_override='0' class='ultimate_google_map wpb_content_element page_margin_top' style='width:100%;height:800px;'><\/div><\/div><script type='text\/javascript'>\r\n\t\t\t(function($) {\r\n  \t\t\t'use strict';\r\n\t\t\tvar map_map_69e5af00d9455 = null;\r\n\t\t\tvar coordinate_map_69e5af00d9455;\r\n\t\t\tvar isDraggable = $(document).width() > 641 ? true : true;\r\n\t\t\ttry\r\n\t\t\t{\r\n\t\t\t\tvar map_map_69e5af00d9455 = null;\r\n\t\t\t\tvar coordinate_map_69e5af00d9455;\r\n\t\t\t\tcoordinate_map_69e5af00d9455=new google.maps.LatLng(43.6824109, 10.5663483);\r\n\t\t\t\tvar mapOptions=\r\n\t\t\t\t{\r\n\t\t\t\t\tzoom: 13,\r\n\t\t\t\t\tcenter: coordinate_map_69e5af00d9455,\r\n\t\t\t\t\tscaleControl: true,\r\n\t\t\t\t\tstreetViewControl: false,\r\n\t\t\t\t\tmapTypeControl: false,\r\n\t\t\t\t\tpanControl: false,\r\n\t\t\t\t\tzoomControl: false,\r\n\t\t\t\t\tscrollwheel: true,\r\n\t\t\t\t\tdraggable: isDraggable,\r\n\t\t\t\t\tzoomControlOptions: {\r\n\t\t\t\t\t\tposition: google.maps.ControlPosition.RIGHT_BOTTOM\r\n\t\t\t\t\t},mapTypeId: google.maps.MapTypeId.ROADMAP,};var map_map_69e5af00d9455 = new google.maps.Map(document.getElementById('map_69e5af00d9455'),mapOptions);\r\n\t\t\t\t\t\tvar x = 'infowindow_open_value';\r\n\t\t\t\t\t\tvar marker_map_69e5af00d9455 = new google.maps.Marker({\r\n\t\t\t\t\t\tposition: new google.maps.LatLng(43.6824109, 10.5663483),\r\n\t\t\t\t\t\tanimation:  google.maps.Animation.DROP,\r\n\t\t\t\t\t\tmap: map_map_69e5af00d9455,\r\n\t\t\t\t\t\ticon: ''\r\n\t\t\t\t\t});\tgoogle.maps.event.addListener(marker_map_69e5af00d9455, 'click', toggleBounce);}\r\n\t\t\tcatch(e){};\r\n\t\t\tjQuery(document).ready(function($){\r\n\t\t\t\tgoogle.maps.event.trigger(map_map_69e5af00d9455, 'resize');\r\n\t\t\t\t$(window).resize(function(){\r\n\t\t\t\t\tgoogle.maps.event.trigger(map_map_69e5af00d9455, 'resize');\r\n\t\t\t\t\tif(map_map_69e5af00d9455!=null)\r\n\t\t\t\t\t\tmap_map_69e5af00d9455.setCenter(coordinate_map_69e5af00d9455);\r\n\t\t\t\t});\r\n\t\t\t\t$('.ui-tabs').bind('tabsactivate', function(event, ui) {\r\n\t\t\t\t   if($(this).find('.ultimate-map-wrapper').length > 0)\r\n\t\t\t\t\t{\r\n\t\t\t\t\t\tsetTimeout(function(){\r\n\t\t\t\t\t\t\t$(window).trigger('resize');\r\n\t\t\t\t\t\t},200);\r\n\t\t\t\t\t}\r\n\t\t\t\t});\r\n\t\t\t\t$('.ui-accordion').bind('accordionactivate', function(event, ui) {\r\n\t\t\t\t   if($(this).find('.ultimate-map-wrapper').length > 0)\r\n\t\t\t\t\t{\r\n\t\t\t\t\t\tsetTimeout(function(){\r\n\t\t\t\t\t\t\t$(window).trigger('resize');\r\n\t\t\t\t\t\t},200);\r\n\t\t\t\t\t}\r\n\t\t\t\t});\r\n\t\t\t\t$(window).load(function(){\r\n\t\t\t\t\tsetTimeout(function(){\r\n\t\t\t\t\t\t$(window).trigger('resize');\r\n\t\t\t\t\t},200);\r\n\t\t\t\t});\r\n\t\t\t\t$('.ult_exp_section').select(function(){\r\n\t\t\t\t\tif($(map_map_69e5af00d9455).parents('.ult_exp_section'))\r\n\t\t\t\t\t{\r\n\t\t\t\t\t\tsetTimeout(function(){\r\n\t\t\t\t\t\t\t$(window).trigger('resize');\r\n\t\t\t\t\t\t},200);\r\n\t\t\t\t\t}\r\n\t\t\t\t});\r\n\t\t\t\t$(document).on('onUVCModalPopupOpen', function(){\r\n\t\t\t\t\tif($(map_map_69e5af00d9455).parents('.ult_modal-content'))\r\n\t\t\t\t\t{\r\n\t\t\t\t\t\tsetTimeout(function(){\r\n\t\t\t\t\t\t\t$(window).trigger('resize');\r\n\t\t\t\t\t\t},200);\r\n\t\t\t\t\t}\r\n\t\t\t\t});\r\n\t\t\t\t$(document).on('click','.ult_tab_li',function(){\r\n\t\t\t\t\t$(window).trigger('resize');\r\n\t\t\t\t\tsetTimeout(function(){\r\n\t\t\t\t\t\t$(window).trigger('resize');\r\n\t\t\t\t\t},200);\r\n\t\t\t\t});\r\n\t\t\t});\r\n\t\t\tfunction toggleBounce() {\r\n\t\t\t  if (marker_map_69e5af00d9455.getAnimation() != null) {\r\n\t\t\t\tmarker_map_69e5af00d9455.setAnimation(null);\r\n\t\t\t  } else {\r\n\t\t\t\tmarker_map_69e5af00d9455.setAnimation(google.maps.Animation.BOUNCE);\r\n\t\t\t  }\r\n\t\t\t}\r\n\t\t\t})(jQuery);\r\n\t\t\t<\/script>[\/vc_column][vc_column width=\u00bb1\/2&#8243; offset=\u00bbvc_col-lg-offset-1 vc_col-lg-5&#8243;][vc_column_text]PUEDES CONTACTARNOS AQU\u00cd[\/vc_column_text][vc_row_inner][vc_column_inner][vc_column_text]Tel\u00e9fono: <a href=\"tel:+39050798840\"><span class=\"colore-grigio\">+39 050 798840<\/span><\/a>[\/vc_column_text][vc_column_text]Email: <span class=\"colore-grigio\">info@villamariaonline.com<\/span>[\/vc_column_text][vc_column_text]C\u00f3digo de Negocios Tur\u00edsticos: <span class=\"colore-grigio\">050038AFR0002<\/span>[\/vc_column_text][\/vc_column_inner][\/vc_row_inner][vc_column_text]O VEN A VISITARNOS[\/vc_column_text][vc_column_text el_class=\u00bbcolore-grigio\u00bb]Via Magellano,<br \/>\n116 Loc. San Giovanni alla Vena &#8211; Vicopisano (PISA)[\/vc_column_text][\/vc_column][\/vc_row][vc_row el_class=\u00bbmt100 contact-form\u00bb][vc_column offset=\u00bbvc_col-lg-offset-3 vc_col-lg-6 vc_col-md-offset-2 vc_col-md-8&#8243;][vc_column_text]<\/p>\n<h2 class=\"entry-title\" style=\"text-align: center;\">Solicitud de informaci\u00f3n<\/h2>\n<p>[\/vc_column_text]\n<div class=\"wpcf7 no-js\" id=\"wpcf7-f3250-o1\" lang=\"it-IT\" dir=\"ltr\">\n<div class=\"screen-reader-response\"><p role=\"status\" aria-live=\"polite\" aria-atomic=\"true\"><\/p> <ul><\/ul><\/div>\n<form action=\"\/es\/wp-json\/wp\/v2\/pages\/3247#wpcf7-f3250-o1\" method=\"post\" class=\"wpcf7-form init\" aria-label=\"Modulo di contatto\" novalidate=\"novalidate\" data-status=\"init\">\n<div style=\"display: none;\">\n<input type=\"hidden\" name=\"_wpcf7\" value=\"3250\" \/>\n<input type=\"hidden\" name=\"_wpcf7_version\" value=\"5.7.7\" \/>\n<input type=\"hidden\" name=\"_wpcf7_locale\" value=\"it_IT\" \/>\n<input type=\"hidden\" name=\"_wpcf7_unit_tag\" value=\"wpcf7-f3250-o1\" \/>\n<input type=\"hidden\" name=\"_wpcf7_container_post\" value=\"0\" \/>\n<input type=\"hidden\" name=\"_wpcf7_posted_data_hash\" value=\"\" \/>\n<input type=\"hidden\" name=\"_wpcf7_recaptcha_response\" value=\"\" \/>\n<\/div>\n<p><label> Nombre y apellido*<br \/>\n<span class=\"wpcf7-form-control-wrap\" data-name=\"your-name\"><input size=\"40\" class=\"wpcf7-form-control wpcf7-text wpcf7-validates-as-required\" aria-required=\"true\" aria-invalid=\"false\" value=\"\" type=\"text\" name=\"your-name\" \/><\/span> <\/label><br \/>\n<label> N\u00famero de tel\u00e9fono*<br \/>\n<span class=\"wpcf7-form-control-wrap\" data-name=\"your-phone\"><input size=\"40\" class=\"wpcf7-form-control wpcf7-text wpcf7-tel wpcf7-validates-as-required wpcf7-validates-as-tel\" aria-required=\"true\" aria-invalid=\"false\" value=\"\" type=\"tel\" name=\"your-phone\" \/><\/span> <\/label><br \/>\n<label> Email*<br \/>\n<span class=\"wpcf7-form-control-wrap\" data-name=\"your-email\"><input size=\"40\" class=\"wpcf7-form-control wpcf7-text wpcf7-email wpcf7-validates-as-required wpcf7-validates-as-email\" aria-required=\"true\" aria-invalid=\"false\" value=\"\" type=\"email\" name=\"your-email\" \/><\/span> <\/label>\n<\/p>\n<p><label> Tienes preguntas?*<br \/>\n<span class=\"wpcf7-form-control-wrap\" data-name=\"your-richiesta\"><textarea cols=\"40\" rows=\"10\" class=\"wpcf7-form-control wpcf7-textarea wpcf7-validates-as-required\" aria-required=\"true\" aria-invalid=\"false\" name=\"your-richiesta\"><\/textarea><\/span> <\/label>\n<\/p>\n<div class=\"privacy-submit-container\">\n\t<div class=\"privacy-link\">\n\t\t<p><span class=\"wpcf7-form-control-wrap\" data-name=\"acceptance-198\"><span class=\"wpcf7-form-control wpcf7-acceptance\"><span class=\"wpcf7-list-item\"><input type=\"checkbox\" name=\"acceptance-198\" value=\"1\" aria-invalid=\"false\" \/><\/span><\/span><\/span><label>He le\u00eddo la <a href=\"\/privacy-policy\/\" target=\"_blank\" class=\"colore-grigio\">pol\u00edtica de privacidad de conformidad<\/a> con el art\u00edculo 13 del Decreto Legislativo 196\/03 y declaro que doy mi consentimiento para el procesamiento de datos personales para los fines y con los m\u00e9todos espec\u00edficamente indicados en la informaci\u00f3n misma.<\/label><br \/>\n<label class=\"colore-grigio\">Responderemos en 72H<\/label>\n\t\t<\/p>\n\t<\/div>\n\t<p>\n\t\n\t<\/p>\n\t<div class=\"form_invio\">\n\t\t<p><input class=\"wpcf7-form-control has-spinner wpcf7-submit\" type=\"submit\" value=\"ENVIAR\" \/>\n\t\t<\/p>\n\t<\/div>\n<\/div><div class=\"wpcf7-response-output\" aria-hidden=\"true\"><\/div>\n<\/form>\n<\/div>\n[\/vc_column][\/vc_row]<\/p>\n","protected":false},"excerpt":{"rendered":"<p>[vc_row full_width=\u00bbstretch_row_content_no_spaces\u00bb el_class=\u00bbtestata contatti\u00bb][vc_column][\/vc_column][\/vc_row][vc_row el_class=\u00bbmt100&#8243;][vc_column offset=\u00bbvc_col-lg-offset-2 vc_col-lg-8 vc_col-md-offset-2 vc_col-md-8&#8243;][vc_column_text] C\u00f3mo contactarnos Si te hemos intrigado y quieres m\u00e1s informaci\u00f3n sobre la estructura, \u00a1no dudes en contactar con nosotros! [\/vc_column_text][\/vc_column][\/vc_row][vc_row full_width=\u00bbstretch_row_content\u00bb&#8230;<\/p>\n","protected":false},"author":1,"featured_media":0,"parent":0,"menu_order":0,"comment_status":"closed","ping_status":"closed","template":"","meta":{"_monsterinsights_skip_tracking":false,"_monsterinsights_sitenote_active":false,"_monsterinsights_sitenote_note":"","_monsterinsights_sitenote_category":0},"yoast_head":"<!-- This site is optimized with the Yoast SEO plugin v19.1 - https:\/\/yoast.com\/wordpress\/plugins\/seo\/ -->\n<title>Contatti - Villa Maria<\/title>\n<meta name=\"robots\" content=\"index, follow, max-snippet:-1, max-image-preview:large, max-video-preview:-1\" \/>\n<link rel=\"canonical\" href=\"https:\/\/villamariaonline.com\/es\/contatti\/\" \/>\n<meta property=\"og:locale\" content=\"es_ES\" \/>\n<meta property=\"og:type\" content=\"article\" \/>\n<meta property=\"og:title\" content=\"Contatti - Villa Maria\" \/>\n<meta property=\"og:description\" content=\"[vc_row full_width=\u00bbstretch_row_content_no_spaces\u00bb el_class=\u00bbtestata contatti\u00bb][vc_column][\/vc_column][\/vc_row][vc_row el_class=\u00bbmt100&#8243;][vc_column offset=\u00bbvc_col-lg-offset-2 vc_col-lg-8 vc_col-md-offset-2 vc_col-md-8&#8243;][vc_column_text] C\u00f3mo contactarnos Si te hemos intrigado y quieres m\u00e1s informaci\u00f3n sobre la estructura, \u00a1no dudes en contactar con nosotros! [\/vc_column_text][\/vc_column][\/vc_row][vc_row full_width=\u00bbstretch_row_content\u00bb...\" \/>\n<meta property=\"og:url\" content=\"https:\/\/villamariaonline.com\/es\/contatti\/\" \/>\n<meta property=\"og:site_name\" content=\"Villa Maria\" \/>\n<meta property=\"article:modified_time\" content=\"2022-05-30T12:51:06+00:00\" \/>\n<meta name=\"twitter:card\" content=\"summary_large_image\" \/>\n<meta name=\"twitter:label1\" content=\"Est. reading time\" \/>\n\t<meta name=\"twitter:data1\" content=\"1 minuto\" \/>\n<script type=\"application\/ld+json\" class=\"yoast-schema-graph\">{\"@context\":\"https:\/\/schema.org\",\"@graph\":[{\"@type\":\"WebSite\",\"@id\":\"https:\/\/villamariaonline.com\/#website\",\"url\":\"https:\/\/villamariaonline.com\/\",\"name\":\"Villa Maria\",\"description\":\"Un nuovo sito targato WordPress\",\"potentialAction\":[{\"@type\":\"SearchAction\",\"target\":{\"@type\":\"EntryPoint\",\"urlTemplate\":\"https:\/\/villamariaonline.com\/?s={search_term_string}\"},\"query-input\":\"required name=search_term_string\"}],\"inLanguage\":\"es\"},{\"@type\":\"WebPage\",\"@id\":\"https:\/\/villamariaonline.com\/es\/contatti\/#webpage\",\"url\":\"https:\/\/villamariaonline.com\/es\/contatti\/\",\"name\":\"Contatti - Villa Maria\",\"isPartOf\":{\"@id\":\"https:\/\/villamariaonline.com\/#website\"},\"datePublished\":\"2022-04-20T14:02:14+00:00\",\"dateModified\":\"2022-05-30T12:51:06+00:00\",\"breadcrumb\":{\"@id\":\"https:\/\/villamariaonline.com\/es\/contatti\/#breadcrumb\"},\"inLanguage\":\"es\",\"potentialAction\":[{\"@type\":\"ReadAction\",\"target\":[\"https:\/\/villamariaonline.com\/es\/contatti\/\"]}]},{\"@type\":\"BreadcrumbList\",\"@id\":\"https:\/\/villamariaonline.com\/es\/contatti\/#breadcrumb\",\"itemListElement\":[{\"@type\":\"ListItem\",\"position\":1,\"name\":\"Home\",\"item\":\"https:\/\/villamariaonline.com\/es\/\"},{\"@type\":\"ListItem\",\"position\":2,\"name\":\"Contatti\"}]}]}<\/script>\n<!-- \/ Yoast SEO plugin. -->","yoast_head_json":{"title":"Contatti - Villa Maria","robots":{"index":"index","follow":"follow","max-snippet":"max-snippet:-1","max-image-preview":"max-image-preview:large","max-video-preview":"max-video-preview:-1"},"canonical":"https:\/\/villamariaonline.com\/es\/contatti\/","og_locale":"es_ES","og_type":"article","og_title":"Contatti - Villa Maria","og_description":"[vc_row full_width=\u00bbstretch_row_content_no_spaces\u00bb el_class=\u00bbtestata contatti\u00bb][vc_column][\/vc_column][\/vc_row][vc_row el_class=\u00bbmt100&#8243;][vc_column offset=\u00bbvc_col-lg-offset-2 vc_col-lg-8 vc_col-md-offset-2 vc_col-md-8&#8243;][vc_column_text] C\u00f3mo contactarnos Si te hemos intrigado y quieres m\u00e1s informaci\u00f3n sobre la estructura, \u00a1no dudes en contactar con nosotros! [\/vc_column_text][\/vc_column][\/vc_row][vc_row full_width=\u00bbstretch_row_content\u00bb...","og_url":"https:\/\/villamariaonline.com\/es\/contatti\/","og_site_name":"Villa Maria","article_modified_time":"2022-05-30T12:51:06+00:00","twitter_card":"summary_large_image","twitter_misc":{"Est. reading time":"1 minuto"},"schema":{"@context":"https:\/\/schema.org","@graph":[{"@type":"WebSite","@id":"https:\/\/villamariaonline.com\/#website","url":"https:\/\/villamariaonline.com\/","name":"Villa Maria","description":"Un nuovo sito targato WordPress","potentialAction":[{"@type":"SearchAction","target":{"@type":"EntryPoint","urlTemplate":"https:\/\/villamariaonline.com\/?s={search_term_string}"},"query-input":"required name=search_term_string"}],"inLanguage":"es"},{"@type":"WebPage","@id":"https:\/\/villamariaonline.com\/es\/contatti\/#webpage","url":"https:\/\/villamariaonline.com\/es\/contatti\/","name":"Contatti - Villa Maria","isPartOf":{"@id":"https:\/\/villamariaonline.com\/#website"},"datePublished":"2022-04-20T14:02:14+00:00","dateModified":"2022-05-30T12:51:06+00:00","breadcrumb":{"@id":"https:\/\/villamariaonline.com\/es\/contatti\/#breadcrumb"},"inLanguage":"es","potentialAction":[{"@type":"ReadAction","target":["https:\/\/villamariaonline.com\/es\/contatti\/"]}]},{"@type":"BreadcrumbList","@id":"https:\/\/villamariaonline.com\/es\/contatti\/#breadcrumb","itemListElement":[{"@type":"ListItem","position":1,"name":"Home","item":"https:\/\/villamariaonline.com\/es\/"},{"@type":"ListItem","position":2,"name":"Contatti"}]}]}},"_links":{"self":[{"href":"https:\/\/villamariaonline.com\/es\/wp-json\/wp\/v2\/pages\/3247"}],"collection":[{"href":"https:\/\/villamariaonline.com\/es\/wp-json\/wp\/v2\/pages"}],"about":[{"href":"https:\/\/villamariaonline.com\/es\/wp-json\/wp\/v2\/types\/page"}],"author":[{"embeddable":true,"href":"https:\/\/villamariaonline.com\/es\/wp-json\/wp\/v2\/users\/1"}],"replies":[{"embeddable":true,"href":"https:\/\/villamariaonline.com\/es\/wp-json\/wp\/v2\/comments?post=3247"}],"version-history":[{"count":5,"href":"https:\/\/villamariaonline.com\/es\/wp-json\/wp\/v2\/pages\/3247\/revisions"}],"predecessor-version":[{"id":3254,"href":"https:\/\/villamariaonline.com\/es\/wp-json\/wp\/v2\/pages\/3247\/revisions\/3254"}],"wp:attachment":[{"href":"https:\/\/villamariaonline.com\/es\/wp-json\/wp\/v2\/media?parent=3247"}],"curies":[{"name":"wp","href":"https:\/\/api.w.org\/{rel}","templated":true}]}}