{"id":3257,"date":"2022-03-09T15:27:24","date_gmt":"2022-03-09T14:27:24","guid":{"rendered":"https:\/\/villamariaonline.com\/ceramica\/"},"modified":"2022-05-30T16:23:27","modified_gmt":"2022-05-30T14:23:27","slug":"ceramica","status":"publish","type":"page","link":"https:\/\/villamariaonline.com\/es\/ceramica\/","title":{"rendered":"Ceramica"},"content":{"rendered":"<p>[vc_row full_width=\u00bbstretch_row_content_no_spaces\u00bb el_class=\u00bbtestata ceramica\u00bb][vc_column][\/vc_column][\/vc_row][vc_row el_class=\u00bbmt100&#8243;][vc_column][vc_column_text]<\/p>\n<h1 class=\"colore-rosso\" style=\"text-align: center;\">Descubre el arte de la cer\u00e1mica<\/h1>\n<h2 style=\"text-align: center;\">Un taller artesanal a tiro de piedra de Villa Mar\u00eda<br \/>\nque te permitir\u00e1 vivir una experiencia \u00fanica<\/h2>\n<p>[\/vc_column_text][\/vc_column][\/vc_row][vc_row full_width=\u00bbstretch_row_content_no_spaces\u00bb el_class=\u00bbmt100&#8243;][vc_column css=\u00bb.vc_custom_1646839074764{background-image: url(https:\/\/villamariaonline.com\/wp-content\/uploads\/2022\/03\/img_ceramica.jpg?id=243) !important;background-position: center !important;background-repeat: no-repeat !important;background-size: cover !important;}\u00bb el_class=\u00bbbb-imgcover\u00bb][\/vc_column][\/vc_row][vc_row el_class=\u00bbmt100&#8243;][vc_column][vc_single_image image=\u00bb457&#8243; img_size=\u00bbfull\u00bb alignment=\u00bbcenter\u00bb el_class=\u00bbtrekking-icone\u00bb][\/vc_column][\/vc_row][vc_row content_placement=\u00bbmiddle\u00bb el_class=\u00bbmt100&#8243;][vc_column width=\u00bb1\/2&#8243; offset=\u00bbvc_col-lg-5&#8243;][vc_single_image image=\u00bb461&#8243; img_size=\u00bbfull\u00bb][\/vc_column][vc_column width=\u00bb1\/2&#8243; offset=\u00bbvc_col-lg-offset-2 vc_col-lg-5&#8243;][vc_column_text el_class=\u00bbtext-center-mobile\u00bb]<\/p>\n<h4 class=\"font-regular\">Taller personalizado<\/h4>\n<p>El antiguo pueblo medieval de Vicopisano mantiene vivas sus tradiciones tambi\u00e9n a trav\u00e9s del fascinante taller de cer\u00e1mica. Adem\u00e1s de encontrar objetos absolutamente \u00fanicos y totalmente personalizables, en el laboratorio del pueblo es posible ponerse a prueba en primera persona con este arte milenario.[\/vc_column_text][\/vc_column][\/vc_row][vc_row content_placement=\u00bbmiddle\u00bb el_class=\u00bbmt100&#8243;][vc_column width=\u00bb5\/12&#8243; el_class=\u00bborder2mobile\u00bb][vc_column_text el_class=\u00bbtext-center-mobile\u00bb]<\/p>\n<h4 class=\"font-regular\">Crea algo \u00fanico<\/h4>\n<p>El maestro te guiar\u00e1 paso a paso hacia la realizaci\u00f3n de un objeto que nacer\u00e1 directamente de tus manos. Un recuerdo que realmente traer\u00e1 buenos recuerdos de vacaciones o un pensamiento afectuoso para un ser querido, su creaci\u00f3n de cer\u00e1mica seguramente encontrar\u00e1 un lugar especial cuando regrese a casa.[\/vc_column_text][\/vc_column][vc_column width=\u00bb1\/2&#8243; offset=\u00bbvc_col-lg-offset-2 vc_col-lg-5&#8243;][vc_single_image image=\u00bb465&#8243; img_size=\u00bbfull\u00bb][\/vc_column][\/vc_row][vc_row el_class=\u00bbmt100&#8243;][vc_column][vc_column_text]<\/p>\n<h2 style=\"text-align: center;\">Reserva tu lecci\u00f3n<\/h2>\n<p>[\/vc_column_text][vc_row_inner][vc_column_inner width=\u00bb1\/4&#8243; offset=\u00bbvc_col-xs-6&#8243;][vc_column_text]<\/p>\n<p class=\"font-regular\" style=\"text-align: center;\">HORAS<\/p>\n<p class=\"colore-grigio\" style=\"text-align: center;\">Bajo pedido<\/p>\n<p>[\/vc_column_text][\/vc_column_inner][vc_column_inner width=\u00bb1\/4&#8243; offset=\u00bbvc_col-xs-6&#8243;][vc_column_text]<\/p>\n<p class=\"font-regular\" style=\"text-align: center;\">TIEMPO<\/p>\n<p class=\"colore-grigio\" style=\"text-align: center;\">Alrededor de 3 horas<\/p>\n<p>[\/vc_column_text][\/vc_column_inner][vc_column_inner width=\u00bb1\/4&#8243; offset=\u00bbvc_col-xs-6&#8243;][vc_column_text]<\/p>\n<p class=\"font-regular\" style=\"text-align: center;\">PARTICIPANTES<\/p>\n<p class=\"colore-grigio\" style=\"text-align: center;\">Individuo | Grupos<\/p>\n<p>[\/vc_column_text][\/vc_column_inner][vc_column_inner width=\u00bb1\/4&#8243; offset=\u00bbvc_col-xs-6&#8243;][vc_column_text]<\/p>\n<p class=\"font-regular\" style=\"text-align: center;\">RESERVA EN<\/p>\n<p class=\"colore-grigio\" style=\"text-align: center;\">+39 050 798840<\/p>\n<p>[\/vc_column_text][\/vc_column_inner][\/vc_row_inner][\/vc_column][\/vc_row][vc_row full_width=\u00bbstretch_row\u00bb el_class=\u00bbmt100 bg-rosa ptb100&#8243;][vc_column][vc_column_text el_class=\u00bbm0&#8243;]<\/p>\n<h2 style=\"text-align: center;\">Trekking en las monta\u00f1as de Pisa<\/h2>\n<p>[\/vc_column_text][\/vc_column][\/vc_row][vc_row content_placement=\u00bbmiddle\u00bb el_class=\u00bbmargin-top-neg\u00bb][vc_column width=\u00bb1\/2&#8243; offset=\u00bbvc_col-lg-5&#8243;][vc_single_image image=\u00bb469&#8243; img_size=\u00bbfull\u00bb][\/vc_column][vc_column width=\u00bb1\/2&#8243; offset=\u00bbvc_col-lg-offset-2 vc_col-lg-5&#8243;][vc_column_text el_class=\u00bbtext-center-mobile\u00bb]<\/p>\n<h4>Una forma m\u00e1s lenta y consciente de descubrir el territorio es caminarlo, disfrutando de cada paso. Las Monta\u00f1as Pisanas son ricas en itinerarios y caminos, se\u00f1alizados y seguros: caminos de diferente longitud y dificultad, adecuados para los m\u00e1s diferentes niveles de entrenamiento. Vive la naturaleza y admira los paisajes m\u00e1s hermosos.<\/h4>\n<p>[\/vc_column_text][vc_btn title=\u00bbDESCUBRES\u00bb style=\u00bbclassic\u00bb shape=\u00bbsquare\u00bb align=\u00bbcenter\u00bb link=\u00bburl:http%3A%2F%2Fvillamariaonline.com%2Fes%2Ftrekking%2F|title:Trekking\u00bb el_class=\u00bbtext-left-dsk cta-grigio\u00bb][\/vc_column][\/vc_row][vc_row full_width=\u00bbstretch_row\u00bb el_class=\u00bbmt100 bg-rosa ptb100&#8243;][vc_column][vc_column_text el_class=\u00bbm0&#8243;]<\/p>\n<h2 style=\"text-align: center;\">Revive los a\u00f1os 70 en el Rolando Bar Museo<\/h2>\n<p>[\/vc_column_text][\/vc_column][\/vc_row][vc_row content_placement=\u00bbmiddle\u00bb el_class=\u00bbmargin-top-neg pb100&#8243;][vc_column width=\u00bb1\/2&#8243; offset=\u00bbvc_col-lg-5&#8243;][vc_single_image image=\u00bb473&#8243; img_size=\u00bbfull\u00bb][\/vc_column][vc_column width=\u00bb1\/2&#8243; offset=\u00bbvc_col-lg-offset-2 vc_col-lg-5&#8243;][vc_column_text el_class=\u00bbtext-center-mobile\u00bb]<\/p>\n<h4>\u00a1Revive el ambiente de los a\u00f1os 70 en el hist\u00f3rico Bar Museo Rolando disfrutando de un aperitivo o un caf\u00e9 con amigos!<\/h4>\n<p>[\/vc_column_text][vc_btn title=\u00bbDESCUBRES\u00bb style=\u00bbclassic\u00bb shape=\u00bbsquare\u00bb align=\u00bbcenter\u00bb link=\u00bburl:http%3A%2F%2Fvillamariaonline.com%2Fes%2Frolando%2F|title:Rolando\u00bb el_class=\u00bbtext-left-dsk cta-grigio\u00bb][\/vc_column][\/vc_row]<\/p>\n","protected":false},"excerpt":{"rendered":"<p>[vc_row full_width=\u00bbstretch_row_content_no_spaces\u00bb el_class=\u00bbtestata ceramica\u00bb][vc_column][\/vc_column][\/vc_row][vc_row el_class=\u00bbmt100&#8243;][vc_column][vc_column_text] Descubre el arte de la cer\u00e1mica Un taller artesanal a tiro de piedra de Villa Mar\u00eda que te permitir\u00e1 vivir una experiencia \u00fanica [\/vc_column_text][\/vc_column][\/vc_row][vc_row full_width=\u00bbstretch_row_content_no_spaces\u00bb&#8230;<\/p>\n","protected":false},"author":1,"featured_media":0,"parent":0,"menu_order":0,"comment_status":"closed","ping_status":"closed","template":"","meta":{"_monsterinsights_skip_tracking":false,"_monsterinsights_sitenote_active":false,"_monsterinsights_sitenote_note":"","_monsterinsights_sitenote_category":0},"yoast_head":"<!-- This site is optimized with the Yoast SEO plugin v19.1 - https:\/\/yoast.com\/wordpress\/plugins\/seo\/ -->\n<title>Ceramica - Villa Maria<\/title>\n<meta name=\"robots\" content=\"index, follow, max-snippet:-1, max-image-preview:large, max-video-preview:-1\" \/>\n<link rel=\"canonical\" href=\"https:\/\/villamariaonline.com\/es\/ceramica\/\" \/>\n<meta property=\"og:locale\" content=\"es_ES\" \/>\n<meta property=\"og:type\" content=\"article\" \/>\n<meta property=\"og:title\" content=\"Ceramica - Villa Maria\" \/>\n<meta property=\"og:description\" content=\"[vc_row full_width=\u00bbstretch_row_content_no_spaces\u00bb el_class=\u00bbtestata ceramica\u00bb][vc_column][\/vc_column][\/vc_row][vc_row el_class=\u00bbmt100&#8243;][vc_column][vc_column_text] Descubre el arte de la cer\u00e1mica Un taller artesanal a tiro de piedra de Villa Mar\u00eda que te permitir\u00e1 vivir una experiencia \u00fanica [\/vc_column_text][\/vc_column][\/vc_row][vc_row full_width=\u00bbstretch_row_content_no_spaces\u00bb...\" \/>\n<meta property=\"og:url\" content=\"https:\/\/villamariaonline.com\/es\/ceramica\/\" \/>\n<meta property=\"og:site_name\" content=\"Villa Maria\" \/>\n<meta property=\"article:modified_time\" content=\"2022-05-30T14:23:27+00:00\" \/>\n<meta name=\"twitter:card\" content=\"summary_large_image\" \/>\n<meta name=\"twitter:label1\" content=\"Tiempo de lectura\" \/>\n\t<meta name=\"twitter:data1\" content=\"4 minutos\" \/>\n<script type=\"application\/ld+json\" class=\"yoast-schema-graph\">{\"@context\":\"https:\/\/schema.org\",\"@graph\":[{\"@type\":\"WebSite\",\"@id\":\"https:\/\/villamariaonline.com\/#website\",\"url\":\"https:\/\/villamariaonline.com\/\",\"name\":\"Villa Maria\",\"description\":\"Un nuovo sito targato WordPress\",\"potentialAction\":[{\"@type\":\"SearchAction\",\"target\":{\"@type\":\"EntryPoint\",\"urlTemplate\":\"https:\/\/villamariaonline.com\/?s={search_term_string}\"},\"query-input\":\"required name=search_term_string\"}],\"inLanguage\":\"es\"},{\"@type\":\"WebPage\",\"@id\":\"https:\/\/villamariaonline.com\/es\/ceramica\/#webpage\",\"url\":\"https:\/\/villamariaonline.com\/es\/ceramica\/\",\"name\":\"Ceramica - Villa Maria\",\"isPartOf\":{\"@id\":\"https:\/\/villamariaonline.com\/#website\"},\"datePublished\":\"2022-03-09T14:27:24+00:00\",\"dateModified\":\"2022-05-30T14:23:27+00:00\",\"breadcrumb\":{\"@id\":\"https:\/\/villamariaonline.com\/es\/ceramica\/#breadcrumb\"},\"inLanguage\":\"es\",\"potentialAction\":[{\"@type\":\"ReadAction\",\"target\":[\"https:\/\/villamariaonline.com\/es\/ceramica\/\"]}]},{\"@type\":\"BreadcrumbList\",\"@id\":\"https:\/\/villamariaonline.com\/es\/ceramica\/#breadcrumb\",\"itemListElement\":[{\"@type\":\"ListItem\",\"position\":1,\"name\":\"Home\",\"item\":\"https:\/\/villamariaonline.com\/es\/\"},{\"@type\":\"ListItem\",\"position\":2,\"name\":\"Ceramica\"}]}]}<\/script>\n<!-- \/ Yoast SEO plugin. -->","yoast_head_json":{"title":"Ceramica - Villa Maria","robots":{"index":"index","follow":"follow","max-snippet":"max-snippet:-1","max-image-preview":"max-image-preview:large","max-video-preview":"max-video-preview:-1"},"canonical":"https:\/\/villamariaonline.com\/es\/ceramica\/","og_locale":"es_ES","og_type":"article","og_title":"Ceramica - Villa Maria","og_description":"[vc_row full_width=\u00bbstretch_row_content_no_spaces\u00bb el_class=\u00bbtestata ceramica\u00bb][vc_column][\/vc_column][\/vc_row][vc_row el_class=\u00bbmt100&#8243;][vc_column][vc_column_text] Descubre el arte de la cer\u00e1mica Un taller artesanal a tiro de piedra de Villa Mar\u00eda que te permitir\u00e1 vivir una experiencia \u00fanica [\/vc_column_text][\/vc_column][\/vc_row][vc_row full_width=\u00bbstretch_row_content_no_spaces\u00bb...","og_url":"https:\/\/villamariaonline.com\/es\/ceramica\/","og_site_name":"Villa Maria","article_modified_time":"2022-05-30T14:23:27+00:00","twitter_card":"summary_large_image","twitter_misc":{"Tiempo de lectura":"4 minutos"},"schema":{"@context":"https:\/\/schema.org","@graph":[{"@type":"WebSite","@id":"https:\/\/villamariaonline.com\/#website","url":"https:\/\/villamariaonline.com\/","name":"Villa Maria","description":"Un nuovo sito targato WordPress","potentialAction":[{"@type":"SearchAction","target":{"@type":"EntryPoint","urlTemplate":"https:\/\/villamariaonline.com\/?s={search_term_string}"},"query-input":"required name=search_term_string"}],"inLanguage":"es"},{"@type":"WebPage","@id":"https:\/\/villamariaonline.com\/es\/ceramica\/#webpage","url":"https:\/\/villamariaonline.com\/es\/ceramica\/","name":"Ceramica - Villa Maria","isPartOf":{"@id":"https:\/\/villamariaonline.com\/#website"},"datePublished":"2022-03-09T14:27:24+00:00","dateModified":"2022-05-30T14:23:27+00:00","breadcrumb":{"@id":"https:\/\/villamariaonline.com\/es\/ceramica\/#breadcrumb"},"inLanguage":"es","potentialAction":[{"@type":"ReadAction","target":["https:\/\/villamariaonline.com\/es\/ceramica\/"]}]},{"@type":"BreadcrumbList","@id":"https:\/\/villamariaonline.com\/es\/ceramica\/#breadcrumb","itemListElement":[{"@type":"ListItem","position":1,"name":"Home","item":"https:\/\/villamariaonline.com\/es\/"},{"@type":"ListItem","position":2,"name":"Ceramica"}]}]}},"_links":{"self":[{"href":"https:\/\/villamariaonline.com\/es\/wp-json\/wp\/v2\/pages\/3257"}],"collection":[{"href":"https:\/\/villamariaonline.com\/es\/wp-json\/wp\/v2\/pages"}],"about":[{"href":"https:\/\/villamariaonline.com\/es\/wp-json\/wp\/v2\/types\/page"}],"author":[{"embeddable":true,"href":"https:\/\/villamariaonline.com\/es\/wp-json\/wp\/v2\/users\/1"}],"replies":[{"embeddable":true,"href":"https:\/\/villamariaonline.com\/es\/wp-json\/wp\/v2\/comments?post=3257"}],"version-history":[{"count":4,"href":"https:\/\/villamariaonline.com\/es\/wp-json\/wp\/v2\/pages\/3257\/revisions"}],"predecessor-version":[{"id":3278,"href":"https:\/\/villamariaonline.com\/es\/wp-json\/wp\/v2\/pages\/3257\/revisions\/3278"}],"wp:attachment":[{"href":"https:\/\/villamariaonline.com\/es\/wp-json\/wp\/v2\/media?parent=3257"}],"curies":[{"name":"wp","href":"https:\/\/api.w.org\/{rel}","templated":true}]}}