{"id":3261,"date":"2022-04-20T16:24:56","date_gmt":"2022-04-20T14:24:56","guid":{"rendered":"https:\/\/villamariaonline.com\/privacy-policy\/"},"modified":"2022-06-14T16:44:22","modified_gmt":"2022-06-14T14:44:22","slug":"privacy-policy","status":"publish","type":"page","link":"https:\/\/villamariaonline.com\/es\/privacy-policy\/","title":{"rendered":"Privacy policy"},"content":{"rendered":"<p>[vc_row el_class=\u00bbptb100&#8243;][vc_column][vc_column_text]<\/p>\n<h2 class=\"entry-title\" style=\"text-align: left;\">POL\u00cdTICA DE PRIVACIDAD<\/h2>\n<p>[\/vc_column_text][vc_column_text]Esta Aplicaci\u00f3n recopila algunos Datos Personales de sus Usuarios.<br \/>\nControlador de datos y propietario<\/p>\n<p>VILLA MARIA<br \/>\nV\u00eda Magallanes, 116<br \/>\nVicopisano (PISA)<br \/>\n<a href=\"mailto:info@villamariaonline.com\">info@villamariaonline.com<\/a><\/p>\n<p><strong>Tipos de datos recopilados<\/strong><br \/>\nEntre los tipos de Datos Personales que recopila esta Aplicaci\u00f3n, por s\u00ed misma o a trav\u00e9s de terceros, se encuentran: Direcci\u00f3n de correo electr\u00f3nico, Nombre, Apellidos, N\u00famero de tel\u00e9fono, Raz\u00f3n social, Provincia, Cookie y Datos de uso.<br \/>\nOtros Datos personales recopilados pueden describirse en otras secciones de esta pol\u00edtica de privacidad o mediante un texto de explicaci\u00f3n dedicado contextualmente con la recopilaci\u00f3n de Datos.<br \/>\nLos Datos Personales pueden ser proporcionados libremente por el Usuario, o recopilados autom\u00e1ticamente al utilizar esta Aplicaci\u00f3n. Cualquier uso de Cookies -o de otras herramientas de seguimiento- por parte de esta Aplicaci\u00f3n o de los propietarios de servicios de terceros utilizados por esta Aplicaci\u00f3n, salvo que se indique lo contrario, sirve para identificar a los Usuarios y recordar sus preferencias, con el \u00fanico fin de prestar el servicio requerido por el usuario. El hecho de no proporcionar ciertos Datos personales puede hacer que esta Aplicaci\u00f3n no pueda proporcionar sus servicios. Los usuarios son responsables de los Datos personales de terceros obtenidos, publicados o compartidos a trav\u00e9s de esta Aplicaci\u00f3n y confirman que cuentan con el consentimiento del tercero para proporcionar los Datos al Titular.<\/p>\n<p><strong>Modo y lugar de tratamiento de los Datos<\/strong><\/p>\n<p><strong>M\u00e9todos de procesamiento<\/strong><br \/>\nEl Controlador de datos procesa los Datos de los Usuarios de manera adecuada y tomar\u00e1 las medidas de seguridad adecuadas para evitar el acceso no autorizado, la divulgaci\u00f3n, la modificaci\u00f3n o la destrucci\u00f3n no autorizada de los Datos. El tratamiento de los Datos se lleva a cabo utilizando ordenadores y\/o herramientas inform\u00e1ticas, siguiendo procedimientos y modos organizativos estrictamente relacionados con las finalidades indicadas. Adem\u00e1s del Controlador de datos, en algunos casos, los Datos pueden ser accesibles a ciertos tipos de personas a cargo, involucradas con la operaci\u00f3n del sitio (administraci\u00f3n, ventas, marketing, legal, administraci\u00f3n del sistema) o partes externas (como terceros). terceros proveedores de servicios t\u00e9cnicos, carteros, proveedores de hosting, empresas inform\u00e1ticas, agencias de comunicaci\u00f3n) designados, en su caso, como Encargados del Tratamiento por el Titular. La lista actualizada de estas partes se puede solicitar al Controlador de datos en cualquier momento.<\/p>\n<p><strong>Lugar<\/strong><br \/>\nLos Datos se procesan en las oficinas operativas del Controlador de datos y en cualquier otro lugar donde se encuentren las partes involucradas en el procesamiento. Para obtener m\u00e1s informaci\u00f3n, p\u00f3ngase en contacto con el controlador de datos.<\/p>\n<p><strong>Tiempo de retenci\u00f3n<\/strong><br \/>\nLos Datos se conservan durante el tiempo necesario para prestar el servicio solicitado por el Usuario, o indicado por los fines descritos en este documento, y el Usuario siempre puede solicitar que el Controlador de datos suspenda o elimine los datos.<\/p>\n<p><strong>El uso de los Datos recopilados<\/strong><br \/>\nLos Datos relativos al Usuario son recabados para permitir al Titular la prestaci\u00f3n de sus servicios, as\u00ed como para las siguientes finalidades: Contacto con el Usuario, Estad\u00edsticas y Visualizaci\u00f3n de contenidos de plataformas externas. Los Datos Personales utilizados para cada prop\u00f3sito se describen en las secciones espec\u00edficas de este documento.<\/p>\n<p><strong>Informaci\u00f3n detallada sobre el tratamiento de Datos Personales<\/strong><br \/>\nLos datos personales se recopilan para los siguientes prop\u00f3sitos y utilizando los siguientes servicios:<\/p>\n<p><strong>Anal\u00edtica<\/strong><br \/>\nLos servicios contenidos en esta secci\u00f3n permiten al Titular monitorear y analizar el tr\u00e1fico web y pueden usarse para realizar un seguimiento del comportamiento del Usuario.<\/p>\n<p><strong>Google Analytics (Google Inc.)<\/strong><br \/>\nGoogle Analytics es un servicio de an\u00e1lisis web proporcionado por Google Inc. (\u00abGoogle\u00bb). Google utiliza los Datos recopilados para rastrear y examinar el uso de esta Aplicaci\u00f3n, para preparar informes sobre sus actividades y compartirlos con otros servicios de Google. Google podr\u00e1 utilizar los Datos recopilados para contextualizar y personalizar los anuncios de su propia red publicitaria. Datos personales recopilados: Cookie y datos de uso. Lugar de procesamiento: EE. UU. \u2013\u00a0Pol\u00edtica de privacidad\u00a0&#8211;\u00a0Optar por no participar<\/p>\n<p><strong>Mostrar contenido de plataformas externas<\/strong><br \/>\nEstos servicios le permiten visualizar contenidos alojados en plataformas externas directamente desde las p\u00e1ginas de esta Aplicaci\u00f3n e interactuar con ellas. Si se instala un servicio de este tipo, a\u00fan puede recopilar datos de tr\u00e1fico web para las p\u00e1ginas donde est\u00e1 instalado el servicio, incluso cuando los usuarios no lo utilizan.<\/p>\n<p><strong>Fuentes de Google (Google Inc.)<\/strong><br \/>\nGoogle Fonts es un servicio de visualizaci\u00f3n de tipograf\u00eda proporcionado por Google Inc. que permite que esta Aplicaci\u00f3n incorpore contenido de este tipo en sus p\u00e1ginas. Datos personales recopilados: Cookie y datos de uso. Lugar de procesamiento: EE. UU. \u2013\u00a0Pol\u00edtica de privacidad<\/p>\n<p><strong>Ponerse en contacto con el usuario<\/strong><\/p>\n<p><strong>Lista de correo o bolet\u00edn (esta aplicaci\u00f3n)<\/strong><br \/>\nAl registrarse en la lista de correo o para recibir el bolet\u00edn, la direcci\u00f3n de correo electr\u00f3nico del Usuario se agregar\u00e1 a la lista de contactos de quienes pueden recibir mensajes de correo electr\u00f3nico que contengan informaci\u00f3n de car\u00e1cter comercial o promocional sobre esta Aplicaci\u00f3n. Su direcci\u00f3n de correo electr\u00f3nico tambi\u00e9n podr\u00eda agregarse a esta lista como resultado de registrarse en esta Aplicaci\u00f3n o despu\u00e9s de realizar una compra. Datos personales recopilados: direcci\u00f3n de correo electr\u00f3nico y nombre.<\/p>\n<p><strong>Formulario de contacto (Esta aplicaci\u00f3n)<\/strong><br \/>\nAl completar el formulario de contacto con sus Datos, el Usuario autoriza a esta Aplicaci\u00f3n a utilizar estos datos para responder a las solicitudes de informaci\u00f3n, cotizaciones o cualquier otro tipo de solicitud que se indique en el encabezado del formulario. Datos Personales recabados: Nombre de la empresa, Direcci\u00f3n de correo electr\u00f3nico, Nombre, Apellidos, Tel\u00e9fono y Provincia.<\/p>\n<p><strong>Registro y autenticaci\u00f3n<\/strong><br \/>\nAl registrarse o autenticarse, los Usuarios permiten que esta Aplicaci\u00f3n los identifique y les d\u00e9 acceso a servicios dedicados.<br \/>\nDependiendo de lo que se describe a continuaci\u00f3n, terceros pueden proporcionar servicios de registro y autenticaci\u00f3n.<br \/>\nEn este caso, esta Aplicaci\u00f3n podr\u00e1 acceder a algunos Datos, almacenados por estos servicios de terceros, con fines de registro o identificaci\u00f3n.<br \/>\nRegistro directo (Esta aplicaci\u00f3n)<br \/>\nEl Usuario se registra completando el formulario de registro y proporcionando los Datos Personales directamente a esta Aplicaci\u00f3n.<br \/>\nDatos Personales recabados: Ciudad, Raz\u00f3n social, Direcci\u00f3n de correo electr\u00f3nico, Nombre y Apellido.<\/p>\n<p><strong>Cookies<\/strong><br \/>\nNo se adquiere ning\u00fan dato personal del usuario del sitio.<\/p>\n<p>No utilizamos cookies para la transmisi\u00f3n de Informaci\u00f3n Personal, ni utilizamos cookies persistentes de ning\u00fan tipo, sistemas de seguimiento de usuarios.<\/p>\n<p>El uso de cookies de sesi\u00f3n (que no se almacenan permanentemente en la computadora del Usuario y desaparecen cuando se cierra el navegador) est\u00e1 estrictamente limitado a la transmisi\u00f3n de identificadores de sesi\u00f3n (que consisten en n\u00fameros aleatorios C\u00f3digo Generado desde el servidor) necesarios para permitir la exploraci\u00f3n segura y eficiente de el sitio .<\/p>\n<p>Las cookies de sesi\u00f3n utilizadas en este sitio evitan el uso de otras t\u00e9cnicas inform\u00e1ticas que podr\u00edan comprometer la privacidad de los usuarios y que no permiten la adquisici\u00f3n de Informaci\u00f3n Personal de identificaci\u00f3n del Usuario.<\/p>\n<p><strong>Informaci\u00f3n adicional sobre la recopilaci\u00f3n y el procesamiento de datos<\/strong><\/p>\n<p><strong>Accion legal<\/strong><br \/>\nLos Datos Personales del Usuario podr\u00e1n ser utilizados con fines legales por el Responsable del Tratamiento, en sede judicial o en las etapas conducentes a posibles acciones judiciales derivadas del uso indebido de esta Aplicaci\u00f3n o de los servicios relacionados. El Usuario declara ser consciente de que el Controlador de datos puede estar obligado a revelar datos personales a pedido de las autoridades p\u00fablicas.<\/p>\n<p><strong>Informaci\u00f3n adicional sobre los Datos Personales del Usuario<\/strong><br \/>\nAdem\u00e1s de la informaci\u00f3n contenida en esta pol\u00edtica de privacidad, esta Aplicaci\u00f3n puede proporcionar al Usuario informaci\u00f3n adicional y contextual sobre servicios particulares o la recopilaci\u00f3n y el procesamiento de Datos Personales previa solicitud.<\/p>\n<p><strong>Registros y mantenimiento del sistema<\/strong><br \/>\nPara fines de operaci\u00f3n y mantenimiento, esta Aplicaci\u00f3n y los servicios de terceros pueden recopilar archivos que registran la interacci\u00f3n con esta Aplicaci\u00f3n (Registros del sistema) o usar para este prop\u00f3sito otros Datos personales (como la direcci\u00f3n IP).<\/p>\n<p><strong>Informaci\u00f3n no contenida en esta pol\u00edtica<\/strong><br \/>\nSe pueden solicitar m\u00e1s detalles sobre la recopilaci\u00f3n o el procesamiento de Datos personales al Controlador de datos en cualquier momento. Consulte la informaci\u00f3n de contacto al principio de este documento.<\/p>\n<p><strong>Los derechos de los Usuarios<\/strong><br \/>\nLos usuarios tienen derecho, en cualquier momento, a saber si sus Datos Personales han sido almacenados y pueden consultar al Controlador de Datos para conocer su contenido y origen, verificar su exactitud o solicitar que se completen, cancelen, actualicen o corrijan. , o para su transformaci\u00f3n en formato an\u00f3nimo o para bloquear los datos que se posean con infracci\u00f3n de la ley, as\u00ed como para oponerse a su tratamiento por cualquier motivo leg\u00edtimo. Las solicitudes deben enviarse al controlador de datos a la informaci\u00f3n de contacto establecida anteriormente. Esta aplicaci\u00f3n no admite solicitudes de \u00abNo rastrear\u00bb. Para determinar si alguno de los servicios de terceros que utiliza cumple con las solicitudes de \u00abNo rastrear\u00bb, lea sus pol\u00edticas de privacidad.<\/p>\n<p><strong>Cambios a esta pol\u00edtica de privacidad<\/strong><br \/>\nEl Controlador de datos se reserva el derecho de realizar cambios en esta pol\u00edtica de privacidad en cualquier momento mediante notificaci\u00f3n a sus Usuarios en esta p\u00e1gina. Se recomienda encarecidamente consultar esta p\u00e1gina con frecuencia, consultando la fecha de la \u00faltima modificaci\u00f3n que figura en la parte inferior. Si un Usuario se opone a cualquiera de los cambios en la Pol\u00edtica, el Usuario debe dejar de usar esta Aplicaci\u00f3n y puede solicitar que el Controlador de datos elimine los Datos personales. A menos que se indique lo contrario, la pol\u00edtica de privacidad vigente en ese momento se aplica a todos los Datos personales que el Controlador de datos tiene sobre los Usuarios.<\/p>\n<p><strong>Informaci\u00f3n sobre esta pol\u00edtica de privacidad<\/strong><br \/>\nEl Controlador de datos es responsable de esta pol\u00edtica de privacidad.<\/p>\n<p><strong>Definiciones y referencias legales<\/strong><\/p>\n<p><strong>Datos Personales (o Datos)<\/strong><br \/>\nCualquier informaci\u00f3n relativa a una persona f\u00edsica, una persona jur\u00eddica, una instituci\u00f3n o una asociaci\u00f3n, que sea o pueda ser identificada, incluso indirectamente, por referencia a cualquier otra informaci\u00f3n, incluido un n\u00famero de identificaci\u00f3n personal.<\/p>\n<p><strong>Datos de uso<\/strong><br \/>\nInformaci\u00f3n recopilada autom\u00e1ticamente de esta Aplicaci\u00f3n (o servicios de terceros empleados en esta Aplicaci\u00f3n), que puede incluir: las direcciones IP o los nombres de dominio de las computadoras utilizadas por los Usuarios que usan esta Aplicaci\u00f3n, las direcciones URI (Identificador Uniforme de Recursos), la hora de la solicitud, el m\u00e9todo utilizado para enviar la solicitud al servidor, el tama\u00f1o del archivo recibido en respuesta, el c\u00f3digo num\u00e9rico que indica el estado de la respuesta del servidor (resultado exitoso, error, etc.), el pa\u00eds de origen, el caracter\u00edsticas del navegador y el sistema operativo utilizado por el Usuario, los diversos detalles de tiempo por visita (por ejemplo, el tiempo dedicado a cada p\u00e1gina dentro de la Aplicaci\u00f3n) y los detalles sobre la ruta seguida dentro de la Aplicaci\u00f3n con especial referencia a la secuencia de p\u00e1ginas visitadas y otros par\u00e1metros sobre el sistema operativo del dispositivo y\/o el entorno inform\u00e1tico del Usuario.<\/p>\n<p><strong>Usuario<\/strong><br \/>\nLa persona f\u00edsica usuaria de esta Aplicaci\u00f3n, que deber\u00e1 coincidir o ser autorizada por el Titular, a quien se refieren los Datos Personales.<\/p>\n<p><strong>Sujeto de datos<\/strong><br \/>\nLa persona f\u00edsica o jur\u00eddica a quien se refieren los Datos Personales. Procesador de datos (o Supervisor de datos) La persona f\u00edsica, persona jur\u00eddica, administraci\u00f3n p\u00fablica o cualquier otro organismo, asociaci\u00f3n u organizaci\u00f3n autorizada por el Controlador de datos para procesar los Datos personales de conformidad con esta pol\u00edtica de privacidad.<\/p>\n<p><strong>Controlador de datos (o propietario)<\/strong><br \/>\nLa persona f\u00edsica, persona jur\u00eddica, administraci\u00f3n p\u00fablica o cualquier otro organismo, asociaci\u00f3n u organizaci\u00f3n con derecho, tambi\u00e9n junto con otro Controlador de datos, a tomar decisiones sobre los prop\u00f3sitos y los m\u00e9todos de procesamiento de Datos personales y los medios utilizados, incluido el medidas de seguridad relativas al funcionamiento y uso de esta Aplicaci\u00f3n. El Controlador de datos, a menos que se especifique lo contrario, es el Propietario de esta Aplicaci\u00f3n.<\/p>\n<p><strong>Esta aplicaci\u00f3n<\/strong><br \/>\nLa herramienta de hardware o software mediante la cual se recopilan los Datos Personales del Usuario.<\/p>\n<p><strong>Informaci\u00f3n legal<\/strong><br \/>\nAviso a los usuarios europeos: esta declaraci\u00f3n de privacidad ha sido preparada en cumplimiento de las obligaciones en virtud del art. 10 de la Directiva CE n. 95\/46\/CE, y en virtud de lo dispuesto en la Directiva 2002\/58\/CE, revisada por la Directiva 2009\/136\/CE, en materia de Cookies. Esta pol\u00edtica de privacidad se relaciona \u00fanicamente con esta Aplicaci\u00f3n.[\/vc_column_text][\/vc_column][\/vc_row]<\/p>\n","protected":false},"excerpt":{"rendered":"<p>[vc_row el_class=\u00bbptb100&#8243;][vc_column][vc_column_text] POL\u00cdTICA DE PRIVACIDAD [\/vc_column_text][vc_column_text]Esta Aplicaci\u00f3n recopila algunos Datos Personales de sus Usuarios. Controlador de datos y propietario VILLA MARIA V\u00eda Magallanes, 116 Vicopisano (PISA) info@villamariaonline.com Tipos de datos&#8230;<\/p>\n","protected":false},"author":1,"featured_media":0,"parent":0,"menu_order":0,"comment_status":"closed","ping_status":"closed","template":"","meta":{"_monsterinsights_skip_tracking":false,"_monsterinsights_sitenote_active":false,"_monsterinsights_sitenote_note":"","_monsterinsights_sitenote_category":0},"yoast_head":"<!-- This site is optimized with the Yoast SEO plugin v19.1 - https:\/\/yoast.com\/wordpress\/plugins\/seo\/ -->\n<title>Privacy policy - Villa Maria<\/title>\n<meta name=\"robots\" content=\"index, follow, max-snippet:-1, max-image-preview:large, max-video-preview:-1\" \/>\n<link rel=\"canonical\" href=\"https:\/\/villamariaonline.com\/es\/privacy-policy\/\" \/>\n<meta property=\"og:locale\" content=\"es_ES\" \/>\n<meta property=\"og:type\" content=\"article\" \/>\n<meta property=\"og:title\" content=\"Privacy policy - Villa Maria\" \/>\n<meta property=\"og:description\" content=\"[vc_row el_class=\u00bbptb100&#8243;][vc_column][vc_column_text] POL\u00cdTICA DE PRIVACIDAD [\/vc_column_text][vc_column_text]Esta Aplicaci\u00f3n recopila algunos Datos Personales de sus Usuarios. Controlador de datos y propietario VILLA MARIA V\u00eda Magallanes, 116 Vicopisano (PISA) info@villamariaonline.com Tipos de datos...\" \/>\n<meta property=\"og:url\" content=\"https:\/\/villamariaonline.com\/es\/privacy-policy\/\" \/>\n<meta property=\"og:site_name\" content=\"Villa Maria\" \/>\n<meta property=\"article:modified_time\" content=\"2022-06-14T14:44:22+00:00\" \/>\n<meta name=\"twitter:card\" content=\"summary_large_image\" \/>\n<meta name=\"twitter:label1\" content=\"Tiempo de lectura\" \/>\n\t<meta name=\"twitter:data1\" content=\"11 minutos\" \/>\n<script type=\"application\/ld+json\" class=\"yoast-schema-graph\">{\"@context\":\"https:\/\/schema.org\",\"@graph\":[{\"@type\":\"WebSite\",\"@id\":\"https:\/\/villamariaonline.com\/#website\",\"url\":\"https:\/\/villamariaonline.com\/\",\"name\":\"Villa Maria\",\"description\":\"Un nuovo sito targato WordPress\",\"potentialAction\":[{\"@type\":\"SearchAction\",\"target\":{\"@type\":\"EntryPoint\",\"urlTemplate\":\"https:\/\/villamariaonline.com\/?s={search_term_string}\"},\"query-input\":\"required name=search_term_string\"}],\"inLanguage\":\"es\"},{\"@type\":\"WebPage\",\"@id\":\"https:\/\/villamariaonline.com\/es\/privacy-policy\/#webpage\",\"url\":\"https:\/\/villamariaonline.com\/es\/privacy-policy\/\",\"name\":\"Privacy policy - Villa Maria\",\"isPartOf\":{\"@id\":\"https:\/\/villamariaonline.com\/#website\"},\"datePublished\":\"2022-04-20T14:24:56+00:00\",\"dateModified\":\"2022-06-14T14:44:22+00:00\",\"breadcrumb\":{\"@id\":\"https:\/\/villamariaonline.com\/es\/privacy-policy\/#breadcrumb\"},\"inLanguage\":\"es\",\"potentialAction\":[{\"@type\":\"ReadAction\",\"target\":[\"https:\/\/villamariaonline.com\/es\/privacy-policy\/\"]}]},{\"@type\":\"BreadcrumbList\",\"@id\":\"https:\/\/villamariaonline.com\/es\/privacy-policy\/#breadcrumb\",\"itemListElement\":[{\"@type\":\"ListItem\",\"position\":1,\"name\":\"Home\",\"item\":\"https:\/\/villamariaonline.com\/es\/\"},{\"@type\":\"ListItem\",\"position\":2,\"name\":\"Privacy policy\"}]}]}<\/script>\n<!-- \/ Yoast SEO plugin. -->","yoast_head_json":{"title":"Privacy policy - Villa Maria","robots":{"index":"index","follow":"follow","max-snippet":"max-snippet:-1","max-image-preview":"max-image-preview:large","max-video-preview":"max-video-preview:-1"},"canonical":"https:\/\/villamariaonline.com\/es\/privacy-policy\/","og_locale":"es_ES","og_type":"article","og_title":"Privacy policy - Villa Maria","og_description":"[vc_row el_class=\u00bbptb100&#8243;][vc_column][vc_column_text] POL\u00cdTICA DE PRIVACIDAD [\/vc_column_text][vc_column_text]Esta Aplicaci\u00f3n recopila algunos Datos Personales de sus Usuarios. Controlador de datos y propietario VILLA MARIA V\u00eda Magallanes, 116 Vicopisano (PISA) info@villamariaonline.com Tipos de datos...","og_url":"https:\/\/villamariaonline.com\/es\/privacy-policy\/","og_site_name":"Villa Maria","article_modified_time":"2022-06-14T14:44:22+00:00","twitter_card":"summary_large_image","twitter_misc":{"Tiempo de lectura":"11 minutos"},"schema":{"@context":"https:\/\/schema.org","@graph":[{"@type":"WebSite","@id":"https:\/\/villamariaonline.com\/#website","url":"https:\/\/villamariaonline.com\/","name":"Villa Maria","description":"Un nuovo sito targato WordPress","potentialAction":[{"@type":"SearchAction","target":{"@type":"EntryPoint","urlTemplate":"https:\/\/villamariaonline.com\/?s={search_term_string}"},"query-input":"required name=search_term_string"}],"inLanguage":"es"},{"@type":"WebPage","@id":"https:\/\/villamariaonline.com\/es\/privacy-policy\/#webpage","url":"https:\/\/villamariaonline.com\/es\/privacy-policy\/","name":"Privacy policy - Villa Maria","isPartOf":{"@id":"https:\/\/villamariaonline.com\/#website"},"datePublished":"2022-04-20T14:24:56+00:00","dateModified":"2022-06-14T14:44:22+00:00","breadcrumb":{"@id":"https:\/\/villamariaonline.com\/es\/privacy-policy\/#breadcrumb"},"inLanguage":"es","potentialAction":[{"@type":"ReadAction","target":["https:\/\/villamariaonline.com\/es\/privacy-policy\/"]}]},{"@type":"BreadcrumbList","@id":"https:\/\/villamariaonline.com\/es\/privacy-policy\/#breadcrumb","itemListElement":[{"@type":"ListItem","position":1,"name":"Home","item":"https:\/\/villamariaonline.com\/es\/"},{"@type":"ListItem","position":2,"name":"Privacy policy"}]}]}},"_links":{"self":[{"href":"https:\/\/villamariaonline.com\/es\/wp-json\/wp\/v2\/pages\/3261"}],"collection":[{"href":"https:\/\/villamariaonline.com\/es\/wp-json\/wp\/v2\/pages"}],"about":[{"href":"https:\/\/villamariaonline.com\/es\/wp-json\/wp\/v2\/types\/page"}],"author":[{"embeddable":true,"href":"https:\/\/villamariaonline.com\/es\/wp-json\/wp\/v2\/users\/1"}],"replies":[{"embeddable":true,"href":"https:\/\/villamariaonline.com\/es\/wp-json\/wp\/v2\/comments?post=3261"}],"version-history":[{"count":4,"href":"https:\/\/villamariaonline.com\/es\/wp-json\/wp\/v2\/pages\/3261\/revisions"}],"predecessor-version":[{"id":3315,"href":"https:\/\/villamariaonline.com\/es\/wp-json\/wp\/v2\/pages\/3261\/revisions\/3315"}],"wp:attachment":[{"href":"https:\/\/villamariaonline.com\/es\/wp-json\/wp\/v2\/media?parent=3261"}],"curies":[{"name":"wp","href":"https:\/\/api.w.org\/{rel}","templated":true}]}}