{"id":3265,"date":"2022-04-19T15:03:06","date_gmt":"2022-04-19T13:03:06","guid":{"rendered":"https:\/\/villamariaonline.com\/rolando\/"},"modified":"2022-05-30T16:28:06","modified_gmt":"2022-05-30T14:28:06","slug":"rolando","status":"publish","type":"page","link":"https:\/\/villamariaonline.com\/es\/rolando\/","title":{"rendered":"Rolando"},"content":{"rendered":"<p>[vc_row full_width=\u00bbstretch_row_content_no_spaces\u00bb el_class=\u00bbtestata rolando\u00bb][vc_column][\/vc_column][\/vc_row][vc_row el_class=\u00bbmt100&#8243;][vc_column][vc_column_text]<\/p>\n<h1 class=\"colore-rosso\" style=\"text-align: center;\">Un aperitivo en los a\u00f1os 70<\/h1>\n<h2 style=\"text-align: center;\">Revive el ambiente de los a\u00f1os 70 en el hist\u00f3rico Museo Rolando Bar<br \/>\ndisfrutando de un aperitivo o un caf\u00e9 con amigos!<\/h2>\n<p>[\/vc_column_text][\/vc_column][\/vc_row][vc_row full_width=\u00bbstretch_row_content_no_spaces\u00bb el_class=\u00bbmt100&#8243;][vc_column css=\u00bb.vc_custom_1650372855287{background-image: url(https:\/\/villamariaonline.com\/wp-content\/uploads\/2022\/04\/rolando_img.jpg?id=619) !important;background-position: center !important;background-repeat: no-repeat !important;background-size: cover !important;}\u00bb el_class=\u00bbbb-imgcover\u00bb][\/vc_column][\/vc_row][vc_row el_class=\u00bbmt100&#8243;][vc_column][vc_single_image image=\u00bb628&#8243; img_size=\u00bbfull\u00bb alignment=\u00bbcenter\u00bb el_class=\u00bbtrekking-icone\u00bb][\/vc_column][\/vc_row][vc_row content_placement=\u00bbmiddle\u00bb el_class=\u00bbmt100&#8243;][vc_column width=\u00bb1\/2&#8243; offset=\u00bbvc_col-lg-5&#8243;][vc_single_image image=\u00bb633&#8243; img_size=\u00bbfull\u00bb][\/vc_column][vc_column width=\u00bb1\/2&#8243; offset=\u00bbvc_col-lg-offset-2 vc_col-lg-5&#8243;][vc_column_text el_class=\u00bbtext-center-mobile\u00bb]<\/p>\n<h4>Suena un disco de la m\u00e1quina de discos en el fondo de la sala, alguien baila, alguien se deja llevar por el juego en la televisi\u00f3n, estrictamente tubo de rayos cat\u00f3dicos. En el mostrador entre un Alexander y un Cosmopolitan, las risas se vuelven agradablemente fuertes y el ambiente es alegre y liviano. No, esto no es una comedia de los a\u00f1os 70, sino el muy actual Rolando&#8217;s Museum Bar, un lugar animado donde las manecillas de los relojes se han detenido durante 50 a\u00f1os.<\/h4>\n<p>[\/vc_column_text][\/vc_column][\/vc_row][vc_row content_placement=\u00bbmiddle\u00bb el_class=\u00bbmt100&#8243;][vc_column width=\u00bb5\/12&#8243; el_class=\u00bborder2mobile\u00bb][vc_column_text el_class=\u00bbtext-center-mobile\u00bb]<\/p>\n<h4>Tanto si quieres darte un chapuz\u00f3n nost\u00e1lgico en el pasado como vivir una \u00e9poca que no has tenido la oportunidad de conocer de primera mano, el Rolando&#8217;s Bar Museo es el lugar indicado para una agradable velada\u2026 \u00a1fuera de tiempo!<\/h4>\n<p>[\/vc_column_text][\/vc_column][vc_column width=\u00bb1\/2&#8243; offset=\u00bbvc_col-lg-offset-2 vc_col-lg-5&#8243;][vc_single_image image=\u00bb638&#8243; img_size=\u00bbfull\u00bb][\/vc_column][\/vc_row][vc_row full_width=\u00bbstretch_row\u00bb el_class=\u00bbmt100 bg-rosa ptb100&#8243;][vc_column][vc_column_text el_class=\u00bbm0&#8243;]<\/p>\n<h2 style=\"text-align: center;\">Trekking en las Monta\u00f1as Pisanas<\/h2>\n<p>[\/vc_column_text][\/vc_column][\/vc_row][vc_row content_placement=\u00bbmiddle\u00bb el_class=\u00bbmargin-top-neg\u00bb][vc_column width=\u00bb1\/2&#8243; offset=\u00bbvc_col-lg-5&#8243;][vc_single_image image=\u00bb469&#8243; img_size=\u00bbfull\u00bb][\/vc_column][vc_column width=\u00bb1\/2&#8243; offset=\u00bbvc_col-lg-offset-2 vc_col-lg-5&#8243;][vc_column_text el_class=\u00bbtext-center-mobile\u00bb]<\/p>\n<h4>Desconecta del ajetreo y el bullicio de la ciudad y regenera ojos, pulmones y esp\u00edritu, rodeado de vegetaci\u00f3n. Estas son solo algunas de las ventajas reservadas para quien realiza senderos, caminatas y cruza cerros y monta\u00f1as, al ritmo de un turismo m\u00e1s pausado y consciente. Las monta\u00f1as de Pisa son muy ricas en caminos e itinerarios: caminos de diferente longitud y dificultad.<br \/>\n\u00bfLe gustar\u00eda saber m\u00e1s?<\/h4>\n<p>[\/vc_column_text][vc_btn title=\u00bbDESCUBRES\u00bb style=\u00bbclassic\u00bb shape=\u00bbsquare\u00bb align=\u00bbcenter\u00bb link=\u00bburl:http%3A%2F%2Fvillamariaonline.com%2Fes%2Ftrekking%2F|title:Ceramica\u00bb el_class=\u00bbtext-left-dsk cta-grigio\u00bb][\/vc_column][\/vc_row][vc_row full_width=\u00bbstretch_row\u00bb el_class=\u00bbmt100 bg-rosa ptb100&#8243;][vc_column][vc_column_text el_class=\u00bbm0&#8243;]<\/p>\n<h2 style=\"text-align: center;\">Descubre el arte de la cer\u00e1mica<\/h2>\n<p>[\/vc_column_text][\/vc_column][\/vc_row][vc_row content_placement=\u00bbmiddle\u00bb el_class=\u00bbmargin-top-neg pb100&#8243;][vc_column width=\u00bb1\/2&#8243; offset=\u00bbvc_col-lg-5&#8243;][vc_single_image image=\u00bb441&#8243; img_size=\u00bbfull\u00bb][\/vc_column][vc_column width=\u00bb1\/2&#8243; offset=\u00bbvc_col-lg-offset-2 vc_col-lg-5&#8243;][vc_column_text el_class=\u00bbtext-center-mobile\u00bb]<\/p>\n<h4>En Villa Mar\u00eda pensamos que las vacaciones son un momento perfecto para aprender cosas nuevas. \u00bfAlguna vez has pensado en intentar hacer un jarr\u00f3n de cer\u00e1mica? Si te gusta la idea, debes saber que a unos pasos de nosotros encontrar\u00e1s un taller de cer\u00e1mica donde podr\u00e1s acercarte a este arte.<\/h4>\n<p>[\/vc_column_text][vc_btn title=\u00bbDESCUBRES\u00bb style=\u00bbclassic\u00bb shape=\u00bbsquare\u00bb align=\u00bbcenter\u00bb link=\u00bburl:http%3A%2F%2Fvillamariaonline.com%2Fes%2Fceramica%2F|title:Ceramica\u00bb el_class=\u00bbtext-left-dsk cta-grigio\u00bb][\/vc_column][\/vc_row]<\/p>\n","protected":false},"excerpt":{"rendered":"<p>[vc_row full_width=\u00bbstretch_row_content_no_spaces\u00bb el_class=\u00bbtestata rolando\u00bb][vc_column][\/vc_column][\/vc_row][vc_row el_class=\u00bbmt100&#8243;][vc_column][vc_column_text] Un aperitivo en los a\u00f1os 70 Revive el ambiente de los a\u00f1os 70 en el hist\u00f3rico Museo Rolando Bar disfrutando de un aperitivo o un&#8230;<\/p>\n","protected":false},"author":1,"featured_media":0,"parent":0,"menu_order":0,"comment_status":"closed","ping_status":"closed","template":"","meta":{"_monsterinsights_skip_tracking":false,"_monsterinsights_sitenote_active":false,"_monsterinsights_sitenote_note":"","_monsterinsights_sitenote_category":0},"yoast_head":"<!-- This site is optimized with the Yoast SEO plugin v19.1 - https:\/\/yoast.com\/wordpress\/plugins\/seo\/ -->\n<title>Rolando - Villa Maria<\/title>\n<meta name=\"robots\" content=\"index, follow, max-snippet:-1, max-image-preview:large, max-video-preview:-1\" \/>\n<link rel=\"canonical\" href=\"https:\/\/villamariaonline.com\/es\/rolando\/\" \/>\n<meta property=\"og:locale\" content=\"es_ES\" \/>\n<meta property=\"og:type\" content=\"article\" \/>\n<meta property=\"og:title\" content=\"Rolando - Villa Maria\" \/>\n<meta property=\"og:description\" content=\"[vc_row full_width=\u00bbstretch_row_content_no_spaces\u00bb el_class=\u00bbtestata rolando\u00bb][vc_column][\/vc_column][\/vc_row][vc_row el_class=\u00bbmt100&#8243;][vc_column][vc_column_text] Un aperitivo en los a\u00f1os 70 Revive el ambiente de los a\u00f1os 70 en el hist\u00f3rico Museo Rolando Bar disfrutando de un aperitivo o un...\" \/>\n<meta property=\"og:url\" content=\"https:\/\/villamariaonline.com\/es\/rolando\/\" \/>\n<meta property=\"og:site_name\" content=\"Villa Maria\" \/>\n<meta property=\"article:modified_time\" content=\"2022-05-30T14:28:06+00:00\" \/>\n<meta name=\"twitter:card\" content=\"summary_large_image\" \/>\n<meta name=\"twitter:label1\" content=\"Tiempo de lectura\" \/>\n\t<meta name=\"twitter:data1\" content=\"3 minutos\" \/>\n<script type=\"application\/ld+json\" class=\"yoast-schema-graph\">{\"@context\":\"https:\/\/schema.org\",\"@graph\":[{\"@type\":\"WebSite\",\"@id\":\"https:\/\/villamariaonline.com\/#website\",\"url\":\"https:\/\/villamariaonline.com\/\",\"name\":\"Villa Maria\",\"description\":\"Un nuovo sito targato WordPress\",\"potentialAction\":[{\"@type\":\"SearchAction\",\"target\":{\"@type\":\"EntryPoint\",\"urlTemplate\":\"https:\/\/villamariaonline.com\/?s={search_term_string}\"},\"query-input\":\"required name=search_term_string\"}],\"inLanguage\":\"es\"},{\"@type\":\"WebPage\",\"@id\":\"https:\/\/villamariaonline.com\/es\/rolando\/#webpage\",\"url\":\"https:\/\/villamariaonline.com\/es\/rolando\/\",\"name\":\"Rolando - Villa Maria\",\"isPartOf\":{\"@id\":\"https:\/\/villamariaonline.com\/#website\"},\"datePublished\":\"2022-04-19T13:03:06+00:00\",\"dateModified\":\"2022-05-30T14:28:06+00:00\",\"breadcrumb\":{\"@id\":\"https:\/\/villamariaonline.com\/es\/rolando\/#breadcrumb\"},\"inLanguage\":\"es\",\"potentialAction\":[{\"@type\":\"ReadAction\",\"target\":[\"https:\/\/villamariaonline.com\/es\/rolando\/\"]}]},{\"@type\":\"BreadcrumbList\",\"@id\":\"https:\/\/villamariaonline.com\/es\/rolando\/#breadcrumb\",\"itemListElement\":[{\"@type\":\"ListItem\",\"position\":1,\"name\":\"Home\",\"item\":\"https:\/\/villamariaonline.com\/es\/\"},{\"@type\":\"ListItem\",\"position\":2,\"name\":\"Rolando\"}]}]}<\/script>\n<!-- \/ Yoast SEO plugin. -->","yoast_head_json":{"title":"Rolando - Villa Maria","robots":{"index":"index","follow":"follow","max-snippet":"max-snippet:-1","max-image-preview":"max-image-preview:large","max-video-preview":"max-video-preview:-1"},"canonical":"https:\/\/villamariaonline.com\/es\/rolando\/","og_locale":"es_ES","og_type":"article","og_title":"Rolando - Villa Maria","og_description":"[vc_row full_width=\u00bbstretch_row_content_no_spaces\u00bb el_class=\u00bbtestata rolando\u00bb][vc_column][\/vc_column][\/vc_row][vc_row el_class=\u00bbmt100&#8243;][vc_column][vc_column_text] Un aperitivo en los a\u00f1os 70 Revive el ambiente de los a\u00f1os 70 en el hist\u00f3rico Museo Rolando Bar disfrutando de un aperitivo o un...","og_url":"https:\/\/villamariaonline.com\/es\/rolando\/","og_site_name":"Villa Maria","article_modified_time":"2022-05-30T14:28:06+00:00","twitter_card":"summary_large_image","twitter_misc":{"Tiempo de lectura":"3 minutos"},"schema":{"@context":"https:\/\/schema.org","@graph":[{"@type":"WebSite","@id":"https:\/\/villamariaonline.com\/#website","url":"https:\/\/villamariaonline.com\/","name":"Villa Maria","description":"Un nuovo sito targato WordPress","potentialAction":[{"@type":"SearchAction","target":{"@type":"EntryPoint","urlTemplate":"https:\/\/villamariaonline.com\/?s={search_term_string}"},"query-input":"required name=search_term_string"}],"inLanguage":"es"},{"@type":"WebPage","@id":"https:\/\/villamariaonline.com\/es\/rolando\/#webpage","url":"https:\/\/villamariaonline.com\/es\/rolando\/","name":"Rolando - Villa Maria","isPartOf":{"@id":"https:\/\/villamariaonline.com\/#website"},"datePublished":"2022-04-19T13:03:06+00:00","dateModified":"2022-05-30T14:28:06+00:00","breadcrumb":{"@id":"https:\/\/villamariaonline.com\/es\/rolando\/#breadcrumb"},"inLanguage":"es","potentialAction":[{"@type":"ReadAction","target":["https:\/\/villamariaonline.com\/es\/rolando\/"]}]},{"@type":"BreadcrumbList","@id":"https:\/\/villamariaonline.com\/es\/rolando\/#breadcrumb","itemListElement":[{"@type":"ListItem","position":1,"name":"Home","item":"https:\/\/villamariaonline.com\/es\/"},{"@type":"ListItem","position":2,"name":"Rolando"}]}]}},"_links":{"self":[{"href":"https:\/\/villamariaonline.com\/es\/wp-json\/wp\/v2\/pages\/3265"}],"collection":[{"href":"https:\/\/villamariaonline.com\/es\/wp-json\/wp\/v2\/pages"}],"about":[{"href":"https:\/\/villamariaonline.com\/es\/wp-json\/wp\/v2\/types\/page"}],"author":[{"embeddable":true,"href":"https:\/\/villamariaonline.com\/es\/wp-json\/wp\/v2\/users\/1"}],"replies":[{"embeddable":true,"href":"https:\/\/villamariaonline.com\/es\/wp-json\/wp\/v2\/comments?post=3265"}],"version-history":[{"count":7,"href":"https:\/\/villamariaonline.com\/es\/wp-json\/wp\/v2\/pages\/3265\/revisions"}],"predecessor-version":[{"id":3281,"href":"https:\/\/villamariaonline.com\/es\/wp-json\/wp\/v2\/pages\/3265\/revisions\/3281"}],"wp:attachment":[{"href":"https:\/\/villamariaonline.com\/es\/wp-json\/wp\/v2\/media?parent=3265"}],"curies":[{"name":"wp","href":"https:\/\/api.w.org\/{rel}","templated":true}]}}