{"id":3273,"date":"2022-03-09T11:40:05","date_gmt":"2022-03-09T10:40:05","guid":{"rendered":"https:\/\/villamariaonline.com\/trekking\/"},"modified":"2022-05-30T16:29:32","modified_gmt":"2022-05-30T14:29:32","slug":"trekking","status":"publish","type":"page","link":"https:\/\/villamariaonline.com\/es\/trekking\/","title":{"rendered":"Trekking"},"content":{"rendered":"<p>[vc_row full_width=\u00bbstretch_row_content_no_spaces\u00bb el_class=\u00bbtestata trekking\u00bb][vc_column][\/vc_column][\/vc_row][vc_row el_class=\u00bbmt100&#8243;][vc_column][vc_column_text]<\/p>\n<h1 class=\"colore-rosso\" style=\"text-align: center;\">Trekking en las Monta\u00f1as Pisanas<\/h1>\n<h2 style=\"text-align: center;\">Descubre todas las rutas y organ\u00edzate con<br \/>\nnosotros su viaje a las monta\u00f1as de Pisa<\/h2>\n<p>[\/vc_column_text][\/vc_column][\/vc_row][vc_row full_width=\u00bbstretch_row_content_no_spaces\u00bb el_class=\u00bbmt100&#8243;][vc_column css=\u00bb.vc_custom_1646822403083{background-image: url(https:\/\/villamariaonline.com\/wp-content\/uploads\/2022\/03\/trekking_img.jpg?id=204) !important;background-position: center !important;background-repeat: no-repeat !important;background-size: cover !important;}\u00bb el_class=\u00bbbb-imgcover\u00bb][\/vc_column][\/vc_row][vc_row el_class=\u00bbmt100&#8243;][vc_column][vc_single_image image=\u00bb429&#8243; img_size=\u00bbfull\u00bb alignment=\u00bbcenter\u00bb el_class=\u00bbtrekking-icone\u00bb][\/vc_column][\/vc_row][vc_row content_placement=\u00bbmiddle\u00bb el_class=\u00bbmt100&#8243;][vc_column width=\u00bb1\/2&#8243; offset=\u00bbvc_col-lg-offset-3 vc_col-lg-6&#8243;][vc_column_text]<\/p>\n<h4 class=\"font-regular\" style=\"text-align: center;\">Las rutas m\u00e1s bonitas para descubrir la zona, paso a paso<\/h4>\n<p style=\"text-align: center;\">Los Montes Pisanos son ricos en itinerarios, de diversa duraci\u00f3n y dificultad, f\u00e1cilmente identificables gracias a los carteles colocados por la secci\u00f3n pisana del club alpino italiano en colaboraci\u00f3n con la administraci\u00f3n provincial. A continuaci\u00f3n, 4 de las rutas m\u00e1s populares y famosas de esta zona:<\/p>\n<p>[\/vc_column_text][\/vc_column][\/vc_row][vc_row content_placement=\u00bbmiddle\u00bb el_class=\u00bbmt100&#8243;][vc_column width=\u00bb1\/2&#8243; offset=\u00bbvc_col-lg-5&#8243;][vc_single_image image=\u00bb433&#8243; img_size=\u00bbfull\u00bb][\/vc_column][vc_column width=\u00bb1\/2&#8243; offset=\u00bbvc_col-lg-offset-2 vc_col-lg-5&#8243;][vc_column_text el_class=\u00bbtext-center-mobile\u00bb]Mirteto por el Valle delle Fonti<\/p>\n<p>Dificultad: f\u00e1cil<br \/>\nDuraci\u00f3n del viaje de ida y vuelta: 1,5 horas<br \/>\nItinerario: salida de Asciano, tomar v\u00eda Baracchini, luego v\u00eda Martiri della Liberazione. Tome el camino 119 hasta el \u00abCisternone\u00bb; aqu\u00ed toma la ruta 121 hasta Mirteto.<\/p>\n<p>Verruga de Monteranno<\/p>\n<p>Dificultad: media \/ f\u00e1cil<br \/>\nDuraci\u00f3n de la ruta de ida y vuelta: 3 horas<br \/>\nItinerario: salida desde el aparcamiento de Montemagno. Camine por la estrecha calle principal del pueblo, despu\u00e9s de unos cientos de metros tome el camino marcado como C.A.I. (marcado en blanco y rojo). Cuando llegues a la cima, unos carteles informativos te llevar\u00e1n a la Rocca, que a\u00fan es claramente visible.[\/vc_column_text][\/vc_column][\/vc_row][vc_row content_placement=\u00bbmiddle\u00bb el_class=\u00bbmt100&#8243;][vc_column width=\u00bb5\/12&#8243; el_class=\u00bborder2mobile\u00bb][vc_column_text el_class=\u00bbtext-center-mobile\u00bb]Espiga de Santallago<\/p>\n<p>Dificultad: f\u00e1cil<br \/>\nDuraci\u00f3n del viaje A\/R: 2 horas<br \/>\nItinerario: en direcci\u00f3n a Tenuta di Santallago, unas decenas de metros antes del inicio del camino de tierra, ver\u00e1 un bar a la derecha. Superarlo y tomar el camino 00, tras el cual unos carteles informativos-ambientales te llevar\u00e1n a la cima. En este punto se puede optar por desandar el mismo camino hacia atr\u00e1s o bajar hacia la finca de Santallago.<\/p>\n<p>Porr\u00f3n de Penna de Santa Maria del Giudice<\/p>\n<p>Dificultad: media \/ f\u00e1cil<br \/>\nDuraci\u00f3n del recorrido: 40 minutos<br \/>\nItinerario: salida del estacionamiento del cementerio de Santa Maria del Giudice, despu\u00e9s de pasar el edificio, tomar un camino m\u00e1s peque\u00f1o a la derecha, siempre asfaltado, desde el cual ser\u00e1 posible ver las se\u00f1ales del C.A.I., luego tomar el camino 116 que te llevar\u00e1 a la cima.[\/vc_column_text][\/vc_column][vc_column width=\u00bb1\/2&#8243; offset=\u00bbvc_col-lg-offset-2 vc_col-lg-5&#8243;][vc_single_image image=\u00bb437&#8243; img_size=\u00bbfull\u00bb][\/vc_column][\/vc_row][vc_row content_placement=\u00bbmiddle\u00bb el_class=\u00bbmt50&#8243;][vc_column el_class=\u00bborder2mobile\u00bb][vc_column_text el_class=\u00bbtext-center-mobile\u00bb]<\/p>\n<p class=\"font-regular\" style=\"text-align: center;\">Fonte: <a href=\"https:\/\/www.pisatoday.it\/social\/trekking-monti-pisani-itinerari.html\"><u>https:\/\/www.pisatoday.it\/social\/trekking-monti-pisani-itinerari.html<\/u><\/a><\/p>\n<p>[\/vc_column_text][\/vc_column][\/vc_row][vc_row el_class=\u00bbmt100&#8243;][vc_column][vc_column_text]<\/p>\n<h2 style=\"text-align: center;\">Reserva tu excursi\u00f3n con nuestro experto<\/h2>\n<p>[\/vc_column_text][vc_row_inner][vc_column_inner width=\u00bb1\/4&#8243; offset=\u00bbvc_col-xs-6&#8243;][vc_column_text]<\/p>\n<p class=\"font-regular\" style=\"text-align: center;\">HORAS<\/p>\n<p class=\"colore-grigio\" style=\"text-align: center;\">Bajo pedido<\/p>\n<p>[\/vc_column_text][\/vc_column_inner][vc_column_inner width=\u00bb1\/4&#8243; offset=\u00bbvc_col-xs-6&#8243;][vc_column_text]<\/p>\n<p class=\"font-regular\" style=\"text-align: center;\">TIEMPO<\/p>\n<p class=\"colore-grigio\" style=\"text-align: center;\">Alrededor de 3 horas<\/p>\n<p>[\/vc_column_text][\/vc_column_inner][vc_column_inner width=\u00bb1\/4&#8243; offset=\u00bbvc_col-xs-6&#8243;][vc_column_text]<\/p>\n<p class=\"font-regular\" style=\"text-align: center;\">PARTICIPANTES<\/p>\n<p class=\"colore-grigio\" style=\"text-align: center;\">Individuo | Grupos<\/p>\n<p>[\/vc_column_text][\/vc_column_inner][vc_column_inner width=\u00bb1\/4&#8243; offset=\u00bbvc_col-xs-6&#8243;][vc_column_text]<\/p>\n<p class=\"font-regular\" style=\"text-align: center;\">RESERVA EN<\/p>\n<p class=\"colore-grigio\" style=\"text-align: center;\">+39 050 798840<\/p>\n<p>[\/vc_column_text][\/vc_column_inner][\/vc_row_inner][\/vc_column][\/vc_row][vc_row full_width=\u00bbstretch_row\u00bb el_class=\u00bbmt100 bg-rosa ptb100&#8243;][vc_column][vc_column_text el_class=\u00bbm0&#8243;]<\/p>\n<h2 style=\"text-align: center;\">Descubre el arte de la cer\u00e1mica<\/h2>\n<p>[\/vc_column_text][\/vc_column][\/vc_row][vc_row content_placement=\u00bbmiddle\u00bb el_class=\u00bbmargin-top-neg\u00bb][vc_column width=\u00bb1\/2&#8243; offset=\u00bbvc_col-lg-5&#8243;][vc_single_image image=\u00bb441&#8243; img_size=\u00bbfull\u00bb][\/vc_column][vc_column width=\u00bb1\/2&#8243; offset=\u00bbvc_col-lg-offset-2 vc_col-lg-5&#8243;][vc_column_text el_class=\u00bbtext-center-mobile\u00bb]<\/p>\n<h4>Las vacaciones pueden ser el momento perfecto para aprender cosas nuevas. \u00bfAlguna vez has pensado en intentar hacer un jarr\u00f3n de cer\u00e1mica? Si te gusta la idea, debes saber que a unos pasos de nosotros encontrar\u00e1s un laboratorio de cer\u00e1mica donde podr\u00e1s acercarte a este arte.<\/h4>\n<p>[\/vc_column_text][vc_btn title=\u00bbDESCUBRES\u00bb style=\u00bbclassic\u00bb shape=\u00bbsquare\u00bb align=\u00bbcenter\u00bb link=\u00bburl:http%3A%2F%2Fvillamariaonline.com%2Fes%2Fceramica%2F|title:Ceramica\u00bb el_class=\u00bbtext-left-dsk cta-grigio\u00bb][\/vc_column][\/vc_row][vc_row full_width=\u00bbstretch_row\u00bb el_class=\u00bbmt100 bg-rosa ptb100&#8243;][vc_column][vc_column_text el_class=\u00bbm0&#8243;]<\/p>\n<h2 style=\"text-align: center;\">Revive los a\u00f1os 70 en el Rolando Bar Museo<\/h2>\n<p>[\/vc_column_text][\/vc_column][\/vc_row][vc_row content_placement=\u00bbmiddle\u00bb el_class=\u00bbmargin-top-neg pb100&#8243;][vc_column width=\u00bb1\/2&#8243; offset=\u00bbvc_col-lg-5&#8243;][vc_single_image image=\u00bb607&#8243; img_size=\u00bbfull\u00bb][\/vc_column][vc_column width=\u00bb1\/2&#8243; offset=\u00bbvc_col-lg-offset-2 vc_col-lg-5&#8243;][vc_column_text el_class=\u00bbtext-center-mobile\u00bb]<\/p>\n<h4>\u00a1Revive el ambiente de los a\u00f1os 70 en el hist\u00f3rico Bar Museo Rolando disfrutando de un aperitivo o un caf\u00e9 con amigos!<\/h4>\n<p>[\/vc_column_text][vc_btn title=\u00bbDESCUBRES\u00bb style=\u00bbclassic\u00bb shape=\u00bbsquare\u00bb align=\u00bbcenter\u00bb link=\u00bburl:http%3A%2F%2Fvillamariaonline.com%2Fes%2Frolando%2F|title:Rolando\u00bb el_class=\u00bbtext-left-dsk cta-grigio\u00bb][\/vc_column][\/vc_row]<\/p>\n","protected":false},"excerpt":{"rendered":"<p>[vc_row full_width=\u00bbstretch_row_content_no_spaces\u00bb el_class=\u00bbtestata trekking\u00bb][vc_column][\/vc_column][\/vc_row][vc_row el_class=\u00bbmt100&#8243;][vc_column][vc_column_text] Trekking en las Monta\u00f1as Pisanas Descubre todas las rutas y organ\u00edzate con nosotros su viaje a las monta\u00f1as de Pisa [\/vc_column_text][\/vc_column][\/vc_row][vc_row full_width=\u00bbstretch_row_content_no_spaces\u00bb el_class=\u00bbmt100&#8243;][vc_column css=\u00bb.vc_custom_1646822403083{background-image: url(https:\/\/villamariaonline.com\/wp-content\/uploads\/2022\/03\/trekking_img.jpg?id=204)&#8230;<\/p>\n","protected":false},"author":1,"featured_media":0,"parent":0,"menu_order":0,"comment_status":"closed","ping_status":"closed","template":"","meta":{"_monsterinsights_skip_tracking":false,"_monsterinsights_sitenote_active":false,"_monsterinsights_sitenote_note":"","_monsterinsights_sitenote_category":0},"yoast_head":"<!-- This site is optimized with the Yoast SEO plugin v19.1 - https:\/\/yoast.com\/wordpress\/plugins\/seo\/ -->\n<title>Trekking - Villa Maria<\/title>\n<meta name=\"robots\" content=\"index, follow, max-snippet:-1, max-image-preview:large, max-video-preview:-1\" \/>\n<link rel=\"canonical\" href=\"https:\/\/villamariaonline.com\/es\/trekking\/\" \/>\n<meta property=\"og:locale\" content=\"es_ES\" \/>\n<meta property=\"og:type\" content=\"article\" \/>\n<meta property=\"og:title\" content=\"Trekking - Villa Maria\" \/>\n<meta property=\"og:description\" content=\"[vc_row full_width=\u00bbstretch_row_content_no_spaces\u00bb el_class=\u00bbtestata trekking\u00bb][vc_column][\/vc_column][\/vc_row][vc_row el_class=\u00bbmt100&#8243;][vc_column][vc_column_text] Trekking en las Monta\u00f1as Pisanas Descubre todas las rutas y organ\u00edzate con nosotros su viaje a las monta\u00f1as de Pisa [\/vc_column_text][\/vc_column][\/vc_row][vc_row full_width=\u00bbstretch_row_content_no_spaces\u00bb el_class=\u00bbmt100&#8243;][vc_column css=\u00bb.vc_custom_1646822403083{background-image: url(https:\/\/villamariaonline.com\/wp-content\/uploads\/2022\/03\/trekking_img.jpg?id=204)...\" \/>\n<meta property=\"og:url\" content=\"https:\/\/villamariaonline.com\/es\/trekking\/\" \/>\n<meta property=\"og:site_name\" content=\"Villa Maria\" \/>\n<meta property=\"article:modified_time\" content=\"2022-05-30T14:29:32+00:00\" \/>\n<meta name=\"twitter:card\" content=\"summary_large_image\" \/>\n<meta name=\"twitter:label1\" content=\"Tiempo de lectura\" \/>\n\t<meta name=\"twitter:data1\" content=\"5 minutos\" \/>\n<script type=\"application\/ld+json\" class=\"yoast-schema-graph\">{\"@context\":\"https:\/\/schema.org\",\"@graph\":[{\"@type\":\"WebSite\",\"@id\":\"https:\/\/villamariaonline.com\/#website\",\"url\":\"https:\/\/villamariaonline.com\/\",\"name\":\"Villa Maria\",\"description\":\"Un nuovo sito targato WordPress\",\"potentialAction\":[{\"@type\":\"SearchAction\",\"target\":{\"@type\":\"EntryPoint\",\"urlTemplate\":\"https:\/\/villamariaonline.com\/?s={search_term_string}\"},\"query-input\":\"required name=search_term_string\"}],\"inLanguage\":\"es\"},{\"@type\":\"WebPage\",\"@id\":\"https:\/\/villamariaonline.com\/es\/trekking\/#webpage\",\"url\":\"https:\/\/villamariaonline.com\/es\/trekking\/\",\"name\":\"Trekking - Villa Maria\",\"isPartOf\":{\"@id\":\"https:\/\/villamariaonline.com\/#website\"},\"datePublished\":\"2022-03-09T10:40:05+00:00\",\"dateModified\":\"2022-05-30T14:29:32+00:00\",\"breadcrumb\":{\"@id\":\"https:\/\/villamariaonline.com\/es\/trekking\/#breadcrumb\"},\"inLanguage\":\"es\",\"potentialAction\":[{\"@type\":\"ReadAction\",\"target\":[\"https:\/\/villamariaonline.com\/es\/trekking\/\"]}]},{\"@type\":\"BreadcrumbList\",\"@id\":\"https:\/\/villamariaonline.com\/es\/trekking\/#breadcrumb\",\"itemListElement\":[{\"@type\":\"ListItem\",\"position\":1,\"name\":\"Home\",\"item\":\"https:\/\/villamariaonline.com\/es\/\"},{\"@type\":\"ListItem\",\"position\":2,\"name\":\"Trekking\"}]}]}<\/script>\n<!-- \/ Yoast SEO plugin. -->","yoast_head_json":{"title":"Trekking - Villa Maria","robots":{"index":"index","follow":"follow","max-snippet":"max-snippet:-1","max-image-preview":"max-image-preview:large","max-video-preview":"max-video-preview:-1"},"canonical":"https:\/\/villamariaonline.com\/es\/trekking\/","og_locale":"es_ES","og_type":"article","og_title":"Trekking - Villa Maria","og_description":"[vc_row full_width=\u00bbstretch_row_content_no_spaces\u00bb el_class=\u00bbtestata trekking\u00bb][vc_column][\/vc_column][\/vc_row][vc_row el_class=\u00bbmt100&#8243;][vc_column][vc_column_text] Trekking en las Monta\u00f1as Pisanas Descubre todas las rutas y organ\u00edzate con nosotros su viaje a las monta\u00f1as de Pisa [\/vc_column_text][\/vc_column][\/vc_row][vc_row full_width=\u00bbstretch_row_content_no_spaces\u00bb el_class=\u00bbmt100&#8243;][vc_column css=\u00bb.vc_custom_1646822403083{background-image: url(https:\/\/villamariaonline.com\/wp-content\/uploads\/2022\/03\/trekking_img.jpg?id=204)...","og_url":"https:\/\/villamariaonline.com\/es\/trekking\/","og_site_name":"Villa Maria","article_modified_time":"2022-05-30T14:29:32+00:00","twitter_card":"summary_large_image","twitter_misc":{"Tiempo de lectura":"5 minutos"},"schema":{"@context":"https:\/\/schema.org","@graph":[{"@type":"WebSite","@id":"https:\/\/villamariaonline.com\/#website","url":"https:\/\/villamariaonline.com\/","name":"Villa Maria","description":"Un nuovo sito targato WordPress","potentialAction":[{"@type":"SearchAction","target":{"@type":"EntryPoint","urlTemplate":"https:\/\/villamariaonline.com\/?s={search_term_string}"},"query-input":"required name=search_term_string"}],"inLanguage":"es"},{"@type":"WebPage","@id":"https:\/\/villamariaonline.com\/es\/trekking\/#webpage","url":"https:\/\/villamariaonline.com\/es\/trekking\/","name":"Trekking - Villa Maria","isPartOf":{"@id":"https:\/\/villamariaonline.com\/#website"},"datePublished":"2022-03-09T10:40:05+00:00","dateModified":"2022-05-30T14:29:32+00:00","breadcrumb":{"@id":"https:\/\/villamariaonline.com\/es\/trekking\/#breadcrumb"},"inLanguage":"es","potentialAction":[{"@type":"ReadAction","target":["https:\/\/villamariaonline.com\/es\/trekking\/"]}]},{"@type":"BreadcrumbList","@id":"https:\/\/villamariaonline.com\/es\/trekking\/#breadcrumb","itemListElement":[{"@type":"ListItem","position":1,"name":"Home","item":"https:\/\/villamariaonline.com\/es\/"},{"@type":"ListItem","position":2,"name":"Trekking"}]}]}},"_links":{"self":[{"href":"https:\/\/villamariaonline.com\/es\/wp-json\/wp\/v2\/pages\/3273"}],"collection":[{"href":"https:\/\/villamariaonline.com\/es\/wp-json\/wp\/v2\/pages"}],"about":[{"href":"https:\/\/villamariaonline.com\/es\/wp-json\/wp\/v2\/types\/page"}],"author":[{"embeddable":true,"href":"https:\/\/villamariaonline.com\/es\/wp-json\/wp\/v2\/users\/1"}],"replies":[{"embeddable":true,"href":"https:\/\/villamariaonline.com\/es\/wp-json\/wp\/v2\/comments?post=3273"}],"version-history":[{"count":4,"href":"https:\/\/villamariaonline.com\/es\/wp-json\/wp\/v2\/pages\/3273\/revisions"}],"predecessor-version":[{"id":3282,"href":"https:\/\/villamariaonline.com\/es\/wp-json\/wp\/v2\/pages\/3273\/revisions\/3282"}],"wp:attachment":[{"href":"https:\/\/villamariaonline.com\/es\/wp-json\/wp\/v2\/media?parent=3273"}],"curies":[{"name":"wp","href":"https:\/\/api.w.org\/{rel}","templated":true}]}}