{"id":3177,"date":"2020-11-11T16:49:36","date_gmt":"2020-11-11T15:49:36","guid":{"rendered":"https:\/\/villamariaonline.com\/pagina-di-esempio\/"},"modified":"2023-04-05T10:12:04","modified_gmt":"2023-04-05T08:12:04","slug":"pagina-di-esempio","status":"publish","type":"page","link":"https:\/\/villamariaonline.com\/fr\/","title":{"rendered":"Home"},"content":{"rendered":"<p>[vc_row full_width=\u00a0\u00bbstretch_row_content\u00a0\u00bb content_placement=\u00a0\u00bbmiddle\u00a0\u00bb el_class=\u00a0\u00bbmt100&Prime;][vc_column width=\u00a0\u00bb1\/2&Prime; offset=\u00a0\u00bbvc_col-lg-offset-2 vc_col-lg-4&Prime;][vc_column_text]<\/p>\n<h1>Bed &amp; Breakfast<br \/>\n<span class=\"colore-rosso\">dans la campagne<br \/>\ntoscane<\/span><\/h1>\n<p>[\/vc_column_text][vc_btn title=\u00a0\u00bbD\u00c9COUVRIR\u00a0\u00bb style=\u00a0\u00bbclassic\u00a0\u00bb shape=\u00a0\u00bbsquare\u00a0\u00bb el_class=\u00a0\u00bbcta-grigio\u00a0\u00bb link=\u00a0\u00bburl:http%3A%2F%2Fvillamariaonline.com%2Ffr%2Fb-b%2F|title:Bed%20%26%20breakfast\u00a0\u00bb][\/vc_column][vc_column width=\u00a0\u00bb1\/2&Prime;][vc_single_image image=\u00a0\u00bb255&Prime; img_size=\u00a0\u00bbfull\u00a0\u00bb alignment=\u00a0\u00bbright\u00a0\u00bb][\/vc_column][\/vc_row][vc_row full_width=\u00a0\u00bbstretch_row_content_no_spaces\u00a0\u00bb el_class=\u00a0\u00bbmt100 bg-grigio ptb100&Prime;][vc_column offset=\u00a0\u00bbvc_col-lg-offset-4 vc_col-lg-4 vc_col-md-offset-3 vc_col-md-6&Prime;][vc_column_text]<\/p>\n<h2 style=\"text-align: center;\">Villa-Maria<br \/>\nBonnes vacances<\/h2>\n<p style=\"text-align: center;\">Villa Maria est le B&amp;B entour\u00e9 de verdure qui allie atmosph\u00e8re familiale et raffinement.<br \/>\nUne ancienne ferme, finement restaur\u00e9e, o\u00f9 vous pourrez profiter de journ\u00e9es de d\u00e9tente \u00e0 quelques pas des plus belles attractions de la Toscane.<\/p>\n<p>[\/vc_column_text][\/vc_column][\/vc_row][vc_row content_placement=\u00a0\u00bbmiddle\u00a0\u00bb el_class=\u00a0\u00bbmt100&Prime;][vc_column width=\u00a0\u00bb5\/12&Prime;][vc_column_text]<\/p>\n<h2>Une oasis de paix dans un style rustique<\/h2>\n<p>La villa du XIXe si\u00e8cle est situ\u00e9e \u00e0 San Giovanni alla Vena, un petit village situ\u00e9 \u00e0 15 km de Pise.<br \/>\nLa restauration a eu lieu dans un sens conservateur, mettant en lumi\u00e8re la beaut\u00e9 des chevrons et des sols en terre cuite.<br \/>\nVilla Maria dispose \u00e9galement de grands espaces ext\u00e9rieurs : le jardin, dans lequel se d\u00e9tache la piscine exclusive, est un salon en plein air avec ses gazebos et ses espaces de d\u00e9tente.<\/p>\n<p>L&rsquo;atmosph\u00e8re chaleureuse et accueillante s&rsquo;accompagne d&rsquo;un service de haute qualit\u00e9 pour offrir aux clients un s\u00e9jour vraiment inoubliable.[\/vc_column_text][vc_btn title=\u00a0\u00bbD\u00c9COUVRIR\u00a0\u00bb style=\u00a0\u00bbclassic\u00a0\u00bb shape=\u00a0\u00bbsquare\u00a0\u00bb el_class=\u00a0\u00bbcta-grigio\u00a0\u00bb link=\u00a0\u00bburl:http%3A%2F%2Fvillamariaonline.com%2Ffr%2Fb-b%2F|title:Bed%20%26%20breakfast\u00a0\u00bb][\/vc_column][vc_column width=\u00a0\u00bb1\/2&Prime; offset=\u00a0\u00bbvc_col-lg-offset-2 vc_col-lg-5&Prime;][vc_single_image image=\u00a0\u00bb492&Prime; img_size=\u00a0\u00bbfull\u00a0\u00bb][\/vc_column][\/vc_row][vc_row content_placement=\u00a0\u00bbmiddle\u00a0\u00bb el_class=\u00a0\u00bbmt100&Prime;][vc_column width=\u00a0\u00bb1\/2&Prime; offset=\u00a0\u00bbvc_col-lg-5&Prime;][vc_single_image image=\u00a0\u00bb263&Prime; img_size=\u00a0\u00bbfull\u00a0\u00bb][\/vc_column][vc_column width=\u00a0\u00bb1\/2&Prime; offset=\u00a0\u00bbvc_col-lg-offset-2 vc_col-lg-5&Prime;][vc_column_text]<\/p>\n<h2>Notre charte de services<\/h2>\n<p>Villa Maria c\u00e9l\u00e8bre la po\u00e9sie du lent passage du temps : le petit-d\u00e9jeuner servi dans les kiosques au bord de la piscine, la terrasse panoramique d&rsquo;o\u00f9 admirer des couchers de soleil extraordinaires et des vues \u00e9vocatrices.<\/p>\n<p>Tout est pens\u00e9 pour le bien-\u00eatre et la satisfaction des h\u00f4tes. D\u00e9couvrez la liste compl\u00e8te de nos services pour vous.<br \/>\n[\/vc_column_text][vc_btn title=\u00a0\u00bbD\u00c9COUVRIR\u00a0\u00bb style=\u00a0\u00bbclassic\u00a0\u00bb shape=\u00a0\u00bbsquare\u00a0\u00bb el_class=\u00a0\u00bbcta-grigio\u00a0\u00bb link=\u00a0\u00bburl:http%3A%2F%2Fvillamariaonline.com%2Ffr%2Fservizi%2F|title:Bed%20%26%20breakfast\u00a0\u00bb][\/vc_column][\/vc_row][vc_row full_width=\u00a0\u00bbstretch_row_content\u00a0\u00bb equal_height=\u00a0\u00bbyes\u00a0\u00bb content_placement=\u00a0\u00bbmiddle\u00a0\u00bb bg_type=\u00a0\u00bbimage\u00a0\u00bb bg_override=\u00a0\u00bbex-full\u00a0\u00bb el_class=\u00a0\u00bbmt100 bg-beige\u00a0\u00bb][vc_column width=\u00a0\u00bb5\/12&Prime; offset=\u00a0\u00bbvc_col-lg-offset-2 vc_col-lg-3 vc_col-md-offset-1 vc_col-sm-offset-1&Prime; el_class=\u00a0\u00bbptb100&Prime;][vc_column_text]<\/p>\n<h2>Des lieux uniques \u00e0 d\u00e9couvrir<\/h2>\n<p>Situ\u00e9e \u00e0 quelques kilom\u00e8tres de la mer et d&rsquo;importantes villes d&rsquo;art toscanes, Villa Maria occupe une position strat\u00e9gique pour ceux qui veulent passer des vacances \u00e0 la d\u00e9couverte des tr\u00e9sors de la Toscane.[\/vc_column_text][\/vc_column][vc_column width=\u00a0\u00bb1\/2&Prime; offset=\u00a0\u00bbvc_col-lg-offset-1 vc_col-lg-6&Prime; el_class=\u00a0\u00bbbg-img-luoghi\u00a0\u00bb css=\u00a0\u00bb.vc_custom_1646647585873{background-image: url(https:\/\/villamariaonline.com\/wp-content\/uploads\/2022\/03\/@2x_monte_pisano_1.jpg?id=42) !important;}\u00a0\u00bb][\/vc_column][\/vc_row][vc_row full_width=\u00a0\u00bbstretch_row\u00a0\u00bb bg_type=\u00a0\u00bbbg_color\u00a0\u00bb bg_override=\u00a0\u00bbex-full\u00a0\u00bb el_class=\u00a0\u00bbbg-rosa ptb100&Prime;][vc_column offset=\u00a0\u00bbvc_col-lg-offset-2 vc_col-lg-8&Prime;][vc_column_text]<\/p>\n<h2 style=\"text-align: center;\">D\u00e9couvrez la grande vari\u00e9t\u00e9 de la Toscane<\/h2>\n<p>[\/vc_column_text][vc_row_inner el_class=\u00a0\u00bbhp-paesaggi hidden-xs\u00a0\u00bb][vc_column_inner width=\u00a0\u00bb1\/6&Prime;][vc_single_image image=\u00a0\u00bb271&Prime; img_size=\u00a0\u00bbfull\u00a0\u00bb alignment=\u00a0\u00bbcenter\u00a0\u00bb el_class=\u00a0\u00bbicone-hp\u00a0\u00bb][vc_column_text]<\/p>\n<p style=\"text-align: center;\">ANIMAUX DE COMPAGNIE<\/p>\n<p>[\/vc_column_text][\/vc_column_inner][vc_column_inner width=\u00a0\u00bb1\/6&Prime;][vc_single_image image=\u00a0\u00bb279&Prime; img_size=\u00a0\u00bbfull\u00a0\u00bb alignment=\u00a0\u00bbcenter\u00a0\u00bb el_class=\u00a0\u00bbicone-hp\u00a0\u00bb][vc_column_text]<\/p>\n<p style=\"text-align: center;\">LIEUX DE<br \/>\nVISITER<\/p>\n<p>[\/vc_column_text][\/vc_column_inner][vc_column_inner width=\u00a0\u00bb1\/6&Prime;][vc_single_image image=\u00a0\u00bb275&Prime; img_size=\u00a0\u00bbfull\u00a0\u00bb alignment=\u00a0\u00bbcenter\u00a0\u00bb el_class=\u00a0\u00bbicone-hp\u00a0\u00bb][vc_column_text]<\/p>\n<p style=\"text-align: center;\">PETIT DEJEUNER<\/p>\n<p>[\/vc_column_text][\/vc_column_inner][vc_column_inner width=\u00a0\u00bb1\/6&Prime;][vc_single_image image=\u00a0\u00bb283&Prime; img_size=\u00a0\u00bbfull\u00a0\u00bb alignment=\u00a0\u00bbcenter\u00a0\u00bb el_class=\u00a0\u00bbicone-hp\u00a0\u00bb][vc_column_text]<\/p>\n<p style=\"text-align: center;\">CUISINE<\/p>\n<p>[\/vc_column_text][\/vc_column_inner][vc_column_inner width=\u00a0\u00bb1\/6&Prime;][vc_single_image image=\u00a0\u00bb287&Prime; img_size=\u00a0\u00bbfull\u00a0\u00bb alignment=\u00a0\u00bbcenter\u00a0\u00bb el_class=\u00a0\u00bbicone-hp\u00a0\u00bb][vc_column_text]<\/p>\n<p style=\"text-align: center;\">EXCURSIONS<\/p>\n<p>[\/vc_column_text][\/vc_column_inner][vc_column_inner width=\u00a0\u00bb1\/6&Prime;][\/vc_column_inner][\/vc_row_inner][vc_column_text]<\/p>\n<p style=\"text-align: center;\">La Toscane est une r\u00e9gion tr\u00e8s riche qui offre une grande vari\u00e9t\u00e9 de paysages, de villes d&rsquo;art et d&rsquo;exp\u00e9riences \u00e0 vivre. Nous vous proposons une s\u00e9lection d&rsquo;activit\u00e9s &#8211; \u00e0 notre avis non n\u00e9gligeables &#8211; \u00e0 r\u00e9aliser \u00e0 proximit\u00e9 imm\u00e9diate.<\/p>\n<p>[\/vc_column_text][vc_btn title=\u00a0\u00bbD\u00c9COUVRIR\u00a0\u00bb style=\u00a0\u00bbclassic\u00a0\u00bb shape=\u00a0\u00bbsquare\u00a0\u00bb align=\u00a0\u00bbcenter\u00a0\u00bb el_class=\u00a0\u00bbcta-grigio\u00a0\u00bb link=\u00a0\u00bburl:http%3A%2F%2Fvillamariaonline.com%2Ffr%2Fesperienze%2F|title:Esperienze\u00a0\u00bb][\/vc_column][\/vc_row][vc_row full_width=\u00a0\u00bbstretch_row\u00a0\u00bb bg_type=\u00a0\u00bbbg_color\u00a0\u00bb bg_override=\u00a0\u00bbex-full\u00a0\u00bb el_class=\u00a0\u00bbptb100&Prime;][vc_column offset=\u00a0\u00bbvc_col-lg-offset-2 vc_col-lg-8&Prime;][vc_column_text]<\/p>\n<h2 style=\"text-align: center;\"><span data-sheets-value=\"{&quot;1&quot;:2,&quot;2&quot;:&quot;des exp\u00e9riences \u00e0 vivre et \u00e0 retenir&quot;}\" data-sheets-userformat=\"{&quot;2&quot;:29695,&quot;3&quot;:{&quot;1&quot;:0},&quot;4&quot;:{&quot;1&quot;:2,&quot;2&quot;:15987699},&quot;5&quot;:{&quot;1&quot;:[{&quot;1&quot;:2,&quot;2&quot;:0,&quot;5&quot;:{&quot;1&quot;:2,&quot;2&quot;:0}},{&quot;1&quot;:0,&quot;2&quot;:0,&quot;3&quot;:3},{&quot;1&quot;:1,&quot;2&quot;:0,&quot;4&quot;:1}]},&quot;6&quot;:{&quot;1&quot;:[{&quot;1&quot;:2,&quot;2&quot;:0,&quot;5&quot;:{&quot;1&quot;:2,&quot;2&quot;:0}},{&quot;1&quot;:0,&quot;2&quot;:0,&quot;3&quot;:3},{&quot;1&quot;:1,&quot;2&quot;:0,&quot;4&quot;:1}]},&quot;7&quot;:{&quot;1&quot;:[{&quot;1&quot;:2,&quot;2&quot;:0,&quot;5&quot;:{&quot;1&quot;:2,&quot;2&quot;:0}},{&quot;1&quot;:0,&quot;2&quot;:0,&quot;3&quot;:3},{&quot;1&quot;:1,&quot;2&quot;:0,&quot;4&quot;:1}]},&quot;8&quot;:{&quot;1&quot;:[{&quot;1&quot;:2,&quot;2&quot;:0,&quot;5&quot;:{&quot;1&quot;:2,&quot;2&quot;:0}},{&quot;1&quot;:0,&quot;2&quot;:0,&quot;3&quot;:3},{&quot;1&quot;:1,&quot;2&quot;:0,&quot;4&quot;:1}]},&quot;9&quot;:1,&quot;10&quot;:1,&quot;11&quot;:4,&quot;12&quot;:0,&quot;15&quot;:&quot;Arial&quot;,&quot;16&quot;:11,&quot;17&quot;:1}\">Des exp\u00e9riences \u00e0 vivre et \u00e0 retenir<\/span><\/h2>\n<p>[\/vc_column_text][vc_row_inner][vc_column_inner width=\u00a0\u00bb1\/3&Prime;][vc_column_text]<\/p>\n<h3 style=\"text-align: center;\">D\u00e9couvrez l&rsquo;art<br \/>\nde la c\u00e9ramique<\/h3>\n<p>[\/vc_column_text][vc_single_image image=\u00a0\u00bb291&Prime; img_size=\u00a0\u00bbfull\u00a0\u00bb alignment=\u00a0\u00bbcenter\u00a0\u00bb][vc_column_text]<\/p>\n<p style=\"text-align: center;\">Red\u00e9couvrez le charme des m\u00e9tiers d&rsquo;antan dans l&rsquo;atelier de c\u00e9ramique \u00e0 quelques pas de chez nous&#8230;<\/p>\n<p>[\/vc_column_text][vc_btn title=\u00a0\u00bbD\u00c9COUVRIR\u00a0\u00bb style=\u00a0\u00bbclassic\u00a0\u00bb shape=\u00a0\u00bbsquare\u00a0\u00bb align=\u00a0\u00bbcenter\u00a0\u00bb el_class=\u00a0\u00bbcta-grigio\u00a0\u00bb link=\u00a0\u00bburl:http%3A%2F%2Fvillamariaonline.com%2Ffr%2Fceramica%2F|title:Ceramica\u00a0\u00bb][\/vc_column_inner][vc_column_inner width=\u00a0\u00bb1\/3&Prime;][vc_column_text]<\/p>\n<h3 style=\"text-align: center;\">Trekking sur<br \/>\nles montagnes pisanes<\/h3>\n<p>[\/vc_column_text][vc_single_image image=\u00a0\u00bb295&Prime; img_size=\u00a0\u00bbfull\u00a0\u00bb alignment=\u00a0\u00bbcenter\u00a0\u00bb][vc_column_text]<\/p>\n<p style=\"text-align: center;\">Slow-tourisme, faites une pause et plongez dans le vert des chemins de nos montagnes locales&#8230;<\/p>\n<p>[\/vc_column_text][vc_btn title=\u00a0\u00bbD\u00c9COUVRIR\u00a0\u00bb style=\u00a0\u00bbclassic\u00a0\u00bb shape=\u00a0\u00bbsquare\u00a0\u00bb align=\u00a0\u00bbcenter\u00a0\u00bb el_class=\u00a0\u00bbcta-grigio\u00a0\u00bb link=\u00a0\u00bburl:http%3A%2F%2Fvillamariaonline.com%2Ffr%2Ftrekking%2F|title:Trekking\u00a0\u00bb][\/vc_column_inner][vc_column_inner width=\u00a0\u00bb1\/3&Prime;][vc_column_text]<\/p>\n<h3 style=\"text-align: center;\">Un plongeon<br \/>\ndans les ann\u00e9es 70<\/h3>\n<p>[\/vc_column_text][vc_single_image image=\u00a0\u00bb596&Prime; img_size=\u00a0\u00bbfull\u00a0\u00bb alignment=\u00a0\u00bbcenter\u00a0\u00bb][vc_column_text]<\/p>\n<p style=\"text-align: center;\">Nostalgique des ann\u00e9es 70 mythiques ? Au Rolando Bar le temps semble s&rsquo;\u00eatre arr\u00eat\u00e9&#8230;<\/p>\n<p>[\/vc_column_text][vc_btn title=\u00a0\u00bbD\u00c9COUVRIR\u00a0\u00bb style=\u00a0\u00bbclassic\u00a0\u00bb shape=\u00a0\u00bbsquare\u00a0\u00bb align=\u00a0\u00bbcenter\u00a0\u00bb el_class=\u00a0\u00bbcta-grigio\u00a0\u00bb link=\u00a0\u00bburl:http%3A%2F%2Fvillamariaonline.com%2Ffr%2Frolando%2F|title:Rolando\u00a0\u00bb][\/vc_column_inner][\/vc_row_inner][\/vc_column][\/vc_row][vc_row disable_element=\u00a0\u00bbyes\u00a0\u00bb el_class=\u00a0\u00bbptb100&Prime;][vc_column][vc_column_text]<\/p>\n<h2 style=\"text-align: center;\">Villa Maria sur Instagram<\/h2>\n<p>[\/vc_column_text][vc_row_inner][vc_column_inner width=\u00a0\u00bb1\/4&Prime; offset=\u00a0\u00bbvc_col-xs-6&Prime;][vc_single_image image=\u00a0\u00bb263&Prime; img_size=\u00a0\u00bbfull\u00a0\u00bb alignment=\u00a0\u00bbcenter\u00a0\u00bb][\/vc_column_inner][vc_column_inner width=\u00a0\u00bb1\/4&Prime; offset=\u00a0\u00bbvc_col-xs-6&Prime;][vc_single_image image=\u00a0\u00bb263&Prime; img_size=\u00a0\u00bbfull\u00a0\u00bb alignment=\u00a0\u00bbcenter\u00a0\u00bb][\/vc_column_inner][vc_column_inner width=\u00a0\u00bb1\/4&Prime; offset=\u00a0\u00bbvc_col-xs-6&Prime;][vc_single_image image=\u00a0\u00bb263&Prime; img_size=\u00a0\u00bbfull\u00a0\u00bb alignment=\u00a0\u00bbcenter\u00a0\u00bb][\/vc_column_inner][vc_column_inner width=\u00a0\u00bb1\/4&Prime; offset=\u00a0\u00bbvc_col-xs-6&Prime;][vc_single_image image=\u00a0\u00bb263&Prime; img_size=\u00a0\u00bbfull\u00a0\u00bb alignment=\u00a0\u00bbcenter\u00a0\u00bb][\/vc_column_inner][\/vc_row_inner][vc_btn title=\u00a0\u00bbD\u00c9COUVRIR\u00a0\u00bb style=\u00a0\u00bbclassic\u00a0\u00bb shape=\u00a0\u00bbsquare\u00a0\u00bb align=\u00a0\u00bbcenter\u00a0\u00bb el_class=\u00a0\u00bbcta-grigio\u00a0\u00bb link=\u00a0\u00bburl:%23&Prime;][\/vc_column][\/vc_row][vc_row el_class=\u00a0\u00bbbox-noleggio\u00a0\u00bb][vc_column][vc_column_text]<\/p>\n<h2>Service de location sans chauffeur<\/h2>\n<p>[\/vc_column_text][vc_column_text]Villa Maria vous permet de louer une Mercedes Vito Tourer \u00e0 neuf places et de voyager librement dans toute la Toscane.[\/vc_column_text][vc_btn title=\u00a0\u00bbPlus d&rsquo;information\u00a0\u00bb style=\u00a0\u00bbclassic\u00a0\u00bb shape=\u00a0\u00bbsquare\u00a0\u00bb align=\u00a0\u00bbcenter\u00a0\u00bb link=\u00a0\u00bburl:https%3A%2F%2Fvillamariaonline.com%2Ffr%2Flocation-sans-chauffeur%2F|title:Noleggio%20Senza%20Conducente\u00a0\u00bb el_class=\u00a0\u00bbcta-grigio\u00a0\u00bb][\/vc_column][\/vc_row]<\/p>\n","protected":false},"excerpt":{"rendered":"<p>[vc_row full_width=\u00a0\u00bbstretch_row_content\u00a0\u00bb content_placement=\u00a0\u00bbmiddle\u00a0\u00bb el_class=\u00a0\u00bbmt100&Prime;][vc_column width=\u00a0\u00bb1\/2&Prime; offset=\u00a0\u00bbvc_col-lg-offset-2 vc_col-lg-4&Prime;][vc_column_text] Bed &amp; Breakfast dans la campagne toscane [\/vc_column_text][vc_btn title=\u00a0\u00bbD\u00c9COUVRIR\u00a0\u00bb style=\u00a0\u00bbclassic\u00a0\u00bb shape=\u00a0\u00bbsquare\u00a0\u00bb el_class=\u00a0\u00bbcta-grigio\u00a0\u00bb link=\u00a0\u00bburl:http%3A%2F%2Fvillamariaonline.com%2Ffr%2Fb-b%2F|title:Bed%20%26%20breakfast\u00a0\u00bb][\/vc_column][vc_column width=\u00a0\u00bb1\/2&Prime;][vc_single_image image=\u00a0\u00bb255&Prime; img_size=\u00a0\u00bbfull\u00a0\u00bb alignment=\u00a0\u00bbright\u00a0\u00bb][\/vc_column][\/vc_row][vc_row full_width=\u00a0\u00bbstretch_row_content_no_spaces\u00a0\u00bb el_class=\u00a0\u00bbmt100 bg-grigio ptb100&Prime;][vc_column offset=\u00a0\u00bbvc_col-lg-offset-4 vc_col-lg-4&#8230;<\/p>\n","protected":false},"author":1,"featured_media":0,"parent":0,"menu_order":0,"comment_status":"closed","ping_status":"open","template":"","meta":{"_monsterinsights_skip_tracking":false,"_monsterinsights_sitenote_active":false,"_monsterinsights_sitenote_note":"","_monsterinsights_sitenote_category":0},"yoast_head":"<!-- This site is optimized with the Yoast SEO plugin v19.1 - https:\/\/yoast.com\/wordpress\/plugins\/seo\/ -->\n<title>Home - Villa Maria<\/title>\n<meta name=\"robots\" content=\"index, follow, max-snippet:-1, max-image-preview:large, max-video-preview:-1\" \/>\n<link rel=\"canonical\" href=\"https:\/\/villamariaonline.com\/fr\/\" \/>\n<meta property=\"og:locale\" content=\"fr_FR\" \/>\n<meta property=\"og:type\" content=\"article\" \/>\n<meta property=\"og:title\" content=\"Home - Villa Maria\" \/>\n<meta property=\"og:description\" content=\"[vc_row full_width=\u00a0\u00bbstretch_row_content\u00a0\u00bb content_placement=\u00a0\u00bbmiddle\u00a0\u00bb el_class=\u00a0\u00bbmt100&Prime;][vc_column width=\u00a0\u00bb1\/2&Prime; offset=\u00a0\u00bbvc_col-lg-offset-2 vc_col-lg-4&Prime;][vc_column_text] Bed &amp; Breakfast dans la campagne toscane [\/vc_column_text][vc_btn title=\u00a0\u00bbD\u00c9COUVRIR\u00a0\u00bb style=\u00a0\u00bbclassic\u00a0\u00bb shape=\u00a0\u00bbsquare\u00a0\u00bb el_class=\u00a0\u00bbcta-grigio\u00a0\u00bb link=\u00a0\u00bburl:http%3A%2F%2Fvillamariaonline.com%2Ffr%2Fb-b%2F|title:Bed%20%26%20breakfast\u00a0\u00bb][\/vc_column][vc_column width=\u00a0\u00bb1\/2&Prime;][vc_single_image image=\u00a0\u00bb255&Prime; img_size=\u00a0\u00bbfull\u00a0\u00bb alignment=\u00a0\u00bbright\u00a0\u00bb][\/vc_column][\/vc_row][vc_row full_width=\u00a0\u00bbstretch_row_content_no_spaces\u00a0\u00bb el_class=\u00a0\u00bbmt100 bg-grigio ptb100&Prime;][vc_column offset=\u00a0\u00bbvc_col-lg-offset-4 vc_col-lg-4...\" \/>\n<meta property=\"og:url\" content=\"https:\/\/villamariaonline.com\/fr\/\" \/>\n<meta property=\"og:site_name\" content=\"Villa Maria\" \/>\n<meta property=\"article:modified_time\" content=\"2023-04-05T08:12:04+00:00\" \/>\n<meta name=\"twitter:card\" content=\"summary_large_image\" \/>\n<meta name=\"twitter:label1\" content=\"Dur\u00e9e de lecture estim\u00e9e\" \/>\n\t<meta name=\"twitter:data1\" content=\"4 minutes\" \/>\n<script type=\"application\/ld+json\" class=\"yoast-schema-graph\">{\"@context\":\"https:\/\/schema.org\",\"@graph\":[{\"@type\":\"WebSite\",\"@id\":\"https:\/\/villamariaonline.com\/#website\",\"url\":\"https:\/\/villamariaonline.com\/\",\"name\":\"Villa Maria\",\"description\":\"Un nuovo sito targato WordPress\",\"potentialAction\":[{\"@type\":\"SearchAction\",\"target\":{\"@type\":\"EntryPoint\",\"urlTemplate\":\"https:\/\/villamariaonline.com\/?s={search_term_string}\"},\"query-input\":\"required name=search_term_string\"}],\"inLanguage\":\"fr-FR\"},{\"@type\":\"WebPage\",\"@id\":\"https:\/\/villamariaonline.com\/fr\/#webpage\",\"url\":\"https:\/\/villamariaonline.com\/fr\/\",\"name\":\"Home - Villa Maria\",\"isPartOf\":{\"@id\":\"https:\/\/villamariaonline.com\/#website\"},\"datePublished\":\"2020-11-11T15:49:36+00:00\",\"dateModified\":\"2023-04-05T08:12:04+00:00\",\"breadcrumb\":{\"@id\":\"https:\/\/villamariaonline.com\/fr\/#breadcrumb\"},\"inLanguage\":\"fr-FR\",\"potentialAction\":[{\"@type\":\"ReadAction\",\"target\":[\"https:\/\/villamariaonline.com\/fr\/\"]}]},{\"@type\":\"BreadcrumbList\",\"@id\":\"https:\/\/villamariaonline.com\/fr\/#breadcrumb\",\"itemListElement\":[{\"@type\":\"ListItem\",\"position\":1,\"name\":\"Home\",\"item\":\"https:\/\/villamariaonline.com\/fr\/\"},{\"@type\":\"ListItem\",\"position\":2,\"name\":\"Home\"}]}]}<\/script>\n<!-- \/ Yoast SEO plugin. -->","yoast_head_json":{"title":"Home - Villa Maria","robots":{"index":"index","follow":"follow","max-snippet":"max-snippet:-1","max-image-preview":"max-image-preview:large","max-video-preview":"max-video-preview:-1"},"canonical":"https:\/\/villamariaonline.com\/fr\/","og_locale":"fr_FR","og_type":"article","og_title":"Home - Villa Maria","og_description":"[vc_row full_width=\u00a0\u00bbstretch_row_content\u00a0\u00bb content_placement=\u00a0\u00bbmiddle\u00a0\u00bb el_class=\u00a0\u00bbmt100&Prime;][vc_column width=\u00a0\u00bb1\/2&Prime; offset=\u00a0\u00bbvc_col-lg-offset-2 vc_col-lg-4&Prime;][vc_column_text] Bed &amp; Breakfast dans la campagne toscane [\/vc_column_text][vc_btn title=\u00a0\u00bbD\u00c9COUVRIR\u00a0\u00bb style=\u00a0\u00bbclassic\u00a0\u00bb shape=\u00a0\u00bbsquare\u00a0\u00bb el_class=\u00a0\u00bbcta-grigio\u00a0\u00bb link=\u00a0\u00bburl:http%3A%2F%2Fvillamariaonline.com%2Ffr%2Fb-b%2F|title:Bed%20%26%20breakfast\u00a0\u00bb][\/vc_column][vc_column width=\u00a0\u00bb1\/2&Prime;][vc_single_image image=\u00a0\u00bb255&Prime; img_size=\u00a0\u00bbfull\u00a0\u00bb alignment=\u00a0\u00bbright\u00a0\u00bb][\/vc_column][\/vc_row][vc_row full_width=\u00a0\u00bbstretch_row_content_no_spaces\u00a0\u00bb el_class=\u00a0\u00bbmt100 bg-grigio ptb100&Prime;][vc_column offset=\u00a0\u00bbvc_col-lg-offset-4 vc_col-lg-4...","og_url":"https:\/\/villamariaonline.com\/fr\/","og_site_name":"Villa Maria","article_modified_time":"2023-04-05T08:12:04+00:00","twitter_card":"summary_large_image","twitter_misc":{"Dur\u00e9e de lecture estim\u00e9e":"4 minutes"},"schema":{"@context":"https:\/\/schema.org","@graph":[{"@type":"WebSite","@id":"https:\/\/villamariaonline.com\/#website","url":"https:\/\/villamariaonline.com\/","name":"Villa Maria","description":"Un nuovo sito targato WordPress","potentialAction":[{"@type":"SearchAction","target":{"@type":"EntryPoint","urlTemplate":"https:\/\/villamariaonline.com\/?s={search_term_string}"},"query-input":"required name=search_term_string"}],"inLanguage":"fr-FR"},{"@type":"WebPage","@id":"https:\/\/villamariaonline.com\/fr\/#webpage","url":"https:\/\/villamariaonline.com\/fr\/","name":"Home - Villa Maria","isPartOf":{"@id":"https:\/\/villamariaonline.com\/#website"},"datePublished":"2020-11-11T15:49:36+00:00","dateModified":"2023-04-05T08:12:04+00:00","breadcrumb":{"@id":"https:\/\/villamariaonline.com\/fr\/#breadcrumb"},"inLanguage":"fr-FR","potentialAction":[{"@type":"ReadAction","target":["https:\/\/villamariaonline.com\/fr\/"]}]},{"@type":"BreadcrumbList","@id":"https:\/\/villamariaonline.com\/fr\/#breadcrumb","itemListElement":[{"@type":"ListItem","position":1,"name":"Home","item":"https:\/\/villamariaonline.com\/fr\/"},{"@type":"ListItem","position":2,"name":"Home"}]}]}},"_links":{"self":[{"href":"https:\/\/villamariaonline.com\/fr\/wp-json\/wp\/v2\/pages\/3177"}],"collection":[{"href":"https:\/\/villamariaonline.com\/fr\/wp-json\/wp\/v2\/pages"}],"about":[{"href":"https:\/\/villamariaonline.com\/fr\/wp-json\/wp\/v2\/types\/page"}],"author":[{"embeddable":true,"href":"https:\/\/villamariaonline.com\/fr\/wp-json\/wp\/v2\/users\/1"}],"replies":[{"embeddable":true,"href":"https:\/\/villamariaonline.com\/fr\/wp-json\/wp\/v2\/comments?post=3177"}],"version-history":[{"count":7,"href":"https:\/\/villamariaonline.com\/fr\/wp-json\/wp\/v2\/pages\/3177\/revisions"}],"predecessor-version":[{"id":3394,"href":"https:\/\/villamariaonline.com\/fr\/wp-json\/wp\/v2\/pages\/3177\/revisions\/3394"}],"wp:attachment":[{"href":"https:\/\/villamariaonline.com\/fr\/wp-json\/wp\/v2\/media?parent=3177"}],"curies":[{"name":"wp","href":"https:\/\/api.w.org\/{rel}","templated":true}]}}