{"id":3181,"date":"2022-02-28T17:04:29","date_gmt":"2022-02-28T16:04:29","guid":{"rendered":"https:\/\/villamariaonline.com\/b-b\/"},"modified":"2022-05-25T17:25:54","modified_gmt":"2022-05-25T15:25:54","slug":"b-b","status":"publish","type":"page","link":"https:\/\/villamariaonline.com\/fr\/b-b\/","title":{"rendered":"Bed &#038; breakfast"},"content":{"rendered":"<p>[vc_row full_width=\u00a0\u00bbstretch_row_content_no_spaces\u00a0\u00bb el_class=\u00a0\u00bbtestata bb\u00a0\u00bb][vc_column][\/vc_column][\/vc_row][vc_row el_class=\u00a0\u00bbmt100&Prime;][vc_column][vc_column_text]<\/p>\n<h1 class=\"colore-rosso\" style=\"text-align: center;\">Le Bed &amp; Breakfast<\/h1>\n<h2 style=\"text-align: center;\">Une oasis de paix dans un style<br \/>\nrustique<\/h2>\n<p>[\/vc_column_text][\/vc_column][\/vc_row][vc_row content_placement=\u00a0\u00bbmiddle\u00a0\u00bb el_class=\u00a0\u00bbmt100&Prime;][vc_column width=\u00a0\u00bb1\/2&Prime; offset=\u00a0\u00bbvc_col-lg-5&Prime;][vc_single_image image=\u00a0\u00bb498&Prime; img_size=\u00a0\u00bbfull\u00a0\u00bb][\/vc_column][vc_column width=\u00a0\u00bb1\/2&Prime; offset=\u00a0\u00bbvc_col-lg-offset-2 vc_col-lg-5&Prime;][vc_column_text el_class=\u00a0\u00bbtext-center-mobile\u00a0\u00bb]<\/p>\n<h4><strong>L&rsquo;activit\u00e9 est r\u00e9alis\u00e9e dans une ancienne ferme du XIXe si\u00e8cle finement restaur\u00e9e selon le style toscan d&rsquo;origine.<\/strong><\/h4>\n<p>Atmosph\u00e8re chaleureuse, \u00e2me authentique, grands espaces donnant sur la nature et souci du d\u00e9tail pour offrir aux clients la meilleure exp\u00e9rience d&rsquo;invit\u00e9 dans la campagne toscane.[\/vc_column_text][\/vc_column][\/vc_row][vc_row content_placement=\u00a0\u00bbmiddle\u00a0\u00bb el_class=\u00a0\u00bbmt100&Prime;][vc_column width=\u00a0\u00bb5\/12&Prime;][vc_column_text el_class=\u00a0\u00bbtext-center-mobile\u00a0\u00bb]<\/p>\n<h4><strong>L&rsquo;hospitalit\u00e9 \u00e0 Villa Maria est synonyme de professionnalisme, de luxe et de courtoisie.<\/strong><\/h4>\n<p>Chaque chambre a sa propre \u00e2me et est finement meubl\u00e9e en continuit\u00e9 avec le contexte architectural dans lequel elle s&rsquo;ins\u00e8re. Vivez pleinement le charme de la tradition toscane \u00e0 Villa Maria.<\/p>\n<p>[\/vc_column_text][\/vc_column][vc_column width=\u00a0\u00bb1\/2&Prime; offset=\u00a0\u00bbvc_col-lg-offset-2 vc_col-lg-5&Prime;][vc_single_image image=\u00a0\u00bb503&Prime; img_size=\u00a0\u00bbfull\u00a0\u00bb][\/vc_column][\/vc_row][vc_row full_width=\u00a0\u00bbstretch_row_content_no_spaces\u00a0\u00bb el_class=\u00a0\u00bbmt100&Prime;][vc_column css=\u00a0\u00bb.vc_custom_1647946514566{background-image: url(https:\/\/villamariaonline.com\/wp-content\/uploads\/2022\/03\/img_beb.jpg?id=506) !important;background-position: center !important;background-repeat: no-repeat !important;background-size: cover !important;}\u00a0\u00bb el_class=\u00a0\u00bbbb-imgcover\u00a0\u00bb][\/vc_column][\/vc_row][vc_row el_class=\u00a0\u00bbmt100&Prime;][vc_column offset=\u00a0\u00bbvc_col-lg-offset-2 vc_col-lg-8&Prime;][vc_single_image image=\u00a0\u00bb275&Prime; alignment=\u00a0\u00bbcenter\u00a0\u00bb][vc_column_text]<\/p>\n<p style=\"text-align: center;\">Un r\u00e9gal pour nos clients est le moment du petit d\u00e9jeuner, qui est servi dans la v\u00e9randa, sous un toit de glycine et donnant sur la piscine exclusive.<br \/>\nLe petit-d\u00e9jeuner est intercontinental, il offre donc un large choix de d\u00e9lices sucr\u00e9s et sal\u00e9s pour satisfaire les palais les plus exigeants.<\/p>\n<p>[\/vc_column_text][vc_btn title=\u00a0\u00bbR\u00c9SERVEZ VOTRE S\u00c9JOUR\u00a0\u00bb style=\u00a0\u00bbclassic\u00a0\u00bb shape=\u00a0\u00bbsquare\u00a0\u00bb align=\u00a0\u00bbcenter\u00a0\u00bb el_class=\u00a0\u00bbcta-grigio\u00a0\u00bb link=\u00a0\u00bburl:http%3A%2F%2Fvillamariaonline.com%2Ffr%2Fprenotazione%2F|title:Prenotazione\u00a0\u00bb][\/vc_column][\/vc_row][vc_row el_class=\u00a0\u00bbmt100&Prime;][vc_column offset=\u00a0\u00bbvc_col-lg-offset-2 vc_col-lg-8 vc_col-xs-offset-1 vc_col-xs-10&Prime;][vc_images_carousel images=\u00a0\u00bb517,522,527,532,537,542,547,552&Prime; img_size=\u00a0\u00bbfull\u00a0\u00bb hide_pagination_control=\u00a0\u00bbyes\u00a0\u00bb wrap=\u00a0\u00bbyes\u00a0\u00bb el_class=\u00a0\u00bbbb-carousel\u00a0\u00bb][\/vc_column][\/vc_row]<\/p>\n","protected":false},"excerpt":{"rendered":"<p>[vc_row full_width=\u00a0\u00bbstretch_row_content_no_spaces\u00a0\u00bb el_class=\u00a0\u00bbtestata bb\u00a0\u00bb][vc_column][\/vc_column][\/vc_row][vc_row el_class=\u00a0\u00bbmt100&Prime;][vc_column][vc_column_text] Le Bed &amp; Breakfast Une oasis de paix dans un style rustique [\/vc_column_text][\/vc_column][\/vc_row][vc_row content_placement=\u00a0\u00bbmiddle\u00a0\u00bb el_class=\u00a0\u00bbmt100&Prime;][vc_column width=\u00a0\u00bb1\/2&Prime; offset=\u00a0\u00bbvc_col-lg-5&Prime;][vc_single_image image=\u00a0\u00bb498&Prime; img_size=\u00a0\u00bbfull\u00a0\u00bb][\/vc_column][vc_column width=\u00a0\u00bb1\/2&Prime; offset=\u00a0\u00bbvc_col-lg-offset-2 vc_col-lg-5&Prime;][vc_column_text el_class=\u00a0\u00bbtext-center-mobile\u00a0\u00bb] L&rsquo;activit\u00e9 est&#8230;<\/p>\n","protected":false},"author":1,"featured_media":0,"parent":0,"menu_order":0,"comment_status":"closed","ping_status":"closed","template":"","meta":{"_monsterinsights_skip_tracking":false,"_monsterinsights_sitenote_active":false,"_monsterinsights_sitenote_note":"","_monsterinsights_sitenote_category":0},"yoast_head":"<!-- This site is optimized with the Yoast SEO plugin v19.1 - https:\/\/yoast.com\/wordpress\/plugins\/seo\/ -->\n<title>Bed &amp; breakfast - Villa Maria<\/title>\n<meta name=\"robots\" content=\"index, follow, max-snippet:-1, max-image-preview:large, max-video-preview:-1\" \/>\n<link rel=\"canonical\" href=\"https:\/\/villamariaonline.com\/fr\/b-b\/\" \/>\n<meta property=\"og:locale\" content=\"fr_FR\" \/>\n<meta property=\"og:type\" content=\"article\" \/>\n<meta property=\"og:title\" content=\"Bed &amp; breakfast - Villa Maria\" \/>\n<meta property=\"og:description\" content=\"[vc_row full_width=\u00a0\u00bbstretch_row_content_no_spaces\u00a0\u00bb el_class=\u00a0\u00bbtestata bb\u00a0\u00bb][vc_column][\/vc_column][\/vc_row][vc_row el_class=\u00a0\u00bbmt100&Prime;][vc_column][vc_column_text] Le Bed &amp; Breakfast Une oasis de paix dans un style rustique [\/vc_column_text][\/vc_column][\/vc_row][vc_row content_placement=\u00a0\u00bbmiddle\u00a0\u00bb el_class=\u00a0\u00bbmt100&Prime;][vc_column width=\u00a0\u00bb1\/2&Prime; offset=\u00a0\u00bbvc_col-lg-5&Prime;][vc_single_image image=\u00a0\u00bb498&Prime; img_size=\u00a0\u00bbfull\u00a0\u00bb][\/vc_column][vc_column width=\u00a0\u00bb1\/2&Prime; offset=\u00a0\u00bbvc_col-lg-offset-2 vc_col-lg-5&Prime;][vc_column_text el_class=\u00a0\u00bbtext-center-mobile\u00a0\u00bb] L&rsquo;activit\u00e9 est...\" \/>\n<meta property=\"og:url\" content=\"https:\/\/villamariaonline.com\/fr\/b-b\/\" \/>\n<meta property=\"og:site_name\" content=\"Villa Maria\" \/>\n<meta property=\"article:modified_time\" content=\"2022-05-25T15:25:54+00:00\" \/>\n<meta name=\"twitter:card\" content=\"summary_large_image\" \/>\n<meta name=\"twitter:label1\" content=\"Dur\u00e9e de lecture estim\u00e9e\" \/>\n\t<meta name=\"twitter:data1\" content=\"2 minutes\" \/>\n<script type=\"application\/ld+json\" class=\"yoast-schema-graph\">{\"@context\":\"https:\/\/schema.org\",\"@graph\":[{\"@type\":\"WebSite\",\"@id\":\"https:\/\/villamariaonline.com\/#website\",\"url\":\"https:\/\/villamariaonline.com\/\",\"name\":\"Villa Maria\",\"description\":\"Un nuovo sito targato WordPress\",\"potentialAction\":[{\"@type\":\"SearchAction\",\"target\":{\"@type\":\"EntryPoint\",\"urlTemplate\":\"https:\/\/villamariaonline.com\/?s={search_term_string}\"},\"query-input\":\"required name=search_term_string\"}],\"inLanguage\":\"fr-FR\"},{\"@type\":\"WebPage\",\"@id\":\"https:\/\/villamariaonline.com\/fr\/b-b\/#webpage\",\"url\":\"https:\/\/villamariaonline.com\/fr\/b-b\/\",\"name\":\"Bed & breakfast - Villa Maria\",\"isPartOf\":{\"@id\":\"https:\/\/villamariaonline.com\/#website\"},\"datePublished\":\"2022-02-28T16:04:29+00:00\",\"dateModified\":\"2022-05-25T15:25:54+00:00\",\"breadcrumb\":{\"@id\":\"https:\/\/villamariaonline.com\/fr\/b-b\/#breadcrumb\"},\"inLanguage\":\"fr-FR\",\"potentialAction\":[{\"@type\":\"ReadAction\",\"target\":[\"https:\/\/villamariaonline.com\/fr\/b-b\/\"]}]},{\"@type\":\"BreadcrumbList\",\"@id\":\"https:\/\/villamariaonline.com\/fr\/b-b\/#breadcrumb\",\"itemListElement\":[{\"@type\":\"ListItem\",\"position\":1,\"name\":\"Home\",\"item\":\"https:\/\/villamariaonline.com\/fr\/\"},{\"@type\":\"ListItem\",\"position\":2,\"name\":\"Bed &#038; breakfast\"}]}]}<\/script>\n<!-- \/ Yoast SEO plugin. -->","yoast_head_json":{"title":"Bed & breakfast - Villa Maria","robots":{"index":"index","follow":"follow","max-snippet":"max-snippet:-1","max-image-preview":"max-image-preview:large","max-video-preview":"max-video-preview:-1"},"canonical":"https:\/\/villamariaonline.com\/fr\/b-b\/","og_locale":"fr_FR","og_type":"article","og_title":"Bed & breakfast - Villa Maria","og_description":"[vc_row full_width=\u00a0\u00bbstretch_row_content_no_spaces\u00a0\u00bb el_class=\u00a0\u00bbtestata bb\u00a0\u00bb][vc_column][\/vc_column][\/vc_row][vc_row el_class=\u00a0\u00bbmt100&Prime;][vc_column][vc_column_text] Le Bed &amp; Breakfast Une oasis de paix dans un style rustique [\/vc_column_text][\/vc_column][\/vc_row][vc_row content_placement=\u00a0\u00bbmiddle\u00a0\u00bb el_class=\u00a0\u00bbmt100&Prime;][vc_column width=\u00a0\u00bb1\/2&Prime; offset=\u00a0\u00bbvc_col-lg-5&Prime;][vc_single_image image=\u00a0\u00bb498&Prime; img_size=\u00a0\u00bbfull\u00a0\u00bb][\/vc_column][vc_column width=\u00a0\u00bb1\/2&Prime; offset=\u00a0\u00bbvc_col-lg-offset-2 vc_col-lg-5&Prime;][vc_column_text el_class=\u00a0\u00bbtext-center-mobile\u00a0\u00bb] L&rsquo;activit\u00e9 est...","og_url":"https:\/\/villamariaonline.com\/fr\/b-b\/","og_site_name":"Villa Maria","article_modified_time":"2022-05-25T15:25:54+00:00","twitter_card":"summary_large_image","twitter_misc":{"Dur\u00e9e de lecture estim\u00e9e":"2 minutes"},"schema":{"@context":"https:\/\/schema.org","@graph":[{"@type":"WebSite","@id":"https:\/\/villamariaonline.com\/#website","url":"https:\/\/villamariaonline.com\/","name":"Villa Maria","description":"Un nuovo sito targato WordPress","potentialAction":[{"@type":"SearchAction","target":{"@type":"EntryPoint","urlTemplate":"https:\/\/villamariaonline.com\/?s={search_term_string}"},"query-input":"required name=search_term_string"}],"inLanguage":"fr-FR"},{"@type":"WebPage","@id":"https:\/\/villamariaonline.com\/fr\/b-b\/#webpage","url":"https:\/\/villamariaonline.com\/fr\/b-b\/","name":"Bed & breakfast - Villa Maria","isPartOf":{"@id":"https:\/\/villamariaonline.com\/#website"},"datePublished":"2022-02-28T16:04:29+00:00","dateModified":"2022-05-25T15:25:54+00:00","breadcrumb":{"@id":"https:\/\/villamariaonline.com\/fr\/b-b\/#breadcrumb"},"inLanguage":"fr-FR","potentialAction":[{"@type":"ReadAction","target":["https:\/\/villamariaonline.com\/fr\/b-b\/"]}]},{"@type":"BreadcrumbList","@id":"https:\/\/villamariaonline.com\/fr\/b-b\/#breadcrumb","itemListElement":[{"@type":"ListItem","position":1,"name":"Home","item":"https:\/\/villamariaonline.com\/fr\/"},{"@type":"ListItem","position":2,"name":"Bed &#038; breakfast"}]}]}},"_links":{"self":[{"href":"https:\/\/villamariaonline.com\/fr\/wp-json\/wp\/v2\/pages\/3181"}],"collection":[{"href":"https:\/\/villamariaonline.com\/fr\/wp-json\/wp\/v2\/pages"}],"about":[{"href":"https:\/\/villamariaonline.com\/fr\/wp-json\/wp\/v2\/types\/page"}],"author":[{"embeddable":true,"href":"https:\/\/villamariaonline.com\/fr\/wp-json\/wp\/v2\/users\/1"}],"replies":[{"embeddable":true,"href":"https:\/\/villamariaonline.com\/fr\/wp-json\/wp\/v2\/comments?post=3181"}],"version-history":[{"count":5,"href":"https:\/\/villamariaonline.com\/fr\/wp-json\/wp\/v2\/pages\/3181\/revisions"}],"predecessor-version":[{"id":3224,"href":"https:\/\/villamariaonline.com\/fr\/wp-json\/wp\/v2\/pages\/3181\/revisions\/3224"}],"wp:attachment":[{"href":"https:\/\/villamariaonline.com\/fr\/wp-json\/wp\/v2\/media?parent=3181"}],"curies":[{"name":"wp","href":"https:\/\/api.w.org\/{rel}","templated":true}]}}