{"id":3192,"date":"2022-03-01T16:19:56","date_gmt":"2022-03-01T15:19:56","guid":{"rendered":"https:\/\/villamariaonline.com\/esperienze\/"},"modified":"2022-05-25T17:27:28","modified_gmt":"2022-05-25T15:27:28","slug":"esperienze","status":"publish","type":"page","link":"https:\/\/villamariaonline.com\/fr\/esperienze\/","title":{"rendered":"Esperienze"},"content":{"rendered":"<p>[vc_row full_width=\u00a0\u00bbstretch_row_content_no_spaces\u00a0\u00bb el_class=\u00a0\u00bbtestata esperienze\u00a0\u00bb][vc_column][\/vc_column][\/vc_row][vc_row el_class=\u00a0\u00bbmt100&Prime;][vc_column][vc_column_text]<\/p>\n<h1 class=\"colore-rosso\" style=\"text-align: center;\">Des exp\u00e9riences \u00e0 vivre et \u00e0 retenir<\/h1>\n<h2 style=\"text-align: center;\">D\u00e9couvrez toutes les aventures que vous pouvez vivre \u00e0 votre porte<br \/>\nde Villa Maria<\/h2>\n<p>[\/vc_column_text][\/vc_column][\/vc_row][vc_row full_width=\u00a0\u00bbstretch_row_content_no_spaces\u00a0\u00bb el_class=\u00a0\u00bbmt100&Prime;][vc_column][vc_row_inner el_class=\u00a0\u00bbbg-rosa esperienze-bg\u00a0\u00bb][vc_column_inner el_class=\u00a0\u00bbptb100&Prime;][vc_column_text]<\/p>\n<h2 style=\"text-align: center;\">Trekking sur les montagnes pisanes<\/h2>\n<p>[\/vc_column_text][\/vc_column_inner][\/vc_row_inner][vc_row_inner el_class=\u00a0\u00bbesperienze-relative\u00a0\u00bb][vc_column_inner][vc_single_image image=\u00a0\u00bb339&Prime; img_size=\u00a0\u00bbfull\u00a0\u00bb alignment=\u00a0\u00bbcenter\u00a0\u00bb][\/vc_column_inner][\/vc_row_inner][\/vc_column][\/vc_row][vc_row el_class=\u00a0\u00bbesperienze-margine-neg\u00a0\u00bb][vc_column width=\u00a0\u00bb1\/2&Prime; offset=\u00a0\u00bbvc_col-lg-4&Prime;][vc_single_image image=\u00a0\u00bb351&Prime; img_size=\u00a0\u00bbfull\u00a0\u00bb alignment=\u00a0\u00bbright\u00a0\u00bb el_class=\u00a0\u00bbesperienze-icone text-center-mobile\u00a0\u00bb][\/vc_column][vc_column width=\u00a0\u00bb1\/2&Prime; offset=\u00a0\u00bbvc_col-lg-offset-1 vc_col-lg-5&Prime;][vc_column_text]Une fa\u00e7on plus lente et plus consciente de d\u00e9couvrir le territoire est de le parcourir en savourant chaque pas. Les montagnes pisanes sont riches d&rsquo;itin\u00e9raires et de sentiers, balis\u00e9s et s\u00fbrs : des parcours de diff\u00e9rentes longueurs et difficult\u00e9s, adapt\u00e9s aux niveaux d&rsquo;entra\u00eenement les plus divers. D\u00e9couvrez la nature et admirez les plus beaux paysages.[\/vc_column_text][vc_btn title=\u00a0\u00bbD\u00c9COUVRIR\u00a0\u00bb style=\u00a0\u00bbclassic\u00a0\u00bb shape=\u00a0\u00bbsquare\u00a0\u00bb align=\u00a0\u00bbcenter\u00a0\u00bb link=\u00a0\u00bburl:http%3A%2F%2Fvillamariaonline.com%2Ffr%2Ftrekking%2F|title:Trekking\u00a0\u00bb el_class=\u00a0\u00bbcta-grigio text-left-dsk\u00a0\u00bb][\/vc_column][\/vc_row][vc_row full_width=\u00a0\u00bbstretch_row_content_no_spaces\u00a0\u00bb][vc_column][vc_row_inner el_class=\u00a0\u00bbbg-rosa esperienze-bg\u00a0\u00bb][vc_column_inner el_class=\u00a0\u00bbptb100&Prime;][vc_column_text]<\/p>\n<h2 style=\"text-align: center;\">D\u00e9couvrez l&rsquo;art de la c\u00e9ramique<\/h2>\n<p>[\/vc_column_text][\/vc_column_inner][\/vc_row_inner][vc_row_inner el_class=\u00a0\u00bbesperienze-relative\u00a0\u00bb][vc_column_inner][vc_single_image image=\u00a0\u00bb343&Prime; img_size=\u00a0\u00bbfull\u00a0\u00bb alignment=\u00a0\u00bbcenter\u00a0\u00bb][\/vc_column_inner][\/vc_row_inner][\/vc_column][\/vc_row][vc_row el_class=\u00a0\u00bbesperienze-margine-neg\u00a0\u00bb][vc_column width=\u00a0\u00bb1\/2&Prime; offset=\u00a0\u00bbvc_col-lg-4&Prime;][vc_single_image image=\u00a0\u00bb347&Prime; img_size=\u00a0\u00bbfull\u00a0\u00bb alignment=\u00a0\u00bbright\u00a0\u00bb el_class=\u00a0\u00bbesperienze-icone text-center-mobile\u00a0\u00bb][\/vc_column][vc_column width=\u00a0\u00bb1\/2&Prime; offset=\u00a0\u00bbvc_col-lg-offset-1 vc_col-lg-5&Prime;][vc_column_text]Les vacances peuvent \u00eatre le moment id\u00e9al pour apprendre de nouvelles choses. Avez-vous d\u00e9j\u00e0 pens\u00e9 \u00e0 essayer de fabriquer un vase en c\u00e9ramique ? Si l&rsquo;id\u00e9e vous pla\u00eet, sachez qu&rsquo;\u00e0 quelques pas de chez nous vous trouverez un laboratoire de c\u00e9ramique o\u00f9 vous pourrez aborder cet art.[\/vc_column_text][vc_btn title=\u00a0\u00bbD\u00c9COUVRIR\u00a0\u00bb style=\u00a0\u00bbclassic\u00a0\u00bb shape=\u00a0\u00bbsquare\u00a0\u00bb align=\u00a0\u00bbcenter\u00a0\u00bb link=\u00a0\u00bburl:http%3A%2F%2Fvillamariaonline.com%2Ffr%2Fceramica%2F|title:Ceramica\u00a0\u00bb el_class=\u00a0\u00bbcta-grigio text-left-dsk\u00a0\u00bb][\/vc_column][\/vc_row][vc_row full_width=\u00a0\u00bbstretch_row_content_no_spaces\u00a0\u00bb][vc_column][vc_row_inner el_class=\u00a0\u00bbbg-rosa esperienze-bg\u00a0\u00bb][vc_column_inner el_class=\u00a0\u00bbptb100&Prime;][vc_column_text]<\/p>\n<h2 style=\"text-align: center;\">Un ap\u00e9ro dans les ann\u00e9es 70<\/h2>\n<p>[\/vc_column_text][\/vc_column_inner][\/vc_row_inner][vc_row_inner el_class=\u00a0\u00bbesperienze-relative\u00a0\u00bb][vc_column_inner][vc_single_image image=\u00a0\u00bb611&Prime; img_size=\u00a0\u00bbfull\u00a0\u00bb alignment=\u00a0\u00bbcenter\u00a0\u00bb][\/vc_column_inner][\/vc_row_inner][\/vc_column][\/vc_row][vc_row el_class=\u00a0\u00bbesperienze-margine-neg\u00a0\u00bb][vc_column width=\u00a0\u00bb1\/2&Prime; offset=\u00a0\u00bbvc_col-lg-4&Prime;][vc_single_image image=\u00a0\u00bb359&Prime; img_size=\u00a0\u00bbfull\u00a0\u00bb alignment=\u00a0\u00bbright\u00a0\u00bb el_class=\u00a0\u00bbesperienze-icone text-center-mobile\u00a0\u00bb][\/vc_column][vc_column width=\u00a0\u00bb1\/2&Prime; offset=\u00a0\u00bbvc_col-lg-offset-1 vc_col-lg-5&Prime;][vc_column_text]Revivez l&rsquo;ambiance des ann\u00e9es 70 dans l&rsquo;historique Rolando Bar Museum en d\u00e9gustant un ap\u00e9ritif ou un caf\u00e9 entre amis![\/vc_column_text][vc_btn title=\u00a0\u00bbD\u00c9COUVRIR\u00a0\u00bb style=\u00a0\u00bbclassic\u00a0\u00bb shape=\u00a0\u00bbsquare\u00a0\u00bb align=\u00a0\u00bbcenter\u00a0\u00bb link=\u00a0\u00bburl:http%3A%2F%2Fvillamariaonline.com%2Ffr%2Frolando%2F|title:Rolando\u00a0\u00bb el_class=\u00a0\u00bbcta-grigio text-left-dsk\u00a0\u00bb][\/vc_column][\/vc_row]<\/p>\n","protected":false},"excerpt":{"rendered":"<p>[vc_row full_width=\u00a0\u00bbstretch_row_content_no_spaces\u00a0\u00bb el_class=\u00a0\u00bbtestata esperienze\u00a0\u00bb][vc_column][\/vc_column][\/vc_row][vc_row el_class=\u00a0\u00bbmt100&Prime;][vc_column][vc_column_text] Des exp\u00e9riences \u00e0 vivre et \u00e0 retenir D\u00e9couvrez toutes les aventures que vous pouvez vivre \u00e0 votre porte de Villa Maria [\/vc_column_text][\/vc_column][\/vc_row][vc_row full_width=\u00a0\u00bbstretch_row_content_no_spaces\u00a0\u00bb el_class=\u00a0\u00bbmt100&Prime;][vc_column][vc_row_inner el_class=\u00a0\u00bbbg-rosa&#8230;<\/p>\n","protected":false},"author":1,"featured_media":0,"parent":0,"menu_order":0,"comment_status":"closed","ping_status":"closed","template":"","meta":{"_monsterinsights_skip_tracking":false,"_monsterinsights_sitenote_active":false,"_monsterinsights_sitenote_note":"","_monsterinsights_sitenote_category":0},"yoast_head":"<!-- This site is optimized with the Yoast SEO plugin v19.1 - https:\/\/yoast.com\/wordpress\/plugins\/seo\/ -->\n<title>Esperienze - Villa Maria<\/title>\n<meta name=\"robots\" content=\"index, follow, max-snippet:-1, max-image-preview:large, max-video-preview:-1\" \/>\n<link rel=\"canonical\" href=\"https:\/\/villamariaonline.com\/fr\/esperienze\/\" \/>\n<meta property=\"og:locale\" content=\"fr_FR\" \/>\n<meta property=\"og:type\" content=\"article\" \/>\n<meta property=\"og:title\" content=\"Esperienze - Villa Maria\" \/>\n<meta property=\"og:description\" content=\"[vc_row full_width=\u00a0\u00bbstretch_row_content_no_spaces\u00a0\u00bb el_class=\u00a0\u00bbtestata esperienze\u00a0\u00bb][vc_column][\/vc_column][\/vc_row][vc_row el_class=\u00a0\u00bbmt100&Prime;][vc_column][vc_column_text] Des exp\u00e9riences \u00e0 vivre et \u00e0 retenir D\u00e9couvrez toutes les aventures que vous pouvez vivre \u00e0 votre porte de Villa Maria [\/vc_column_text][\/vc_column][\/vc_row][vc_row full_width=\u00a0\u00bbstretch_row_content_no_spaces\u00a0\u00bb el_class=\u00a0\u00bbmt100&Prime;][vc_column][vc_row_inner el_class=\u00a0\u00bbbg-rosa...\" \/>\n<meta property=\"og:url\" content=\"https:\/\/villamariaonline.com\/fr\/esperienze\/\" \/>\n<meta property=\"og:site_name\" content=\"Villa Maria\" \/>\n<meta property=\"article:modified_time\" content=\"2022-05-25T15:27:28+00:00\" \/>\n<meta name=\"twitter:card\" content=\"summary_large_image\" \/>\n<meta name=\"twitter:label1\" content=\"Dur\u00e9e de lecture estim\u00e9e\" \/>\n\t<meta name=\"twitter:data1\" content=\"3 minutes\" \/>\n<script type=\"application\/ld+json\" class=\"yoast-schema-graph\">{\"@context\":\"https:\/\/schema.org\",\"@graph\":[{\"@type\":\"WebSite\",\"@id\":\"https:\/\/villamariaonline.com\/#website\",\"url\":\"https:\/\/villamariaonline.com\/\",\"name\":\"Villa Maria\",\"description\":\"Un nuovo sito targato WordPress\",\"potentialAction\":[{\"@type\":\"SearchAction\",\"target\":{\"@type\":\"EntryPoint\",\"urlTemplate\":\"https:\/\/villamariaonline.com\/?s={search_term_string}\"},\"query-input\":\"required name=search_term_string\"}],\"inLanguage\":\"fr-FR\"},{\"@type\":\"WebPage\",\"@id\":\"https:\/\/villamariaonline.com\/fr\/esperienze\/#webpage\",\"url\":\"https:\/\/villamariaonline.com\/fr\/esperienze\/\",\"name\":\"Esperienze - Villa Maria\",\"isPartOf\":{\"@id\":\"https:\/\/villamariaonline.com\/#website\"},\"datePublished\":\"2022-03-01T15:19:56+00:00\",\"dateModified\":\"2022-05-25T15:27:28+00:00\",\"breadcrumb\":{\"@id\":\"https:\/\/villamariaonline.com\/fr\/esperienze\/#breadcrumb\"},\"inLanguage\":\"fr-FR\",\"potentialAction\":[{\"@type\":\"ReadAction\",\"target\":[\"https:\/\/villamariaonline.com\/fr\/esperienze\/\"]}]},{\"@type\":\"BreadcrumbList\",\"@id\":\"https:\/\/villamariaonline.com\/fr\/esperienze\/#breadcrumb\",\"itemListElement\":[{\"@type\":\"ListItem\",\"position\":1,\"name\":\"Home\",\"item\":\"https:\/\/villamariaonline.com\/fr\/\"},{\"@type\":\"ListItem\",\"position\":2,\"name\":\"Esperienze\"}]}]}<\/script>\n<!-- \/ Yoast SEO plugin. -->","yoast_head_json":{"title":"Esperienze - Villa Maria","robots":{"index":"index","follow":"follow","max-snippet":"max-snippet:-1","max-image-preview":"max-image-preview:large","max-video-preview":"max-video-preview:-1"},"canonical":"https:\/\/villamariaonline.com\/fr\/esperienze\/","og_locale":"fr_FR","og_type":"article","og_title":"Esperienze - Villa Maria","og_description":"[vc_row full_width=\u00a0\u00bbstretch_row_content_no_spaces\u00a0\u00bb el_class=\u00a0\u00bbtestata esperienze\u00a0\u00bb][vc_column][\/vc_column][\/vc_row][vc_row el_class=\u00a0\u00bbmt100&Prime;][vc_column][vc_column_text] Des exp\u00e9riences \u00e0 vivre et \u00e0 retenir D\u00e9couvrez toutes les aventures que vous pouvez vivre \u00e0 votre porte de Villa Maria [\/vc_column_text][\/vc_column][\/vc_row][vc_row full_width=\u00a0\u00bbstretch_row_content_no_spaces\u00a0\u00bb el_class=\u00a0\u00bbmt100&Prime;][vc_column][vc_row_inner el_class=\u00a0\u00bbbg-rosa...","og_url":"https:\/\/villamariaonline.com\/fr\/esperienze\/","og_site_name":"Villa Maria","article_modified_time":"2022-05-25T15:27:28+00:00","twitter_card":"summary_large_image","twitter_misc":{"Dur\u00e9e de lecture estim\u00e9e":"3 minutes"},"schema":{"@context":"https:\/\/schema.org","@graph":[{"@type":"WebSite","@id":"https:\/\/villamariaonline.com\/#website","url":"https:\/\/villamariaonline.com\/","name":"Villa Maria","description":"Un nuovo sito targato WordPress","potentialAction":[{"@type":"SearchAction","target":{"@type":"EntryPoint","urlTemplate":"https:\/\/villamariaonline.com\/?s={search_term_string}"},"query-input":"required name=search_term_string"}],"inLanguage":"fr-FR"},{"@type":"WebPage","@id":"https:\/\/villamariaonline.com\/fr\/esperienze\/#webpage","url":"https:\/\/villamariaonline.com\/fr\/esperienze\/","name":"Esperienze - Villa Maria","isPartOf":{"@id":"https:\/\/villamariaonline.com\/#website"},"datePublished":"2022-03-01T15:19:56+00:00","dateModified":"2022-05-25T15:27:28+00:00","breadcrumb":{"@id":"https:\/\/villamariaonline.com\/fr\/esperienze\/#breadcrumb"},"inLanguage":"fr-FR","potentialAction":[{"@type":"ReadAction","target":["https:\/\/villamariaonline.com\/fr\/esperienze\/"]}]},{"@type":"BreadcrumbList","@id":"https:\/\/villamariaonline.com\/fr\/esperienze\/#breadcrumb","itemListElement":[{"@type":"ListItem","position":1,"name":"Home","item":"https:\/\/villamariaonline.com\/fr\/"},{"@type":"ListItem","position":2,"name":"Esperienze"}]}]}},"_links":{"self":[{"href":"https:\/\/villamariaonline.com\/fr\/wp-json\/wp\/v2\/pages\/3192"}],"collection":[{"href":"https:\/\/villamariaonline.com\/fr\/wp-json\/wp\/v2\/pages"}],"about":[{"href":"https:\/\/villamariaonline.com\/fr\/wp-json\/wp\/v2\/types\/page"}],"author":[{"embeddable":true,"href":"https:\/\/villamariaonline.com\/fr\/wp-json\/wp\/v2\/users\/1"}],"replies":[{"embeddable":true,"href":"https:\/\/villamariaonline.com\/fr\/wp-json\/wp\/v2\/comments?post=3192"}],"version-history":[{"count":5,"href":"https:\/\/villamariaonline.com\/fr\/wp-json\/wp\/v2\/pages\/3192\/revisions"}],"predecessor-version":[{"id":3225,"href":"https:\/\/villamariaonline.com\/fr\/wp-json\/wp\/v2\/pages\/3192\/revisions\/3225"}],"wp:attachment":[{"href":"https:\/\/villamariaonline.com\/fr\/wp-json\/wp\/v2\/media?parent=3192"}],"curies":[{"name":"wp","href":"https:\/\/api.w.org\/{rel}","templated":true}]}}