{"id":3198,"date":"2022-03-09T15:27:24","date_gmt":"2022-03-09T14:27:24","guid":{"rendered":"https:\/\/villamariaonline.com\/ceramica\/"},"modified":"2022-05-25T15:23:36","modified_gmt":"2022-05-25T13:23:36","slug":"ceramica","status":"publish","type":"page","link":"https:\/\/villamariaonline.com\/fr\/ceramica\/","title":{"rendered":"Ceramica"},"content":{"rendered":"<p>[vc_row full_width=\u00a0\u00bbstretch_row_content_no_spaces\u00a0\u00bb el_class=\u00a0\u00bbtestata ceramica\u00a0\u00bb][vc_column][\/vc_column][\/vc_row][vc_row el_class=\u00a0\u00bbmt100&Prime;][vc_column][vc_column_text]<\/p>\n<h1 class=\"colore-rosso\" style=\"text-align: center;\">D\u00e9couvrez l&rsquo;art de la c\u00e9ramique<\/h1>\n<h2 style=\"text-align: center;\">Un atelier artisanal \u00e0 deux pas de Villa Maria<br \/>\nqui vous permettra de tenter une exp\u00e9rience unique<\/h2>\n<p>[\/vc_column_text][\/vc_column][\/vc_row][vc_row full_width=\u00a0\u00bbstretch_row_content_no_spaces\u00a0\u00bb el_class=\u00a0\u00bbmt100&Prime;][vc_column css=\u00a0\u00bb.vc_custom_1646839074764{background-image: url(https:\/\/villamariaonline.com\/wp-content\/uploads\/2022\/03\/img_ceramica.jpg?id=243) !important;background-position: center !important;background-repeat: no-repeat !important;background-size: cover !important;}\u00a0\u00bb el_class=\u00a0\u00bbbb-imgcover\u00a0\u00bb][\/vc_column][\/vc_row][vc_row el_class=\u00a0\u00bbmt100&Prime;][vc_column][vc_single_image image=\u00a0\u00bb455&Prime; img_size=\u00a0\u00bbfull\u00a0\u00bb alignment=\u00a0\u00bbcenter\u00a0\u00bb el_class=\u00a0\u00bbtrekking-icone\u00a0\u00bb][\/vc_column][\/vc_row][vc_row content_placement=\u00a0\u00bbmiddle\u00a0\u00bb el_class=\u00a0\u00bbmt100&Prime;][vc_column width=\u00a0\u00bb1\/2&Prime; offset=\u00a0\u00bbvc_col-lg-5&Prime;][vc_single_image image=\u00a0\u00bb459&Prime; img_size=\u00a0\u00bbfull\u00a0\u00bb][\/vc_column][vc_column width=\u00a0\u00bb1\/2&Prime; offset=\u00a0\u00bbvc_col-lg-offset-2 vc_col-lg-5&Prime;][vc_column_text el_class=\u00a0\u00bbtext-center-mobile\u00a0\u00bb]<\/p>\n<h4 class=\"font-regular\">Atelier personnalis\u00e9<\/h4>\n<p>L&rsquo;ancien village m\u00e9di\u00e9val de Vicopisano conserve ses traditions \u00e9galement \u00e0 travers le fascinant atelier de c\u00e9ramique. En plus de trouver des objets absolument uniques et totalement personnalisables, dans le laboratoire du village, il est possible de se mettre \u00e0 l&rsquo;\u00e9preuve avec cet art ancien.[\/vc_column_text][\/vc_column][\/vc_row][vc_row content_placement=\u00a0\u00bbmiddle\u00a0\u00bb el_class=\u00a0\u00bbmt100&Prime;][vc_column width=\u00a0\u00bb5\/12&Prime; el_class=\u00a0\u00bborder2mobile\u00a0\u00bb][vc_column_text el_class=\u00a0\u00bbtext-center-mobile\u00a0\u00bb]<\/p>\n<h4 class=\"font-regular\">Cr\u00e9ez quelque chose d&rsquo;unique<\/h4>\n<p>Le ma\u00eetre vous guidera pas \u00e0 pas vers la r\u00e9alisation d&rsquo;un objet qui na\u00eetra directement de vos mains. V\u00e9ritable souvenir qui rappellera de bons souvenirs de vacances ou une pens\u00e9e affectueuse pour un \u00eatre cher, votre cr\u00e9ation en c\u00e9ramique trouvera assur\u00e9ment une place de choix \u00e0 votre retour \u00e0 la maison.[\/vc_column_text][\/vc_column][vc_column width=\u00a0\u00bb1\/2&Prime; offset=\u00a0\u00bbvc_col-lg-offset-2 vc_col-lg-5&Prime;][vc_single_image image=\u00a0\u00bb463&Prime; img_size=\u00a0\u00bbfull\u00a0\u00bb][\/vc_column][\/vc_row][vc_row el_class=\u00a0\u00bbmt100&Prime;][vc_column][vc_column_text]<\/p>\n<h2 style=\"text-align: center;\">R\u00e9servez votre cours<\/h2>\n<p>[\/vc_column_text][vc_row_inner][vc_column_inner width=\u00a0\u00bb1\/4&Prime; offset=\u00a0\u00bbvc_col-xs-6&Prime;][vc_column_text]<\/p>\n<p class=\"font-regular\" style=\"text-align: center;\">PROGRAMME<\/p>\n<p class=\"colore-grigio\" style=\"text-align: center;\">Sur demande<\/p>\n<p>[\/vc_column_text][\/vc_column_inner][vc_column_inner width=\u00a0\u00bb1\/4&Prime; offset=\u00a0\u00bbvc_col-xs-6&Prime;][vc_column_text]<\/p>\n<p class=\"font-regular\" style=\"text-align: center;\">TEMPS<\/p>\n<p class=\"colore-grigio\" style=\"text-align: center;\">Environ 3 heures<\/p>\n<p>[\/vc_column_text][\/vc_column_inner][vc_column_inner width=\u00a0\u00bb1\/4&Prime; offset=\u00a0\u00bbvc_col-xs-6&Prime;][vc_column_text]<\/p>\n<p class=\"font-regular\" style=\"text-align: center;\">PARTICIPANTS<\/p>\n<p class=\"colore-grigio\" style=\"text-align: center;\">Individuel | Groupes<\/p>\n<p>[\/vc_column_text][\/vc_column_inner][vc_column_inner width=\u00a0\u00bb1\/4&Prime; offset=\u00a0\u00bbvc_col-xs-6&Prime;][vc_column_text]<\/p>\n<p class=\"font-regular\" style=\"text-align: center;\">R\u00c9SERVEZ SUR<\/p>\n<p class=\"colore-grigio\" style=\"text-align: center;\">+39 050 798840<\/p>\n<p>[\/vc_column_text][\/vc_column_inner][\/vc_row_inner][\/vc_column][\/vc_row][vc_row full_width=\u00a0\u00bbstretch_row\u00a0\u00bb el_class=\u00a0\u00bbmt100 bg-rosa ptb100&Prime;][vc_column][vc_column_text el_class=\u00a0\u00bbm0&Prime;]<\/p>\n<h2 style=\"text-align: center;\">Trekking sur les montagnes pisanes<\/h2>\n<p>[\/vc_column_text][\/vc_column][\/vc_row][vc_row content_placement=\u00a0\u00bbmiddle\u00a0\u00bb el_class=\u00a0\u00bbmargin-top-neg\u00a0\u00bb][vc_column width=\u00a0\u00bb1\/2&Prime; offset=\u00a0\u00bbvc_col-lg-5&Prime;][vc_single_image image=\u00a0\u00bb467&Prime; img_size=\u00a0\u00bbfull\u00a0\u00bb][\/vc_column][vc_column width=\u00a0\u00bb1\/2&Prime; offset=\u00a0\u00bbvc_col-lg-offset-2 vc_col-lg-5&Prime;][vc_column_text el_class=\u00a0\u00bbtext-center-mobile\u00a0\u00bb]<\/p>\n<h4>Une fa\u00e7on plus lente et plus consciente de d\u00e9couvrir le territoire est de le parcourir en savourant chaque pas. Les montagnes pisanes sont riches d&rsquo;itin\u00e9raires et de sentiers, balis\u00e9s et s\u00fbrs : des parcours de diff\u00e9rentes longueurs et difficult\u00e9s, adapt\u00e9s aux niveaux d&rsquo;entra\u00eenement les plus divers. D\u00e9couvrez la nature et admirez les plus beaux paysages.<\/h4>\n<p>[\/vc_column_text][vc_btn title=\u00a0\u00bbD\u00c9COUVRIR\u00a0\u00bb style=\u00a0\u00bbclassic\u00a0\u00bb shape=\u00a0\u00bbsquare\u00a0\u00bb align=\u00a0\u00bbcenter\u00a0\u00bb link=\u00a0\u00bburl:http%3A%2F%2Fvillamariaonline.com%2Ftrekking%2F|title:Trekking\u00a0\u00bb el_class=\u00a0\u00bbtext-left-dsk cta-grigio\u00a0\u00bb][\/vc_column][\/vc_row][vc_row full_width=\u00a0\u00bbstretch_row\u00a0\u00bb el_class=\u00a0\u00bbmt100 bg-rosa ptb100&Prime;][vc_column][vc_column_text el_class=\u00a0\u00bbm0&Prime;]<\/p>\n<h2 style=\"text-align: center;\">Un ap\u00e9ro dans les ann\u00e9es 70<\/h2>\n<p>[\/vc_column_text][\/vc_column][\/vc_row][vc_row content_placement=\u00a0\u00bbmiddle\u00a0\u00bb el_class=\u00a0\u00bbmargin-top-neg pb100&Prime;][vc_column width=\u00a0\u00bb1\/2&Prime; offset=\u00a0\u00bbvc_col-lg-5&Prime;][vc_single_image image=\u00a0\u00bb471&Prime; img_size=\u00a0\u00bbfull\u00a0\u00bb][\/vc_column][vc_column width=\u00a0\u00bb1\/2&Prime; offset=\u00a0\u00bbvc_col-lg-offset-2 vc_col-lg-5&Prime;][vc_column_text el_class=\u00a0\u00bbtext-center-mobile\u00a0\u00bb]<\/p>\n<h4>Revivez l&rsquo;ambiance des ann\u00e9es 70 dans l&rsquo;historique Rolando Bar Museum en d\u00e9gustant un ap\u00e9ritif ou un caf\u00e9 entre amis!<\/h4>\n<p>[\/vc_column_text][vc_btn title=\u00a0\u00bbD\u00c9COUVRIR\u00a0\u00bb style=\u00a0\u00bbclassic\u00a0\u00bb shape=\u00a0\u00bbsquare\u00a0\u00bb align=\u00a0\u00bbcenter\u00a0\u00bb link=\u00a0\u00bburl:http%3A%2F%2Fvillamariaonline.com%2Frolando%2F|title:Rolando\u00a0\u00bb el_class=\u00a0\u00bbtext-left-dsk cta-grigio\u00a0\u00bb][\/vc_column][\/vc_row]<\/p>\n","protected":false},"excerpt":{"rendered":"<p>[vc_row full_width=\u00a0\u00bbstretch_row_content_no_spaces\u00a0\u00bb el_class=\u00a0\u00bbtestata ceramica\u00a0\u00bb][vc_column][\/vc_column][\/vc_row][vc_row el_class=\u00a0\u00bbmt100&Prime;][vc_column][vc_column_text] D\u00e9couvrez l&rsquo;art de la c\u00e9ramique Un atelier artisanal \u00e0 deux pas de Villa Maria qui vous permettra de tenter une exp\u00e9rience unique [\/vc_column_text][\/vc_column][\/vc_row][vc_row full_width=\u00a0\u00bbstretch_row_content_no_spaces\u00a0\u00bb el_class=\u00a0\u00bbmt100&Prime;][vc_column&#8230;<\/p>\n","protected":false},"author":1,"featured_media":0,"parent":0,"menu_order":0,"comment_status":"closed","ping_status":"closed","template":"","meta":{"_monsterinsights_skip_tracking":false,"_monsterinsights_sitenote_active":false,"_monsterinsights_sitenote_note":"","_monsterinsights_sitenote_category":0},"yoast_head":"<!-- This site is optimized with the Yoast SEO plugin v19.1 - https:\/\/yoast.com\/wordpress\/plugins\/seo\/ -->\n<title>Ceramica - Villa Maria<\/title>\n<meta name=\"robots\" content=\"index, follow, max-snippet:-1, max-image-preview:large, max-video-preview:-1\" \/>\n<link rel=\"canonical\" href=\"https:\/\/villamariaonline.com\/fr\/ceramica\/\" \/>\n<meta property=\"og:locale\" content=\"fr_FR\" \/>\n<meta property=\"og:type\" content=\"article\" \/>\n<meta property=\"og:title\" content=\"Ceramica - Villa Maria\" \/>\n<meta property=\"og:description\" content=\"[vc_row full_width=\u00a0\u00bbstretch_row_content_no_spaces\u00a0\u00bb el_class=\u00a0\u00bbtestata ceramica\u00a0\u00bb][vc_column][\/vc_column][\/vc_row][vc_row el_class=\u00a0\u00bbmt100&Prime;][vc_column][vc_column_text] D\u00e9couvrez l&rsquo;art de la c\u00e9ramique Un atelier artisanal \u00e0 deux pas de Villa Maria qui vous permettra de tenter une exp\u00e9rience unique [\/vc_column_text][\/vc_column][\/vc_row][vc_row full_width=\u00a0\u00bbstretch_row_content_no_spaces\u00a0\u00bb el_class=\u00a0\u00bbmt100&Prime;][vc_column...\" \/>\n<meta property=\"og:url\" content=\"https:\/\/villamariaonline.com\/fr\/ceramica\/\" \/>\n<meta property=\"og:site_name\" content=\"Villa Maria\" \/>\n<meta property=\"article:modified_time\" content=\"2022-05-25T13:23:36+00:00\" \/>\n<meta name=\"twitter:card\" content=\"summary_large_image\" \/>\n<meta name=\"twitter:label1\" content=\"Dur\u00e9e de lecture estim\u00e9e\" \/>\n\t<meta name=\"twitter:data1\" content=\"4 minutes\" \/>\n<script type=\"application\/ld+json\" class=\"yoast-schema-graph\">{\"@context\":\"https:\/\/schema.org\",\"@graph\":[{\"@type\":\"WebSite\",\"@id\":\"https:\/\/villamariaonline.com\/#website\",\"url\":\"https:\/\/villamariaonline.com\/\",\"name\":\"Villa Maria\",\"description\":\"Un nuovo sito targato WordPress\",\"potentialAction\":[{\"@type\":\"SearchAction\",\"target\":{\"@type\":\"EntryPoint\",\"urlTemplate\":\"https:\/\/villamariaonline.com\/?s={search_term_string}\"},\"query-input\":\"required name=search_term_string\"}],\"inLanguage\":\"fr-FR\"},{\"@type\":\"WebPage\",\"@id\":\"https:\/\/villamariaonline.com\/fr\/ceramica\/#webpage\",\"url\":\"https:\/\/villamariaonline.com\/fr\/ceramica\/\",\"name\":\"Ceramica - Villa Maria\",\"isPartOf\":{\"@id\":\"https:\/\/villamariaonline.com\/#website\"},\"datePublished\":\"2022-03-09T14:27:24+00:00\",\"dateModified\":\"2022-05-25T13:23:36+00:00\",\"breadcrumb\":{\"@id\":\"https:\/\/villamariaonline.com\/fr\/ceramica\/#breadcrumb\"},\"inLanguage\":\"fr-FR\",\"potentialAction\":[{\"@type\":\"ReadAction\",\"target\":[\"https:\/\/villamariaonline.com\/fr\/ceramica\/\"]}]},{\"@type\":\"BreadcrumbList\",\"@id\":\"https:\/\/villamariaonline.com\/fr\/ceramica\/#breadcrumb\",\"itemListElement\":[{\"@type\":\"ListItem\",\"position\":1,\"name\":\"Home\",\"item\":\"https:\/\/villamariaonline.com\/fr\/\"},{\"@type\":\"ListItem\",\"position\":2,\"name\":\"Ceramica\"}]}]}<\/script>\n<!-- \/ Yoast SEO plugin. -->","yoast_head_json":{"title":"Ceramica - Villa Maria","robots":{"index":"index","follow":"follow","max-snippet":"max-snippet:-1","max-image-preview":"max-image-preview:large","max-video-preview":"max-video-preview:-1"},"canonical":"https:\/\/villamariaonline.com\/fr\/ceramica\/","og_locale":"fr_FR","og_type":"article","og_title":"Ceramica - Villa Maria","og_description":"[vc_row full_width=\u00a0\u00bbstretch_row_content_no_spaces\u00a0\u00bb el_class=\u00a0\u00bbtestata ceramica\u00a0\u00bb][vc_column][\/vc_column][\/vc_row][vc_row el_class=\u00a0\u00bbmt100&Prime;][vc_column][vc_column_text] D\u00e9couvrez l&rsquo;art de la c\u00e9ramique Un atelier artisanal \u00e0 deux pas de Villa Maria qui vous permettra de tenter une exp\u00e9rience unique [\/vc_column_text][\/vc_column][\/vc_row][vc_row full_width=\u00a0\u00bbstretch_row_content_no_spaces\u00a0\u00bb el_class=\u00a0\u00bbmt100&Prime;][vc_column...","og_url":"https:\/\/villamariaonline.com\/fr\/ceramica\/","og_site_name":"Villa Maria","article_modified_time":"2022-05-25T13:23:36+00:00","twitter_card":"summary_large_image","twitter_misc":{"Dur\u00e9e de lecture estim\u00e9e":"4 minutes"},"schema":{"@context":"https:\/\/schema.org","@graph":[{"@type":"WebSite","@id":"https:\/\/villamariaonline.com\/#website","url":"https:\/\/villamariaonline.com\/","name":"Villa Maria","description":"Un nuovo sito targato WordPress","potentialAction":[{"@type":"SearchAction","target":{"@type":"EntryPoint","urlTemplate":"https:\/\/villamariaonline.com\/?s={search_term_string}"},"query-input":"required name=search_term_string"}],"inLanguage":"fr-FR"},{"@type":"WebPage","@id":"https:\/\/villamariaonline.com\/fr\/ceramica\/#webpage","url":"https:\/\/villamariaonline.com\/fr\/ceramica\/","name":"Ceramica - Villa Maria","isPartOf":{"@id":"https:\/\/villamariaonline.com\/#website"},"datePublished":"2022-03-09T14:27:24+00:00","dateModified":"2022-05-25T13:23:36+00:00","breadcrumb":{"@id":"https:\/\/villamariaonline.com\/fr\/ceramica\/#breadcrumb"},"inLanguage":"fr-FR","potentialAction":[{"@type":"ReadAction","target":["https:\/\/villamariaonline.com\/fr\/ceramica\/"]}]},{"@type":"BreadcrumbList","@id":"https:\/\/villamariaonline.com\/fr\/ceramica\/#breadcrumb","itemListElement":[{"@type":"ListItem","position":1,"name":"Home","item":"https:\/\/villamariaonline.com\/fr\/"},{"@type":"ListItem","position":2,"name":"Ceramica"}]}]}},"_links":{"self":[{"href":"https:\/\/villamariaonline.com\/fr\/wp-json\/wp\/v2\/pages\/3198"}],"collection":[{"href":"https:\/\/villamariaonline.com\/fr\/wp-json\/wp\/v2\/pages"}],"about":[{"href":"https:\/\/villamariaonline.com\/fr\/wp-json\/wp\/v2\/types\/page"}],"author":[{"embeddable":true,"href":"https:\/\/villamariaonline.com\/fr\/wp-json\/wp\/v2\/users\/1"}],"replies":[{"embeddable":true,"href":"https:\/\/villamariaonline.com\/fr\/wp-json\/wp\/v2\/comments?post=3198"}],"version-history":[{"count":3,"href":"https:\/\/villamariaonline.com\/fr\/wp-json\/wp\/v2\/pages\/3198\/revisions"}],"predecessor-version":[{"id":3201,"href":"https:\/\/villamariaonline.com\/fr\/wp-json\/wp\/v2\/pages\/3198\/revisions\/3201"}],"wp:attachment":[{"href":"https:\/\/villamariaonline.com\/fr\/wp-json\/wp\/v2\/media?parent=3198"}],"curies":[{"name":"wp","href":"https:\/\/api.w.org\/{rel}","templated":true}]}}