{"id":3202,"date":"2022-04-19T15:03:06","date_gmt":"2022-04-19T13:03:06","guid":{"rendered":"https:\/\/villamariaonline.com\/rolando\/"},"modified":"2022-05-25T17:28:19","modified_gmt":"2022-05-25T15:28:19","slug":"rolando","status":"publish","type":"page","link":"https:\/\/villamariaonline.com\/fr\/rolando\/","title":{"rendered":"Rolando"},"content":{"rendered":"<p>[vc_row full_width=\u00a0\u00bbstretch_row_content_no_spaces\u00a0\u00bb el_class=\u00a0\u00bbtestata rolando\u00a0\u00bb][vc_column][\/vc_column][\/vc_row][vc_row el_class=\u00a0\u00bbmt100&Prime;][vc_column][vc_column_text]<\/p>\n<h1 class=\"colore-rosso\" style=\"text-align: center;\">Un ap\u00e9ro dans les ann\u00e9es 70<\/h1>\n<h2 style=\"text-align: center;\">Revivez l&rsquo;ambiance des ann\u00e9es 70 dans l&rsquo;historique Rolando Bar Museum en d\u00e9gustant un ap\u00e9ritif ou un caf\u00e9 entre amis!<\/h2>\n<p>[\/vc_column_text][\/vc_column][\/vc_row][vc_row full_width=\u00a0\u00bbstretch_row_content_no_spaces\u00a0\u00bb el_class=\u00a0\u00bbmt100&Prime;][vc_column css=\u00a0\u00bb.vc_custom_1650372855287{background-image: url(https:\/\/villamariaonline.com\/wp-content\/uploads\/2022\/04\/rolando_img.jpg?id=619) !important;background-position: center !important;background-repeat: no-repeat !important;background-size: cover !important;}\u00a0\u00bb el_class=\u00a0\u00bbbb-imgcover\u00a0\u00bb][\/vc_column][\/vc_row][vc_row el_class=\u00a0\u00bbmt100&Prime;][vc_column][vc_single_image image=\u00a0\u00bb626&Prime; img_size=\u00a0\u00bbfull\u00a0\u00bb alignment=\u00a0\u00bbcenter\u00a0\u00bb el_class=\u00a0\u00bbtrekking-icone\u00a0\u00bb][\/vc_column][\/vc_row][vc_row content_placement=\u00a0\u00bbmiddle\u00a0\u00bb el_class=\u00a0\u00bbmt100&Prime;][vc_column width=\u00a0\u00bb1\/2&Prime; offset=\u00a0\u00bbvc_col-lg-5&Prime;][vc_single_image image=\u00a0\u00bb631&Prime; img_size=\u00a0\u00bbfull\u00a0\u00bb][\/vc_column][vc_column width=\u00a0\u00bb1\/2&Prime; offset=\u00a0\u00bbvc_col-lg-offset-2 vc_col-lg-5&Prime;][vc_column_text el_class=\u00a0\u00bbtext-center-mobile\u00a0\u00bb]<\/p>\n<h4>Un disque passe du juke-box au fond de la salle, quelqu&rsquo;un danse, quelqu&rsquo;un est pris par le jeu \u00e0 la t\u00e9l\u00e9, strictement \u00e0 tube cathodique. Au comptoir entre un Alexander et un Cosmopolitan, les rires deviennent agr\u00e9ablement forts et l&rsquo;ambiance est insouciante et l\u00e9g\u00e8re. Non, ce n&rsquo;est pas une com\u00e9die des ann\u00e9es 70 mais le tr\u00e8s actuel Rolando&rsquo;s Museum Bar, un lieu anim\u00e9 o\u00f9 les aiguilles des horloges se sont arr\u00eat\u00e9es depuis 50 ans ! Que vous souhaitiez faire un plongeon nostalgique dans le pass\u00e9 ou vivre une \u00e9poque que vous n&rsquo;avez pas eu l&rsquo;occasion de conna\u00eetre de visu, le Rolando&rsquo;s Bar Museum est l&rsquo;endroit id\u00e9al pour passer une agr\u00e9able soir\u00e9e&#8230; hors du temps ! Un disque passe du juke-box au fond de la salle, quelqu&rsquo;un danse, quelqu&rsquo;un est pris par le jeu \u00e0 la t\u00e9l\u00e9, strictement \u00e0 tube cathodique.<br \/>\nAu comptoir entre un Alexander et un Cosmopolitan, les rires deviennent agr\u00e9ablement forts et l&rsquo;ambiance est insouciante et l\u00e9g\u00e8re. Non, ce n&rsquo;est pas une com\u00e9die des ann\u00e9es 70 mais le tr\u00e8s actuel Rolando&rsquo;s Museum Bar, un lieu anim\u00e9 o\u00f9 les aiguilles des horloges se sont arr\u00eat\u00e9es depuis 50 ans!<\/h4>\n<p>[\/vc_column_text][\/vc_column][\/vc_row][vc_row content_placement=\u00a0\u00bbmiddle\u00a0\u00bb el_class=\u00a0\u00bbmt100&Prime;][vc_column width=\u00a0\u00bb5\/12&Prime; el_class=\u00a0\u00bborder2mobile\u00a0\u00bb][vc_column_text el_class=\u00a0\u00bbtext-center-mobile\u00a0\u00bb]<\/p>\n<h4>Un disque passe du juke-box au fond de la salle, quelqu&rsquo;un danse, quelqu&rsquo;un est pris par le jeu \u00e0 la t\u00e9l\u00e9, strictement \u00e0 tube cathodique. Au comptoir entre un Alexander et un Cosmopolitan, les rires deviennent agr\u00e9ablement forts et l&rsquo;ambiance est insouciante et l\u00e9g\u00e8re. Non, ce n&rsquo;est pas une com\u00e9die des ann\u00e9es 70 mais le tr\u00e8s actuel Rolando&rsquo;s Museum Bar, un lieu vivant o\u00f9 les aiguilles des horloges se sont arr\u00eat\u00e9es depuis 50 ans ! Que vous souhaitiez faire un plongeon nostalgique dans le pass\u00e9 ou vivre une \u00e9poque que vous n&rsquo;avez pas eu l&rsquo;occasion de conna\u00eetre de visu, le Rolando&rsquo;s Bar Museum est l&rsquo;endroit id\u00e9al pour passer une agr\u00e9able soir\u00e9e&#8230; hors du temps ! Que vous souhaitiez faire un plongeon nostalgique dans le pass\u00e9 ou vivre une \u00e9poque que vous n&rsquo;avez pas eu l&rsquo;occasion de conna\u00eetre de visu, le Rolando&rsquo;s Bar Museum est l&rsquo;endroit id\u00e9al pour passer une agr\u00e9able soir\u00e9e&#8230; hors du temps!<\/h4>\n<p>[\/vc_column_text][\/vc_column][vc_column width=\u00a0\u00bb1\/2&Prime; offset=\u00a0\u00bbvc_col-lg-offset-2 vc_col-lg-5&Prime;][vc_single_image image=\u00a0\u00bb636&Prime; img_size=\u00a0\u00bbfull\u00a0\u00bb][\/vc_column][\/vc_row][vc_row full_width=\u00a0\u00bbstretch_row\u00a0\u00bb el_class=\u00a0\u00bbmt100 bg-rosa ptb100&Prime;][vc_column][vc_column_text el_class=\u00a0\u00bbm0&Prime;]<\/p>\n<h2 style=\"text-align: center;\">Trekking sur les montagnes pisanes<\/h2>\n<p>[\/vc_column_text][\/vc_column][\/vc_row][vc_row content_placement=\u00a0\u00bbmiddle\u00a0\u00bb el_class=\u00a0\u00bbmargin-top-neg\u00a0\u00bb][vc_column width=\u00a0\u00bb1\/2&Prime; offset=\u00a0\u00bbvc_col-lg-5&Prime;][vc_single_image image=\u00a0\u00bb467&Prime; img_size=\u00a0\u00bbfull\u00a0\u00bb][\/vc_column][vc_column width=\u00a0\u00bb1\/2&Prime; offset=\u00a0\u00bbvc_col-lg-offset-2 vc_col-lg-5&Prime;][vc_column_text el_class=\u00a0\u00bbtext-center-mobile\u00a0\u00bb]<\/p>\n<h4>D\u00e9connectez-vous de l&rsquo;agitation de la ville et r\u00e9g\u00e9n\u00e9rez les yeux, les poumons et l&rsquo;esprit, entour\u00e9s de verdure. Ce ne sont l\u00e0 que quelques-uns des avantages r\u00e9serv\u00e9s \u00e0 ceux qui parcourent les sentiers, les randonn\u00e9es et traversent les collines et les montagnes, au rythme d&rsquo;un tourisme plus lent et plus conscient. Les montagnes pisanes sont tr\u00e8s riches en chemins et itin\u00e9raires : chemins de diff\u00e9rentes longueurs et difficult\u00e9s.<br \/>\nVoulez-vous en savoir plus?<\/h4>\n<p>[\/vc_column_text][vc_btn title=\u00a0\u00bbD\u00c9COUVRIR\u00a0\u00bb style=\u00a0\u00bbclassic\u00a0\u00bb shape=\u00a0\u00bbsquare\u00a0\u00bb align=\u00a0\u00bbcenter\u00a0\u00bb link=\u00a0\u00bburl:http%3A%2F%2Fvillamariaonline.com%2Ffr%2Ftrekking%2F|title:Ceramica\u00a0\u00bb el_class=\u00a0\u00bbtext-left-dsk cta-grigio\u00a0\u00bb][\/vc_column][\/vc_row][vc_row full_width=\u00a0\u00bbstretch_row\u00a0\u00bb el_class=\u00a0\u00bbmt100 bg-rosa ptb100&Prime;][vc_column][vc_column_text el_class=\u00a0\u00bbm0&Prime;]<\/p>\n<h2 style=\"text-align: center;\">D\u00e9couvrez l&rsquo;art de la c\u00e9ramique<\/h2>\n<p>[\/vc_column_text][\/vc_column][\/vc_row][vc_row content_placement=\u00a0\u00bbmiddle\u00a0\u00bb el_class=\u00a0\u00bbmargin-top-neg pb100&Prime;][vc_column width=\u00a0\u00bb1\/2&Prime; offset=\u00a0\u00bbvc_col-lg-5&Prime;][vc_single_image image=\u00a0\u00bb439&Prime; img_size=\u00a0\u00bbfull\u00a0\u00bb][\/vc_column][vc_column width=\u00a0\u00bb1\/2&Prime; offset=\u00a0\u00bbvc_col-lg-offset-2 vc_col-lg-5&Prime;][vc_column_text el_class=\u00a0\u00bbtext-center-mobile\u00a0\u00bb]<\/p>\n<h4>Les vacances peuvent \u00eatre le moment id\u00e9al pour apprendre de nouvelles choses. Avez-vous d\u00e9j\u00e0 pens\u00e9 \u00e0 essayer de fabriquer un vase en c\u00e9ramique ? Si l&rsquo;id\u00e9e vous pla\u00eet, sachez qu&rsquo;\u00e0 quelques pas de chez nous vous trouverez un atelier de c\u00e9ramique o\u00f9 vous pourrez aborder cet art.<\/h4>\n<p>[\/vc_column_text][vc_btn title=\u00a0\u00bbD\u00c9COUVRIR\u00a0\u00bb style=\u00a0\u00bbclassic\u00a0\u00bb shape=\u00a0\u00bbsquare\u00a0\u00bb align=\u00a0\u00bbcenter\u00a0\u00bb link=\u00a0\u00bburl:http%3A%2F%2Fvillamariaonline.com%2Ffr%2Fceramica%2F|title:Ceramica\u00a0\u00bb el_class=\u00a0\u00bbtext-left-dsk cta-grigio\u00a0\u00bb][\/vc_column][\/vc_row]<\/p>\n","protected":false},"excerpt":{"rendered":"<p>[vc_row full_width=\u00a0\u00bbstretch_row_content_no_spaces\u00a0\u00bb el_class=\u00a0\u00bbtestata rolando\u00a0\u00bb][vc_column][\/vc_column][\/vc_row][vc_row el_class=\u00a0\u00bbmt100&Prime;][vc_column][vc_column_text] Un ap\u00e9ro dans les ann\u00e9es 70 Revivez l&rsquo;ambiance des ann\u00e9es 70 dans l&rsquo;historique Rolando Bar Museum en d\u00e9gustant un ap\u00e9ritif ou un caf\u00e9 entre amis!&#8230;<\/p>\n","protected":false},"author":1,"featured_media":0,"parent":0,"menu_order":0,"comment_status":"closed","ping_status":"closed","template":"","meta":{"_monsterinsights_skip_tracking":false,"_monsterinsights_sitenote_active":false,"_monsterinsights_sitenote_note":"","_monsterinsights_sitenote_category":0},"yoast_head":"<!-- This site is optimized with the Yoast SEO plugin v19.1 - https:\/\/yoast.com\/wordpress\/plugins\/seo\/ -->\n<title>Rolando - Villa Maria<\/title>\n<meta name=\"robots\" content=\"index, follow, max-snippet:-1, max-image-preview:large, max-video-preview:-1\" \/>\n<link rel=\"canonical\" href=\"https:\/\/villamariaonline.com\/fr\/rolando\/\" \/>\n<meta property=\"og:locale\" content=\"fr_FR\" \/>\n<meta property=\"og:type\" content=\"article\" \/>\n<meta property=\"og:title\" content=\"Rolando - Villa Maria\" \/>\n<meta property=\"og:description\" content=\"[vc_row full_width=\u00a0\u00bbstretch_row_content_no_spaces\u00a0\u00bb el_class=\u00a0\u00bbtestata rolando\u00a0\u00bb][vc_column][\/vc_column][\/vc_row][vc_row el_class=\u00a0\u00bbmt100&Prime;][vc_column][vc_column_text] Un ap\u00e9ro dans les ann\u00e9es 70 Revivez l&rsquo;ambiance des ann\u00e9es 70 dans l&rsquo;historique Rolando Bar Museum en d\u00e9gustant un ap\u00e9ritif ou un caf\u00e9 entre amis!...\" \/>\n<meta property=\"og:url\" content=\"https:\/\/villamariaonline.com\/fr\/rolando\/\" \/>\n<meta property=\"og:site_name\" content=\"Villa Maria\" \/>\n<meta property=\"article:modified_time\" content=\"2022-05-25T15:28:19+00:00\" \/>\n<meta name=\"twitter:card\" content=\"summary_large_image\" \/>\n<meta name=\"twitter:label1\" content=\"Dur\u00e9e de lecture estim\u00e9e\" \/>\n\t<meta name=\"twitter:data1\" content=\"5 minutes\" \/>\n<script type=\"application\/ld+json\" class=\"yoast-schema-graph\">{\"@context\":\"https:\/\/schema.org\",\"@graph\":[{\"@type\":\"WebSite\",\"@id\":\"https:\/\/villamariaonline.com\/#website\",\"url\":\"https:\/\/villamariaonline.com\/\",\"name\":\"Villa Maria\",\"description\":\"Un nuovo sito targato WordPress\",\"potentialAction\":[{\"@type\":\"SearchAction\",\"target\":{\"@type\":\"EntryPoint\",\"urlTemplate\":\"https:\/\/villamariaonline.com\/?s={search_term_string}\"},\"query-input\":\"required name=search_term_string\"}],\"inLanguage\":\"fr-FR\"},{\"@type\":\"WebPage\",\"@id\":\"https:\/\/villamariaonline.com\/fr\/rolando\/#webpage\",\"url\":\"https:\/\/villamariaonline.com\/fr\/rolando\/\",\"name\":\"Rolando - Villa Maria\",\"isPartOf\":{\"@id\":\"https:\/\/villamariaonline.com\/#website\"},\"datePublished\":\"2022-04-19T13:03:06+00:00\",\"dateModified\":\"2022-05-25T15:28:19+00:00\",\"breadcrumb\":{\"@id\":\"https:\/\/villamariaonline.com\/fr\/rolando\/#breadcrumb\"},\"inLanguage\":\"fr-FR\",\"potentialAction\":[{\"@type\":\"ReadAction\",\"target\":[\"https:\/\/villamariaonline.com\/fr\/rolando\/\"]}]},{\"@type\":\"BreadcrumbList\",\"@id\":\"https:\/\/villamariaonline.com\/fr\/rolando\/#breadcrumb\",\"itemListElement\":[{\"@type\":\"ListItem\",\"position\":1,\"name\":\"Home\",\"item\":\"https:\/\/villamariaonline.com\/fr\/\"},{\"@type\":\"ListItem\",\"position\":2,\"name\":\"Rolando\"}]}]}<\/script>\n<!-- \/ Yoast SEO plugin. -->","yoast_head_json":{"title":"Rolando - Villa Maria","robots":{"index":"index","follow":"follow","max-snippet":"max-snippet:-1","max-image-preview":"max-image-preview:large","max-video-preview":"max-video-preview:-1"},"canonical":"https:\/\/villamariaonline.com\/fr\/rolando\/","og_locale":"fr_FR","og_type":"article","og_title":"Rolando - Villa Maria","og_description":"[vc_row full_width=\u00a0\u00bbstretch_row_content_no_spaces\u00a0\u00bb el_class=\u00a0\u00bbtestata rolando\u00a0\u00bb][vc_column][\/vc_column][\/vc_row][vc_row el_class=\u00a0\u00bbmt100&Prime;][vc_column][vc_column_text] Un ap\u00e9ro dans les ann\u00e9es 70 Revivez l&rsquo;ambiance des ann\u00e9es 70 dans l&rsquo;historique Rolando Bar Museum en d\u00e9gustant un ap\u00e9ritif ou un caf\u00e9 entre amis!...","og_url":"https:\/\/villamariaonline.com\/fr\/rolando\/","og_site_name":"Villa Maria","article_modified_time":"2022-05-25T15:28:19+00:00","twitter_card":"summary_large_image","twitter_misc":{"Dur\u00e9e de lecture estim\u00e9e":"5 minutes"},"schema":{"@context":"https:\/\/schema.org","@graph":[{"@type":"WebSite","@id":"https:\/\/villamariaonline.com\/#website","url":"https:\/\/villamariaonline.com\/","name":"Villa Maria","description":"Un nuovo sito targato WordPress","potentialAction":[{"@type":"SearchAction","target":{"@type":"EntryPoint","urlTemplate":"https:\/\/villamariaonline.com\/?s={search_term_string}"},"query-input":"required name=search_term_string"}],"inLanguage":"fr-FR"},{"@type":"WebPage","@id":"https:\/\/villamariaonline.com\/fr\/rolando\/#webpage","url":"https:\/\/villamariaonline.com\/fr\/rolando\/","name":"Rolando - Villa Maria","isPartOf":{"@id":"https:\/\/villamariaonline.com\/#website"},"datePublished":"2022-04-19T13:03:06+00:00","dateModified":"2022-05-25T15:28:19+00:00","breadcrumb":{"@id":"https:\/\/villamariaonline.com\/fr\/rolando\/#breadcrumb"},"inLanguage":"fr-FR","potentialAction":[{"@type":"ReadAction","target":["https:\/\/villamariaonline.com\/fr\/rolando\/"]}]},{"@type":"BreadcrumbList","@id":"https:\/\/villamariaonline.com\/fr\/rolando\/#breadcrumb","itemListElement":[{"@type":"ListItem","position":1,"name":"Home","item":"https:\/\/villamariaonline.com\/fr\/"},{"@type":"ListItem","position":2,"name":"Rolando"}]}]}},"_links":{"self":[{"href":"https:\/\/villamariaonline.com\/fr\/wp-json\/wp\/v2\/pages\/3202"}],"collection":[{"href":"https:\/\/villamariaonline.com\/fr\/wp-json\/wp\/v2\/pages"}],"about":[{"href":"https:\/\/villamariaonline.com\/fr\/wp-json\/wp\/v2\/types\/page"}],"author":[{"embeddable":true,"href":"https:\/\/villamariaonline.com\/fr\/wp-json\/wp\/v2\/users\/1"}],"replies":[{"embeddable":true,"href":"https:\/\/villamariaonline.com\/fr\/wp-json\/wp\/v2\/comments?post=3202"}],"version-history":[{"count":4,"href":"https:\/\/villamariaonline.com\/fr\/wp-json\/wp\/v2\/pages\/3202\/revisions"}],"predecessor-version":[{"id":3226,"href":"https:\/\/villamariaonline.com\/fr\/wp-json\/wp\/v2\/pages\/3202\/revisions\/3226"}],"wp:attachment":[{"href":"https:\/\/villamariaonline.com\/fr\/wp-json\/wp\/v2\/media?parent=3202"}],"curies":[{"name":"wp","href":"https:\/\/api.w.org\/{rel}","templated":true}]}}