{"id":3208,"date":"2022-03-09T11:40:05","date_gmt":"2022-03-09T10:40:05","guid":{"rendered":"https:\/\/villamariaonline.com\/trekking\/"},"modified":"2022-05-25T17:29:41","modified_gmt":"2022-05-25T15:29:41","slug":"trekking","status":"publish","type":"page","link":"https:\/\/villamariaonline.com\/fr\/trekking\/","title":{"rendered":"Trekking"},"content":{"rendered":"<p>[vc_row full_width=\u00a0\u00bbstretch_row_content_no_spaces\u00a0\u00bb el_class=\u00a0\u00bbtestata trekking\u00a0\u00bb][vc_column][\/vc_column][\/vc_row][vc_row el_class=\u00a0\u00bbmt100&Prime;][vc_column][vc_column_text]<\/p>\n<h1 class=\"colore-rosso\" style=\"text-align: center;\">Trekking sur les montagnes pisanes<\/h1>\n<h2 style=\"text-align: center;\">D\u00e9couvrez tous les parcours et organisez-vous avec<br \/>\nnous votre voyage dans les montagnes pisanes<\/h2>\n<p>[\/vc_column_text][\/vc_column][\/vc_row][vc_row full_width=\u00a0\u00bbstretch_row_content_no_spaces\u00a0\u00bb el_class=\u00a0\u00bbmt100&Prime;][vc_column css=\u00a0\u00bb.vc_custom_1646822403083{background-image: url(https:\/\/villamariaonline.com\/wp-content\/uploads\/2022\/03\/trekking_img.jpg?id=204) !important;background-position: center !important;background-repeat: no-repeat !important;background-size: cover !important;}\u00a0\u00bb el_class=\u00a0\u00bbbb-imgcover\u00a0\u00bb][\/vc_column][\/vc_row][vc_row el_class=\u00a0\u00bbmt100&Prime;][vc_column][vc_single_image image=\u00a0\u00bb427&Prime; img_size=\u00a0\u00bbfull\u00a0\u00bb alignment=\u00a0\u00bbcenter\u00a0\u00bb el_class=\u00a0\u00bbtrekking-icone\u00a0\u00bb][\/vc_column][\/vc_row][vc_row content_placement=\u00a0\u00bbmiddle\u00a0\u00bb el_class=\u00a0\u00bbmt100&Prime;][vc_column width=\u00a0\u00bb1\/2&Prime; offset=\u00a0\u00bbvc_col-lg-offset-3 vc_col-lg-6&Prime;][vc_column_text]<\/p>\n<h4 class=\"font-regular\" style=\"text-align: center;\">Les plus beaux itin\u00e9raires pour d\u00e9couvrir la r\u00e9gion, pas \u00e0 pas<\/h4>\n<p style=\"text-align: center;\">Les montagnes pisanes sont riches d&rsquo;itin\u00e9raires, de longueur et de difficult\u00e9 variables, facilement identifiables gr\u00e2ce aux panneaux affich\u00e9s par la section pisane du club alpin italien en collaboration avec l&rsquo;administration provinciale. Ci-dessous, 4 des itin\u00e9raires les plus populaires et les plus c\u00e9l\u00e8bres de cette r\u00e9gion:<\/p>\n<p>[\/vc_column_text][\/vc_column][\/vc_row][vc_row content_placement=\u00a0\u00bbmiddle\u00a0\u00bb el_class=\u00a0\u00bbmt100&Prime;][vc_column width=\u00a0\u00bb1\/2&Prime; offset=\u00a0\u00bbvc_col-lg-5&Prime;][vc_single_image image=\u00a0\u00bb431&Prime; img_size=\u00a0\u00bbfull\u00a0\u00bb][\/vc_column][vc_column width=\u00a0\u00bb1\/2&Prime; offset=\u00a0\u00bbvc_col-lg-offset-2 vc_col-lg-5&Prime;][vc_column_text el_class=\u00a0\u00bbtext-center-mobile\u00a0\u00bb]Mirteto \u00e0 travers la Valle delle Fonti<\/p>\n<p>Difficult\u00e9 : facile<br \/>\nDur\u00e9e de l&rsquo;aller-retour : 1h30<br \/>\nItin\u00e9raire : d\u00e9part d&rsquo;Asciano, prendre via Baracchini, puis via Martiri della Liberazione. Prendre le chemin 119 jusqu&rsquo;au \u00ab\u00a0Cisternone\u00a0\u00bb; ici prendre le chemin 121 jusqu&rsquo;\u00e0 Mirteto.<\/p>\n<p>Verrue de Monteranno<\/p>\n<p>Difficult\u00e9 : moyenne \/ facile<br \/>\nDur\u00e9e du trajet A\/R : 3 heures<br \/>\nItin\u00e9raire : d\u00e9part du parking de Montemagno. Marchez le long de l&rsquo;\u00e9troite rue principale de la ville, apr\u00e8s quelques centaines de m\u00e8tres, prenez le chemin balis\u00e9 C.A.I. (marqu\u00e9 en blanc et rouge). Arriv\u00e9 en haut, des panneaux d&rsquo;information vous dirigeront vers la Rocca encore bien visible.[\/vc_column_text][\/vc_column][\/vc_row][vc_row content_placement=\u00a0\u00bbmiddle\u00a0\u00bb el_class=\u00a0\u00bbmt100&Prime;][vc_column width=\u00a0\u00bb5\/12&Prime; el_class=\u00a0\u00bborder2mobile\u00a0\u00bb][vc_column_text el_class=\u00a0\u00bbtext-center-mobile\u00a0\u00bb]Pointe de Santallago<\/p>\n<p>Difficult\u00e9 : facile<br \/>\nDur\u00e9e du trajet A\/R : 2 heures<br \/>\nItin\u00e9raire : vers Tenuta di Santallago, quelques dizaines de m\u00e8tres avant le d\u00e9but du chemin de terre, vous remarquerez un bar sur la droite. Le d\u00e9passer et emprunter le sentier 00, apr\u00e8s quoi des panneaux informatifs-environnementaux vous conduiront jusqu&rsquo;au sommet. \u00c0 ce stade, vous pouvez choisir de refaire le m\u00eame chemin en sens inverse ou de descendre vers le domaine de Santallago.<\/p>\n<p>Pochard de Penna de Santa Maria del Giudice<\/p>\n<p>Difficult\u00e9 : moyenne \/ facile<br \/>\nDur\u00e9e de la visite : 40 minutes<br \/>\nItin\u00e9raire: d\u00e9part du parking du cimeti\u00e8re de Santa Maria del Giudice, apr\u00e8s avoir d\u00e9pass\u00e9 le b\u00e2timent, prendre une petite route \u00e0 droite, toujours asphalt\u00e9e, d&rsquo;o\u00f9 il sera possible de voir les panneaux du C.A.I., puis emprunter le chemin 116 qui vous m\u00e8nera au sommet.[\/vc_column_text][\/vc_column][vc_column width=\u00a0\u00bb1\/2&Prime; offset=\u00a0\u00bbvc_col-lg-offset-2 vc_col-lg-5&Prime;][vc_single_image image=\u00a0\u00bb435&Prime; img_size=\u00a0\u00bbfull\u00a0\u00bb][\/vc_column][\/vc_row][vc_row content_placement=\u00a0\u00bbmiddle\u00a0\u00bb el_class=\u00a0\u00bbmt50&Prime;][vc_column el_class=\u00a0\u00bborder2mobile\u00a0\u00bb][vc_column_text el_class=\u00a0\u00bbtext-center-mobile\u00a0\u00bb]<\/p>\n<p class=\"font-regular\" style=\"text-align: center;\">Fonte: <a href=\"https:\/\/www.pisatoday.it\/social\/trekking-monti-pisani-itinerari.html\"><u>https:\/\/www.pisatoday.it\/social\/trekking-monti-pisani-itinerari.html<\/u><\/a><\/p>\n<p>[\/vc_column_text][\/vc_column][\/vc_row][vc_row el_class=\u00a0\u00bbmt100&Prime;][vc_column][vc_column_text]<\/p>\n<h2 style=\"text-align: center;\">R\u00e9servez votre excursion avec notre expert<\/h2>\n<p>[\/vc_column_text][vc_row_inner][vc_column_inner width=\u00a0\u00bb1\/4&Prime; offset=\u00a0\u00bbvc_col-xs-6&Prime;][vc_column_text]<\/p>\n<p class=\"font-regular\" style=\"text-align: center;\">PROGRAMME<\/p>\n<p class=\"colore-grigio\" style=\"text-align: center;\">Sur demande<\/p>\n<p>[\/vc_column_text][\/vc_column_inner][vc_column_inner width=\u00a0\u00bb1\/4&Prime; offset=\u00a0\u00bbvc_col-xs-6&Prime;][vc_column_text]<\/p>\n<p class=\"font-regular\" style=\"text-align: center;\">TEMPS<\/p>\n<p class=\"colore-grigio\" style=\"text-align: center;\">Environ 3 heures<\/p>\n<p>[\/vc_column_text][\/vc_column_inner][vc_column_inner width=\u00a0\u00bb1\/4&Prime; offset=\u00a0\u00bbvc_col-xs-6&Prime;][vc_column_text]<\/p>\n<p class=\"font-regular\" style=\"text-align: center;\">PARTICIPANTS<\/p>\n<p class=\"colore-grigio\" style=\"text-align: center;\">Individuel | Groupes<\/p>\n<p>[\/vc_column_text][\/vc_column_inner][vc_column_inner width=\u00a0\u00bb1\/4&Prime; offset=\u00a0\u00bbvc_col-xs-6&Prime;][vc_column_text]<\/p>\n<p class=\"font-regular\" style=\"text-align: center;\">R\u00c9SERVEZ SUR<\/p>\n<p class=\"colore-grigio\" style=\"text-align: center;\">+39 050 798840<\/p>\n<p>[\/vc_column_text][\/vc_column_inner][\/vc_row_inner][\/vc_column][\/vc_row][vc_row full_width=\u00a0\u00bbstretch_row\u00a0\u00bb el_class=\u00a0\u00bbmt100 bg-rosa ptb100&Prime;][vc_column][vc_column_text el_class=\u00a0\u00bbm0&Prime;]<\/p>\n<h2 style=\"text-align: center;\">D\u00e9couvrez l&rsquo;art de la c\u00e9ramique<\/h2>\n<p>[\/vc_column_text][\/vc_column][\/vc_row][vc_row content_placement=\u00a0\u00bbmiddle\u00a0\u00bb el_class=\u00a0\u00bbmargin-top-neg\u00a0\u00bb][vc_column width=\u00a0\u00bb1\/2&Prime; offset=\u00a0\u00bbvc_col-lg-5&Prime;][vc_single_image image=\u00a0\u00bb439&Prime; img_size=\u00a0\u00bbfull\u00a0\u00bb][\/vc_column][vc_column width=\u00a0\u00bb1\/2&Prime; offset=\u00a0\u00bbvc_col-lg-offset-2 vc_col-lg-5&Prime;][vc_column_text el_class=\u00a0\u00bbtext-center-mobile\u00a0\u00bb]<\/p>\n<h4>Les vacances peuvent \u00eatre le moment id\u00e9al pour apprendre de nouvelles choses. Avez-vous d\u00e9j\u00e0 pens\u00e9 \u00e0 essayer de fabriquer un vase en c\u00e9ramique ? Si l&rsquo;id\u00e9e vous pla\u00eet, sachez qu&rsquo;\u00e0 quelques pas de chez nous vous trouverez un laboratoire de c\u00e9ramique o\u00f9 vous pourrez aborder cet art.<\/h4>\n<p>[\/vc_column_text][vc_btn title=\u00a0\u00bbD\u00c9COUVRIR\u00a0\u00bb style=\u00a0\u00bbclassic\u00a0\u00bb shape=\u00a0\u00bbsquare\u00a0\u00bb align=\u00a0\u00bbcenter\u00a0\u00bb link=\u00a0\u00bburl:http%3A%2F%2Fvillamariaonline.com%2Ffr%2Fceramica%2F|title:Ceramica\u00a0\u00bb el_class=\u00a0\u00bbtext-left-dsk cta-grigio\u00a0\u00bb][\/vc_column][\/vc_row][vc_row full_width=\u00a0\u00bbstretch_row\u00a0\u00bb el_class=\u00a0\u00bbmt100 bg-rosa ptb100&Prime;][vc_column][vc_column_text el_class=\u00a0\u00bbm0&Prime;]<\/p>\n<h2 style=\"text-align: center;\">Un ap\u00e9ro dans les ann\u00e9es 70<\/h2>\n<p>[\/vc_column_text][\/vc_column][\/vc_row][vc_row content_placement=\u00a0\u00bbmiddle\u00a0\u00bb el_class=\u00a0\u00bbmargin-top-neg pb100&Prime;][vc_column width=\u00a0\u00bb1\/2&Prime; offset=\u00a0\u00bbvc_col-lg-5&Prime;][vc_single_image image=\u00a0\u00bb605&Prime; img_size=\u00a0\u00bbfull\u00a0\u00bb][\/vc_column][vc_column width=\u00a0\u00bb1\/2&Prime; offset=\u00a0\u00bbvc_col-lg-offset-2 vc_col-lg-5&Prime;][vc_column_text el_class=\u00a0\u00bbtext-center-mobile\u00a0\u00bb]<\/p>\n<h4>Revivez l&rsquo;ambiance des ann\u00e9es 70 dans l&rsquo;historique Rolando Bar Museum en d\u00e9gustant un ap\u00e9ritif ou un caf\u00e9 entre amis!<\/h4>\n<p>[\/vc_column_text][vc_btn title=\u00a0\u00bbD\u00c9COUVRIR\u00a0\u00bb style=\u00a0\u00bbclassic\u00a0\u00bb shape=\u00a0\u00bbsquare\u00a0\u00bb align=\u00a0\u00bbcenter\u00a0\u00bb link=\u00a0\u00bburl:http%3A%2F%2Fvillamariaonline.com%2Ffr%2Frolando%2F|title:Rolando\u00a0\u00bb el_class=\u00a0\u00bbtext-left-dsk cta-grigio\u00a0\u00bb][\/vc_column][\/vc_row]<\/p>\n","protected":false},"excerpt":{"rendered":"<p>[vc_row full_width=\u00a0\u00bbstretch_row_content_no_spaces\u00a0\u00bb el_class=\u00a0\u00bbtestata trekking\u00a0\u00bb][vc_column][\/vc_column][\/vc_row][vc_row el_class=\u00a0\u00bbmt100&Prime;][vc_column][vc_column_text] Trekking sur les montagnes pisanes D\u00e9couvrez tous les parcours et organisez-vous avec nous votre voyage dans les montagnes pisanes [\/vc_column_text][\/vc_column][\/vc_row][vc_row full_width=\u00a0\u00bbstretch_row_content_no_spaces\u00a0\u00bb el_class=\u00a0\u00bbmt100&Prime;][vc_column css=\u00a0\u00bb.vc_custom_1646822403083{background-image: url(https:\/\/villamariaonline.com\/wp-content\/uploads\/2022\/03\/trekking_img.jpg?id=204) !important;background-position:&#8230;<\/p>\n","protected":false},"author":1,"featured_media":0,"parent":0,"menu_order":0,"comment_status":"closed","ping_status":"closed","template":"","meta":{"_monsterinsights_skip_tracking":false,"_monsterinsights_sitenote_active":false,"_monsterinsights_sitenote_note":"","_monsterinsights_sitenote_category":0},"yoast_head":"<!-- This site is optimized with the Yoast SEO plugin v19.1 - https:\/\/yoast.com\/wordpress\/plugins\/seo\/ -->\n<title>Trekking - Villa Maria<\/title>\n<meta name=\"robots\" content=\"index, follow, max-snippet:-1, max-image-preview:large, max-video-preview:-1\" \/>\n<link rel=\"canonical\" href=\"https:\/\/villamariaonline.com\/fr\/trekking\/\" \/>\n<meta property=\"og:locale\" content=\"fr_FR\" \/>\n<meta property=\"og:type\" content=\"article\" \/>\n<meta property=\"og:title\" content=\"Trekking - Villa Maria\" \/>\n<meta property=\"og:description\" content=\"[vc_row full_width=\u00a0\u00bbstretch_row_content_no_spaces\u00a0\u00bb el_class=\u00a0\u00bbtestata trekking\u00a0\u00bb][vc_column][\/vc_column][\/vc_row][vc_row el_class=\u00a0\u00bbmt100&Prime;][vc_column][vc_column_text] Trekking sur les montagnes pisanes D\u00e9couvrez tous les parcours et organisez-vous avec nous votre voyage dans les montagnes pisanes [\/vc_column_text][\/vc_column][\/vc_row][vc_row full_width=\u00a0\u00bbstretch_row_content_no_spaces\u00a0\u00bb el_class=\u00a0\u00bbmt100&Prime;][vc_column css=\u00a0\u00bb.vc_custom_1646822403083{background-image: url(https:\/\/villamariaonline.com\/wp-content\/uploads\/2022\/03\/trekking_img.jpg?id=204) !important;background-position:...\" \/>\n<meta property=\"og:url\" content=\"https:\/\/villamariaonline.com\/fr\/trekking\/\" \/>\n<meta property=\"og:site_name\" content=\"Villa Maria\" \/>\n<meta property=\"article:modified_time\" content=\"2022-05-25T15:29:41+00:00\" \/>\n<meta name=\"twitter:card\" content=\"summary_large_image\" \/>\n<meta name=\"twitter:label1\" content=\"Dur\u00e9e de lecture estim\u00e9e\" \/>\n\t<meta name=\"twitter:data1\" content=\"5 minutes\" \/>\n<script type=\"application\/ld+json\" class=\"yoast-schema-graph\">{\"@context\":\"https:\/\/schema.org\",\"@graph\":[{\"@type\":\"WebSite\",\"@id\":\"https:\/\/villamariaonline.com\/#website\",\"url\":\"https:\/\/villamariaonline.com\/\",\"name\":\"Villa Maria\",\"description\":\"Un nuovo sito targato WordPress\",\"potentialAction\":[{\"@type\":\"SearchAction\",\"target\":{\"@type\":\"EntryPoint\",\"urlTemplate\":\"https:\/\/villamariaonline.com\/?s={search_term_string}\"},\"query-input\":\"required name=search_term_string\"}],\"inLanguage\":\"fr-FR\"},{\"@type\":\"WebPage\",\"@id\":\"https:\/\/villamariaonline.com\/fr\/trekking\/#webpage\",\"url\":\"https:\/\/villamariaonline.com\/fr\/trekking\/\",\"name\":\"Trekking - Villa Maria\",\"isPartOf\":{\"@id\":\"https:\/\/villamariaonline.com\/#website\"},\"datePublished\":\"2022-03-09T10:40:05+00:00\",\"dateModified\":\"2022-05-25T15:29:41+00:00\",\"breadcrumb\":{\"@id\":\"https:\/\/villamariaonline.com\/fr\/trekking\/#breadcrumb\"},\"inLanguage\":\"fr-FR\",\"potentialAction\":[{\"@type\":\"ReadAction\",\"target\":[\"https:\/\/villamariaonline.com\/fr\/trekking\/\"]}]},{\"@type\":\"BreadcrumbList\",\"@id\":\"https:\/\/villamariaonline.com\/fr\/trekking\/#breadcrumb\",\"itemListElement\":[{\"@type\":\"ListItem\",\"position\":1,\"name\":\"Home\",\"item\":\"https:\/\/villamariaonline.com\/fr\/\"},{\"@type\":\"ListItem\",\"position\":2,\"name\":\"Trekking\"}]}]}<\/script>\n<!-- \/ Yoast SEO plugin. -->","yoast_head_json":{"title":"Trekking - Villa Maria","robots":{"index":"index","follow":"follow","max-snippet":"max-snippet:-1","max-image-preview":"max-image-preview:large","max-video-preview":"max-video-preview:-1"},"canonical":"https:\/\/villamariaonline.com\/fr\/trekking\/","og_locale":"fr_FR","og_type":"article","og_title":"Trekking - Villa Maria","og_description":"[vc_row full_width=\u00a0\u00bbstretch_row_content_no_spaces\u00a0\u00bb el_class=\u00a0\u00bbtestata trekking\u00a0\u00bb][vc_column][\/vc_column][\/vc_row][vc_row el_class=\u00a0\u00bbmt100&Prime;][vc_column][vc_column_text] Trekking sur les montagnes pisanes D\u00e9couvrez tous les parcours et organisez-vous avec nous votre voyage dans les montagnes pisanes [\/vc_column_text][\/vc_column][\/vc_row][vc_row full_width=\u00a0\u00bbstretch_row_content_no_spaces\u00a0\u00bb el_class=\u00a0\u00bbmt100&Prime;][vc_column css=\u00a0\u00bb.vc_custom_1646822403083{background-image: url(https:\/\/villamariaonline.com\/wp-content\/uploads\/2022\/03\/trekking_img.jpg?id=204) !important;background-position:...","og_url":"https:\/\/villamariaonline.com\/fr\/trekking\/","og_site_name":"Villa Maria","article_modified_time":"2022-05-25T15:29:41+00:00","twitter_card":"summary_large_image","twitter_misc":{"Dur\u00e9e de lecture estim\u00e9e":"5 minutes"},"schema":{"@context":"https:\/\/schema.org","@graph":[{"@type":"WebSite","@id":"https:\/\/villamariaonline.com\/#website","url":"https:\/\/villamariaonline.com\/","name":"Villa Maria","description":"Un nuovo sito targato WordPress","potentialAction":[{"@type":"SearchAction","target":{"@type":"EntryPoint","urlTemplate":"https:\/\/villamariaonline.com\/?s={search_term_string}"},"query-input":"required name=search_term_string"}],"inLanguage":"fr-FR"},{"@type":"WebPage","@id":"https:\/\/villamariaonline.com\/fr\/trekking\/#webpage","url":"https:\/\/villamariaonline.com\/fr\/trekking\/","name":"Trekking - Villa Maria","isPartOf":{"@id":"https:\/\/villamariaonline.com\/#website"},"datePublished":"2022-03-09T10:40:05+00:00","dateModified":"2022-05-25T15:29:41+00:00","breadcrumb":{"@id":"https:\/\/villamariaonline.com\/fr\/trekking\/#breadcrumb"},"inLanguage":"fr-FR","potentialAction":[{"@type":"ReadAction","target":["https:\/\/villamariaonline.com\/fr\/trekking\/"]}]},{"@type":"BreadcrumbList","@id":"https:\/\/villamariaonline.com\/fr\/trekking\/#breadcrumb","itemListElement":[{"@type":"ListItem","position":1,"name":"Home","item":"https:\/\/villamariaonline.com\/fr\/"},{"@type":"ListItem","position":2,"name":"Trekking"}]}]}},"_links":{"self":[{"href":"https:\/\/villamariaonline.com\/fr\/wp-json\/wp\/v2\/pages\/3208"}],"collection":[{"href":"https:\/\/villamariaonline.com\/fr\/wp-json\/wp\/v2\/pages"}],"about":[{"href":"https:\/\/villamariaonline.com\/fr\/wp-json\/wp\/v2\/types\/page"}],"author":[{"embeddable":true,"href":"https:\/\/villamariaonline.com\/fr\/wp-json\/wp\/v2\/users\/1"}],"replies":[{"embeddable":true,"href":"https:\/\/villamariaonline.com\/fr\/wp-json\/wp\/v2\/comments?post=3208"}],"version-history":[{"count":4,"href":"https:\/\/villamariaonline.com\/fr\/wp-json\/wp\/v2\/pages\/3208\/revisions"}],"predecessor-version":[{"id":3227,"href":"https:\/\/villamariaonline.com\/fr\/wp-json\/wp\/v2\/pages\/3208\/revisions\/3227"}],"wp:attachment":[{"href":"https:\/\/villamariaonline.com\/fr\/wp-json\/wp\/v2\/media?parent=3208"}],"curies":[{"name":"wp","href":"https:\/\/api.w.org\/{rel}","templated":true}]}}