{"id":3221,"date":"2022-04-20T16:24:56","date_gmt":"2022-04-20T14:24:56","guid":{"rendered":"https:\/\/villamariaonline.com\/privacy-policy\/"},"modified":"2022-06-14T16:43:57","modified_gmt":"2022-06-14T14:43:57","slug":"privacy-policy","status":"publish","type":"page","link":"https:\/\/villamariaonline.com\/fr\/privacy-policy\/","title":{"rendered":"Privacy policy"},"content":{"rendered":"<p>[vc_row el_class=\u00a0\u00bbptb100&Prime;][vc_column][vc_column_text]<\/p>\n<h2 class=\"entry-title\" style=\"text-align: left;\">POLITIQUE DE CONFIDENTIALIT\u00c9<\/h2>\n<p>[\/vc_column_text][vc_column_text]Cette Application collecte certaines Donn\u00e9es Personnelles de ses Utilisateurs.<br \/>\nContr\u00f4leur de donn\u00e9es et propri\u00e9taire<\/p>\n<p>VILLA MARIA<br \/>\nVia Magellan, 116<br \/>\nVicopisano (PISA)<br \/>\n<a href=\"mailto:info@villamariaonline.com\">info@villamariaonline.com<\/a><\/p>\n<p><strong>Types de donn\u00e9es collect\u00e9es<\/strong><br \/>\nParmi les types de Donn\u00e9es personnelles que cette Application collecte, par elle-m\u00eame ou par l&rsquo;interm\u00e9diaire de tiers, il y a : Adresse e-mail, Pr\u00e9nom, Nom, Num\u00e9ro de t\u00e9l\u00e9phone, Nom de l&rsquo;entreprise, Province, Cookie et Donn\u00e9es d&rsquo;utilisation.<br \/>\nD&rsquo;autres donn\u00e9es personnelles collect\u00e9es peuvent \u00eatre d\u00e9crites dans d&rsquo;autres sections de cette politique de confidentialit\u00e9 ou par un texte d&rsquo;explication d\u00e9di\u00e9 contextuellement \u00e0 la collecte de donn\u00e9es.<br \/>\nLes Donn\u00e9es Personnelles peuvent \u00eatre librement fournies par l&rsquo;Utilisateur, ou collect\u00e9es automatiquement lors de l&rsquo;utilisation de cette Application. Toute utilisation de Cookies &#8211; ou d&rsquo;autres outils de suivi &#8211; par cette Application ou par les propri\u00e9taires de services tiers utilis\u00e9s par cette Application, sauf indication contraire, sert \u00e0 identifier les Utilisateurs et \u00e0 m\u00e9moriser leurs pr\u00e9f\u00e9rences, dans le seul but de fournir le service requis par l&rsquo;utilisateur. Le d\u00e9faut de fournir certaines donn\u00e9es personnelles peut emp\u00eacher cette application de fournir ses services. Les utilisateurs sont responsables de toutes les donn\u00e9es personnelles de tiers obtenues, publi\u00e9es ou partag\u00e9es via cette application et confirment qu&rsquo;ils ont le consentement du tiers pour fournir les donn\u00e9es au propri\u00e9taire.<\/p>\n<p><strong>Mode et lieu de traitement des Donn\u00e9es<\/strong><\/p>\n<p><strong>M\u00e9thodes de traitement<\/strong><br \/>\nLe responsable du traitement traite les donn\u00e9es des utilisateurs de mani\u00e8re appropri\u00e9e et prend les mesures de s\u00e9curit\u00e9 appropri\u00e9es pour emp\u00eacher l&rsquo;acc\u00e8s, la divulgation, la modification ou la destruction non autoris\u00e9s des donn\u00e9es. Le traitement des donn\u00e9es est effectu\u00e9 \u00e0 l&rsquo;aide d&rsquo;ordinateurs et\/ou d&rsquo;outils informatiques, selon des proc\u00e9dures et des modes d&rsquo;organisation strictement li\u00e9s aux finalit\u00e9s indiqu\u00e9es. En plus du responsable du traitement, dans certains cas, les donn\u00e9es peuvent \u00eatre accessibles \u00e0 certains types de personnes en charge, impliqu\u00e9es dans le fonctionnement du site (administration, ventes, marketing, juridique, administration du syst\u00e8me) ou de parties externes (telles que des tiers prestataires de services techniques tiers, transporteurs de courrier, h\u00e9bergeurs, soci\u00e9t\u00e9s informatiques, agences de communication) d\u00e9sign\u00e9s, si n\u00e9cessaire, en tant que sous-traitants par le Propri\u00e9taire. La liste mise \u00e0 jour de ces parties peut \u00eatre demand\u00e9e \u00e0 tout moment au responsable du traitement.<\/p>\n<p><strong>Place<\/strong><br \/>\nLes donn\u00e9es sont trait\u00e9es dans les bureaux op\u00e9rationnels du responsable du traitement et dans tous les autres lieux o\u00f9 se trouvent les parties impliqu\u00e9es dans le traitement. Pour plus d&rsquo;informations, veuillez contacter le responsable du traitement.<\/p>\n<p><strong>Temps de r\u00e9tention<\/strong><br \/>\nLes donn\u00e9es sont conserv\u00e9es pendant le temps n\u00e9cessaire pour fournir le service demand\u00e9 par l&rsquo;utilisateur, ou indiqu\u00e9 par les finalit\u00e9s d\u00e9crites dans le pr\u00e9sent document, et l&rsquo;utilisateur peut toujours demander au responsable du traitement de suspendre ou de supprimer les donn\u00e9es.<\/p>\n<p><strong>L&rsquo;utilisation des Donn\u00e9es collect\u00e9es<\/strong><br \/>\nLes Donn\u00e9es concernant l&rsquo;Utilisateur sont collect\u00e9es pour permettre au Propri\u00e9taire de fournir ses services, ainsi qu&rsquo;aux fins suivantes : Contacter l&rsquo;Utilisateur, Analyses et Affichage du contenu de plateformes externes. Les donn\u00e9es personnelles utilis\u00e9es pour chaque objectif sont d\u00e9crites dans les sections sp\u00e9cifiques de ce document.<\/p>\n<p><strong>Informations d\u00e9taill\u00e9es sur le traitement des donn\u00e9es personnelles<\/strong><br \/>\nLes Donn\u00e9es Personnelles sont collect\u00e9es pour les finalit\u00e9s suivantes et en utilisant les services suivants :<\/p>\n<p><strong>Analytique<\/strong><br \/>\nLes services contenus dans cette section permettent au propri\u00e9taire de surveiller et d&rsquo;analyser le trafic Web et peuvent \u00eatre utilis\u00e9s pour suivre le comportement de l&rsquo;utilisateur.<\/p>\n<p><strong>Google Analytics (Google Inc.)<\/strong><br \/>\nGoogle Analytics est un service d&rsquo;analyse Web fourni par Google Inc. (\u00ab Google \u00bb). Google utilise les donn\u00e9es collect\u00e9es pour suivre et examiner l&rsquo;utilisation de cette application, pour pr\u00e9parer des rapports sur ses activit\u00e9s et les partager avec d&rsquo;autres services Google. Google peut utiliser les Donn\u00e9es collect\u00e9es pour contextualiser et personnaliser les annonces de son propre r\u00e9seau publicitaire. Donn\u00e9es personnelles collect\u00e9es : Cookie et donn\u00e9es d&rsquo;utilisation. Lieu de traitement\u00a0: \u00c9tats-Unis\u00a0\u2013\u00a0Politique de confidentialit\u00e9\u00a0\u2013\u00a0Opt Out<\/p>\n<p><strong>Affichage du contenu de plateformes externes<\/strong><br \/>\nCes services vous permettent de visualiser des contenus h\u00e9berg\u00e9s sur des plateformes externes directement depuis les pages de cette Application et d&rsquo;interagir avec celles-ci. Si un service de ce type est install\u00e9, il peut toujours collecter des donn\u00e9es de trafic Web pour les pages sur lesquelles le service est install\u00e9, m\u00eame lorsque les utilisateurs ne l&rsquo;utilisent pas.<\/p>\n<p><strong>Polices Google (Google Inc.)<\/strong><br \/>\nGoogle Fonts est un service de visualisation de polices de caract\u00e8res fourni par Google Inc. qui permet \u00e0 cette Application d&rsquo;incorporer un contenu de ce type sur ses pages. Donn\u00e9es personnelles collect\u00e9es : Cookie et donn\u00e9es d&rsquo;utilisation. Lieu de traitement\u00a0: \u00c9tats-Unis\u00a0\u2013\u00a0Politique de confidentialit\u00e9<\/p>\n<p><strong>Contacter l&rsquo;utilisateur<\/strong><\/p>\n<p><strong>Liste de diffusion ou newsletter (cette application)<\/strong><br \/>\nEn s&rsquo;inscrivant \u00e0 la liste de diffusion ou \u00e0 la newsletter, l&rsquo;adresse e-mail de l&rsquo;Utilisateur sera ajout\u00e9e \u00e0 la liste de contacts des personnes susceptibles de recevoir des e-mails contenant des informations \u00e0 caract\u00e8re commercial ou promotionnel concernant cette Application. Votre adresse e-mail peut \u00e9galement \u00eatre ajout\u00e9e \u00e0 cette liste \u00e0 la suite de votre inscription \u00e0 cette application ou apr\u00e8s avoir effectu\u00e9 un achat. Donn\u00e9es personnelles collect\u00e9es : Adresse e-mail et Pr\u00e9nom.<\/p>\n<p><strong>Formulaire de contact (cette application)<\/strong><br \/>\nEn remplissant le formulaire de contact avec ses Donn\u00e9es, l&rsquo;Utilisateur autorise cette Application \u00e0 utiliser ces coordonn\u00e9es pour r\u00e9pondre aux demandes d&rsquo;informations, de devis ou \u00e0 toute autre demande telle qu&rsquo;indiqu\u00e9e par l&rsquo;en-t\u00eate du formulaire. Donn\u00e9es personnelles collect\u00e9es\u00a0: nom de l&rsquo;entreprise, adresse e-mail, pr\u00e9nom, nom, num\u00e9ro de t\u00e9l\u00e9phone et province.<\/p>\n<p><strong>Inscription et authentification<\/strong><br \/>\nEn s&rsquo;inscrivant ou en s&rsquo;authentifiant, les Utilisateurs permettent \u00e0 cette Application de les identifier et de leur donner acc\u00e8s \u00e0 des services d\u00e9di\u00e9s.<br \/>\nSelon ce qui est d\u00e9crit ci-dessous, des tiers peuvent fournir des services d&rsquo;enregistrement et d&rsquo;authentification.<br \/>\nDans ce cas, cette Application pourra acc\u00e9der \u00e0 certaines Donn\u00e9es, stock\u00e9es par ces services tiers, \u00e0 des fins d&rsquo;enregistrement ou d&rsquo;identification.<br \/>\nInscription directe (cette application)<br \/>\nL&rsquo;utilisateur s&rsquo;inscrit en remplissant le formulaire d&rsquo;inscription et en fournissant les donn\u00e9es personnelles directement \u00e0 cette application.<br \/>\nDonn\u00e9es personnelles collect\u00e9es : Ville, Raison sociale, Adresse e-mail, Pr\u00e9nom et Nom.<\/p>\n<p><strong>Cookies<\/strong><br \/>\nAucune donn\u00e9e personnelle de l&rsquo;utilisateur n&rsquo;est acquise \u00e0 partir du site.<\/p>\n<p>Nous n&rsquo;utilisons pas de cookies pour la transmission d&rsquo;informations personnelles, ni nous utilisons des cookies persistants de toute nature, des syst\u00e8mes de suivi des utilisateurs .<\/p>\n<p>L&rsquo;utilisation des cookies de session (qui ne sont pas stock\u00e9s de mani\u00e8re permanente sur l&rsquo;ordinateur de l&rsquo;Utilisateur et disparaissent \u00e0 la fermeture du navigateur) est strictement limit\u00e9e \u00e0 la transmission d&rsquo;identifiants de session (constitu\u00e9s de nombres al\u00e9atoires Code G\u00e9n\u00e9r\u00e9 \u00e0 partir du serveur) n\u00e9cessaires pour permettre l&rsquo;exploration s\u00fbre et efficace de le site .<\/p>\n<p>Les cookies de session utilis\u00e9s sur ce site \u00e9vitent l&rsquo;utilisation d&rsquo;autres techniques informatiques qui pourraient compromettre la confidentialit\u00e9 des utilisateurs et qui ne permettent pas l&rsquo;acquisition d&rsquo;informations personnelles d&rsquo;identification de l&rsquo;utilisateur.<\/p>\n<p><strong>Informations suppl\u00e9mentaires sur la collecte et le traitement des donn\u00e9es<\/strong><\/p>\n<p><strong>Une action en justice<\/strong><br \/>\nLes donn\u00e9es personnelles de l&rsquo;utilisateur peuvent \u00eatre utilis\u00e9es \u00e0 des fins l\u00e9gales par le responsable du traitement, devant les tribunaux ou dans les \u00e9tapes menant \u00e0 d&rsquo;\u00e9ventuelles actions en justice d\u00e9coulant d&rsquo;une mauvaise utilisation de cette application ou des services associ\u00e9s. L&rsquo;utilisateur d\u00e9clare \u00eatre conscient que le responsable du traitement peut \u00eatre amen\u00e9 \u00e0 divulguer des donn\u00e9es personnelles \u00e0 la demande des autorit\u00e9s publiques.<\/p>\n<p><strong>Informations suppl\u00e9mentaires sur les donn\u00e9es personnelles de l&rsquo;utilisateur<\/strong><br \/>\nEn plus des informations contenues dans cette politique de confidentialit\u00e9, cette Application peut fournir \u00e0 l&rsquo;Utilisateur des informations suppl\u00e9mentaires et contextuelles concernant des services particuliers ou la collecte et le traitement de Donn\u00e9es personnelles sur demande.<\/p>\n<p><strong>Journaux syst\u00e8me et maintenance<\/strong><br \/>\n\u00c0 des fins d&rsquo;exploitation et de maintenance, cette application et tout service tiers peuvent collecter des fichiers qui enregistrent l&rsquo;interaction avec cette application (journaux syst\u00e8me) ou utiliser \u00e0 cette fin d&rsquo;autres donn\u00e9es personnelles (telles que l&rsquo;adresse IP).<\/p>\n<p><strong>Informations non contenues dans cette politique<\/strong><br \/>\nPlus de d\u00e9tails concernant la collecte ou le traitement des Donn\u00e9es Personnelles peuvent \u00eatre demand\u00e9s \u00e0 tout moment au Responsable du Traitement. Veuillez consulter les coordonn\u00e9es au d\u00e9but de ce document.<\/p>\n<p><strong>Les droits des Utilisateurs<\/strong><br \/>\nLes utilisateurs ont le droit, \u00e0 tout moment, de savoir si leurs donn\u00e9es personnelles ont \u00e9t\u00e9 stock\u00e9es et peuvent consulter le responsable du traitement pour conna\u00eetre leur contenu et leur origine, pour v\u00e9rifier leur exactitude ou pour demander qu&rsquo;elles soient compl\u00e9t\u00e9es, supprim\u00e9es, mises \u00e0 jour ou corrig\u00e9es. , ou pour leur transformation en format anonyme ou pour bloquer les donn\u00e9es d\u00e9tenues en violation de la loi, ainsi que pour s&rsquo;opposer \u00e0 leur traitement pour tout motif l\u00e9gitime. Les demandes doivent \u00eatre envoy\u00e9es au responsable du traitement aux coordonn\u00e9es indiqu\u00e9es ci-dessus. Cette application ne prend pas en charge les demandes \u00ab Do Not Track \u00bb. Pour d\u00e9terminer si l&rsquo;un des services tiers qu&rsquo;il utilise respecte les demandes \u00ab\u00a0Ne pas suivre\u00a0\u00bb, veuillez lire leurs politiques de confidentialit\u00e9.<\/p>\n<p><strong>Modifications de cette politique de confidentialit\u00e9<\/strong><br \/>\nLe responsable du traitement se r\u00e9serve le droit d&rsquo;apporter \u00e0 tout moment des modifications \u00e0 cette politique de confidentialit\u00e9 en en informant ses utilisateurs sur cette page. Il est fortement recommand\u00e9 de consulter souvent cette page, en se r\u00e9f\u00e9rant \u00e0 la date de la derni\u00e8re modification indiqu\u00e9e en bas. Si un utilisateur s&rsquo;oppose \u00e0 l&rsquo;une des modifications apport\u00e9es \u00e0 la politique, l&rsquo;utilisateur doit cesser d&rsquo;utiliser cette application et peut demander au responsable du traitement de supprimer les donn\u00e9es personnelles. Sauf indication contraire, la politique de confidentialit\u00e9 alors en vigueur s&rsquo;applique \u00e0 toutes les donn\u00e9es personnelles que le contr\u00f4leur de donn\u00e9es poss\u00e8de sur les utilisateurs.<\/p>\n<p><strong>Informations sur cette politique de confidentialit\u00e9<\/strong><br \/>\nLe responsable du traitement des donn\u00e9es est responsable de cette politique de confidentialit\u00e9.<\/p>\n<p><strong>D\u00e9finitions et r\u00e9f\u00e9rences l\u00e9gales<\/strong><\/p>\n<p><strong>Donn\u00e9es personnelles (ou donn\u00e9es)<\/strong><br \/>\nToute information concernant une personne physique, une personne morale, une institution ou une association, qui est ou peut \u00eatre identifi\u00e9e, m\u00eame indirectement, par r\u00e9f\u00e9rence \u00e0 toute autre information, y compris un num\u00e9ro d&rsquo;identification personnel.<\/p>\n<p><strong>Donn\u00e9es d&rsquo;utilisation<\/strong><br \/>\nLes informations collect\u00e9es automatiquement \u00e0 partir de cette Application (ou des services tiers employ\u00e9s dans cette Application), qui peuvent inclure\u00a0: les adresses IP ou les noms de domaine des ordinateurs utilis\u00e9s par les Utilisateurs qui utilisent cette Application, les adresses URI (Uniform Resource Identifier), l&rsquo;heure de la requ\u00eate, la m\u00e9thode utilis\u00e9e pour soumettre la requ\u00eate au serveur, la taille du fichier re\u00e7u en r\u00e9ponse, le code num\u00e9rique indiquant l&rsquo;\u00e9tat de la r\u00e9ponse du serveur (aboutissement, erreur, etc.), le pays d&rsquo;origine, le caract\u00e9ristiques du navigateur et du syst\u00e8me d&rsquo;exploitation utilis\u00e9 par l&rsquo;utilisateur, les diff\u00e9rents d\u00e9tails de temps par visite (par exemple, le temps pass\u00e9 sur chaque page de l&rsquo;application) et les d\u00e9tails sur le chemin suivi dans l&rsquo;application avec une r\u00e9f\u00e9rence particuli\u00e8re \u00e0 la s\u00e9quence de pages visit\u00e9, et d&rsquo;autres param\u00e8tres concernant le syst\u00e8me d&rsquo;exploitation de l&rsquo;appareil et\/ou l&rsquo;environnement informatique de l&rsquo;Utilisateur.<\/p>\n<p><strong>Utilisateur<\/strong><br \/>\nLa personne utilisant cette application, qui doit co\u00efncider avec ou \u00eatre autoris\u00e9e par la personne concern\u00e9e, \u00e0 laquelle les donn\u00e9es personnelles se r\u00e9f\u00e8rent.<\/p>\n<p><strong>Personne concern\u00e9e<\/strong><br \/>\nLa personne morale ou physique \u00e0 laquelle se r\u00e9f\u00e8rent les donn\u00e9es personnelles. Responsable du traitement (ou responsable du traitement) La personne physique, la personne morale, l&rsquo;administration publique ou tout autre organisme, association ou organisation autoris\u00e9 par le responsable du traitement \u00e0 traiter les donn\u00e9es personnelles conform\u00e9ment \u00e0 la pr\u00e9sente politique de confidentialit\u00e9.<\/p>\n<p><strong>Contr\u00f4leur de donn\u00e9es (ou propri\u00e9taire)<\/strong><br \/>\nLa personne physique, la personne morale, l&rsquo;administration publique ou tout autre organisme, association ou organisation ayant le droit, \u00e9galement conjointement avec un autre responsable du traitement, de prendre des d\u00e9cisions concernant les finalit\u00e9s et les m\u00e9thodes de traitement des donn\u00e9es personnelles et les moyens utilis\u00e9s, y compris le mesures de s\u00e9curit\u00e9 concernant le fonctionnement et l&rsquo;utilisation de cette Application. Le contr\u00f4leur de donn\u00e9es, sauf indication contraire, est le propri\u00e9taire de cette application.<\/p>\n<p><strong>Cette application<\/strong><br \/>\nL&rsquo;outil mat\u00e9riel ou logiciel par lequel les donn\u00e9es personnelles de l&rsquo;utilisateur sont collect\u00e9es.<\/p>\n<p><strong>Information l\u00e9gale<\/strong><br \/>\nAvis aux utilisateurs europ\u00e9ens\u00a0: cette d\u00e9claration de confidentialit\u00e9 a \u00e9t\u00e9 pr\u00e9par\u00e9e conform\u00e9ment aux obligations de l&rsquo;art. 10 de la Directive CE n. 95\/46\/CE, et en vertu des dispositions de la Directive 2002\/58\/CE, telle que r\u00e9vis\u00e9e par la Directive 2009\/136\/CE, en mati\u00e8re de Cookies. Cette politique de confidentialit\u00e9 concerne uniquement cette application.[\/vc_column_text][\/vc_column][\/vc_row]<\/p>\n","protected":false},"excerpt":{"rendered":"<p>[vc_row el_class=\u00a0\u00bbptb100&Prime;][vc_column][vc_column_text] POLITIQUE DE CONFIDENTIALIT\u00c9 [\/vc_column_text][vc_column_text]Cette Application collecte certaines Donn\u00e9es Personnelles de ses Utilisateurs. Contr\u00f4leur de donn\u00e9es et propri\u00e9taire VILLA MARIA Via Magellan, 116 Vicopisano (PISA) info@villamariaonline.com Types de donn\u00e9es&#8230;<\/p>\n","protected":false},"author":1,"featured_media":0,"parent":0,"menu_order":0,"comment_status":"closed","ping_status":"closed","template":"","meta":{"_monsterinsights_skip_tracking":false,"_monsterinsights_sitenote_active":false,"_monsterinsights_sitenote_note":"","_monsterinsights_sitenote_category":0},"yoast_head":"<!-- This site is optimized with the Yoast SEO plugin v19.1 - https:\/\/yoast.com\/wordpress\/plugins\/seo\/ -->\n<title>Privacy policy - Villa Maria<\/title>\n<meta name=\"robots\" content=\"index, follow, max-snippet:-1, max-image-preview:large, max-video-preview:-1\" \/>\n<link rel=\"canonical\" href=\"https:\/\/villamariaonline.com\/fr\/privacy-policy\/\" \/>\n<meta property=\"og:locale\" content=\"fr_FR\" \/>\n<meta property=\"og:type\" content=\"article\" \/>\n<meta property=\"og:title\" content=\"Privacy policy - Villa Maria\" \/>\n<meta property=\"og:description\" content=\"[vc_row el_class=\u00a0\u00bbptb100&Prime;][vc_column][vc_column_text] POLITIQUE DE CONFIDENTIALIT\u00c9 [\/vc_column_text][vc_column_text]Cette Application collecte certaines Donn\u00e9es Personnelles de ses Utilisateurs. Contr\u00f4leur de donn\u00e9es et propri\u00e9taire VILLA MARIA Via Magellan, 116 Vicopisano (PISA) info@villamariaonline.com Types de donn\u00e9es...\" \/>\n<meta property=\"og:url\" content=\"https:\/\/villamariaonline.com\/fr\/privacy-policy\/\" \/>\n<meta property=\"og:site_name\" content=\"Villa Maria\" \/>\n<meta property=\"article:modified_time\" content=\"2022-06-14T14:43:57+00:00\" \/>\n<meta name=\"twitter:card\" content=\"summary_large_image\" \/>\n<meta name=\"twitter:label1\" content=\"Dur\u00e9e de lecture estim\u00e9e\" \/>\n\t<meta name=\"twitter:data1\" content=\"11 minutes\" \/>\n<script type=\"application\/ld+json\" class=\"yoast-schema-graph\">{\"@context\":\"https:\/\/schema.org\",\"@graph\":[{\"@type\":\"WebSite\",\"@id\":\"https:\/\/villamariaonline.com\/#website\",\"url\":\"https:\/\/villamariaonline.com\/\",\"name\":\"Villa Maria\",\"description\":\"Un nuovo sito targato WordPress\",\"potentialAction\":[{\"@type\":\"SearchAction\",\"target\":{\"@type\":\"EntryPoint\",\"urlTemplate\":\"https:\/\/villamariaonline.com\/?s={search_term_string}\"},\"query-input\":\"required name=search_term_string\"}],\"inLanguage\":\"fr-FR\"},{\"@type\":\"WebPage\",\"@id\":\"https:\/\/villamariaonline.com\/fr\/privacy-policy\/#webpage\",\"url\":\"https:\/\/villamariaonline.com\/fr\/privacy-policy\/\",\"name\":\"Privacy policy - Villa Maria\",\"isPartOf\":{\"@id\":\"https:\/\/villamariaonline.com\/#website\"},\"datePublished\":\"2022-04-20T14:24:56+00:00\",\"dateModified\":\"2022-06-14T14:43:57+00:00\",\"breadcrumb\":{\"@id\":\"https:\/\/villamariaonline.com\/fr\/privacy-policy\/#breadcrumb\"},\"inLanguage\":\"fr-FR\",\"potentialAction\":[{\"@type\":\"ReadAction\",\"target\":[\"https:\/\/villamariaonline.com\/fr\/privacy-policy\/\"]}]},{\"@type\":\"BreadcrumbList\",\"@id\":\"https:\/\/villamariaonline.com\/fr\/privacy-policy\/#breadcrumb\",\"itemListElement\":[{\"@type\":\"ListItem\",\"position\":1,\"name\":\"Home\",\"item\":\"https:\/\/villamariaonline.com\/fr\/\"},{\"@type\":\"ListItem\",\"position\":2,\"name\":\"Privacy policy\"}]}]}<\/script>\n<!-- \/ Yoast SEO plugin. -->","yoast_head_json":{"title":"Privacy policy - Villa Maria","robots":{"index":"index","follow":"follow","max-snippet":"max-snippet:-1","max-image-preview":"max-image-preview:large","max-video-preview":"max-video-preview:-1"},"canonical":"https:\/\/villamariaonline.com\/fr\/privacy-policy\/","og_locale":"fr_FR","og_type":"article","og_title":"Privacy policy - Villa Maria","og_description":"[vc_row el_class=\u00a0\u00bbptb100&Prime;][vc_column][vc_column_text] POLITIQUE DE CONFIDENTIALIT\u00c9 [\/vc_column_text][vc_column_text]Cette Application collecte certaines Donn\u00e9es Personnelles de ses Utilisateurs. Contr\u00f4leur de donn\u00e9es et propri\u00e9taire VILLA MARIA Via Magellan, 116 Vicopisano (PISA) info@villamariaonline.com Types de donn\u00e9es...","og_url":"https:\/\/villamariaonline.com\/fr\/privacy-policy\/","og_site_name":"Villa Maria","article_modified_time":"2022-06-14T14:43:57+00:00","twitter_card":"summary_large_image","twitter_misc":{"Dur\u00e9e de lecture estim\u00e9e":"11 minutes"},"schema":{"@context":"https:\/\/schema.org","@graph":[{"@type":"WebSite","@id":"https:\/\/villamariaonline.com\/#website","url":"https:\/\/villamariaonline.com\/","name":"Villa Maria","description":"Un nuovo sito targato WordPress","potentialAction":[{"@type":"SearchAction","target":{"@type":"EntryPoint","urlTemplate":"https:\/\/villamariaonline.com\/?s={search_term_string}"},"query-input":"required name=search_term_string"}],"inLanguage":"fr-FR"},{"@type":"WebPage","@id":"https:\/\/villamariaonline.com\/fr\/privacy-policy\/#webpage","url":"https:\/\/villamariaonline.com\/fr\/privacy-policy\/","name":"Privacy policy - Villa Maria","isPartOf":{"@id":"https:\/\/villamariaonline.com\/#website"},"datePublished":"2022-04-20T14:24:56+00:00","dateModified":"2022-06-14T14:43:57+00:00","breadcrumb":{"@id":"https:\/\/villamariaonline.com\/fr\/privacy-policy\/#breadcrumb"},"inLanguage":"fr-FR","potentialAction":[{"@type":"ReadAction","target":["https:\/\/villamariaonline.com\/fr\/privacy-policy\/"]}]},{"@type":"BreadcrumbList","@id":"https:\/\/villamariaonline.com\/fr\/privacy-policy\/#breadcrumb","itemListElement":[{"@type":"ListItem","position":1,"name":"Home","item":"https:\/\/villamariaonline.com\/fr\/"},{"@type":"ListItem","position":2,"name":"Privacy policy"}]}]}},"_links":{"self":[{"href":"https:\/\/villamariaonline.com\/fr\/wp-json\/wp\/v2\/pages\/3221"}],"collection":[{"href":"https:\/\/villamariaonline.com\/fr\/wp-json\/wp\/v2\/pages"}],"about":[{"href":"https:\/\/villamariaonline.com\/fr\/wp-json\/wp\/v2\/types\/page"}],"author":[{"embeddable":true,"href":"https:\/\/villamariaonline.com\/fr\/wp-json\/wp\/v2\/users\/1"}],"replies":[{"embeddable":true,"href":"https:\/\/villamariaonline.com\/fr\/wp-json\/wp\/v2\/comments?post=3221"}],"version-history":[{"count":5,"href":"https:\/\/villamariaonline.com\/fr\/wp-json\/wp\/v2\/pages\/3221\/revisions"}],"predecessor-version":[{"id":3314,"href":"https:\/\/villamariaonline.com\/fr\/wp-json\/wp\/v2\/pages\/3221\/revisions\/3314"}],"wp:attachment":[{"href":"https:\/\/villamariaonline.com\/fr\/wp-json\/wp\/v2\/media?parent=3221"}],"curies":[{"name":"wp","href":"https:\/\/api.w.org\/{rel}","templated":true}]}}