{"id":3382,"date":"2023-04-04T16:21:38","date_gmt":"2023-04-04T14:21:38","guid":{"rendered":"https:\/\/villamariaonline.com\/noleggio-senza-conducente\/"},"modified":"2023-04-05T11:39:01","modified_gmt":"2023-04-05T09:39:01","slug":"location-sans-chauffeur","status":"publish","type":"page","link":"https:\/\/villamariaonline.com\/fr\/location-sans-chauffeur\/","title":{"rendered":"Location Sans Chauffeur"},"content":{"rendered":"<p>[vc_row full_width=\u00a0\u00bbstretch_row_content_no_spaces\u00a0\u00bb el_class=\u00a0\u00bbtestata noleggio\u00a0\u00bb][vc_column][\/vc_column][\/vc_row][vc_row el_class=\u00a0\u00bbmt100&Prime;][vc_column offset=\u00a0\u00bbvc_col-lg-offset-2 vc_col-lg-8 vc_col-md-offset-2 vc_col-md-8&Prime;][vc_column_text]<\/p>\n<h1 class=\"colore-rosso\" style=\"text-align: center;\">Location Sans Chauffeur<\/h1>\n<h2 style=\"text-align: center;\">Villa Maria vous offre la possibilit\u00e9 de louer une Mercedes Vito Tourer 9 places pour voyager librement \u00e0 la d\u00e9couverte de la Toscane.<\/h2>\n<p>[\/vc_column_text][\/vc_column][\/vc_row][vc_row el_class=\u00a0\u00bbmt100 contact-form\u00a0\u00bb css=\u00a0\u00bb.vc_custom_1680679305267{margin-bottom: 60px !important;}\u00a0\u00bb][vc_column offset=\u00a0\u00bbvc_col-lg-offset-3 vc_col-lg-6 vc_col-md-offset-2 vc_col-md-8&Prime;][vc_column_text]<\/p>\n<h2 class=\"entry-title\" style=\"text-align: center;\">Demander plus d&rsquo;informations<\/h2>\n<p>[\/vc_column_text]\n<div class=\"wpcf7 no-js\" id=\"wpcf7-f3379-o1\" lang=\"it-IT\" dir=\"ltr\">\n<div class=\"screen-reader-response\"><p role=\"status\" aria-live=\"polite\" aria-atomic=\"true\"><\/p> <ul><\/ul><\/div>\n<form action=\"\/fr\/wp-json\/wp\/v2\/pages\/3382#wpcf7-f3379-o1\" method=\"post\" class=\"wpcf7-form init\" aria-label=\"Modulo di contatto\" novalidate=\"novalidate\" data-status=\"init\">\n<div style=\"display: none;\">\n<input type=\"hidden\" name=\"_wpcf7\" value=\"3379\" \/>\n<input type=\"hidden\" name=\"_wpcf7_version\" value=\"5.7.7\" \/>\n<input type=\"hidden\" name=\"_wpcf7_locale\" value=\"it_IT\" \/>\n<input type=\"hidden\" name=\"_wpcf7_unit_tag\" value=\"wpcf7-f3379-o1\" \/>\n<input type=\"hidden\" name=\"_wpcf7_container_post\" value=\"0\" \/>\n<input type=\"hidden\" name=\"_wpcf7_posted_data_hash\" value=\"\" \/>\n<input type=\"hidden\" name=\"_wpcf7_recaptcha_response\" value=\"\" \/>\n<\/div>\n<p><label> Nom et pr\u00e9nom*<br \/>\n<span class=\"wpcf7-form-control-wrap\" data-name=\"your-name\"><input size=\"40\" class=\"wpcf7-form-control wpcf7-text wpcf7-validates-as-required\" aria-required=\"true\" aria-invalid=\"false\" value=\"\" type=\"text\" name=\"your-name\" \/><\/span> <\/label><br \/>\n<label> Num\u00e9ro de t\u00e9l\u00e9phone*<br \/>\n<span class=\"wpcf7-form-control-wrap\" data-name=\"your-phone\"><input size=\"40\" class=\"wpcf7-form-control wpcf7-text wpcf7-tel wpcf7-validates-as-required wpcf7-validates-as-tel\" aria-required=\"true\" aria-invalid=\"false\" value=\"\" type=\"tel\" name=\"your-phone\" \/><\/span> <\/label><br \/>\n<label> Email*<br \/>\n<span class=\"wpcf7-form-control-wrap\" data-name=\"your-email\"><input size=\"40\" class=\"wpcf7-form-control wpcf7-text wpcf7-email wpcf7-validates-as-required wpcf7-validates-as-email\" aria-required=\"true\" aria-invalid=\"false\" value=\"\" type=\"email\" name=\"your-email\" \/><\/span> <\/label>\n<\/p>\n<div class=\"colonna-50 prima\">\n\t<p><label>D\u00e9but de location*:<\/label><br \/>\n<span class=\"wpcf7-form-control-wrap\" data-name=\"your-data-inizio\"><input class=\"wpcf7-form-control wpcf7-date wpcf7-validates-as-required wpcf7-validates-as-date\" min=\"2026-04-23\" aria-required=\"true\" aria-invalid=\"false\" value=\"\" type=\"date\" name=\"your-data-inizio\" \/><\/span>\n\t<\/p>\n<\/div>\n<div class=\"colonna-50 ultima\">\n\t<p><label>Fin de location*:<\/label><br \/>\n<span class=\"wpcf7-form-control-wrap\" data-name=\"your-data-fine\"><input class=\"wpcf7-form-control wpcf7-date wpcf7-validates-as-required wpcf7-validates-as-date\" min=\"2026-04-23\" aria-required=\"true\" aria-invalid=\"false\" value=\"\" type=\"date\" name=\"your-data-fine\" \/><\/span>\n\t<\/p>\n<\/div>\n<p><label> Avez-vous des questions?*<br \/>\n<span class=\"wpcf7-form-control-wrap\" data-name=\"your-richiesta\"><textarea cols=\"40\" rows=\"10\" class=\"wpcf7-form-control wpcf7-textarea wpcf7-validates-as-required\" aria-required=\"true\" aria-invalid=\"false\" name=\"your-richiesta\"><\/textarea><\/span> <\/label>\n<\/p>\n<div class=\"privacy-submit-container\">\n\t<div class=\"privacy-link\">\n\t\t<p><span class=\"wpcf7-form-control-wrap\" data-name=\"acceptance-198\"><span class=\"wpcf7-form-control wpcf7-acceptance\"><span class=\"wpcf7-list-item\"><input type=\"checkbox\" name=\"acceptance-198\" value=\"1\" aria-invalid=\"false\" \/><\/span><\/span><\/span><label>J'ai lu la <a href=\"\/privacy-policy\/\" target=\"_blank\" class=\"colore-grigio\">politique de confidentialit\u00e9<\/a> conform\u00e9ment \u00e0 l'article 13 du d\u00e9cret l\u00e9gislatif 196\/03 et je d\u00e9clare consentir au traitement des donn\u00e9es personnelles aux fins et selon les modalit\u00e9s sp\u00e9cifiquement indiqu\u00e9es dans les informations elles-m\u00eames.<\/label><br \/>\n<label class=\"colore-grigio\">Nous vous r\u00e9pondrons en 72H<\/label>\n\t\t<\/p>\n\t<\/div>\n\t<p>\n\t\n\t<\/p>\n\t<div class=\"form_invio\">\n\t\t<p><input class=\"wpcf7-form-control has-spinner wpcf7-submit\" type=\"submit\" value=\"ENVOY\u00c9\" \/>\n\t\t<\/p>\n\t<\/div>\n<\/div><div class=\"wpcf7-response-output\" aria-hidden=\"true\"><\/div>\n<\/form>\n<\/div>\n[\/vc_column][\/vc_row]<\/p>\n","protected":false},"excerpt":{"rendered":"<p>[vc_row full_width=\u00a0\u00bbstretch_row_content_no_spaces\u00a0\u00bb el_class=\u00a0\u00bbtestata noleggio\u00a0\u00bb][vc_column][\/vc_column][\/vc_row][vc_row el_class=\u00a0\u00bbmt100&Prime;][vc_column offset=\u00a0\u00bbvc_col-lg-offset-2 vc_col-lg-8 vc_col-md-offset-2 vc_col-md-8&Prime;][vc_column_text] Location Sans Chauffeur Villa Maria vous offre la possibilit\u00e9 de louer une Mercedes Vito Tourer 9 places pour voyager librement \u00e0&#8230;<\/p>\n","protected":false},"author":1,"featured_media":0,"parent":0,"menu_order":0,"comment_status":"closed","ping_status":"closed","template":"","meta":{"_monsterinsights_skip_tracking":false,"_monsterinsights_sitenote_active":false,"_monsterinsights_sitenote_note":"","_monsterinsights_sitenote_category":0},"yoast_head":"<!-- This site is optimized with the Yoast SEO plugin v19.1 - https:\/\/yoast.com\/wordpress\/plugins\/seo\/ -->\n<title>Location Sans Chauffeur - Villa Maria<\/title>\n<meta name=\"robots\" content=\"index, follow, max-snippet:-1, max-image-preview:large, max-video-preview:-1\" \/>\n<link rel=\"canonical\" href=\"https:\/\/villamariaonline.com\/fr\/location-sans-chauffeur\/\" \/>\n<meta property=\"og:locale\" content=\"fr_FR\" \/>\n<meta property=\"og:type\" content=\"article\" \/>\n<meta property=\"og:title\" content=\"Location Sans Chauffeur - Villa Maria\" \/>\n<meta property=\"og:description\" content=\"[vc_row full_width=\u00a0\u00bbstretch_row_content_no_spaces\u00a0\u00bb el_class=\u00a0\u00bbtestata noleggio\u00a0\u00bb][vc_column][\/vc_column][\/vc_row][vc_row el_class=\u00a0\u00bbmt100&Prime;][vc_column offset=\u00a0\u00bbvc_col-lg-offset-2 vc_col-lg-8 vc_col-md-offset-2 vc_col-md-8&Prime;][vc_column_text] Location Sans Chauffeur Villa Maria vous offre la possibilit\u00e9 de louer une Mercedes Vito Tourer 9 places pour voyager librement \u00e0...\" \/>\n<meta property=\"og:url\" content=\"https:\/\/villamariaonline.com\/fr\/location-sans-chauffeur\/\" \/>\n<meta property=\"og:site_name\" content=\"Villa Maria\" \/>\n<meta property=\"article:modified_time\" content=\"2023-04-05T09:39:01+00:00\" \/>\n<meta name=\"twitter:card\" content=\"summary_large_image\" \/>\n<meta name=\"twitter:label1\" content=\"Est. reading time\" \/>\n\t<meta name=\"twitter:data1\" content=\"1 minute\" \/>\n<script type=\"application\/ld+json\" class=\"yoast-schema-graph\">{\"@context\":\"https:\/\/schema.org\",\"@graph\":[{\"@type\":\"WebSite\",\"@id\":\"https:\/\/villamariaonline.com\/#website\",\"url\":\"https:\/\/villamariaonline.com\/\",\"name\":\"Villa Maria\",\"description\":\"Un nuovo sito targato WordPress\",\"potentialAction\":[{\"@type\":\"SearchAction\",\"target\":{\"@type\":\"EntryPoint\",\"urlTemplate\":\"https:\/\/villamariaonline.com\/?s={search_term_string}\"},\"query-input\":\"required name=search_term_string\"}],\"inLanguage\":\"fr-FR\"},{\"@type\":\"WebPage\",\"@id\":\"https:\/\/villamariaonline.com\/fr\/location-sans-chauffeur\/#webpage\",\"url\":\"https:\/\/villamariaonline.com\/fr\/location-sans-chauffeur\/\",\"name\":\"Location Sans Chauffeur - Villa Maria\",\"isPartOf\":{\"@id\":\"https:\/\/villamariaonline.com\/#website\"},\"datePublished\":\"2023-04-04T14:21:38+00:00\",\"dateModified\":\"2023-04-05T09:39:01+00:00\",\"breadcrumb\":{\"@id\":\"https:\/\/villamariaonline.com\/fr\/location-sans-chauffeur\/#breadcrumb\"},\"inLanguage\":\"fr-FR\",\"potentialAction\":[{\"@type\":\"ReadAction\",\"target\":[\"https:\/\/villamariaonline.com\/fr\/location-sans-chauffeur\/\"]}]},{\"@type\":\"BreadcrumbList\",\"@id\":\"https:\/\/villamariaonline.com\/fr\/location-sans-chauffeur\/#breadcrumb\",\"itemListElement\":[{\"@type\":\"ListItem\",\"position\":1,\"name\":\"Home\",\"item\":\"https:\/\/villamariaonline.com\/fr\/\"},{\"@type\":\"ListItem\",\"position\":2,\"name\":\"Location Sans Chauffeur\"}]}]}<\/script>\n<!-- \/ Yoast SEO plugin. -->","yoast_head_json":{"title":"Location Sans Chauffeur - Villa Maria","robots":{"index":"index","follow":"follow","max-snippet":"max-snippet:-1","max-image-preview":"max-image-preview:large","max-video-preview":"max-video-preview:-1"},"canonical":"https:\/\/villamariaonline.com\/fr\/location-sans-chauffeur\/","og_locale":"fr_FR","og_type":"article","og_title":"Location Sans Chauffeur - Villa Maria","og_description":"[vc_row full_width=\u00a0\u00bbstretch_row_content_no_spaces\u00a0\u00bb el_class=\u00a0\u00bbtestata noleggio\u00a0\u00bb][vc_column][\/vc_column][\/vc_row][vc_row el_class=\u00a0\u00bbmt100&Prime;][vc_column offset=\u00a0\u00bbvc_col-lg-offset-2 vc_col-lg-8 vc_col-md-offset-2 vc_col-md-8&Prime;][vc_column_text] Location Sans Chauffeur Villa Maria vous offre la possibilit\u00e9 de louer une Mercedes Vito Tourer 9 places pour voyager librement \u00e0...","og_url":"https:\/\/villamariaonline.com\/fr\/location-sans-chauffeur\/","og_site_name":"Villa Maria","article_modified_time":"2023-04-05T09:39:01+00:00","twitter_card":"summary_large_image","twitter_misc":{"Est. reading time":"1 minute"},"schema":{"@context":"https:\/\/schema.org","@graph":[{"@type":"WebSite","@id":"https:\/\/villamariaonline.com\/#website","url":"https:\/\/villamariaonline.com\/","name":"Villa Maria","description":"Un nuovo sito targato WordPress","potentialAction":[{"@type":"SearchAction","target":{"@type":"EntryPoint","urlTemplate":"https:\/\/villamariaonline.com\/?s={search_term_string}"},"query-input":"required name=search_term_string"}],"inLanguage":"fr-FR"},{"@type":"WebPage","@id":"https:\/\/villamariaonline.com\/fr\/location-sans-chauffeur\/#webpage","url":"https:\/\/villamariaonline.com\/fr\/location-sans-chauffeur\/","name":"Location Sans Chauffeur - Villa Maria","isPartOf":{"@id":"https:\/\/villamariaonline.com\/#website"},"datePublished":"2023-04-04T14:21:38+00:00","dateModified":"2023-04-05T09:39:01+00:00","breadcrumb":{"@id":"https:\/\/villamariaonline.com\/fr\/location-sans-chauffeur\/#breadcrumb"},"inLanguage":"fr-FR","potentialAction":[{"@type":"ReadAction","target":["https:\/\/villamariaonline.com\/fr\/location-sans-chauffeur\/"]}]},{"@type":"BreadcrumbList","@id":"https:\/\/villamariaonline.com\/fr\/location-sans-chauffeur\/#breadcrumb","itemListElement":[{"@type":"ListItem","position":1,"name":"Home","item":"https:\/\/villamariaonline.com\/fr\/"},{"@type":"ListItem","position":2,"name":"Location Sans Chauffeur"}]}]}},"_links":{"self":[{"href":"https:\/\/villamariaonline.com\/fr\/wp-json\/wp\/v2\/pages\/3382"}],"collection":[{"href":"https:\/\/villamariaonline.com\/fr\/wp-json\/wp\/v2\/pages"}],"about":[{"href":"https:\/\/villamariaonline.com\/fr\/wp-json\/wp\/v2\/types\/page"}],"author":[{"embeddable":true,"href":"https:\/\/villamariaonline.com\/fr\/wp-json\/wp\/v2\/users\/1"}],"replies":[{"embeddable":true,"href":"https:\/\/villamariaonline.com\/fr\/wp-json\/wp\/v2\/comments?post=3382"}],"version-history":[{"count":4,"href":"https:\/\/villamariaonline.com\/fr\/wp-json\/wp\/v2\/pages\/3382\/revisions"}],"predecessor-version":[{"id":3408,"href":"https:\/\/villamariaonline.com\/fr\/wp-json\/wp\/v2\/pages\/3382\/revisions\/3408"}],"wp:attachment":[{"href":"https:\/\/villamariaonline.com\/fr\/wp-json\/wp\/v2\/media?parent=3382"}],"curies":[{"name":"wp","href":"https:\/\/api.w.org\/{rel}","templated":true}]}}